{"id":19283,"date":"2016-04-13T14:29:40","date_gmt":"2016-04-13T14:29:40","guid":{"rendered":"https:\/\/pruebasnitorlack.com\/sistema-colorimetria\/"},"modified":"2020-11-05T14:24:38","modified_gmt":"2020-11-05T14:24:38","slug":"system-barwienia-acs","status":"publish","type":"page","link":"https:\/\/pruebasnitorlack.com\/pl\/system-barwienia-acs\/","title":{"rendered":"System barwienia ACS"},"content":{"rendered":"[vc_column column_padding=&#8221;no-extra-padding&#8221; column_padding_tablet=&#8221;inherit&#8221; column_padding_phone=&#8221;inherit&#8221; column_padding_position=&#8221;all&#8221; background_color_opacity=&#8221;1&#8243; background_hover_color_opacity=&#8221;1&#8243; column_shadow=&#8221;none&#8221; column_border_radius=&#8221;none&#8221; column_link_target=&#8221;_self&#8221; gradient_direction=&#8221;left_to_right&#8221; overlay_strength=&#8221;0.3&#8243; width=&#8221;1\/2&#8243; tablet_width_inherit=&#8221;default&#8221; tablet_text_alignment=&#8221;default&#8221; phone_text_alignment=&#8221;default&#8221; column_border_width=&#8221;none&#8221; column_border_style=&#8221;solid&#8221; bg_image_animation=&#8221;none&#8221;][\/vc_column][vc_row type=&#8221;full_width_background&#8221; full_screen_row_position=&#8221;middle&#8221; column_margin=&#8221;default&#8221; equal_height=&#8221;yes&#8221; content_placement=&#8221;middle&#8221; column_direction=&#8221;default&#8221; column_direction_tablet=&#8221;default&#8221; column_direction_phone=&#8221;default&#8221; scene_position=&#8221;center&#8221; top_padding=&#8221;7%&#8221; bottom_padding=&#8221;7%&#8221; text_color=&#8221;dark&#8221; text_align=&#8221;left&#8221; row_border_radius=&#8221;none&#8221; row_border_radius_applies=&#8221;bg&#8221; overlay_strength=&#8221;0.3&#8243; gradient_direction=&#8221;left_to_right&#8221; shape_divider_position=&#8221;bottom&#8221; bg_image_animation=&#8221;none&#8221;][vc_column column_padding=&#8221;padding-3-percent&#8221; column_padding_tablet=&#8221;inherit&#8221; column_padding_phone=&#8221;inherit&#8221; column_padding_position=&#8221;all&#8221; background_color_opacity=&#8221;1&#8243; background_hover_color_opacity=&#8221;1&#8243; column_shadow=&#8221;none&#8221; column_border_radius=&#8221;none&#8221; column_link_target=&#8221;_self&#8221; gradient_direction=&#8221;left_to_right&#8221; overlay_strength=&#8221;0.3&#8243; width=&#8221;1\/2&#8243; tablet_width_inherit=&#8221;default&#8221; tablet_text_alignment=&#8221;default&#8221; phone_text_alignment=&#8221;default&#8221; column_border_width=&#8221;none&#8221; column_border_style=&#8221;solid&#8221; bg_image_animation=&#8221;none&#8221;][nectar_cascading_images image_1_url=&#8221;19235&#8243; image_1_offset_x_sign=&#8221;+&#8221; image_1_offset_x=&#8221;0%&#8221; image_1_offset_y_sign=&#8221;-&#8221; image_1_offset_y=&#8221;55%&#8221; image_1_rotate_sign=&#8221;+&#8221; image_1_rotate=&#8221;none&#8221; image_1_scale=&#8221;1&#8243; image_1_animation=&#8221;Grow In&#8221; image_1_box_shadow=&#8221;none&#8221; image_1_padding=&#8221;auto&#8221; image_1_max_width_desktop=&#8221;100%&#8221; image_1_max_width_mobile=&#8221;100%&#8221; image_1_image_width_mobile=&#8221;default&#8221; image_2_url=&#8221;19312&#8243; image_2_offset_x_sign=&#8221;+&#8221; image_2_offset_x=&#8221;50%&#8221; image_2_offset_y_sign=&#8221;+&#8221; image_2_offset_y=&#8221;35%&#8221; image_2_rotate_sign=&#8221;+&#8221; image_2_rotate=&#8221;none&#8221; image_2_scale=&#8221;1&#8243; image_2_animation=&#8221;Grow In&#8221; image_2_box_shadow=&#8221;none&#8221; image_2_padding=&#8221;auto&#8221; image_2_max_width_desktop=&#8221;100%&#8221; image_2_max_width_mobile=&#8221;100%&#8221; image_2_image_width_mobile=&#8221;default&#8221; image_3_url=&#8221;19295&#8243; image_3_offset_x_sign=&#8221;-&#8221; image_3_offset_x=&#8221;35%&#8221; image_3_offset_y_sign=&#8221;+&#8221; image_3_offset_y=&#8221;30%&#8221; image_3_rotate_sign=&#8221;+&#8221; image_3_rotate=&#8221;none&#8221; image_3_scale=&#8221;1&#8243; image_3_animation=&#8221;Grow In&#8221; image_3_box_shadow=&#8221;x_large_depth&#8221; image_3_padding=&#8221;auto&#8221; image_3_max_width_desktop=&#8221;100%&#8221; image_3_max_width_mobile=&#8221;100%&#8221; image_3_image_width_mobile=&#8221;default&#8221; image_4_offset_x_sign=&#8221;+&#8221; image_4_offset_x=&#8221;0%&#8221; image_4_offset_y_sign=&#8221;+&#8221; image_4_offset_y=&#8221;0%&#8221; image_4_rotate_sign=&#8221;+&#8221; image_4_rotate=&#8221;none&#8221; image_4_scale=&#8221;1&#8243; image_4_animation=&#8221;Fade In&#8221; image_4_box_shadow=&#8221;none&#8221; image_4_padding=&#8221;auto&#8221; image_4_max_width_desktop=&#8221;100%&#8221; image_4_max_width_mobile=&#8221;100%&#8221; image_4_image_width_mobile=&#8221;default&#8221; border_radius=&#8221;none&#8221; image_loading=&#8221;default&#8221;][\/vc_column][vc_column column_padding=&#8221;padding-6-percent&#8221; column_padding_tablet=&#8221;inherit&#8221; column_padding_phone=&#8221;inherit&#8221; column_padding_position=&#8221;left&#8221; background_color_opacity=&#8221;1&#8243; background_hover_color_opacity=&#8221;1&#8243; column_shadow=&#8221;none&#8221; column_border_radius=&#8221;none&#8221; column_link_target=&#8221;_self&#8221; gradient_direction=&#8221;left_to_right&#8221; overlay_strength=&#8221;0.3&#8243; width=&#8221;1\/2&#8243; tablet_width_inherit=&#8221;default&#8221; tablet_text_alignment=&#8221;default&#8221; phone_text_alignment=&#8221;default&#8221; column_border_width=&#8221;none&#8221; column_border_style=&#8221;solid&#8221; bg_image_animation=&#8221;none&#8221;][vc_column_text css=&#8221;.vc_custom_1604497671864{margin-top: 50px !important;margin-bottom: 20px !important;}&#8221;]\n<h5><span style=\"color: #999999;\">\u00a0<\/span><\/h5>\n<h2>Wszystkie farby i kolory do malowania drewna w POLSCE<\/h2>\n[\/vc_column_text][vc_column_text]System barwienia Valresa Coatings do kolorymetrii lakier\u00f3w i farb oferuje mo\u017cliwo\u015b\u0107 wykonania pe\u0142nej i szerokiej gamy produkt\u00f3w pigmentowanych i barwnik\u00f3w do malowania i zdobienia drewna. Stosowanie barwnik\u00f3w lub tusz\u00f3w o tak dobrych parametrach zapewni nam ekonomiczny efekt w ca\u0142ym procesie, osi\u0105gaj\u0105c wysok\u0105 powtarzalno\u015b\u0107 w Polsce przy ka\u017cdym zam\u00f3wieniu koloru.[\/vc_column_text][\/vc_column][\/vc_row][vc_row type=&#8221;in_container&#8221; full_screen_row_position=&#8221;middle&#8221; column_margin=&#8221;default&#8221; column_direction=&#8221;default&#8221; column_direction_tablet=&#8221;default&#8221; column_direction_phone=&#8221;default&#8221; scene_position=&#8221;center&#8221; text_color=&#8221;dark&#8221; text_align=&#8221;left&#8221; row_border_radius=&#8221;none&#8221; row_border_radius_applies=&#8221;bg&#8221; overlay_strength=&#8221;0.3&#8243; gradient_direction=&#8221;left_to_right&#8221; shape_divider_position=&#8221;bottom&#8221; bg_image_animation=&#8221;none&#8221;][vc_column column_padding=&#8221;no-extra-padding&#8221; column_padding_tablet=&#8221;inherit&#8221; column_padding_phone=&#8221;inherit&#8221; column_padding_position=&#8221;all&#8221; background_color_opacity=&#8221;1&#8243; background_hover_color_opacity=&#8221;1&#8243; column_shadow=&#8221;none&#8221; column_border_radius=&#8221;none&#8221; column_link_target=&#8221;_self&#8221; gradient_direction=&#8221;left_to_right&#8221; overlay_strength=&#8221;0.3&#8243; width=&#8221;1\/1&#8243; tablet_width_inherit=&#8221;default&#8221; tablet_text_alignment=&#8221;default&#8221; phone_text_alignment=&#8221;default&#8221; column_border_width=&#8221;none&#8221; column_border_style=&#8221;solid&#8221; bg_image_animation=&#8221;none&#8221;][vc_column_text]\n<h2>Zalety systemu<\/h2>\n<p>Serwis i szybko\u015b\u0107: mo\u017cliwo\u015b\u0107 szybkiego wykonania dowolnej bejcy, lakieru lub efektu dekoracyjnego do drewna.<\/p>\n<p>Trwa\u0142o\u015b\u0107 i odwzorowanie kolor\u00f3w: dzi\u0119ki systemowi barwienia zapewniamy sta\u0142o\u015b\u0107 powtarzalno\u015bci kolor\u00f3w nawet przy zmianie formatu opakowania.<\/p>\n<p>Redukcja zapas\u00f3w: dzi\u0119ki temu systemowi zaoszcz\u0119dzisz w swojej firmie, zmniejszaj\u0105c inwestycje w dostaw\u0119 r\u00f3\u017cnych kolor\u00f3w, poniewa\u017c wszystkie kolory i systemy lakierowania do drewna s\u0105 mo\u017cliwe do wykonania w spos\u00f3b komfortowy, a jednocze\u015bnie umo\u017cliwia to mniej inwestycji w zapasy, osi\u0105gaj\u0105c znacznie wi\u0119ksz\u0105 elastyczno\u015b\u0107.<\/p>\n<p>Szeroka gama produkt\u00f3w: system umo\u017cliwiaj\u0105cy wytwarzanie barwnik\u00f3w na bazie rozpuszczalnik\u00f3w i wodno-alkoholowych, przez uszczelniacze i wyko\u0144czenia pigmentowane oraz wyko\u0144czenie patynami, szkliwami i farbami.<\/p>\n<p>Du\u017ca liczba kart kolor\u00f3w: jeste\u015bmy w stanie wyprodukowa\u0107 du\u017c\u0105 liczb\u0119 kart kolor\u00f3w, RAL, NCS, Nova 720, pozwala to r\u00f3wnie\u017c na wprowadzanie online i modyfikowanie receptur w stosunku do pr\u00f3bek dowolnego producenta, czy to mebli czy stolarki architektonicznej.<\/p>\n<p>Jako uzupe\u0142nienie mo\u017cna dopasowa\u0107 kolorymetr, za pomoc\u0105 kt\u00f3rego mo\u017cna zmierzy\u0107 kolor pr\u00f3bki klienta i dowiedzie\u0107 si\u0119, jaki jest kolor systemu, kt\u00f3ry jest najbli\u017cszy pr\u00f3bce, celem jest szybko\u015b\u0107 i skuteczno\u015b\u0107 w reagowaniu na rynek kolumbijski.<\/p>\n<p>Ci\u0105g\u0142e doradztwo techniczne.<\/p>\n<p>Zakupu tego systemu (maszyny) w razie potrzeby mo\u017ce dokona\u0107 ka\u017cdy du\u017cy producent, w ten spos\u00f3b osi\u0105gniemy wi\u0119ksz\u0105 jedno\u015b\u0107 w ca\u0142ej Polsce, zapytaj o wycen\u0119 w Valresa Coatings.[\/vc_column_text][nectar_btn size=&#8221;large&#8221; open_new_tab=&#8221;true&#8221; button_style=&#8221;regular&#8221; button_color_2=&#8221;Accent-Color&#8221; icon_family=&#8221;none&#8221; text=&#8221;PRO\u015aBA O INFORMACJE&#8221; url=&#8221;https:\/\/pruebasnitorlack.com\/pl\/kontakt\/&#8221;][\/vc_column][\/vc_row]\n","protected":false},"excerpt":{"rendered":"<p>[vc_column column_padding=&#8221;no-extra-padding&#8221; column_padding_tablet=&#8221;inherit&#8221; column_padding_phone=&#8221;inherit&#8221; column_padding_position=&#8221;all&#8221; background_color_opacity=&#8221;1&#8243; background_hover_color_opacity=&#8221;1&#8243; column_shadow=&#8221;none&#8221; column_border_radius=&#8221;none&#8221; column_link_target=&#8221;_self&#8221; gradient_direction=&#8221;left_to_right&#8221; overlay_strength=&#8221;0.3&#8243; width=&#8221;1\/2&#8243; tablet_width_inherit=&#8221;default&#8221; tablet_text_alignment=&#8221;default&#8221; phone_text_alignment=&#8221;default&#8221; column_border_width=&#8221;none&#8221; column_border_style=&#8221;solid&#8221; bg_image_animation=&#8221;none&#8221;][\/vc_column][vc_row type=&#8221;full_width_background&#8221; full_screen_row_position=&#8221;middle&#8221; column_margin=&#8221;default&#8221; equal_height=&#8221;yes&#8221; content_placement=&#8221;middle&#8221; column_direction=&#8221;default&#8221; column_direction_tablet=&#8221;default&#8221; column_direction_phone=&#8221;default&#8221; scene_position=&#8221;center&#8221; top_padding=&#8221;7%&#8221; bottom_padding=&#8221;7%&#8221;&#8230;<\/p>\n","protected":false},"author":1,"featured_media":0,"parent":0,"menu_order":0,"comment_status":"closed","ping_status":"closed","template":"","meta":{"_joinchat":[],"footnotes":""},"class_list":["post-19283","page","type-page","status-publish"],"yoast_head":"<!-- This site is optimized with the Yoast SEO plugin v27.4 - https:\/\/yoast.com\/product\/yoast-seo-wordpress\/ -->\n<title>System barwienia ACS - Valresa.com<\/title>\n<meta name=\"description\" content=\"Pigmentowane lakiery poliuretanowe, nitrocelulozowe, poliestrowe i ci\u0119\u017ckie. Mo\u017cliwo\u015b\u0107 produkcji transparentnych barwnik\u00f3w rozpuszczalnikowych, wodno-alkoholowych i wodnych\" \/>\n<meta name=\"robots\" content=\"noindex, follow, max-snippet:-1, max-image-preview:large, max-video-preview:-1\" \/>\n<meta property=\"og:locale\" content=\"pl_PL\" \/>\n<meta property=\"og:type\" content=\"article\" \/>\n<meta property=\"og:title\" content=\"System barwienia ACS - Valresa.com\" \/>\n<meta property=\"og:description\" content=\"Pigmentowane lakiery poliuretanowe, nitrocelulozowe, poliestrowe i ci\u0119\u017ckie. Mo\u017cliwo\u015b\u0107 produkcji transparentnych barwnik\u00f3w rozpuszczalnikowych, wodno-alkoholowych i wodnych\" \/>\n<meta property=\"og:url\" content=\"https:\/\/pruebasnitorlack.com\/pl\/system-barwienia-acs\/\" \/>\n<meta property=\"og:site_name\" content=\"VALRESA\" \/>\n<meta property=\"article:publisher\" content=\"https:\/\/www.facebook.com\/valresacoatings\/\" \/>\n<meta property=\"article:modified_time\" content=\"2020-11-05T14:24:38+00:00\" \/>\n<meta name=\"twitter:card\" content=\"summary_large_image\" \/>\n<meta name=\"twitter:label1\" content=\"Szacowany czas czytania\" \/>\n\t<meta name=\"twitter:data1\" content=\"5 minut\" \/>\n<script type=\"application\/ld+json\" class=\"yoast-schema-graph\">{\"@context\":\"https:\\\/\\\/schema.org\",\"@graph\":[{\"@type\":\"WebPage\",\"@id\":\"https:\\\/\\\/pruebasnitorlack.com\\\/pl\\\/system-barwienia-acs\\\/\",\"url\":\"https:\\\/\\\/pruebasnitorlack.com\\\/pl\\\/system-barwienia-acs\\\/\",\"name\":\"System barwienia ACS - Valresa.com\",\"isPartOf\":{\"@id\":\"https:\\\/\\\/pruebasnitorlack.com\\\/pl\\\/#website\"},\"datePublished\":\"2016-04-13T14:29:40+00:00\",\"dateModified\":\"2020-11-05T14:24:38+00:00\",\"description\":\"Pigmentowane lakiery poliuretanowe, nitrocelulozowe, poliestrowe i ci\u0119\u017ckie. Mo\u017cliwo\u015b\u0107 produkcji transparentnych barwnik\u00f3w rozpuszczalnikowych, wodno-alkoholowych i wodnych\",\"breadcrumb\":{\"@id\":\"https:\\\/\\\/pruebasnitorlack.com\\\/pl\\\/system-barwienia-acs\\\/#breadcrumb\"},\"inLanguage\":\"pl-PL\",\"potentialAction\":[{\"@type\":\"ReadAction\",\"target\":[\"https:\\\/\\\/pruebasnitorlack.com\\\/pl\\\/system-barwienia-acs\\\/\"]}]},{\"@type\":\"BreadcrumbList\",\"@id\":\"https:\\\/\\\/pruebasnitorlack.com\\\/pl\\\/system-barwienia-acs\\\/#breadcrumb\",\"itemListElement\":[{\"@type\":\"ListItem\",\"position\":1,\"name\":\"Portada\",\"item\":\"https:\\\/\\\/pruebasnitorlack.com\\\/pl\\\/\"},{\"@type\":\"ListItem\",\"position\":2,\"name\":\"System barwienia ACS\"}]},{\"@type\":\"WebSite\",\"@id\":\"https:\\\/\\\/pruebasnitorlack.com\\\/pl\\\/#website\",\"url\":\"https:\\\/\\\/pruebasnitorlack.com\\\/pl\\\/\",\"name\":\"VALRESA\",\"description\":\"Barnices y pinturas para la madera\",\"potentialAction\":[{\"@type\":\"SearchAction\",\"target\":{\"@type\":\"EntryPoint\",\"urlTemplate\":\"https:\\\/\\\/pruebasnitorlack.com\\\/pl\\\/?s={search_term_string}\"},\"query-input\":{\"@type\":\"PropertyValueSpecification\",\"valueRequired\":true,\"valueName\":\"search_term_string\"}}],\"inLanguage\":\"pl-PL\"}]}<\/script>\n<!-- \/ Yoast SEO plugin. -->","yoast_head_json":{"title":"System barwienia ACS - Valresa.com","description":"Pigmentowane lakiery poliuretanowe, nitrocelulozowe, poliestrowe i ci\u0119\u017ckie. Mo\u017cliwo\u015b\u0107 produkcji transparentnych barwnik\u00f3w rozpuszczalnikowych, wodno-alkoholowych i wodnych","robots":{"index":"noindex","follow":"follow","max-snippet":"max-snippet:-1","max-image-preview":"max-image-preview:large","max-video-preview":"max-video-preview:-1"},"og_locale":"pl_PL","og_type":"article","og_title":"System barwienia ACS - Valresa.com","og_description":"Pigmentowane lakiery poliuretanowe, nitrocelulozowe, poliestrowe i ci\u0119\u017ckie. Mo\u017cliwo\u015b\u0107 produkcji transparentnych barwnik\u00f3w rozpuszczalnikowych, wodno-alkoholowych i wodnych","og_url":"https:\/\/pruebasnitorlack.com\/pl\/system-barwienia-acs\/","og_site_name":"VALRESA","article_publisher":"https:\/\/www.facebook.com\/valresacoatings\/","article_modified_time":"2020-11-05T14:24:38+00:00","twitter_card":"summary_large_image","twitter_misc":{"Szacowany czas czytania":"5 minut"},"schema":{"@context":"https:\/\/schema.org","@graph":[{"@type":"WebPage","@id":"https:\/\/pruebasnitorlack.com\/pl\/system-barwienia-acs\/","url":"https:\/\/pruebasnitorlack.com\/pl\/system-barwienia-acs\/","name":"System barwienia ACS - Valresa.com","isPartOf":{"@id":"https:\/\/pruebasnitorlack.com\/pl\/#website"},"datePublished":"2016-04-13T14:29:40+00:00","dateModified":"2020-11-05T14:24:38+00:00","description":"Pigmentowane lakiery poliuretanowe, nitrocelulozowe, poliestrowe i ci\u0119\u017ckie. Mo\u017cliwo\u015b\u0107 produkcji transparentnych barwnik\u00f3w rozpuszczalnikowych, wodno-alkoholowych i wodnych","breadcrumb":{"@id":"https:\/\/pruebasnitorlack.com\/pl\/system-barwienia-acs\/#breadcrumb"},"inLanguage":"pl-PL","potentialAction":[{"@type":"ReadAction","target":["https:\/\/pruebasnitorlack.com\/pl\/system-barwienia-acs\/"]}]},{"@type":"BreadcrumbList","@id":"https:\/\/pruebasnitorlack.com\/pl\/system-barwienia-acs\/#breadcrumb","itemListElement":[{"@type":"ListItem","position":1,"name":"Portada","item":"https:\/\/pruebasnitorlack.com\/pl\/"},{"@type":"ListItem","position":2,"name":"System barwienia ACS"}]},{"@type":"WebSite","@id":"https:\/\/pruebasnitorlack.com\/pl\/#website","url":"https:\/\/pruebasnitorlack.com\/pl\/","name":"VALRESA","description":"Barnices y pinturas para la madera","potentialAction":[{"@type":"SearchAction","target":{"@type":"EntryPoint","urlTemplate":"https:\/\/pruebasnitorlack.com\/pl\/?s={search_term_string}"},"query-input":{"@type":"PropertyValueSpecification","valueRequired":true,"valueName":"search_term_string"}}],"inLanguage":"pl-PL"}]}},"_links":{"self":[{"href":"https:\/\/pruebasnitorlack.com\/pl\/wp-json\/wp\/v2\/pages\/19283","targetHints":{"allow":["GET"]}}],"collection":[{"href":"https:\/\/pruebasnitorlack.com\/pl\/wp-json\/wp\/v2\/pages"}],"about":[{"href":"https:\/\/pruebasnitorlack.com\/pl\/wp-json\/wp\/v2\/types\/page"}],"author":[{"embeddable":true,"href":"https:\/\/pruebasnitorlack.com\/pl\/wp-json\/wp\/v2\/users\/1"}],"replies":[{"embeddable":true,"href":"https:\/\/pruebasnitorlack.com\/pl\/wp-json\/wp\/v2\/comments?post=19283"}],"version-history":[{"count":0,"href":"https:\/\/pruebasnitorlack.com\/pl\/wp-json\/wp\/v2\/pages\/19283\/revisions"}],"wp:attachment":[{"href":"https:\/\/pruebasnitorlack.com\/pl\/wp-json\/wp\/v2\/media?parent=19283"}],"curies":[{"name":"wp","href":"https:\/\/api.w.org\/{rel}","templated":true}]}}