{"id":19264,"date":"2016-05-24T14:15:51","date_gmt":"2016-05-24T14:15:51","guid":{"rendered":"https:\/\/pruebasnitorlack.com\/acabados\/"},"modified":"2020-11-04T11:00:20","modified_gmt":"2020-11-04T11:00:20","slug":"lakiery-do-wykonczenia","status":"publish","type":"page","link":"https:\/\/pruebasnitorlack.com\/pl\/lakiery-do-wykonczenia\/","title":{"rendered":"Lakiery do wyko\u0144czenia"},"content":{"rendered":"[vc_row type=&#8221;in_container&#8221; full_screen_row_position=&#8221;middle&#8221; column_margin=&#8221;default&#8221; column_direction=&#8221;default&#8221; column_direction_tablet=&#8221;default&#8221; column_direction_phone=&#8221;default&#8221; scene_position=&#8221;center&#8221; text_color=&#8221;dark&#8221; text_align=&#8221;left&#8221; row_border_radius=&#8221;none&#8221; row_border_radius_applies=&#8221;bg&#8221; overlay_strength=&#8221;0.3&#8243; gradient_direction=&#8221;left_to_right&#8221; shape_divider_position=&#8221;bottom&#8221; bg_image_animation=&#8221;none&#8221;][vc_column column_padding=&#8221;no-extra-padding&#8221; column_padding_tablet=&#8221;inherit&#8221; column_padding_phone=&#8221;inherit&#8221; column_padding_position=&#8221;all&#8221; background_color_opacity=&#8221;1&#8243; background_hover_color_opacity=&#8221;1&#8243; column_shadow=&#8221;none&#8221; column_border_radius=&#8221;none&#8221; column_link_target=&#8221;_self&#8221; gradient_direction=&#8221;left_to_right&#8221; overlay_strength=&#8221;0.3&#8243; width=&#8221;1\/1&#8243; tablet_width_inherit=&#8221;default&#8221; tablet_text_alignment=&#8221;default&#8221; phone_text_alignment=&#8221;default&#8221; column_border_width=&#8221;none&#8221; column_border_style=&#8221;solid&#8221; bg_image_animation=&#8221;none&#8221;][vc_column_text css=&#8221;.vc_custom_1604487609311{margin-top: 40px !important;}&#8221;]\n<div>\n<p>Wyko\u0144czenie bejcami-lakierami mebla ma na celu nadanie mu przyjemnego wygl\u0105du, jednocze\u015bnie chroni\u0105c drewno przed zabrudzeniem, zniszczeniem i czynnikami zewn\u0119trznymi (wilgo\u0107, chemia gospodarcza itp.)<\/p>\n<p>Dlatego wyko\u0144czenie lub lakier do drewna spe\u0142nia dwojakie zadanie, cho\u0107 najbardziej cenione przez producent\u00f3w i nabywc\u00f3w mebli jest pierwsze, poprawiaj\u0105ce wygl\u0105d drewna, jego dotyk, kolor i wygl\u0105d. Ochrona drewna jest mniej ceniona w aspekcie ekonomicznym (pi\u0119kno zawsze cenione jest bardziej ni\u017c u\u017cyteczno\u015b\u0107), ale nie jest mniej wa\u017cna.<\/p>\n<p>Je\u015bli chcemy, aby mebel trwa\u0142 i zachowa\u0142 wygl\u0105d z pierwszego dnia, musimy dobrze go wyko\u0144czy\u0107. Ponadto dobre wyko\u0144czenie u\u0142atwia nie tylko estetyczn\u0105 konserwacj\u0119, ale tak\u017ce czyszczenie i jako\u015b\u0107 pod\u0142o\u017ca (najcz\u0119\u015bciej drewno). Bejcowanie drewna to faza procesu lakierowania mebli, w kt\u00f3rej mo\u017cemy r\u00f3wnie\u017c wzi\u0105\u0107 pod uwag\u0119 zmys\u0142y i subiektywn\u0105 ocen\u0119 osoby, kt\u00f3ra b\u0119dzie z niego korzysta\u0107. Jest to mo\u017cliwe poniewa\u017c mo\u017cemy stosowa\u0107 lakiery-wyko\u0144czenia o r\u00f3\u017cnym stopniu po\u0142ysku, r\u00f3\u017cnym dotyku i jedwabisto\u015bci oraz r\u00f3\u017cnych fakturach w zale\u017cno\u015bci od efektu, jaki chcemy nada\u0107 naszym meblom.<\/p>\n<p>WYKO\u0143CZENIE NITROCELULAMI, WYKO\u0143CZENIE POLIURETANOWE, WYKO\u0143CZENIE NA BAZIE WODY, WYKO\u0143CZENIE POLIESTROWE<\/p>\n<div><\/div>\n<\/div>\n[\/vc_column_text][\/vc_column][\/vc_row][vc_row type=&#8221;in_container&#8221; full_screen_row_position=&#8221;middle&#8221; column_margin=&#8221;default&#8221; column_direction=&#8221;default&#8221; column_direction_tablet=&#8221;default&#8221; column_direction_phone=&#8221;default&#8221; scene_position=&#8221;center&#8221; text_color=&#8221;dark&#8221; text_align=&#8221;left&#8221; row_border_radius=&#8221;none&#8221; row_border_radius_applies=&#8221;bg&#8221; overlay_strength=&#8221;0.3&#8243; gradient_direction=&#8221;left_to_right&#8221; shape_divider_position=&#8221;bottom&#8221; bg_image_animation=&#8221;none&#8221;][vc_column column_padding=&#8221;no-extra-padding&#8221; column_padding_tablet=&#8221;inherit&#8221; column_padding_phone=&#8221;inherit&#8221; column_padding_position=&#8221;all&#8221; top_margin=&#8221;40&#8243; background_color_opacity=&#8221;1&#8243; background_hover_color_opacity=&#8221;1&#8243; background_image=&#8221;9583&#8243; background_image_position=&#8221;center center&#8221; enable_bg_scale=&#8221;true&#8221; column_shadow=&#8221;none&#8221; column_border_radius=&#8221;none&#8221; column_link_target=&#8221;_self&#8221; gradient_direction=&#8221;left_to_right&#8221; overlay_strength=&#8221;0.3&#8243; width=&#8221;1\/1&#8243; tablet_width_inherit=&#8221;default&#8221; tablet_text_alignment=&#8221;default&#8221; phone_text_alignment=&#8221;default&#8221; column_border_width=&#8221;none&#8221; column_border_style=&#8221;solid&#8221; bg_image_animation=&#8221;none&#8221; enable_animation=&#8221;true&#8221; animation=&#8221;fade-in-from-left&#8221;][divider line_type=&#8221;No Line&#8221; custom_height=&#8221;300&#8243;][\/vc_column][\/vc_row]\n","protected":false},"excerpt":{"rendered":"<p>[vc_row type=&#8221;in_container&#8221; full_screen_row_position=&#8221;middle&#8221; column_margin=&#8221;default&#8221; column_direction=&#8221;default&#8221; column_direction_tablet=&#8221;default&#8221; column_direction_phone=&#8221;default&#8221; scene_position=&#8221;center&#8221; text_color=&#8221;dark&#8221; text_align=&#8221;left&#8221; row_border_radius=&#8221;none&#8221; row_border_radius_applies=&#8221;bg&#8221; overlay_strength=&#8221;0.3&#8243; gradient_direction=&#8221;left_to_right&#8221; shape_divider_position=&#8221;bottom&#8221; bg_image_animation=&#8221;none&#8221;][vc_column column_padding=&#8221;no-extra-padding&#8221; column_padding_tablet=&#8221;inherit&#8221; column_padding_phone=&#8221;inherit&#8221; column_padding_position=&#8221;all&#8221; background_color_opacity=&#8221;1&#8243; background_hover_color_opacity=&#8221;1&#8243; column_shadow=&#8221;none&#8221; column_border_radius=&#8221;none&#8221; column_link_target=&#8221;_self&#8221; gradient_direction=&#8221;left_to_right&#8221; overlay_strength=&#8221;0.3&#8243; width=&#8221;1\/1&#8243; tablet_width_inherit=&#8221;default&#8221; tablet_text_alignment=&#8221;default&#8221;&#8230;<\/p>\n","protected":false},"author":1,"featured_media":0,"parent":0,"menu_order":0,"comment_status":"closed","ping_status":"closed","template":"","meta":{"_joinchat":[],"footnotes":""},"class_list":["post-19264","page","type-page","status-publish"],"yoast_head":"<!-- This site is optimized with the Yoast SEO plugin v27.4 - https:\/\/yoast.com\/product\/yoast-seo-wordpress\/ -->\n<title>Lakiery do wyko\u0144czenia - Valresa.com<\/title>\n<meta name=\"description\" content=\"Asortyment lakier\u00f3w wyko\u0144czeniowych do lakierowania drewna i mebli. Gama lakier\u00f3w o r\u00f3\u017cnym po\u0142ysku, fakturze i twardo\u015bci na zarysowania i chemikalia\" \/>\n<meta name=\"robots\" content=\"noindex, follow, max-snippet:-1, max-image-preview:large, max-video-preview:-1\" \/>\n<meta property=\"og:locale\" content=\"pl_PL\" \/>\n<meta property=\"og:type\" content=\"article\" \/>\n<meta property=\"og:title\" content=\"Lakiery do wyko\u0144czenia - Valresa.com\" \/>\n<meta property=\"og:description\" content=\"Asortyment lakier\u00f3w wyko\u0144czeniowych do lakierowania drewna i mebli. Gama lakier\u00f3w o r\u00f3\u017cnym po\u0142ysku, fakturze i twardo\u015bci na zarysowania i chemikalia\" \/>\n<meta property=\"og:url\" content=\"https:\/\/pruebasnitorlack.com\/pl\/lakiery-do-wykonczenia\/\" \/>\n<meta property=\"og:site_name\" content=\"VALRESA\" \/>\n<meta property=\"article:publisher\" content=\"https:\/\/www.facebook.com\/valresacoatings\/\" \/>\n<meta property=\"article:modified_time\" content=\"2020-11-04T11:00:20+00:00\" \/>\n<meta name=\"twitter:card\" content=\"summary_large_image\" \/>\n<meta name=\"twitter:label1\" content=\"Szacowany czas czytania\" \/>\n\t<meta name=\"twitter:data1\" content=\"2 minuty\" \/>\n<script type=\"application\/ld+json\" class=\"yoast-schema-graph\">{\"@context\":\"https:\\\/\\\/schema.org\",\"@graph\":[{\"@type\":\"WebPage\",\"@id\":\"https:\\\/\\\/pruebasnitorlack.com\\\/pl\\\/lakiery-do-wykonczenia\\\/\",\"url\":\"https:\\\/\\\/pruebasnitorlack.com\\\/pl\\\/lakiery-do-wykonczenia\\\/\",\"name\":\"Lakiery do wyko\u0144czenia - Valresa.com\",\"isPartOf\":{\"@id\":\"https:\\\/\\\/pruebasnitorlack.com\\\/pl\\\/#website\"},\"datePublished\":\"2016-05-24T14:15:51+00:00\",\"dateModified\":\"2020-11-04T11:00:20+00:00\",\"description\":\"Asortyment lakier\u00f3w wyko\u0144czeniowych do lakierowania drewna i mebli. Gama lakier\u00f3w o r\u00f3\u017cnym po\u0142ysku, fakturze i twardo\u015bci na zarysowania i chemikalia\",\"breadcrumb\":{\"@id\":\"https:\\\/\\\/pruebasnitorlack.com\\\/pl\\\/lakiery-do-wykonczenia\\\/#breadcrumb\"},\"inLanguage\":\"pl-PL\",\"potentialAction\":[{\"@type\":\"ReadAction\",\"target\":[\"https:\\\/\\\/pruebasnitorlack.com\\\/pl\\\/lakiery-do-wykonczenia\\\/\"]}]},{\"@type\":\"BreadcrumbList\",\"@id\":\"https:\\\/\\\/pruebasnitorlack.com\\\/pl\\\/lakiery-do-wykonczenia\\\/#breadcrumb\",\"itemListElement\":[{\"@type\":\"ListItem\",\"position\":1,\"name\":\"Portada\",\"item\":\"https:\\\/\\\/pruebasnitorlack.com\\\/pl\\\/\"},{\"@type\":\"ListItem\",\"position\":2,\"name\":\"Lakiery do wyko\u0144czenia\"}]},{\"@type\":\"WebSite\",\"@id\":\"https:\\\/\\\/pruebasnitorlack.com\\\/pl\\\/#website\",\"url\":\"https:\\\/\\\/pruebasnitorlack.com\\\/pl\\\/\",\"name\":\"VALRESA\",\"description\":\"Barnices y pinturas para la madera\",\"potentialAction\":[{\"@type\":\"SearchAction\",\"target\":{\"@type\":\"EntryPoint\",\"urlTemplate\":\"https:\\\/\\\/pruebasnitorlack.com\\\/pl\\\/?s={search_term_string}\"},\"query-input\":{\"@type\":\"PropertyValueSpecification\",\"valueRequired\":true,\"valueName\":\"search_term_string\"}}],\"inLanguage\":\"pl-PL\"}]}<\/script>\n<!-- \/ Yoast SEO plugin. -->","yoast_head_json":{"title":"Lakiery do wyko\u0144czenia - Valresa.com","description":"Asortyment lakier\u00f3w wyko\u0144czeniowych do lakierowania drewna i mebli. Gama lakier\u00f3w o r\u00f3\u017cnym po\u0142ysku, fakturze i twardo\u015bci na zarysowania i chemikalia","robots":{"index":"noindex","follow":"follow","max-snippet":"max-snippet:-1","max-image-preview":"max-image-preview:large","max-video-preview":"max-video-preview:-1"},"og_locale":"pl_PL","og_type":"article","og_title":"Lakiery do wyko\u0144czenia - Valresa.com","og_description":"Asortyment lakier\u00f3w wyko\u0144czeniowych do lakierowania drewna i mebli. Gama lakier\u00f3w o r\u00f3\u017cnym po\u0142ysku, fakturze i twardo\u015bci na zarysowania i chemikalia","og_url":"https:\/\/pruebasnitorlack.com\/pl\/lakiery-do-wykonczenia\/","og_site_name":"VALRESA","article_publisher":"https:\/\/www.facebook.com\/valresacoatings\/","article_modified_time":"2020-11-04T11:00:20+00:00","twitter_card":"summary_large_image","twitter_misc":{"Szacowany czas czytania":"2 minuty"},"schema":{"@context":"https:\/\/schema.org","@graph":[{"@type":"WebPage","@id":"https:\/\/pruebasnitorlack.com\/pl\/lakiery-do-wykonczenia\/","url":"https:\/\/pruebasnitorlack.com\/pl\/lakiery-do-wykonczenia\/","name":"Lakiery do wyko\u0144czenia - Valresa.com","isPartOf":{"@id":"https:\/\/pruebasnitorlack.com\/pl\/#website"},"datePublished":"2016-05-24T14:15:51+00:00","dateModified":"2020-11-04T11:00:20+00:00","description":"Asortyment lakier\u00f3w wyko\u0144czeniowych do lakierowania drewna i mebli. Gama lakier\u00f3w o r\u00f3\u017cnym po\u0142ysku, fakturze i twardo\u015bci na zarysowania i chemikalia","breadcrumb":{"@id":"https:\/\/pruebasnitorlack.com\/pl\/lakiery-do-wykonczenia\/#breadcrumb"},"inLanguage":"pl-PL","potentialAction":[{"@type":"ReadAction","target":["https:\/\/pruebasnitorlack.com\/pl\/lakiery-do-wykonczenia\/"]}]},{"@type":"BreadcrumbList","@id":"https:\/\/pruebasnitorlack.com\/pl\/lakiery-do-wykonczenia\/#breadcrumb","itemListElement":[{"@type":"ListItem","position":1,"name":"Portada","item":"https:\/\/pruebasnitorlack.com\/pl\/"},{"@type":"ListItem","position":2,"name":"Lakiery do wyko\u0144czenia"}]},{"@type":"WebSite","@id":"https:\/\/pruebasnitorlack.com\/pl\/#website","url":"https:\/\/pruebasnitorlack.com\/pl\/","name":"VALRESA","description":"Barnices y pinturas para la madera","potentialAction":[{"@type":"SearchAction","target":{"@type":"EntryPoint","urlTemplate":"https:\/\/pruebasnitorlack.com\/pl\/?s={search_term_string}"},"query-input":{"@type":"PropertyValueSpecification","valueRequired":true,"valueName":"search_term_string"}}],"inLanguage":"pl-PL"}]}},"_links":{"self":[{"href":"https:\/\/pruebasnitorlack.com\/pl\/wp-json\/wp\/v2\/pages\/19264","targetHints":{"allow":["GET"]}}],"collection":[{"href":"https:\/\/pruebasnitorlack.com\/pl\/wp-json\/wp\/v2\/pages"}],"about":[{"href":"https:\/\/pruebasnitorlack.com\/pl\/wp-json\/wp\/v2\/types\/page"}],"author":[{"embeddable":true,"href":"https:\/\/pruebasnitorlack.com\/pl\/wp-json\/wp\/v2\/users\/1"}],"replies":[{"embeddable":true,"href":"https:\/\/pruebasnitorlack.com\/pl\/wp-json\/wp\/v2\/comments?post=19264"}],"version-history":[{"count":0,"href":"https:\/\/pruebasnitorlack.com\/pl\/wp-json\/wp\/v2\/pages\/19264\/revisions"}],"wp:attachment":[{"href":"https:\/\/pruebasnitorlack.com\/pl\/wp-json\/wp\/v2\/media?parent=19264"}],"curies":[{"name":"wp","href":"https:\/\/api.w.org\/{rel}","templated":true}]}}