{"id":19258,"date":"2016-05-10T11:01:07","date_gmt":"2016-05-10T11:01:07","guid":{"rendered":"https:\/\/pruebasnitorlack.com\/fondos\/"},"modified":"2020-11-04T08:59:17","modified_gmt":"2020-11-04T08:59:17","slug":"lakiery-do-tla","status":"publish","type":"page","link":"https:\/\/pruebasnitorlack.com\/pl\/lakiery-do-tla\/","title":{"rendered":"Lakiery do t\u0142a"},"content":{"rendered":"[vc_row type=&#8221;in_container&#8221; full_screen_row_position=&#8221;middle&#8221; column_margin=&#8221;default&#8221; column_direction=&#8221;default&#8221; column_direction_tablet=&#8221;default&#8221; column_direction_phone=&#8221;default&#8221; scene_position=&#8221;center&#8221; text_color=&#8221;dark&#8221; text_align=&#8221;left&#8221; row_border_radius=&#8221;none&#8221; row_border_radius_applies=&#8221;bg&#8221; overlay_strength=&#8221;0.3&#8243; gradient_direction=&#8221;left_to_right&#8221; shape_divider_position=&#8221;bottom&#8221; bg_image_animation=&#8221;none&#8221;][vc_column column_padding=&#8221;no-extra-padding&#8221; column_padding_tablet=&#8221;inherit&#8221; column_padding_phone=&#8221;inherit&#8221; column_padding_position=&#8221;all&#8221; background_color_opacity=&#8221;1&#8243; background_hover_color_opacity=&#8221;1&#8243; column_shadow=&#8221;none&#8221; column_border_radius=&#8221;none&#8221; column_link_target=&#8221;_self&#8221; gradient_direction=&#8221;left_to_right&#8221; overlay_strength=&#8221;0.3&#8243; width=&#8221;1\/1&#8243; tablet_width_inherit=&#8221;default&#8221; tablet_text_alignment=&#8221;default&#8221; phone_text_alignment=&#8221;default&#8221; column_border_width=&#8221;none&#8221; column_border_style=&#8221;solid&#8221; bg_image_animation=&#8221;none&#8221;][vc_column_text css=&#8221;.vc_custom_1604480271281{margin-top: 40px !important;}&#8221;]Lakiery jako uszczelniacze s\u0105 bardzo wa\u017cne w procesie bejcowania lub lakierowania drewna. W zwi\u0105zku z tym w zale\u017cno\u015bci od ko\u0144cowego aspektu procesu b\u0119d\u0105 musia\u0142y spe\u0142ni\u0107 szereg wymaga\u0144 (przezroczysto\u015b\u0107, elastyczno\u015b\u0107, \u0142atwo\u015b\u0107 szlifowania, wyr\u00f3wnywania, nape\u0142niania i szybko\u015bci schni\u0119cia), je\u015bli chcemy uzyska\u0107 wyko\u0144czenie najwy\u017cszej jako\u015bci.<\/p>\n<p>G\u0142\u00f3wn\u0105 funkcj\u0105 tych bejc lub lakier\u00f3w do drewna jako uszczelniaczy jest wype\u0142nienie i zakrycie por\u00f3w lub drobnych niedoskona\u0142o\u015bci drewna w celu uzyskania jednolitych i r\u00f3wnych powierzchni. Generalnie lakiery poliuretanowe uszczelniaj\u0105ce lub lakiery katalizowane powinny by\u0107 formu\u0142owane ze \u015brodkami u\u0142atwiaj\u0105cymi szlifowanie z maksymaln\u0105 przezroczysto\u015bci\u0105, je\u015bli s\u0105 to lakiery bezbarwne oraz z maksymaln\u0105 elastyczno\u015bci\u0105, aby nie p\u0119ka\u0142y, je\u015bli s\u0105 lakierami bia\u0142ymi. Musz\u0105 mie\u0107 wystarczaj\u0105c\u0105 pojemno\u015b\u0107, aby odpowiednio pokry\u0107 powierzchnie i szybko wysycha\u0107; poniewa\u017c s\u0105 to warstwy, kt\u00f3re nale\u017cy przeszlifowa\u0107 przed na\u0142o\u017ceniem warstwy wyko\u0144czeniowej bejcy, lakieru lub farby.<\/p>\n<p>USZCZELNIACZ NITROCELULOZOWY. USZCZELNIACZ POLIURETANOWY, USZCZELNIACZ NA BAZIE WODY, USZCZELNIACZ POLIESTROWY[\/vc_column_text][\/vc_column][\/vc_row][vc_row type=&#8221;in_container&#8221; full_screen_row_position=&#8221;middle&#8221; column_margin=&#8221;default&#8221; column_direction=&#8221;default&#8221; column_direction_tablet=&#8221;default&#8221; column_direction_phone=&#8221;default&#8221; scene_position=&#8221;center&#8221; text_color=&#8221;dark&#8221; text_align=&#8221;left&#8221; row_border_radius=&#8221;none&#8221; row_border_radius_applies=&#8221;bg&#8221; overlay_strength=&#8221;0.3&#8243; gradient_direction=&#8221;left_to_right&#8221; shape_divider_position=&#8221;bottom&#8221; bg_image_animation=&#8221;none&#8221;][vc_column column_padding=&#8221;no-extra-padding&#8221; column_padding_tablet=&#8221;inherit&#8221; column_padding_phone=&#8221;inherit&#8221; column_padding_position=&#8221;all&#8221; top_margin=&#8221;40&#8243; background_color_opacity=&#8221;1&#8243; background_hover_color_opacity=&#8221;1&#8243; background_image=&#8221;9535&#8243; background_image_position=&#8221;center center&#8221; enable_bg_scale=&#8221;true&#8221; column_shadow=&#8221;none&#8221; column_border_radius=&#8221;none&#8221; column_link_target=&#8221;_self&#8221; gradient_direction=&#8221;left_to_right&#8221; overlay_strength=&#8221;0.3&#8243; width=&#8221;1\/1&#8243; tablet_width_inherit=&#8221;default&#8221; tablet_text_alignment=&#8221;default&#8221; phone_text_alignment=&#8221;default&#8221; column_border_width=&#8221;none&#8221; column_border_style=&#8221;solid&#8221; bg_image_animation=&#8221;none&#8221; enable_animation=&#8221;true&#8221; animation=&#8221;fade-in-from-left&#8221;][divider line_type=&#8221;No Line&#8221; custom_height=&#8221;300&#8243;][\/vc_column][\/vc_row]\n","protected":false},"excerpt":{"rendered":"<p>[vc_row type=&#8221;in_container&#8221; full_screen_row_position=&#8221;middle&#8221; column_margin=&#8221;default&#8221; column_direction=&#8221;default&#8221; column_direction_tablet=&#8221;default&#8221; column_direction_phone=&#8221;default&#8221; scene_position=&#8221;center&#8221; text_color=&#8221;dark&#8221; text_align=&#8221;left&#8221; row_border_radius=&#8221;none&#8221; row_border_radius_applies=&#8221;bg&#8221; overlay_strength=&#8221;0.3&#8243; gradient_direction=&#8221;left_to_right&#8221; shape_divider_position=&#8221;bottom&#8221; bg_image_animation=&#8221;none&#8221;][vc_column column_padding=&#8221;no-extra-padding&#8221; column_padding_tablet=&#8221;inherit&#8221; column_padding_phone=&#8221;inherit&#8221; column_padding_position=&#8221;all&#8221; background_color_opacity=&#8221;1&#8243; background_hover_color_opacity=&#8221;1&#8243; column_shadow=&#8221;none&#8221; column_border_radius=&#8221;none&#8221; column_link_target=&#8221;_self&#8221; gradient_direction=&#8221;left_to_right&#8221; overlay_strength=&#8221;0.3&#8243; width=&#8221;1\/1&#8243; tablet_width_inherit=&#8221;default&#8221; tablet_text_alignment=&#8221;default&#8221;&#8230;<\/p>\n","protected":false},"author":1,"featured_media":0,"parent":0,"menu_order":0,"comment_status":"closed","ping_status":"closed","template":"","meta":{"_joinchat":[],"footnotes":""},"class_list":["post-19258","page","type-page","status-publish"],"yoast_head":"<!-- This site is optimized with the Yoast SEO plugin v27.4 - https:\/\/yoast.com\/product\/yoast-seo-wordpress\/ -->\n<title>Lakiery do t\u0142a - Valresa.com<\/title>\n<meta name=\"description\" content=\"Lakiery podk\u0142adowe do lakierowania drewna o przezroczysto\u015bci, szybko\u015bci schni\u0119cia i elastyczno\u015bci. Spodnie nitrocelulozowe. Spodnie z poliuretanu. Spodnie z poliestru. Fundusze wodne\" \/>\n<meta name=\"robots\" content=\"noindex, follow, max-snippet:-1, max-image-preview:large, max-video-preview:-1\" \/>\n<meta property=\"og:locale\" content=\"pl_PL\" \/>\n<meta property=\"og:type\" content=\"article\" \/>\n<meta property=\"og:title\" content=\"Lakiery do t\u0142a - Valresa.com\" \/>\n<meta property=\"og:description\" content=\"Lakiery podk\u0142adowe do lakierowania drewna o przezroczysto\u015bci, szybko\u015bci schni\u0119cia i elastyczno\u015bci. Spodnie nitrocelulozowe. Spodnie z poliuretanu. Spodnie z poliestru. Fundusze wodne\" \/>\n<meta property=\"og:url\" content=\"https:\/\/pruebasnitorlack.com\/pl\/lakiery-do-tla\/\" \/>\n<meta property=\"og:site_name\" content=\"VALRESA\" \/>\n<meta property=\"article:publisher\" content=\"https:\/\/www.facebook.com\/valresacoatings\/\" \/>\n<meta property=\"article:modified_time\" content=\"2020-11-04T08:59:17+00:00\" \/>\n<meta name=\"twitter:card\" content=\"summary_large_image\" \/>\n<meta name=\"twitter:label1\" content=\"Szacowany czas czytania\" \/>\n\t<meta name=\"twitter:data1\" content=\"2 minuty\" \/>\n<script type=\"application\/ld+json\" class=\"yoast-schema-graph\">{\"@context\":\"https:\\\/\\\/schema.org\",\"@graph\":[{\"@type\":\"WebPage\",\"@id\":\"https:\\\/\\\/pruebasnitorlack.com\\\/pl\\\/lakiery-do-tla\\\/\",\"url\":\"https:\\\/\\\/pruebasnitorlack.com\\\/pl\\\/lakiery-do-tla\\\/\",\"name\":\"Lakiery do t\u0142a - Valresa.com\",\"isPartOf\":{\"@id\":\"https:\\\/\\\/pruebasnitorlack.com\\\/pl\\\/#website\"},\"datePublished\":\"2016-05-10T11:01:07+00:00\",\"dateModified\":\"2020-11-04T08:59:17+00:00\",\"description\":\"Lakiery podk\u0142adowe do lakierowania drewna o przezroczysto\u015bci, szybko\u015bci schni\u0119cia i elastyczno\u015bci. Spodnie nitrocelulozowe. Spodnie z poliuretanu. Spodnie z poliestru. Fundusze wodne\",\"breadcrumb\":{\"@id\":\"https:\\\/\\\/pruebasnitorlack.com\\\/pl\\\/lakiery-do-tla\\\/#breadcrumb\"},\"inLanguage\":\"pl-PL\",\"potentialAction\":[{\"@type\":\"ReadAction\",\"target\":[\"https:\\\/\\\/pruebasnitorlack.com\\\/pl\\\/lakiery-do-tla\\\/\"]}]},{\"@type\":\"BreadcrumbList\",\"@id\":\"https:\\\/\\\/pruebasnitorlack.com\\\/pl\\\/lakiery-do-tla\\\/#breadcrumb\",\"itemListElement\":[{\"@type\":\"ListItem\",\"position\":1,\"name\":\"Portada\",\"item\":\"https:\\\/\\\/pruebasnitorlack.com\\\/pl\\\/\"},{\"@type\":\"ListItem\",\"position\":2,\"name\":\"Lakiery do t\u0142a\"}]},{\"@type\":\"WebSite\",\"@id\":\"https:\\\/\\\/pruebasnitorlack.com\\\/pl\\\/#website\",\"url\":\"https:\\\/\\\/pruebasnitorlack.com\\\/pl\\\/\",\"name\":\"VALRESA\",\"description\":\"Barnices y pinturas para la madera\",\"potentialAction\":[{\"@type\":\"SearchAction\",\"target\":{\"@type\":\"EntryPoint\",\"urlTemplate\":\"https:\\\/\\\/pruebasnitorlack.com\\\/pl\\\/?s={search_term_string}\"},\"query-input\":{\"@type\":\"PropertyValueSpecification\",\"valueRequired\":true,\"valueName\":\"search_term_string\"}}],\"inLanguage\":\"pl-PL\"}]}<\/script>\n<!-- \/ Yoast SEO plugin. -->","yoast_head_json":{"title":"Lakiery do t\u0142a - Valresa.com","description":"Lakiery podk\u0142adowe do lakierowania drewna o przezroczysto\u015bci, szybko\u015bci schni\u0119cia i elastyczno\u015bci. Spodnie nitrocelulozowe. Spodnie z poliuretanu. Spodnie z poliestru. Fundusze wodne","robots":{"index":"noindex","follow":"follow","max-snippet":"max-snippet:-1","max-image-preview":"max-image-preview:large","max-video-preview":"max-video-preview:-1"},"og_locale":"pl_PL","og_type":"article","og_title":"Lakiery do t\u0142a - Valresa.com","og_description":"Lakiery podk\u0142adowe do lakierowania drewna o przezroczysto\u015bci, szybko\u015bci schni\u0119cia i elastyczno\u015bci. Spodnie nitrocelulozowe. Spodnie z poliuretanu. Spodnie z poliestru. Fundusze wodne","og_url":"https:\/\/pruebasnitorlack.com\/pl\/lakiery-do-tla\/","og_site_name":"VALRESA","article_publisher":"https:\/\/www.facebook.com\/valresacoatings\/","article_modified_time":"2020-11-04T08:59:17+00:00","twitter_card":"summary_large_image","twitter_misc":{"Szacowany czas czytania":"2 minuty"},"schema":{"@context":"https:\/\/schema.org","@graph":[{"@type":"WebPage","@id":"https:\/\/pruebasnitorlack.com\/pl\/lakiery-do-tla\/","url":"https:\/\/pruebasnitorlack.com\/pl\/lakiery-do-tla\/","name":"Lakiery do t\u0142a - Valresa.com","isPartOf":{"@id":"https:\/\/pruebasnitorlack.com\/pl\/#website"},"datePublished":"2016-05-10T11:01:07+00:00","dateModified":"2020-11-04T08:59:17+00:00","description":"Lakiery podk\u0142adowe do lakierowania drewna o przezroczysto\u015bci, szybko\u015bci schni\u0119cia i elastyczno\u015bci. Spodnie nitrocelulozowe. Spodnie z poliuretanu. Spodnie z poliestru. Fundusze wodne","breadcrumb":{"@id":"https:\/\/pruebasnitorlack.com\/pl\/lakiery-do-tla\/#breadcrumb"},"inLanguage":"pl-PL","potentialAction":[{"@type":"ReadAction","target":["https:\/\/pruebasnitorlack.com\/pl\/lakiery-do-tla\/"]}]},{"@type":"BreadcrumbList","@id":"https:\/\/pruebasnitorlack.com\/pl\/lakiery-do-tla\/#breadcrumb","itemListElement":[{"@type":"ListItem","position":1,"name":"Portada","item":"https:\/\/pruebasnitorlack.com\/pl\/"},{"@type":"ListItem","position":2,"name":"Lakiery do t\u0142a"}]},{"@type":"WebSite","@id":"https:\/\/pruebasnitorlack.com\/pl\/#website","url":"https:\/\/pruebasnitorlack.com\/pl\/","name":"VALRESA","description":"Barnices y pinturas para la madera","potentialAction":[{"@type":"SearchAction","target":{"@type":"EntryPoint","urlTemplate":"https:\/\/pruebasnitorlack.com\/pl\/?s={search_term_string}"},"query-input":{"@type":"PropertyValueSpecification","valueRequired":true,"valueName":"search_term_string"}}],"inLanguage":"pl-PL"}]}},"_links":{"self":[{"href":"https:\/\/pruebasnitorlack.com\/pl\/wp-json\/wp\/v2\/pages\/19258","targetHints":{"allow":["GET"]}}],"collection":[{"href":"https:\/\/pruebasnitorlack.com\/pl\/wp-json\/wp\/v2\/pages"}],"about":[{"href":"https:\/\/pruebasnitorlack.com\/pl\/wp-json\/wp\/v2\/types\/page"}],"author":[{"embeddable":true,"href":"https:\/\/pruebasnitorlack.com\/pl\/wp-json\/wp\/v2\/users\/1"}],"replies":[{"embeddable":true,"href":"https:\/\/pruebasnitorlack.com\/pl\/wp-json\/wp\/v2\/comments?post=19258"}],"version-history":[{"count":0,"href":"https:\/\/pruebasnitorlack.com\/pl\/wp-json\/wp\/v2\/pages\/19258\/revisions"}],"wp:attachment":[{"href":"https:\/\/pruebasnitorlack.com\/pl\/wp-json\/wp\/v2\/media?parent=19258"}],"curies":[{"name":"wp","href":"https:\/\/api.w.org\/{rel}","templated":true}]}}