{"id":19251,"date":"2016-04-05T14:11:27","date_gmt":"2016-04-05T14:11:27","guid":{"rendered":"https:\/\/pruebasnitorlack.com\/lakiery-profesjonalne\/tintes-para-madera\/"},"modified":"2020-11-04T08:30:36","modified_gmt":"2020-11-04T08:30:36","slug":"bejce-do-drewna","status":"publish","type":"page","link":"https:\/\/pruebasnitorlack.com\/pl\/lakiery-profesjonalne\/bejce-do-drewna\/","title":{"rendered":"Bejce do drewna"},"content":{"rendered":"[vc_row type=&#8221;in_container&#8221; full_screen_row_position=&#8221;middle&#8221; column_margin=&#8221;default&#8221; column_direction=&#8221;default&#8221; column_direction_tablet=&#8221;default&#8221; column_direction_phone=&#8221;default&#8221; scene_position=&#8221;center&#8221; text_color=&#8221;dark&#8221; text_align=&#8221;left&#8221; row_border_radius=&#8221;none&#8221; row_border_radius_applies=&#8221;bg&#8221; overlay_strength=&#8221;0.3&#8243; gradient_direction=&#8221;left_to_right&#8221; shape_divider_position=&#8221;bottom&#8221; bg_image_animation=&#8221;none&#8221;][vc_column column_padding=&#8221;no-extra-padding&#8221; column_padding_tablet=&#8221;inherit&#8221; column_padding_phone=&#8221;inherit&#8221; column_padding_position=&#8221;all&#8221; background_color_opacity=&#8221;1&#8243; background_hover_color_opacity=&#8221;1&#8243; column_shadow=&#8221;none&#8221; column_border_radius=&#8221;none&#8221; column_link_target=&#8221;_self&#8221; gradient_direction=&#8221;left_to_right&#8221; overlay_strength=&#8221;0.3&#8243; width=&#8221;1\/1&#8243; tablet_width_inherit=&#8221;default&#8221; tablet_text_alignment=&#8221;default&#8221; phone_text_alignment=&#8221;default&#8221; column_border_width=&#8221;none&#8221; column_border_style=&#8221;solid&#8221; bg_image_animation=&#8221;none&#8221;][vc_column_text css=&#8221;.vc_custom_1604478532821{margin-top: 40px !important;}&#8221;]\n<div>\n<div>\n<div style=\"text-align: justify;\">Barwniki to te zwi\u0105zki, kt\u00f3re nadaj\u0105 drewnu kolor bez ukrywania jego s\u0142oj\u00f3w.<\/div>\n<div>\n<p>G\u0142\u00f3wnym celem bejcy w procesie nak\u0142adania lakier\u00f3w do drewna jest modyfikacja naturalnego koloru drewna. Chocia\u017c istniej\u0105 r\u00f3wnie\u017c inne cele, kt\u00f3re mo\u017cemy osi\u0105gn\u0105\u0107, gdy bejcujemy drewno, s\u0105 one nast\u0119puj\u0105ce:<\/p>\n<p>Wzmocnienie szczeg\u00f3lnych w\u0142a\u015bciwo\u015bci drewna. Zazwyczaj w celu uzyskania tego typu efektu stosuje si\u0119 zwykle barwniki \u015brednio-wolno schn\u0105ce, dzi\u0119ki czemu kolor dobrze wnika w drewno i robi r\u00f3\u017cnic\u0119 w kontrastach.<\/p>\n<p>Popraw wygl\u0105d za pomoc\u0105 katalizowanych lakier\u00f3w, pokost\u00f3w lub lakier\u00f3w dla najpopularniejszego drewna. Bardzo cz\u0119sto u\u017cywa si\u0119 zwyk\u0142ego drewna i bejcuje je na po\u017c\u0105dany kolor, aby wygl\u0105da\u0142o na bardziej warto\u015bciowe.<\/p>\n<p>Imituj odcienie dro\u017cszego lub trudniejszego do uzyskania drewna.<\/p>\n<p>Ukryj wady drewna. Zwykle stosuje si\u0119 szybko odparowuj\u0105ce bejce rozpuszczalnikowe, kt\u00f3re dobrze pasuj\u0105 do drewna i pozostaj\u0105 na powierzchni, ukrywaj\u0105c pocz\u0105tkow\u0105 wad\u0119, jak\u0105 mo\u017ce posiada\u0107 drewno.<\/p>\n<p>W zale\u017cno\u015bci od elementu zastosowanego w jego sk\u0142adzie mo\u017cemy je podzieli\u0107 na:<\/p>\n<p>Barwniki D (rozpuszczalnik), barwniki H (wodnoalkoholowe), barwniki E (elektrostatyczne), barwniki (rozpuszczalnik + spoiwo), barwniki U (koncentraty).<\/p>\n<\/div>\n<div><\/div>\n<\/div>\n<\/div>\n[\/vc_column_text][\/vc_column][\/vc_row][vc_row type=&#8221;full_width_background&#8221; full_screen_row_position=&#8221;middle&#8221; column_margin=&#8221;default&#8221; equal_height=&#8221;yes&#8221; content_placement=&#8221;middle&#8221; column_direction=&#8221;default&#8221; column_direction_tablet=&#8221;default&#8221; column_direction_phone=&#8221;default&#8221; bg_image=&#8221;18822&#8243; bg_position=&#8221;center center&#8221; bg_repeat=&#8221;no-repeat&#8221; scene_position=&#8221;center&#8221; top_padding=&#8221;8%&#8221; bottom_padding=&#8221;8%&#8221; text_color=&#8221;light&#8221; text_align=&#8221;left&#8221; row_border_radius=&#8221;none&#8221; row_border_radius_applies=&#8221;bg&#8221; color_overlay=&#8221;rgba(10,6,6,0.84)&#8221; overlay_strength=&#8221;0.5&#8243; gradient_direction=&#8221;left_to_right&#8221; shape_divider_position=&#8221;bottom&#8221; bg_image_animation=&#8221;none&#8221; shape_type=&#8221;&#8221;][vc_column column_padding=&#8221;no-extra-padding&#8221; column_padding_tablet=&#8221;inherit&#8221; column_padding_phone=&#8221;inherit&#8221; column_padding_position=&#8221;all&#8221; background_color_opacity=&#8221;1&#8243; background_hover_color_opacity=&#8221;1&#8243; column_shadow=&#8221;none&#8221; column_border_radius=&#8221;none&#8221; column_link_target=&#8221;_self&#8221; gradient_direction=&#8221;left_to_right&#8221; overlay_strength=&#8221;0.3&#8243; width=&#8221;1\/1&#8243; tablet_width_inherit=&#8221;default&#8221; tablet_text_alignment=&#8221;default&#8221; phone_text_alignment=&#8221;default&#8221; column_border_width=&#8221;none&#8221; column_border_style=&#8221;solid&#8221; bg_image_animation=&#8221;none&#8221;][vc_row_inner column_margin=&#8221;default&#8221; column_direction=&#8221;default&#8221; column_direction_tablet=&#8221;default&#8221; column_direction_phone=&#8221;default&#8221; text_align=&#8221;left&#8221;][vc_column_inner column_padding=&#8221;no-extra-padding&#8221; column_padding_tablet=&#8221;inherit&#8221; column_padding_phone=&#8221;inherit&#8221; column_padding_position=&#8221;all&#8221; background_color_opacity=&#8221;1&#8243; background_hover_color_opacity=&#8221;1&#8243; column_shadow=&#8221;none&#8221; column_border_radius=&#8221;none&#8221; column_link_target=&#8221;_self&#8221; gradient_direction=&#8221;left_to_right&#8221; overlay_strength=&#8221;0.3&#8243; width=&#8221;1\/6&#8243; tablet_width_inherit=&#8221;default&#8221; column_border_width=&#8221;none&#8221; column_border_style=&#8221;solid&#8221; bg_image_animation=&#8221;none&#8221;][\/vc_column_inner][vc_column_inner column_padding=&#8221;padding-2-percent&#8221; column_padding_tablet=&#8221;inherit&#8221; column_padding_phone=&#8221;inherit&#8221; column_padding_position=&#8221;left-right&#8221; centered_text=&#8221;true&#8221; background_color_opacity=&#8221;1&#8243; background_hover_color_opacity=&#8221;1&#8243; column_shadow=&#8221;none&#8221; column_border_radius=&#8221;none&#8221; column_link_target=&#8221;_self&#8221; gradient_direction=&#8221;left_to_right&#8221; overlay_strength=&#8221;0.3&#8243; width=&#8221;2\/3&#8243; tablet_width_inherit=&#8221;default&#8221; column_border_width=&#8221;none&#8221; column_border_style=&#8221;solid&#8221; bg_image_animation=&#8221;none&#8221;][vc_custom_heading text=&#8221;Spersonalizowane porady&#8221; font_container=&#8221;tag:h2|font_size:52|text_align:center|line_height:52px&#8221; use_theme_fonts=&#8221;yes&#8221; css_animation=&#8221;fadeInUp&#8221;][divider line_type=&#8221;No Line&#8221; custom_height=&#8221;10&#8243;][vc_custom_heading text=&#8221;Skontaktuj si\u0119 z jednym z naszych technik\u00f3w, a my doradzimy Ci najskuteczniejsze rozwi\u0105zanie dla Ciebie.&#8221; font_container=&#8221;tag:p|text_align:center|color:rgba(255%2C255%2C255%2C0.7)&#8221; use_theme_fonts=&#8221;yes&#8221; css_animation=&#8221;fadeInUp&#8221; css=&#8221;.vc_custom_1604478606765{margin-top: 10px !important;margin-bottom: 10px !important;}&#8221;][nectar_btn size=&#8221;large&#8221; button_style=&#8221;regular&#8221; button_color_2=&#8221;Accent-Color&#8221; icon_family=&#8221;default_arrow&#8221; url=&#8221;https:\/\/pruebasnitorlack.com\/contact\/&#8221; text=&#8221;Kontakt&#8221; css_animation=&#8221;zoomIn&#8221;][\/vc_column_inner][vc_column_inner column_padding=&#8221;no-extra-padding&#8221; column_padding_tablet=&#8221;inherit&#8221; column_padding_phone=&#8221;inherit&#8221; column_padding_position=&#8221;all&#8221; background_color_opacity=&#8221;1&#8243; background_hover_color_opacity=&#8221;1&#8243; column_shadow=&#8221;none&#8221; column_border_radius=&#8221;none&#8221; column_link_target=&#8221;_self&#8221; gradient_direction=&#8221;left_to_right&#8221; overlay_strength=&#8221;0.3&#8243; width=&#8221;1\/6&#8243; tablet_width_inherit=&#8221;default&#8221; column_border_width=&#8221;none&#8221; column_border_style=&#8221;solid&#8221; bg_image_animation=&#8221;none&#8221;][\/vc_column_inner][\/vc_row_inner][\/vc_column][\/vc_row]\n","protected":false},"excerpt":{"rendered":"<p>[vc_row type=&#8221;in_container&#8221; full_screen_row_position=&#8221;middle&#8221; column_margin=&#8221;default&#8221; column_direction=&#8221;default&#8221; column_direction_tablet=&#8221;default&#8221; column_direction_phone=&#8221;default&#8221; scene_position=&#8221;center&#8221; text_color=&#8221;dark&#8221; text_align=&#8221;left&#8221; row_border_radius=&#8221;none&#8221; row_border_radius_applies=&#8221;bg&#8221; overlay_strength=&#8221;0.3&#8243; gradient_direction=&#8221;left_to_right&#8221; shape_divider_position=&#8221;bottom&#8221; bg_image_animation=&#8221;none&#8221;][vc_column column_padding=&#8221;no-extra-padding&#8221; column_padding_tablet=&#8221;inherit&#8221; column_padding_phone=&#8221;inherit&#8221; column_padding_position=&#8221;all&#8221; background_color_opacity=&#8221;1&#8243; background_hover_color_opacity=&#8221;1&#8243; column_shadow=&#8221;none&#8221; column_border_radius=&#8221;none&#8221; column_link_target=&#8221;_self&#8221; gradient_direction=&#8221;left_to_right&#8221; overlay_strength=&#8221;0.3&#8243; width=&#8221;1\/1&#8243; tablet_width_inherit=&#8221;default&#8221; tablet_text_alignment=&#8221;default&#8221;&#8230;<\/p>\n","protected":false},"author":1,"featured_media":0,"parent":19227,"menu_order":0,"comment_status":"closed","ping_status":"closed","template":"","meta":{"_joinchat":[],"footnotes":""},"class_list":["post-19251","page","type-page","status-publish"],"yoast_head":"<!-- This site is optimized with the Yoast SEO plugin v27.4 - https:\/\/yoast.com\/product\/yoast-seo-wordpress\/ -->\n<title>Bejce do drewna - Valresa.com<\/title>\n<meta name=\"description\" content=\"Bejce do drewna. Bejce zmieniaj\u0105ce kolor drewna. Wszystkie rodzaje kolor\u00f3w do malowania mebli i malowania drewna na naturalne kolory.\" \/>\n<meta name=\"robots\" content=\"noindex, follow, max-snippet:-1, max-image-preview:large, max-video-preview:-1\" \/>\n<meta property=\"og:locale\" content=\"pl_PL\" \/>\n<meta property=\"og:type\" content=\"article\" \/>\n<meta property=\"og:title\" content=\"Bejce do drewna - Valresa.com\" \/>\n<meta property=\"og:description\" content=\"Bejce do drewna. Bejce zmieniaj\u0105ce kolor drewna. Wszystkie rodzaje kolor\u00f3w do malowania mebli i malowania drewna na naturalne kolory.\" \/>\n<meta property=\"og:url\" content=\"https:\/\/pruebasnitorlack.com\/pl\/lakiery-profesjonalne\/bejce-do-drewna\/\" \/>\n<meta property=\"og:site_name\" content=\"VALRESA\" \/>\n<meta property=\"article:publisher\" content=\"https:\/\/www.facebook.com\/valresacoatings\/\" \/>\n<meta property=\"article:modified_time\" content=\"2020-11-04T08:30:36+00:00\" \/>\n<meta name=\"twitter:card\" content=\"summary_large_image\" \/>\n<meta name=\"twitter:label1\" content=\"Szacowany czas czytania\" \/>\n\t<meta name=\"twitter:data1\" content=\"4 minuty\" \/>\n<script type=\"application\/ld+json\" class=\"yoast-schema-graph\">{\"@context\":\"https:\\\/\\\/schema.org\",\"@graph\":[{\"@type\":\"WebPage\",\"@id\":\"https:\\\/\\\/pruebasnitorlack.com\\\/pl\\\/lakiery-profesjonalne\\\/bejce-do-drewna\\\/\",\"url\":\"https:\\\/\\\/pruebasnitorlack.com\\\/pl\\\/lakiery-profesjonalne\\\/bejce-do-drewna\\\/\",\"name\":\"Bejce do drewna - Valresa.com\",\"isPartOf\":{\"@id\":\"https:\\\/\\\/pruebasnitorlack.com\\\/pl\\\/#website\"},\"datePublished\":\"2016-04-05T14:11:27+00:00\",\"dateModified\":\"2020-11-04T08:30:36+00:00\",\"description\":\"Bejce do drewna. Bejce zmieniaj\u0105ce kolor drewna. Wszystkie rodzaje kolor\u00f3w do malowania mebli i malowania drewna na naturalne kolory.\",\"breadcrumb\":{\"@id\":\"https:\\\/\\\/pruebasnitorlack.com\\\/pl\\\/lakiery-profesjonalne\\\/bejce-do-drewna\\\/#breadcrumb\"},\"inLanguage\":\"pl-PL\",\"potentialAction\":[{\"@type\":\"ReadAction\",\"target\":[\"https:\\\/\\\/pruebasnitorlack.com\\\/pl\\\/lakiery-profesjonalne\\\/bejce-do-drewna\\\/\"]}]},{\"@type\":\"BreadcrumbList\",\"@id\":\"https:\\\/\\\/pruebasnitorlack.com\\\/pl\\\/lakiery-profesjonalne\\\/bejce-do-drewna\\\/#breadcrumb\",\"itemListElement\":[{\"@type\":\"ListItem\",\"position\":1,\"name\":\"Portada\",\"item\":\"https:\\\/\\\/pruebasnitorlack.com\\\/pl\\\/\"},{\"@type\":\"ListItem\",\"position\":2,\"name\":\"Lakiery profesjonalne\",\"item\":\"https:\\\/\\\/pruebasnitorlack.com\\\/pl\\\/lakiery-profesjonalne\\\/\"},{\"@type\":\"ListItem\",\"position\":3,\"name\":\"Bejce do drewna\"}]},{\"@type\":\"WebSite\",\"@id\":\"https:\\\/\\\/pruebasnitorlack.com\\\/pl\\\/#website\",\"url\":\"https:\\\/\\\/pruebasnitorlack.com\\\/pl\\\/\",\"name\":\"VALRESA\",\"description\":\"Barnices y pinturas para la madera\",\"potentialAction\":[{\"@type\":\"SearchAction\",\"target\":{\"@type\":\"EntryPoint\",\"urlTemplate\":\"https:\\\/\\\/pruebasnitorlack.com\\\/pl\\\/?s={search_term_string}\"},\"query-input\":{\"@type\":\"PropertyValueSpecification\",\"valueRequired\":true,\"valueName\":\"search_term_string\"}}],\"inLanguage\":\"pl-PL\"}]}<\/script>\n<!-- \/ Yoast SEO plugin. -->","yoast_head_json":{"title":"Bejce do drewna - Valresa.com","description":"Bejce do drewna. Bejce zmieniaj\u0105ce kolor drewna. Wszystkie rodzaje kolor\u00f3w do malowania mebli i malowania drewna na naturalne kolory.","robots":{"index":"noindex","follow":"follow","max-snippet":"max-snippet:-1","max-image-preview":"max-image-preview:large","max-video-preview":"max-video-preview:-1"},"og_locale":"pl_PL","og_type":"article","og_title":"Bejce do drewna - Valresa.com","og_description":"Bejce do drewna. Bejce zmieniaj\u0105ce kolor drewna. Wszystkie rodzaje kolor\u00f3w do malowania mebli i malowania drewna na naturalne kolory.","og_url":"https:\/\/pruebasnitorlack.com\/pl\/lakiery-profesjonalne\/bejce-do-drewna\/","og_site_name":"VALRESA","article_publisher":"https:\/\/www.facebook.com\/valresacoatings\/","article_modified_time":"2020-11-04T08:30:36+00:00","twitter_card":"summary_large_image","twitter_misc":{"Szacowany czas czytania":"4 minuty"},"schema":{"@context":"https:\/\/schema.org","@graph":[{"@type":"WebPage","@id":"https:\/\/pruebasnitorlack.com\/pl\/lakiery-profesjonalne\/bejce-do-drewna\/","url":"https:\/\/pruebasnitorlack.com\/pl\/lakiery-profesjonalne\/bejce-do-drewna\/","name":"Bejce do drewna - Valresa.com","isPartOf":{"@id":"https:\/\/pruebasnitorlack.com\/pl\/#website"},"datePublished":"2016-04-05T14:11:27+00:00","dateModified":"2020-11-04T08:30:36+00:00","description":"Bejce do drewna. Bejce zmieniaj\u0105ce kolor drewna. Wszystkie rodzaje kolor\u00f3w do malowania mebli i malowania drewna na naturalne kolory.","breadcrumb":{"@id":"https:\/\/pruebasnitorlack.com\/pl\/lakiery-profesjonalne\/bejce-do-drewna\/#breadcrumb"},"inLanguage":"pl-PL","potentialAction":[{"@type":"ReadAction","target":["https:\/\/pruebasnitorlack.com\/pl\/lakiery-profesjonalne\/bejce-do-drewna\/"]}]},{"@type":"BreadcrumbList","@id":"https:\/\/pruebasnitorlack.com\/pl\/lakiery-profesjonalne\/bejce-do-drewna\/#breadcrumb","itemListElement":[{"@type":"ListItem","position":1,"name":"Portada","item":"https:\/\/pruebasnitorlack.com\/pl\/"},{"@type":"ListItem","position":2,"name":"Lakiery profesjonalne","item":"https:\/\/pruebasnitorlack.com\/pl\/lakiery-profesjonalne\/"},{"@type":"ListItem","position":3,"name":"Bejce do drewna"}]},{"@type":"WebSite","@id":"https:\/\/pruebasnitorlack.com\/pl\/#website","url":"https:\/\/pruebasnitorlack.com\/pl\/","name":"VALRESA","description":"Barnices y pinturas para la madera","potentialAction":[{"@type":"SearchAction","target":{"@type":"EntryPoint","urlTemplate":"https:\/\/pruebasnitorlack.com\/pl\/?s={search_term_string}"},"query-input":{"@type":"PropertyValueSpecification","valueRequired":true,"valueName":"search_term_string"}}],"inLanguage":"pl-PL"}]}},"_links":{"self":[{"href":"https:\/\/pruebasnitorlack.com\/pl\/wp-json\/wp\/v2\/pages\/19251","targetHints":{"allow":["GET"]}}],"collection":[{"href":"https:\/\/pruebasnitorlack.com\/pl\/wp-json\/wp\/v2\/pages"}],"about":[{"href":"https:\/\/pruebasnitorlack.com\/pl\/wp-json\/wp\/v2\/types\/page"}],"author":[{"embeddable":true,"href":"https:\/\/pruebasnitorlack.com\/pl\/wp-json\/wp\/v2\/users\/1"}],"replies":[{"embeddable":true,"href":"https:\/\/pruebasnitorlack.com\/pl\/wp-json\/wp\/v2\/comments?post=19251"}],"version-history":[{"count":0,"href":"https:\/\/pruebasnitorlack.com\/pl\/wp-json\/wp\/v2\/pages\/19251\/revisions"}],"up":[{"embeddable":true,"href":"https:\/\/pruebasnitorlack.com\/pl\/wp-json\/wp\/v2\/pages\/19227"}],"wp:attachment":[{"href":"https:\/\/pruebasnitorlack.com\/pl\/wp-json\/wp\/v2\/media?parent=19251"}],"curies":[{"name":"wp","href":"https:\/\/api.w.org\/{rel}","templated":true}]}}