{"id":19598,"date":"2016-04-13T14:29:40","date_gmt":"2016-04-13T14:29:40","guid":{"rendered":"https:\/\/pruebasnitorlack.com\/sistema-tintometrico\/"},"modified":"2020-12-07T10:16:01","modified_gmt":"2020-12-07T10:16:01","slug":"systeme-teintometrique","status":"publish","type":"page","link":"https:\/\/pruebasnitorlack.com\/fr\/systeme-teintometrique\/","title":{"rendered":"SYST\u00c8ME TINTOM\u00c9TRICO ACS"},"content":{"rendered":"[vc_row type=\u00a0\u00bbin_container\u00a0\u00bb full_screen_row_position=\u00a0\u00bbmiddle\u00a0\u00bb column_margin=\u00a0\u00bbdefault\u00a0\u00bb column_direction=\u00a0\u00bbdefault\u00a0\u00bb column_direction_tablet=\u00a0\u00bbdefault\u00a0\u00bb column_direction_phone=\u00a0\u00bbdefault\u00a0\u00bb scene_position=\u00a0\u00bbcenter\u00a0\u00bb text_color=\u00a0\u00bbdark\u00a0\u00bb text_align=\u00a0\u00bbleft\u00a0\u00bb row_border_radius=\u00a0\u00bbnone\u00a0\u00bb row_border_radius_applies=\u00a0\u00bbbg\u00a0\u00bb overlay_strength=\u00a0\u00bb0.3&Prime; gradient_direction=\u00a0\u00bbleft_to_right\u00a0\u00bb shape_divider_position=\u00a0\u00bbbottom\u00a0\u00bb bg_image_animation=\u00a0\u00bbnone\u00a0\u00bb][vc_column column_padding=\u00a0\u00bbno-extra-padding\u00a0\u00bb column_padding_tablet=\u00a0\u00bbinherit\u00a0\u00bb column_padding_phone=\u00a0\u00bbinherit\u00a0\u00bb column_padding_position=\u00a0\u00bball\u00a0\u00bb background_color_opacity=\u00a0\u00bb1&Prime; background_hover_color_opacity=\u00a0\u00bb1&Prime; column_shadow=\u00a0\u00bbnone\u00a0\u00bb column_border_radius=\u00a0\u00bbnone\u00a0\u00bb column_link_target=\u00a0\u00bb_self\u00a0\u00bb gradient_direction=\u00a0\u00bbleft_to_right\u00a0\u00bb overlay_strength=\u00a0\u00bb0.3&Prime; width=\u00a0\u00bb1\/1&Prime; tablet_width_inherit=\u00a0\u00bbdefault\u00a0\u00bb tablet_text_alignment=\u00a0\u00bbdefault\u00a0\u00bb phone_text_alignment=\u00a0\u00bbdefault\u00a0\u00bb column_border_width=\u00a0\u00bbnone\u00a0\u00bb column_border_style=\u00a0\u00bbsolid\u00a0\u00bb bg_image_animation=\u00a0\u00bbnone\u00a0\u00bb][vc_column_text css=\u00a0\u00bb.vc_custom_1607328963874{margin-top: 40px !important;}\u00a0\u00bb]Le syst\u00e8me de teinture de Valresa Colombia pour la colorim\u00e9trie des laques-mastics et des peintures offre la possibilit\u00e9 de fabriquer une gamme compl\u00e8te et large de produits pigment\u00e9s et de teintes pour la peinture et la d\u00e9coration du bois. L&rsquo;utilisation de colorants ou d&rsquo;encres avec de si bonnes performances garantira que nous obtenons un r\u00e9sultat \u00e9conomique tout au long du processus, obtenant en Pologne une reproductibilit\u00e9 \u00e9lev\u00e9e \u00e0 chaque commande d&rsquo;une couleur.<\/p>\n<p><strong>Les avantages du syst\u00e8me<\/strong><\/p>\n<p>Service et rapidit\u00e9 : possibilit\u00e9 de r\u00e9aliser rapidement n&rsquo;importe quelle teinte, vernis ou effet d\u00e9coratif pour le bois.<\/p>\n<p>R\u00e9gularit\u00e9-continuit\u00e9 et reproduction des couleurs : avec le syst\u00e8me de teinture, nous assurons l&rsquo;invariabilit\u00e9 des couleurs m\u00eame en changeant le format du conteneur.<\/p>\n<p>R\u00e9duction des stocks : avec ce syst\u00e8me, vous \u00e9conomiserez sur votre activit\u00e9 ; en r\u00e9duisant l&rsquo;investissement dans la fourniture des diff\u00e9rentes couleurs puisque toutes les couleurs et syst\u00e8mes de vernissage pour le bois sont disponibles imm\u00e9diatement, cela permet d&rsquo;avoir moins d&rsquo;investissements en stocks, ce qui permet une flexibilit\u00e9 beaucoup plus grande.<\/p>\n<p>Grande vari\u00e9t\u00e9 de produits : un syst\u00e8me capable de fabriquer des colorants \u00e0 base de solvants et d&rsquo;hydroalcooliques, en passant par des mastics et des finitions pigment\u00e9es ainsi\u00a0 et aux finitions avec des patines, des glacis et des tonalit\u00e9s.<\/p>\n<p>Grand nombre de chartes de couleur : nous pouvons fabriquer un grand nombre de chartes de couleur, RAL, NCS, Nova 720, cela nous permet \u00e9galement de saisir en ligne et de modifier les formules par rapport aux \u00e9chantillons de n&rsquo;importe quel fabricant, qu&rsquo;il s&rsquo;agisse de meubles ou de menuiserie architecturale.<\/p>\n<p>En compl\u00e9ment, un colorim\u00e8tre peut \u00eatre adapt\u00e9 avec lequel vous pouvez mesurer la couleur de l&rsquo;\u00e9chantillon du client et savoir quelle est la couleur du syst\u00e8me la plus proche de l&rsquo;\u00e9chantillon, l&rsquo;objectif est la rapidit\u00e9 et l&rsquo;efficacit\u00e9 pour r\u00e9pondre au march\u00e9 colombien.<\/p>\n<p>Conseils techniques continus.<\/p>\n<p>L&rsquo;achat de ce syst\u00e8me (machine) peut \u00eatre effectu\u00e9 par n&rsquo;importe quel grand fabricant si n\u00e9cessaire, de cette mani\u00e8re nous atteindrons une plus grande proximit\u00e9 en ligne dans toute la Pologne, demandez un devis \u00e0 Valresa Coatings.[\/vc_column_text][\/vc_column][\/vc_row][vc_row type=\u00a0\u00bbin_container\u00a0\u00bb full_screen_row_position=\u00a0\u00bbmiddle\u00a0\u00bb column_margin=\u00a0\u00bbdefault\u00a0\u00bb column_direction=\u00a0\u00bbdefault\u00a0\u00bb column_direction_tablet=\u00a0\u00bbdefault\u00a0\u00bb column_direction_phone=\u00a0\u00bbdefault\u00a0\u00bb scene_position=\u00a0\u00bbcenter\u00a0\u00bb text_color=\u00a0\u00bbdark\u00a0\u00bb text_align=\u00a0\u00bbleft\u00a0\u00bb row_border_radius=\u00a0\u00bbnone\u00a0\u00bb row_border_radius_applies=\u00a0\u00bbbg\u00a0\u00bb overlay_strength=\u00a0\u00bb0.3&Prime; gradient_direction=\u00a0\u00bbleft_to_right\u00a0\u00bb shape_divider_position=\u00a0\u00bbbottom\u00a0\u00bb bg_image_animation=\u00a0\u00bbnone\u00a0\u00bb][vc_column column_padding=\u00a0\u00bbno-extra-padding\u00a0\u00bb column_padding_tablet=\u00a0\u00bbinherit\u00a0\u00bb column_padding_phone=\u00a0\u00bbinherit\u00a0\u00bb column_padding_position=\u00a0\u00bball\u00a0\u00bb top_margin=\u00a0\u00bb40&Prime; background_color_opacity=\u00a0\u00bb1&Prime; background_hover_color_opacity=\u00a0\u00bb1&Prime; background_image=\u00a0\u00bb9156&Prime; background_image_position=\u00a0\u00bbcenter center\u00a0\u00bb enable_bg_scale=\u00a0\u00bbtrue\u00a0\u00bb column_shadow=\u00a0\u00bbnone\u00a0\u00bb column_border_radius=\u00a0\u00bbnone\u00a0\u00bb column_link_target=\u00a0\u00bb_self\u00a0\u00bb gradient_direction=\u00a0\u00bbleft_to_right\u00a0\u00bb overlay_strength=\u00a0\u00bb0.3&Prime; width=\u00a0\u00bb1\/1&Prime; tablet_width_inherit=\u00a0\u00bbdefault\u00a0\u00bb tablet_text_alignment=\u00a0\u00bbdefault\u00a0\u00bb phone_text_alignment=\u00a0\u00bbdefault\u00a0\u00bb column_border_width=\u00a0\u00bbnone\u00a0\u00bb column_border_style=\u00a0\u00bbsolid\u00a0\u00bb bg_image_animation=\u00a0\u00bbnone\u00a0\u00bb enable_animation=\u00a0\u00bbtrue\u00a0\u00bb animation=\u00a0\u00bbfade-in-from-left\u00a0\u00bb][divider line_type=\u00a0\u00bbNo Line\u00a0\u00bb custom_height=\u00a0\u00bb300&Prime;][\/vc_column][\/vc_row][vc_column column_padding=\u00a0\u00bbno-extra-padding\u00a0\u00bb column_padding_tablet=\u00a0\u00bbinherit\u00a0\u00bb column_padding_phone=\u00a0\u00bbinherit\u00a0\u00bb column_padding_position=\u00a0\u00bball\u00a0\u00bb background_color_opacity=\u00a0\u00bb1&Prime; background_hover_color_opacity=\u00a0\u00bb1&Prime; column_shadow=\u00a0\u00bbnone\u00a0\u00bb column_border_radius=\u00a0\u00bbnone\u00a0\u00bb column_link_target=\u00a0\u00bb_self\u00a0\u00bb gradient_direction=\u00a0\u00bbleft_to_right\u00a0\u00bb overlay_strength=\u00a0\u00bb0.3&Prime; width=\u00a0\u00bb1\/2&Prime; tablet_width_inherit=\u00a0\u00bbdefault\u00a0\u00bb tablet_text_alignment=\u00a0\u00bbdefault\u00a0\u00bb phone_text_alignment=\u00a0\u00bbdefault\u00a0\u00bb column_border_width=\u00a0\u00bbnone\u00a0\u00bb column_border_style=\u00a0\u00bbsolid\u00a0\u00bb bg_image_animation=\u00a0\u00bbnone\u00a0\u00bb][\/vc_column]\n","protected":false},"excerpt":{"rendered":"<p>[vc_row type=\u00a0\u00bbin_container\u00a0\u00bb full_screen_row_position=\u00a0\u00bbmiddle\u00a0\u00bb column_margin=\u00a0\u00bbdefault\u00a0\u00bb column_direction=\u00a0\u00bbdefault\u00a0\u00bb column_direction_tablet=\u00a0\u00bbdefault\u00a0\u00bb column_direction_phone=\u00a0\u00bbdefault\u00a0\u00bb scene_position=\u00a0\u00bbcenter\u00a0\u00bb text_color=\u00a0\u00bbdark\u00a0\u00bb text_align=\u00a0\u00bbleft\u00a0\u00bb row_border_radius=\u00a0\u00bbnone\u00a0\u00bb row_border_radius_applies=\u00a0\u00bbbg\u00a0\u00bb overlay_strength=\u00a0\u00bb0.3&Prime; gradient_direction=\u00a0\u00bbleft_to_right\u00a0\u00bb shape_divider_position=\u00a0\u00bbbottom\u00a0\u00bb bg_image_animation=\u00a0\u00bbnone\u00a0\u00bb][vc_column column_padding=\u00a0\u00bbno-extra-padding\u00a0\u00bb column_padding_tablet=\u00a0\u00bbinherit\u00a0\u00bb column_padding_phone=\u00a0\u00bbinherit\u00a0\u00bb column_padding_position=\u00a0\u00bball\u00a0\u00bb background_color_opacity=\u00a0\u00bb1&Prime; background_hover_color_opacity=\u00a0\u00bb1&Prime; column_shadow=\u00a0\u00bbnone\u00a0\u00bb column_border_radius=\u00a0\u00bbnone\u00a0\u00bb column_link_target=\u00a0\u00bb_self\u00a0\u00bb gradient_direction=\u00a0\u00bbleft_to_right\u00a0\u00bb overlay_strength=\u00a0\u00bb0.3&Prime; width=\u00a0\u00bb1\/1&Prime; tablet_width_inherit=\u00a0\u00bbdefault\u00a0\u00bb tablet_text_alignment=\u00a0\u00bbdefault\u00a0\u00bb&#8230;<\/p>\n","protected":false},"author":1,"featured_media":0,"parent":0,"menu_order":0,"comment_status":"closed","ping_status":"closed","template":"","meta":{"_joinchat":[],"footnotes":""},"class_list":["post-19598","page","type-page","status-publish"],"yoast_head":"<!-- This site is optimized with the Yoast SEO plugin v27.4 - https:\/\/yoast.com\/product\/yoast-seo-wordpress\/ -->\n<title>SYST\u00c8ME TINTOM\u00c9TRICO ACS - Valresa.com<\/title>\n<meta name=\"description\" content=\"Polyur\u00e9thane pigment\u00e9, vernis nitrocellulosiques, polyester et lourds. Possibilit\u00e9 de fabriquer des colorants transparents \u00e0 base de solvant, hydroalcooliques et aqueux\" \/>\n<meta name=\"robots\" content=\"noindex, follow, max-snippet:-1, max-image-preview:large, max-video-preview:-1\" \/>\n<meta property=\"og:locale\" content=\"fr_FR\" \/>\n<meta property=\"og:type\" content=\"article\" \/>\n<meta property=\"og:title\" content=\"SYST\u00c8ME TINTOM\u00c9TRICO ACS - Valresa.com\" \/>\n<meta property=\"og:description\" content=\"Polyur\u00e9thane pigment\u00e9, vernis nitrocellulosiques, polyester et lourds. Possibilit\u00e9 de fabriquer des colorants transparents \u00e0 base de solvant, hydroalcooliques et aqueux\" \/>\n<meta property=\"og:url\" content=\"https:\/\/pruebasnitorlack.com\/fr\/systeme-teintometrique\/\" \/>\n<meta property=\"og:site_name\" content=\"VALRESA\" \/>\n<meta property=\"article:publisher\" content=\"https:\/\/www.facebook.com\/valresacoatings\/\" \/>\n<meta property=\"article:modified_time\" content=\"2020-12-07T10:16:01+00:00\" \/>\n<meta name=\"twitter:card\" content=\"summary_large_image\" \/>\n<meta name=\"twitter:label1\" content=\"Dur\u00e9e de lecture estim\u00e9e\" \/>\n\t<meta name=\"twitter:data1\" content=\"4 minutes\" \/>\n<script type=\"application\/ld+json\" class=\"yoast-schema-graph\">{\"@context\":\"https:\\\/\\\/schema.org\",\"@graph\":[{\"@type\":\"WebPage\",\"@id\":\"https:\\\/\\\/pruebasnitorlack.com\\\/fr\\\/systeme-teintometrique\\\/\",\"url\":\"https:\\\/\\\/pruebasnitorlack.com\\\/fr\\\/systeme-teintometrique\\\/\",\"name\":\"SYST\u00c8ME TINTOM\u00c9TRICO ACS - Valresa.com\",\"isPartOf\":{\"@id\":\"https:\\\/\\\/pruebasnitorlack.com\\\/fr\\\/#website\"},\"datePublished\":\"2016-04-13T14:29:40+00:00\",\"dateModified\":\"2020-12-07T10:16:01+00:00\",\"description\":\"Polyur\u00e9thane pigment\u00e9, vernis nitrocellulosiques, polyester et lourds. Possibilit\u00e9 de fabriquer des colorants transparents \u00e0 base de solvant, hydroalcooliques et aqueux\",\"breadcrumb\":{\"@id\":\"https:\\\/\\\/pruebasnitorlack.com\\\/fr\\\/systeme-teintometrique\\\/#breadcrumb\"},\"inLanguage\":\"fr-FR\",\"potentialAction\":[{\"@type\":\"ReadAction\",\"target\":[\"https:\\\/\\\/pruebasnitorlack.com\\\/fr\\\/systeme-teintometrique\\\/\"]}]},{\"@type\":\"BreadcrumbList\",\"@id\":\"https:\\\/\\\/pruebasnitorlack.com\\\/fr\\\/systeme-teintometrique\\\/#breadcrumb\",\"itemListElement\":[{\"@type\":\"ListItem\",\"position\":1,\"name\":\"Portada\",\"item\":\"https:\\\/\\\/pruebasnitorlack.com\\\/fr\\\/\"},{\"@type\":\"ListItem\",\"position\":2,\"name\":\"SYST\u00c8ME TINTOM\u00c9TRICO ACS\"}]},{\"@type\":\"WebSite\",\"@id\":\"https:\\\/\\\/pruebasnitorlack.com\\\/fr\\\/#website\",\"url\":\"https:\\\/\\\/pruebasnitorlack.com\\\/fr\\\/\",\"name\":\"VALRESA\",\"description\":\"Barnices y pinturas para la madera\",\"potentialAction\":[{\"@type\":\"SearchAction\",\"target\":{\"@type\":\"EntryPoint\",\"urlTemplate\":\"https:\\\/\\\/pruebasnitorlack.com\\\/fr\\\/?s={search_term_string}\"},\"query-input\":{\"@type\":\"PropertyValueSpecification\",\"valueRequired\":true,\"valueName\":\"search_term_string\"}}],\"inLanguage\":\"fr-FR\"}]}<\/script>\n<!-- \/ Yoast SEO plugin. -->","yoast_head_json":{"title":"SYST\u00c8ME TINTOM\u00c9TRICO ACS - Valresa.com","description":"Polyur\u00e9thane pigment\u00e9, vernis nitrocellulosiques, polyester et lourds. Possibilit\u00e9 de fabriquer des colorants transparents \u00e0 base de solvant, hydroalcooliques et aqueux","robots":{"index":"noindex","follow":"follow","max-snippet":"max-snippet:-1","max-image-preview":"max-image-preview:large","max-video-preview":"max-video-preview:-1"},"og_locale":"fr_FR","og_type":"article","og_title":"SYST\u00c8ME TINTOM\u00c9TRICO ACS - Valresa.com","og_description":"Polyur\u00e9thane pigment\u00e9, vernis nitrocellulosiques, polyester et lourds. Possibilit\u00e9 de fabriquer des colorants transparents \u00e0 base de solvant, hydroalcooliques et aqueux","og_url":"https:\/\/pruebasnitorlack.com\/fr\/systeme-teintometrique\/","og_site_name":"VALRESA","article_publisher":"https:\/\/www.facebook.com\/valresacoatings\/","article_modified_time":"2020-12-07T10:16:01+00:00","twitter_card":"summary_large_image","twitter_misc":{"Dur\u00e9e de lecture estim\u00e9e":"4 minutes"},"schema":{"@context":"https:\/\/schema.org","@graph":[{"@type":"WebPage","@id":"https:\/\/pruebasnitorlack.com\/fr\/systeme-teintometrique\/","url":"https:\/\/pruebasnitorlack.com\/fr\/systeme-teintometrique\/","name":"SYST\u00c8ME TINTOM\u00c9TRICO ACS - Valresa.com","isPartOf":{"@id":"https:\/\/pruebasnitorlack.com\/fr\/#website"},"datePublished":"2016-04-13T14:29:40+00:00","dateModified":"2020-12-07T10:16:01+00:00","description":"Polyur\u00e9thane pigment\u00e9, vernis nitrocellulosiques, polyester et lourds. Possibilit\u00e9 de fabriquer des colorants transparents \u00e0 base de solvant, hydroalcooliques et aqueux","breadcrumb":{"@id":"https:\/\/pruebasnitorlack.com\/fr\/systeme-teintometrique\/#breadcrumb"},"inLanguage":"fr-FR","potentialAction":[{"@type":"ReadAction","target":["https:\/\/pruebasnitorlack.com\/fr\/systeme-teintometrique\/"]}]},{"@type":"BreadcrumbList","@id":"https:\/\/pruebasnitorlack.com\/fr\/systeme-teintometrique\/#breadcrumb","itemListElement":[{"@type":"ListItem","position":1,"name":"Portada","item":"https:\/\/pruebasnitorlack.com\/fr\/"},{"@type":"ListItem","position":2,"name":"SYST\u00c8ME TINTOM\u00c9TRICO ACS"}]},{"@type":"WebSite","@id":"https:\/\/pruebasnitorlack.com\/fr\/#website","url":"https:\/\/pruebasnitorlack.com\/fr\/","name":"VALRESA","description":"Barnices y pinturas para la madera","potentialAction":[{"@type":"SearchAction","target":{"@type":"EntryPoint","urlTemplate":"https:\/\/pruebasnitorlack.com\/fr\/?s={search_term_string}"},"query-input":{"@type":"PropertyValueSpecification","valueRequired":true,"valueName":"search_term_string"}}],"inLanguage":"fr-FR"}]}},"_links":{"self":[{"href":"https:\/\/pruebasnitorlack.com\/fr\/wp-json\/wp\/v2\/pages\/19598","targetHints":{"allow":["GET"]}}],"collection":[{"href":"https:\/\/pruebasnitorlack.com\/fr\/wp-json\/wp\/v2\/pages"}],"about":[{"href":"https:\/\/pruebasnitorlack.com\/fr\/wp-json\/wp\/v2\/types\/page"}],"author":[{"embeddable":true,"href":"https:\/\/pruebasnitorlack.com\/fr\/wp-json\/wp\/v2\/users\/1"}],"replies":[{"embeddable":true,"href":"https:\/\/pruebasnitorlack.com\/fr\/wp-json\/wp\/v2\/comments?post=19598"}],"version-history":[{"count":0,"href":"https:\/\/pruebasnitorlack.com\/fr\/wp-json\/wp\/v2\/pages\/19598\/revisions"}],"wp:attachment":[{"href":"https:\/\/pruebasnitorlack.com\/fr\/wp-json\/wp\/v2\/media?parent=19598"}],"curies":[{"name":"wp","href":"https:\/\/api.w.org\/{rel}","templated":true}]}}