{"id":19566,"date":"2016-05-24T14:15:51","date_gmt":"2016-05-24T14:15:51","guid":{"rendered":"https:\/\/pruebasnitorlack.com\/acabados\/"},"modified":"2020-12-04T13:30:13","modified_gmt":"2020-12-04T13:30:13","slug":"finitions-laquees","status":"publish","type":"page","link":"https:\/\/pruebasnitorlack.com\/fr\/finitions-laquees\/","title":{"rendered":"FINITIONS LAQU\u00c9ES"},"content":{"rendered":"[vc_row type=\u00a0\u00bbin_container\u00a0\u00bb full_screen_row_position=\u00a0\u00bbmiddle\u00a0\u00bb column_margin=\u00a0\u00bbdefault\u00a0\u00bb column_direction=\u00a0\u00bbdefault\u00a0\u00bb column_direction_tablet=\u00a0\u00bbdefault\u00a0\u00bb column_direction_phone=\u00a0\u00bbdefault\u00a0\u00bb scene_position=\u00a0\u00bbcenter\u00a0\u00bb text_color=\u00a0\u00bbdark\u00a0\u00bb text_align=\u00a0\u00bbleft\u00a0\u00bb row_border_radius=\u00a0\u00bbnone\u00a0\u00bb row_border_radius_applies=\u00a0\u00bbbg\u00a0\u00bb overlay_strength=\u00a0\u00bb0.3&Prime; gradient_direction=\u00a0\u00bbleft_to_right\u00a0\u00bb shape_divider_position=\u00a0\u00bbbottom\u00a0\u00bb bg_image_animation=\u00a0\u00bbnone\u00a0\u00bb][vc_column column_padding=\u00a0\u00bbno-extra-padding\u00a0\u00bb column_padding_tablet=\u00a0\u00bbinherit\u00a0\u00bb column_padding_phone=\u00a0\u00bbinherit\u00a0\u00bb column_padding_position=\u00a0\u00bball\u00a0\u00bb background_color_opacity=\u00a0\u00bb1&Prime; background_hover_color_opacity=\u00a0\u00bb1&Prime; column_shadow=\u00a0\u00bbnone\u00a0\u00bb column_border_radius=\u00a0\u00bbnone\u00a0\u00bb column_link_target=\u00a0\u00bb_self\u00a0\u00bb gradient_direction=\u00a0\u00bbleft_to_right\u00a0\u00bb overlay_strength=\u00a0\u00bb0.3&Prime; width=\u00a0\u00bb1\/1&Prime; tablet_width_inherit=\u00a0\u00bbdefault\u00a0\u00bb tablet_text_alignment=\u00a0\u00bbdefault\u00a0\u00bb phone_text_alignment=\u00a0\u00bbdefault\u00a0\u00bb column_border_width=\u00a0\u00bbnone\u00a0\u00bb column_border_style=\u00a0\u00bbsolid\u00a0\u00bb bg_image_animation=\u00a0\u00bbnone\u00a0\u00bb][vc_column_text css=\u00a0\u00bb.vc_custom_1607088451816{margin-top: 40px !important;}\u00a0\u00bb]\n<div>\n<p style=\"text-align: justify;\">Les vernis-laques de finition d&rsquo;un meuble, sont destin\u00e9s \u00e0 lui donner un aspect agr\u00e9able, en m\u00eame temps qu&rsquo;ils prot\u00e8gent le bois contre les salissures, la d\u00e9t\u00e9rioration et les agressions ext\u00e9rieures (humidit\u00e9, produits chimiques m\u00e9nagers, etc.)<\/p>\n<p style=\"text-align: justify;\">Par cons\u00e9quent, la finition ou la laque pour bois a un double objectif ; bien que celui qui est le plus appr\u00e9ci\u00e9 par les fabricants et les acheteurs de meubles soit le premier : am\u00e9liorer l&rsquo;apparence du bois, son toucher, sa couleur et son apparence. La protection du bois est moins valoris\u00e9e que l&rsquo;aspect \u00e9conomique (le beau est toujours plus appr\u00e9ci\u00e9 que l&rsquo;utile), mais ce dernier n&rsquo;en est pas moins important,<\/p>\n<p style=\"text-align: justify;\">Si nous voulons qu&rsquo;un meuble dure et conserve son apparence du premier jour, il faut lui donner une bonne finition. De plus, la bonne finition facilite non seulement la conservation esth\u00e9tique, mais aussi le nettoyage, ainsi que la qualit\u00e9 du support (bois dans la plupart des cas). Le vernis de finition bois est la phase du processus de vernissage des meubles o\u00f9 l&rsquo;on peut aussi jouer avec les sens, et avec l&rsquo;appr\u00e9ciation subjective de celui qui va l&rsquo;utiliser. Nous pouvons utiliser des laques\u00a0 de finitions avec diff\u00e9rents degr\u00e9s de brillance, diff\u00e9rents touchers et diff\u00e9rentes textures, en fonction de l&rsquo;effet que nous voulons transmettre \u00e0 nos meubles.<\/p>\n<p style=\"text-align: justify;\">FINITIONS NITROCELLULOSIQUES, FINITIONS POLYUR\u00c9THANES, FINITIONS \u00c0 BASE D&rsquo;EAU, FINITIONS POLYESTER<\/p>\n<div style=\"text-align: justify;\"><\/div>\n<\/div>\n[\/vc_column_text][\/vc_column][\/vc_row][vc_row type=\u00a0\u00bbin_container\u00a0\u00bb full_screen_row_position=\u00a0\u00bbmiddle\u00a0\u00bb column_margin=\u00a0\u00bbdefault\u00a0\u00bb column_direction=\u00a0\u00bbdefault\u00a0\u00bb column_direction_tablet=\u00a0\u00bbdefault\u00a0\u00bb column_direction_phone=\u00a0\u00bbdefault\u00a0\u00bb scene_position=\u00a0\u00bbcenter\u00a0\u00bb text_color=\u00a0\u00bbdark\u00a0\u00bb text_align=\u00a0\u00bbleft\u00a0\u00bb row_border_radius=\u00a0\u00bbnone\u00a0\u00bb row_border_radius_applies=\u00a0\u00bbbg\u00a0\u00bb overlay_strength=\u00a0\u00bb0.3&Prime; gradient_direction=\u00a0\u00bbleft_to_right\u00a0\u00bb shape_divider_position=\u00a0\u00bbbottom\u00a0\u00bb bg_image_animation=\u00a0\u00bbnone\u00a0\u00bb][vc_column column_padding=\u00a0\u00bbno-extra-padding\u00a0\u00bb column_padding_tablet=\u00a0\u00bbinherit\u00a0\u00bb column_padding_phone=\u00a0\u00bbinherit\u00a0\u00bb column_padding_position=\u00a0\u00bball\u00a0\u00bb top_margin=\u00a0\u00bb40&Prime; background_color_opacity=\u00a0\u00bb1&Prime; background_hover_color_opacity=\u00a0\u00bb1&Prime; background_image=\u00a0\u00bb9583&Prime; background_image_position=\u00a0\u00bbcenter center\u00a0\u00bb enable_bg_scale=\u00a0\u00bbtrue\u00a0\u00bb column_shadow=\u00a0\u00bbnone\u00a0\u00bb column_border_radius=\u00a0\u00bbnone\u00a0\u00bb column_link_target=\u00a0\u00bb_self\u00a0\u00bb gradient_direction=\u00a0\u00bbleft_to_right\u00a0\u00bb overlay_strength=\u00a0\u00bb0.3&Prime; width=\u00a0\u00bb1\/1&Prime; tablet_width_inherit=\u00a0\u00bbdefault\u00a0\u00bb tablet_text_alignment=\u00a0\u00bbdefault\u00a0\u00bb phone_text_alignment=\u00a0\u00bbdefault\u00a0\u00bb column_border_width=\u00a0\u00bbnone\u00a0\u00bb column_border_style=\u00a0\u00bbsolid\u00a0\u00bb bg_image_animation=\u00a0\u00bbnone\u00a0\u00bb enable_animation=\u00a0\u00bbtrue\u00a0\u00bb animation=\u00a0\u00bbfade-in-from-left\u00a0\u00bb][divider line_type=\u00a0\u00bbNo Line\u00a0\u00bb custom_height=\u00a0\u00bb300&Prime;][\/vc_column][\/vc_row]\n","protected":false},"excerpt":{"rendered":"<p>[vc_row type=\u00a0\u00bbin_container\u00a0\u00bb full_screen_row_position=\u00a0\u00bbmiddle\u00a0\u00bb column_margin=\u00a0\u00bbdefault\u00a0\u00bb column_direction=\u00a0\u00bbdefault\u00a0\u00bb column_direction_tablet=\u00a0\u00bbdefault\u00a0\u00bb column_direction_phone=\u00a0\u00bbdefault\u00a0\u00bb scene_position=\u00a0\u00bbcenter\u00a0\u00bb text_color=\u00a0\u00bbdark\u00a0\u00bb text_align=\u00a0\u00bbleft\u00a0\u00bb row_border_radius=\u00a0\u00bbnone\u00a0\u00bb row_border_radius_applies=\u00a0\u00bbbg\u00a0\u00bb overlay_strength=\u00a0\u00bb0.3&Prime; gradient_direction=\u00a0\u00bbleft_to_right\u00a0\u00bb shape_divider_position=\u00a0\u00bbbottom\u00a0\u00bb bg_image_animation=\u00a0\u00bbnone\u00a0\u00bb][vc_column column_padding=\u00a0\u00bbno-extra-padding\u00a0\u00bb column_padding_tablet=\u00a0\u00bbinherit\u00a0\u00bb column_padding_phone=\u00a0\u00bbinherit\u00a0\u00bb column_padding_position=\u00a0\u00bball\u00a0\u00bb background_color_opacity=\u00a0\u00bb1&Prime; background_hover_color_opacity=\u00a0\u00bb1&Prime; column_shadow=\u00a0\u00bbnone\u00a0\u00bb column_border_radius=\u00a0\u00bbnone\u00a0\u00bb column_link_target=\u00a0\u00bb_self\u00a0\u00bb gradient_direction=\u00a0\u00bbleft_to_right\u00a0\u00bb overlay_strength=\u00a0\u00bb0.3&Prime; width=\u00a0\u00bb1\/1&Prime; tablet_width_inherit=\u00a0\u00bbdefault\u00a0\u00bb tablet_text_alignment=\u00a0\u00bbdefault\u00a0\u00bb&#8230;<\/p>\n","protected":false},"author":1,"featured_media":0,"parent":0,"menu_order":0,"comment_status":"closed","ping_status":"closed","template":"","meta":{"_joinchat":[],"footnotes":""},"class_list":["post-19566","page","type-page","status-publish"],"yoast_head":"<!-- This site is optimized with the Yoast SEO plugin v27.4 - https:\/\/yoast.com\/product\/yoast-seo-wordpress\/ -->\n<title>FINITIONS LAQU\u00c9ES - Valresa.com<\/title>\n<meta name=\"description\" content=\"Gamme de vernis de finition pour le vernissage du bois et des meubles. Gamme de vernis de diff\u00e9rentes brillances, textures et duret\u00e9s aux rayures et aux produits chimiques.\" \/>\n<meta name=\"robots\" content=\"noindex, follow, max-snippet:-1, max-image-preview:large, max-video-preview:-1\" \/>\n<meta property=\"og:locale\" content=\"fr_FR\" \/>\n<meta property=\"og:type\" content=\"article\" \/>\n<meta property=\"og:title\" content=\"FINITIONS LAQU\u00c9ES - Valresa.com\" \/>\n<meta property=\"og:description\" content=\"Gamme de vernis de finition pour le vernissage du bois et des meubles. Gamme de vernis de diff\u00e9rentes brillances, textures et duret\u00e9s aux rayures et aux produits chimiques.\" \/>\n<meta property=\"og:url\" content=\"https:\/\/pruebasnitorlack.com\/fr\/finitions-laquees\/\" \/>\n<meta property=\"og:site_name\" content=\"VALRESA\" \/>\n<meta property=\"article:publisher\" content=\"https:\/\/www.facebook.com\/valresacoatings\/\" \/>\n<meta property=\"article:modified_time\" content=\"2020-12-04T13:30:13+00:00\" \/>\n<meta name=\"twitter:card\" content=\"summary_large_image\" \/>\n<meta name=\"twitter:label1\" content=\"Dur\u00e9e de lecture estim\u00e9e\" \/>\n\t<meta name=\"twitter:data1\" content=\"3 minutes\" \/>\n<script type=\"application\/ld+json\" class=\"yoast-schema-graph\">{\"@context\":\"https:\\\/\\\/schema.org\",\"@graph\":[{\"@type\":\"WebPage\",\"@id\":\"https:\\\/\\\/pruebasnitorlack.com\\\/fr\\\/finitions-laquees\\\/\",\"url\":\"https:\\\/\\\/pruebasnitorlack.com\\\/fr\\\/finitions-laquees\\\/\",\"name\":\"FINITIONS LAQU\u00c9ES - Valresa.com\",\"isPartOf\":{\"@id\":\"https:\\\/\\\/pruebasnitorlack.com\\\/fr\\\/#website\"},\"datePublished\":\"2016-05-24T14:15:51+00:00\",\"dateModified\":\"2020-12-04T13:30:13+00:00\",\"description\":\"Gamme de vernis de finition pour le vernissage du bois et des meubles. Gamme de vernis de diff\u00e9rentes brillances, textures et duret\u00e9s aux rayures et aux produits chimiques.\",\"breadcrumb\":{\"@id\":\"https:\\\/\\\/pruebasnitorlack.com\\\/fr\\\/finitions-laquees\\\/#breadcrumb\"},\"inLanguage\":\"fr-FR\",\"potentialAction\":[{\"@type\":\"ReadAction\",\"target\":[\"https:\\\/\\\/pruebasnitorlack.com\\\/fr\\\/finitions-laquees\\\/\"]}]},{\"@type\":\"BreadcrumbList\",\"@id\":\"https:\\\/\\\/pruebasnitorlack.com\\\/fr\\\/finitions-laquees\\\/#breadcrumb\",\"itemListElement\":[{\"@type\":\"ListItem\",\"position\":1,\"name\":\"Portada\",\"item\":\"https:\\\/\\\/pruebasnitorlack.com\\\/fr\\\/\"},{\"@type\":\"ListItem\",\"position\":2,\"name\":\"FINITIONS LAQU\u00c9ES\"}]},{\"@type\":\"WebSite\",\"@id\":\"https:\\\/\\\/pruebasnitorlack.com\\\/fr\\\/#website\",\"url\":\"https:\\\/\\\/pruebasnitorlack.com\\\/fr\\\/\",\"name\":\"VALRESA\",\"description\":\"Barnices y pinturas para la madera\",\"potentialAction\":[{\"@type\":\"SearchAction\",\"target\":{\"@type\":\"EntryPoint\",\"urlTemplate\":\"https:\\\/\\\/pruebasnitorlack.com\\\/fr\\\/?s={search_term_string}\"},\"query-input\":{\"@type\":\"PropertyValueSpecification\",\"valueRequired\":true,\"valueName\":\"search_term_string\"}}],\"inLanguage\":\"fr-FR\"}]}<\/script>\n<!-- \/ Yoast SEO plugin. -->","yoast_head_json":{"title":"FINITIONS LAQU\u00c9ES - Valresa.com","description":"Gamme de vernis de finition pour le vernissage du bois et des meubles. Gamme de vernis de diff\u00e9rentes brillances, textures et duret\u00e9s aux rayures et aux produits chimiques.","robots":{"index":"noindex","follow":"follow","max-snippet":"max-snippet:-1","max-image-preview":"max-image-preview:large","max-video-preview":"max-video-preview:-1"},"og_locale":"fr_FR","og_type":"article","og_title":"FINITIONS LAQU\u00c9ES - Valresa.com","og_description":"Gamme de vernis de finition pour le vernissage du bois et des meubles. Gamme de vernis de diff\u00e9rentes brillances, textures et duret\u00e9s aux rayures et aux produits chimiques.","og_url":"https:\/\/pruebasnitorlack.com\/fr\/finitions-laquees\/","og_site_name":"VALRESA","article_publisher":"https:\/\/www.facebook.com\/valresacoatings\/","article_modified_time":"2020-12-04T13:30:13+00:00","twitter_card":"summary_large_image","twitter_misc":{"Dur\u00e9e de lecture estim\u00e9e":"3 minutes"},"schema":{"@context":"https:\/\/schema.org","@graph":[{"@type":"WebPage","@id":"https:\/\/pruebasnitorlack.com\/fr\/finitions-laquees\/","url":"https:\/\/pruebasnitorlack.com\/fr\/finitions-laquees\/","name":"FINITIONS LAQU\u00c9ES - Valresa.com","isPartOf":{"@id":"https:\/\/pruebasnitorlack.com\/fr\/#website"},"datePublished":"2016-05-24T14:15:51+00:00","dateModified":"2020-12-04T13:30:13+00:00","description":"Gamme de vernis de finition pour le vernissage du bois et des meubles. Gamme de vernis de diff\u00e9rentes brillances, textures et duret\u00e9s aux rayures et aux produits chimiques.","breadcrumb":{"@id":"https:\/\/pruebasnitorlack.com\/fr\/finitions-laquees\/#breadcrumb"},"inLanguage":"fr-FR","potentialAction":[{"@type":"ReadAction","target":["https:\/\/pruebasnitorlack.com\/fr\/finitions-laquees\/"]}]},{"@type":"BreadcrumbList","@id":"https:\/\/pruebasnitorlack.com\/fr\/finitions-laquees\/#breadcrumb","itemListElement":[{"@type":"ListItem","position":1,"name":"Portada","item":"https:\/\/pruebasnitorlack.com\/fr\/"},{"@type":"ListItem","position":2,"name":"FINITIONS LAQU\u00c9ES"}]},{"@type":"WebSite","@id":"https:\/\/pruebasnitorlack.com\/fr\/#website","url":"https:\/\/pruebasnitorlack.com\/fr\/","name":"VALRESA","description":"Barnices y pinturas para la madera","potentialAction":[{"@type":"SearchAction","target":{"@type":"EntryPoint","urlTemplate":"https:\/\/pruebasnitorlack.com\/fr\/?s={search_term_string}"},"query-input":{"@type":"PropertyValueSpecification","valueRequired":true,"valueName":"search_term_string"}}],"inLanguage":"fr-FR"}]}},"_links":{"self":[{"href":"https:\/\/pruebasnitorlack.com\/fr\/wp-json\/wp\/v2\/pages\/19566","targetHints":{"allow":["GET"]}}],"collection":[{"href":"https:\/\/pruebasnitorlack.com\/fr\/wp-json\/wp\/v2\/pages"}],"about":[{"href":"https:\/\/pruebasnitorlack.com\/fr\/wp-json\/wp\/v2\/types\/page"}],"author":[{"embeddable":true,"href":"https:\/\/pruebasnitorlack.com\/fr\/wp-json\/wp\/v2\/users\/1"}],"replies":[{"embeddable":true,"href":"https:\/\/pruebasnitorlack.com\/fr\/wp-json\/wp\/v2\/comments?post=19566"}],"version-history":[{"count":0,"href":"https:\/\/pruebasnitorlack.com\/fr\/wp-json\/wp\/v2\/pages\/19566\/revisions"}],"wp:attachment":[{"href":"https:\/\/pruebasnitorlack.com\/fr\/wp-json\/wp\/v2\/media?parent=19566"}],"curies":[{"name":"wp","href":"https:\/\/api.w.org\/{rel}","templated":true}]}}