{"id":7176,"date":"2015-12-30T15:36:57","date_gmt":"2015-12-30T15:36:57","guid":{"rendered":"http:\/\/178.255.225.103\/~valresa\/en\/about\/"},"modified":"2020-06-25T09:18:48","modified_gmt":"2020-06-25T09:18:48","slug":"empresa","status":"publish","type":"page","link":"https:\/\/pruebasnitorlack.com\/en\/empresa\/","title":{"rendered":"Business"},"content":{"rendered":"[vc_row type=&#8221;full_width_background&#8221; full_screen_row_position=&#8221;middle&#8221; scene_position=&#8221;center&#8221; text_color=&#8221;dark&#8221; text_align=&#8221;left&#8221; enable_gradient=&#8221;true&#8221; color_overlay=&#8221;#ffffff&#8221; color_overlay_2=&#8221;#f9f9f9&#8243; gradient_direction=&#8221;left_to_right&#8221; overlay_strength=&#8221;0.3&#8243;][vc_column column_padding=&#8221;no-extra-padding&#8221; column_padding_position=&#8221;all&#8221; background_color_opacity=&#8221;1&#8243; background_hover_color_opacity=&#8221;1&#8243; column_shadow=&#8221;none&#8221; width=&#8221;1\/1&#8243; tablet_text_alignment=&#8221;default&#8221; phone_text_alignment=&#8221;default&#8221; column_border_width=&#8221;none&#8221; column_border_style=&#8221;solid&#8221;][page_submenu alignment=&#8221;center&#8221; sticky=&#8221;true&#8221; bg_color=&#8221;#9d9c9c&#8221; link_color=&#8221;#ffffff&#8221;][page_link link_url=&#8221;https:\/\/pruebasnitorlack.com\/en\/empresa\/historia\/&#8221; title=&#8221;History&#8221; tab_id=&#8221;1451708274600-9&#8243; id=&#8221;1498550564897-4&#8243;] [\/page_link][page_link link_url=&#8221;https:\/\/pruebasnitorlack.com\/en\/empresa\/idi\/&#8221; title=&#8221;I+D+I&#8221; tab_id=&#8221;1451708274756-7&#8243; id=&#8221;1498550564952-5&#8243;] [\/page_link][page_link title=&#8221;Group&#8221; tab_id=&#8221;1451708335865-4&#8243; link_url=&#8221;https:\/\/pruebasnitorlack.com\/en\/empresa\/grupo\/\/&#8221; id=&#8221;1498550564995-8&#8243;][\/page_link][page_link link_new_tab=&#8221;true&#8221; title=&#8221;Quality policy&#8221; id=&#8221;4d2fb5ea-c0d3-6&#8243; tab_id=&#8221;1483967611161-1&#8243; link_url=&#8221;https:\/\/pruebasnitorlack.com\/en\/empresa\/quality-policy\/&#8221;][\/page_link][page_link link_new_tab=&#8221;true&#8221; title=&#8221;valresa&#8217;s values&#8221; id=&#8221;1505284822212-0-3&#8243; tab_id=&#8221;1505284822215-5&#8243; link_url=&#8221;https:\/\/pruebasnitorlack.com\/en\/empresa\/valresas-values\/&#8221;][\/page_link][\/page_submenu][\/vc_column][\/vc_row][vc_row type=&#8221;full_width_background&#8221; full_screen_row_position=&#8221;middle&#8221; bg_image=&#8221;6502&#8243; bg_position=&#8221;center top&#8221; bg_repeat=&#8221;no-repeat&#8221; bg_color=&#8221;#cbcbc3&#8243; scene_position=&#8221;center&#8221; text_color=&#8221;light&#8221; text_align=&#8221;left&#8221; top_padding=&#8221;4%&#8221; bottom_padding=&#8221;4%&#8221; id=&#8221;intro&#8221; enable_gradient=&#8221;true&#8221; color_overlay=&#8221;#ffffff&#8221; color_overlay_2=&#8221;#f9f9f9&#8243; gradient_direction=&#8221;top_to_bottom&#8221; overlay_strength=&#8221;1&#8243;][vc_column column_padding=&#8221;no-extra-padding&#8221; column_padding_position=&#8221;all&#8221; background_color_opacity=&#8221;1&#8243; background_hover_color_opacity=&#8221;1&#8243; column_shadow=&#8221;none&#8221; width=&#8221;1\/1&#8243; tablet_text_alignment=&#8221;default&#8221; phone_text_alignment=&#8221;default&#8221; column_border_width=&#8221;none&#8221; column_border_style=&#8221;solid&#8221;][vc_row_inner column_margin=&#8221;default&#8221; top_padding=&#8221;10%&#8221; text_align=&#8221;left&#8221;][vc_column_inner column_padding=&#8221;no-extra-padding&#8221; column_padding_position=&#8221;all&#8221; background_color_opacity=&#8221;1&#8243; width=&#8221;5\/6&#8243; column_border_width=&#8221;none&#8221; column_border_style=&#8221;solid&#8221;][split_line_heading]\n<h2><span style=\"color: #000000;\">A culture for performance.<\/span><\/h2>\n<h2><span style=\"color: #000000;\">Research, Technology, Innovation y Desing<\/span><\/h2>\n[\/split_line_heading][vc_column_text]\n<p style=\"text-align: justify;\"><span style=\"color: #000000;\">Valresa Coatings is dedicated to designing paints and varnishes of the future, seeking innovation in four areas:<\/span><br \/>\n<span style=\"color: #000000;\"><strong>Investigation<\/strong> of new developments to reduce the application and drying time of wood paint , achieving savings in cost of varnishing. <strong>Technology<\/strong> that makes varnishes increasingly more environmentally friendly, minimising the environmental impact that they can produce, and respecting the environment while maintaining an increasingly healthy and clean atmosphere in the workplaces. <strong>Innovation<\/strong> in the search for solutions to customise finishes and furniture styles. Offering wood varnish or coatings of other substrates with surfaces that have a high scratch resistance, soft touch and all kinds of effects and colours. And finally, <strong>Design<\/strong>, presenting the latest design trends in furniture and wood in terms of colours, textures and gleams of the varnishes.<\/span><\/p>\n[\/vc_column_text][\/vc_column_inner][vc_column_inner column_padding=&#8221;no-extra-padding&#8221; column_padding_position=&#8221;all&#8221; background_color_opacity=&#8221;1&#8243; width=&#8221;1\/6&#8243; column_border_width=&#8221;none&#8221; column_border_style=&#8221;solid&#8221;][\/vc_column_inner][\/vc_row_inner][\/vc_column][\/vc_row][vc_row type=&#8221;full_width_background&#8221; full_screen_row_position=&#8221;middle&#8221; scene_position=&#8221;center&#8221; text_color=&#8221;dark&#8221; text_align=&#8221;left&#8221; top_padding=&#8221;7%&#8221; bottom_padding=&#8221;7%&#8221; id=&#8221;services&#8221; color_overlay=&#8221;#f9f9f9&#8243; overlay_strength=&#8221;1&#8243;][vc_column enable_animation=&#8221;true&#8221; animation=&#8221;reveal-from-bottom&#8221; column_padding=&#8221;padding-1-percent&#8221; column_padding_position=&#8221;all&#8221; background_color_opacity=&#8221;1&#8243; background_hover_color_opacity=&#8221;1&#8243; column_shadow=&#8221;none&#8221; width=&#8221;1\/3&#8243; tablet_text_alignment=&#8221;default&#8221; phone_text_alignment=&#8221;default&#8221; column_border_width=&#8221;none&#8221; column_border_style=&#8221;solid&#8221;][fancy_box image_url=&#8221;12974&#8243; color=&#8221;Accent-Color&#8221; link_url=&#8221;https:\/\/pruebasnitorlack.com\/en\/empresa\/historia\/&#8221; link_text=&#8221;learn more&#8221; min_height=&#8221;400&#8243;]\n<h3>History<\/h3>\n<p>Businessman Jose Carceller over a long business experience in other sectors starts the varnish and paint factory VALRESA[\/fancy_box][\/vc_column][vc_column enable_animation=&#8221;true&#8221; animation=&#8221;reveal-from-bottom&#8221; column_padding=&#8221;padding-1-percent&#8221; column_padding_position=&#8221;all&#8221; background_color_opacity=&#8221;1&#8243; background_hover_color_opacity=&#8221;1&#8243; column_shadow=&#8221;none&#8221; width=&#8221;1\/3&#8243; tablet_text_alignment=&#8221;default&#8221; phone_text_alignment=&#8221;default&#8221; column_border_width=&#8221;none&#8221; column_border_style=&#8221;solid&#8221; delay=&#8221;200&#8243;][fancy_box image_url=&#8221;12976&#8243; color=&#8221;Accent-Color&#8221; link_url=&#8221;https:\/\/pruebasnitorlack.com\/en\/empresa\/idi\/&#8221; link_text=&#8221;learn more&#8221; min_height=&#8221;400&#8243;]\n<h3>I+D+I<\/h3>\n<p>Valresa\u00b4s laboratory is the real engine of the groups development. In it, more than 300 formulations are developed per year.[\/fancy_box][\/vc_column][vc_column enable_animation=&#8221;true&#8221; animation=&#8221;reveal-from-bottom&#8221; column_padding=&#8221;padding-1-percent&#8221; column_padding_position=&#8221;all&#8221; background_color_opacity=&#8221;1&#8243; background_hover_color_opacity=&#8221;1&#8243; column_shadow=&#8221;none&#8221; width=&#8221;1\/3&#8243; tablet_text_alignment=&#8221;default&#8221; phone_text_alignment=&#8221;default&#8221; column_border_width=&#8221;none&#8221; column_border_style=&#8221;solid&#8221; delay=&#8221;400&#8243;][fancy_box image_url=&#8221;12978&#8243; color=&#8221;Accent-Color&#8221; link_url=&#8221;https:\/\/pruebasnitorlack.com\/en\/empresa\/grupo\/\/&#8221; link_text=&#8221;Learn more&#8221; min_height=&#8221;400&#8243;]\n<h3>Group<\/h3>\n<p>A group of companies of international projection implanted in five continents and with three production centers (Spain and Turkey).[\/fancy_box][\/vc_column][\/vc_row][vc_row type=&#8221;full_width_background&#8221; full_screen_row_position=&#8221;middle&#8221; scene_position=&#8221;center&#8221; text_color=&#8221;dark&#8221; text_align=&#8221;left&#8221; overlay_strength=&#8221;0.3&#8243;][\/vc_row][vc_column column_padding=&#8221;no-extra-padding&#8221; column_padding_position=&#8221;all&#8221; background_color_opacity=&#8221;1&#8243; background_hover_color_opacity=&#8221;1&#8243; column_shadow=&#8221;none&#8221; width=&#8221;1\/1&#8243; tablet_text_alignment=&#8221;default&#8221; phone_text_alignment=&#8221;default&#8221; column_border_width=&#8221;none&#8221; column_border_style=&#8221;solid&#8221;][\/vc_column][vc_row type=&#8221;full_width_background&#8221; full_screen_row_position=&#8221;middle&#8221; scene_position=&#8221;center&#8221; video_bg=&#8221;use_video&#8221; video_external=&#8221;https:\/\/www.youtube.com\/watch?v=Z4fw6WulFuY&#8221; text_color=&#8221;dark&#8221; text_align=&#8221;left&#8221; overlay_strength=&#8221;0.3&#8243;][vc_column centered_text=&#8221;true&#8221; column_padding=&#8221;no-extra-padding&#8221; column_padding_position=&#8221;all&#8221; background_color_opacity=&#8221;1&#8243; background_hover_color_opacity=&#8221;1&#8243; column_shadow=&#8221;none&#8221; width=&#8221;1\/1&#8243; tablet_text_alignment=&#8221;default&#8221; phone_text_alignment=&#8221;default&#8221; column_border_width=&#8221;none&#8221; column_border_style=&#8221;solid&#8221;][divider line_type=&#8221;No Line&#8221; custom_height=&#8221;200&#8243;][nectar_video_lightbox link_style=&#8221;play_button&#8221; video_url=&#8221;https:\/\/www.youtube.com\/watch?v=Z4fw6WulFuY&#8221;][divider line_type=&#8221;No Line&#8221; custom_height=&#8221;200&#8243;][\/vc_column][\/vc_row]\n","protected":false},"excerpt":{"rendered":"<p>[vc_row type=&#8221;full_width_background&#8221; full_screen_row_position=&#8221;middle&#8221; scene_position=&#8221;center&#8221; text_color=&#8221;dark&#8221; text_align=&#8221;left&#8221; enable_gradient=&#8221;true&#8221; color_overlay=&#8221;#ffffff&#8221; color_overlay_2=&#8221;#f9f9f9&#8243; gradient_direction=&#8221;left_to_right&#8221; overlay_strength=&#8221;0.3&#8243;][vc_column column_padding=&#8221;no-extra-padding&#8221; column_padding_position=&#8221;all&#8221; background_color_opacity=&#8221;1&#8243; background_hover_color_opacity=&#8221;1&#8243; column_shadow=&#8221;none&#8221; width=&#8221;1\/1&#8243; tablet_text_alignment=&#8221;default&#8221; phone_text_alignment=&#8221;default&#8221; column_border_width=&#8221;none&#8221; column_border_style=&#8221;solid&#8221;][page_submenu alignment=&#8221;center&#8221; sticky=&#8221;true&#8221; bg_color=&#8221;#9d9c9c&#8221; link_color=&#8221;#ffffff&#8221;][page_link link_url=&#8221;https:\/\/pruebasnitorlack.com\/en\/empresa\/historia\/&#8221; title=&#8221;History&#8221; tab_id=&#8221;1451708274600-9&#8243; id=&#8221;1498550564897-4&#8243;] [\/page_link][page_link&#8230;<\/p>\n","protected":false},"author":1,"featured_media":0,"parent":0,"menu_order":0,"comment_status":"closed","ping_status":"closed","template":"","meta":{"_joinchat":[],"footnotes":""},"class_list":["post-7176","page","type-page","status-publish"],"yoast_head":"<!-- This site is optimized with the Yoast SEO plugin v27.5 - https:\/\/yoast.com\/product\/yoast-seo-wordpress\/ -->\n<title>Business - Valresa.com<\/title>\n<meta name=\"description\" content=\"Lider en la fabricaci\u00f3n y suministro de barnices y pinturas con alta especializaci\u00f3n y valor a\u00f1adido.\" \/>\n<meta name=\"robots\" content=\"noindex, follow, max-snippet:-1, max-image-preview:large, max-video-preview:-1\" \/>\n<meta property=\"og:locale\" content=\"en_US\" \/>\n<meta property=\"og:type\" content=\"article\" \/>\n<meta property=\"og:title\" content=\"Business - Valresa.com\" \/>\n<meta property=\"og:description\" content=\"Lider en la fabricaci\u00f3n y suministro de barnices y pinturas con alta especializaci\u00f3n y valor a\u00f1adido.\" \/>\n<meta property=\"og:url\" content=\"https:\/\/pruebasnitorlack.com\/en\/empresa\/\" \/>\n<meta property=\"og:site_name\" content=\"VALRESA\" \/>\n<meta property=\"article:publisher\" content=\"https:\/\/www.facebook.com\/valresacoatings\/\" \/>\n<meta property=\"article:modified_time\" content=\"2020-06-25T09:18:48+00:00\" \/>\n<meta name=\"twitter:card\" content=\"summary_large_image\" \/>\n<meta name=\"twitter:label1\" content=\"Est. reading time\" \/>\n\t<meta name=\"twitter:data1\" content=\"5 minutes\" \/>\n<script type=\"application\/ld+json\" class=\"yoast-schema-graph\">{\"@context\":\"https:\\\/\\\/schema.org\",\"@graph\":[{\"@type\":\"WebPage\",\"@id\":\"https:\\\/\\\/pruebasnitorlack.com\\\/en\\\/empresa\\\/\",\"url\":\"https:\\\/\\\/pruebasnitorlack.com\\\/en\\\/empresa\\\/\",\"name\":\"Business - Valresa.com\",\"isPartOf\":{\"@id\":\"https:\\\/\\\/pruebasnitorlack.com\\\/en\\\/#website\"},\"datePublished\":\"2015-12-30T15:36:57+00:00\",\"dateModified\":\"2020-06-25T09:18:48+00:00\",\"description\":\"Lider en la fabricaci\u00f3n y suministro de barnices y pinturas con alta especializaci\u00f3n y valor a\u00f1adido.\",\"breadcrumb\":{\"@id\":\"https:\\\/\\\/pruebasnitorlack.com\\\/en\\\/empresa\\\/#breadcrumb\"},\"inLanguage\":\"en-US\",\"potentialAction\":[{\"@type\":\"ReadAction\",\"target\":[\"https:\\\/\\\/pruebasnitorlack.com\\\/en\\\/empresa\\\/\"]}]},{\"@type\":\"BreadcrumbList\",\"@id\":\"https:\\\/\\\/pruebasnitorlack.com\\\/en\\\/empresa\\\/#breadcrumb\",\"itemListElement\":[{\"@type\":\"ListItem\",\"position\":1,\"name\":\"Portada\",\"item\":\"https:\\\/\\\/pruebasnitorlack.com\\\/en\\\/\"},{\"@type\":\"ListItem\",\"position\":2,\"name\":\"Business\"}]},{\"@type\":\"WebSite\",\"@id\":\"https:\\\/\\\/pruebasnitorlack.com\\\/en\\\/#website\",\"url\":\"https:\\\/\\\/pruebasnitorlack.com\\\/en\\\/\",\"name\":\"VALRESA\",\"description\":\"Barnices y pinturas para la madera\",\"potentialAction\":[{\"@type\":\"SearchAction\",\"target\":{\"@type\":\"EntryPoint\",\"urlTemplate\":\"https:\\\/\\\/pruebasnitorlack.com\\\/en\\\/?s={search_term_string}\"},\"query-input\":{\"@type\":\"PropertyValueSpecification\",\"valueRequired\":true,\"valueName\":\"search_term_string\"}}],\"inLanguage\":\"en-US\"}]}<\/script>\n<!-- \/ Yoast SEO plugin. -->","yoast_head_json":{"title":"Business - Valresa.com","description":"Lider en la fabricaci\u00f3n y suministro de barnices y pinturas con alta especializaci\u00f3n y valor a\u00f1adido.","robots":{"index":"noindex","follow":"follow","max-snippet":"max-snippet:-1","max-image-preview":"max-image-preview:large","max-video-preview":"max-video-preview:-1"},"og_locale":"en_US","og_type":"article","og_title":"Business - Valresa.com","og_description":"Lider en la fabricaci\u00f3n y suministro de barnices y pinturas con alta especializaci\u00f3n y valor a\u00f1adido.","og_url":"https:\/\/pruebasnitorlack.com\/en\/empresa\/","og_site_name":"VALRESA","article_publisher":"https:\/\/www.facebook.com\/valresacoatings\/","article_modified_time":"2020-06-25T09:18:48+00:00","twitter_card":"summary_large_image","twitter_misc":{"Est. reading time":"5 minutes"},"schema":{"@context":"https:\/\/schema.org","@graph":[{"@type":"WebPage","@id":"https:\/\/pruebasnitorlack.com\/en\/empresa\/","url":"https:\/\/pruebasnitorlack.com\/en\/empresa\/","name":"Business - Valresa.com","isPartOf":{"@id":"https:\/\/pruebasnitorlack.com\/en\/#website"},"datePublished":"2015-12-30T15:36:57+00:00","dateModified":"2020-06-25T09:18:48+00:00","description":"Lider en la fabricaci\u00f3n y suministro de barnices y pinturas con alta especializaci\u00f3n y valor a\u00f1adido.","breadcrumb":{"@id":"https:\/\/pruebasnitorlack.com\/en\/empresa\/#breadcrumb"},"inLanguage":"en-US","potentialAction":[{"@type":"ReadAction","target":["https:\/\/pruebasnitorlack.com\/en\/empresa\/"]}]},{"@type":"BreadcrumbList","@id":"https:\/\/pruebasnitorlack.com\/en\/empresa\/#breadcrumb","itemListElement":[{"@type":"ListItem","position":1,"name":"Portada","item":"https:\/\/pruebasnitorlack.com\/en\/"},{"@type":"ListItem","position":2,"name":"Business"}]},{"@type":"WebSite","@id":"https:\/\/pruebasnitorlack.com\/en\/#website","url":"https:\/\/pruebasnitorlack.com\/en\/","name":"VALRESA","description":"Barnices y pinturas para la madera","potentialAction":[{"@type":"SearchAction","target":{"@type":"EntryPoint","urlTemplate":"https:\/\/pruebasnitorlack.com\/en\/?s={search_term_string}"},"query-input":{"@type":"PropertyValueSpecification","valueRequired":true,"valueName":"search_term_string"}}],"inLanguage":"en-US"}]}},"_links":{"self":[{"href":"https:\/\/pruebasnitorlack.com\/en\/wp-json\/wp\/v2\/pages\/7176","targetHints":{"allow":["GET"]}}],"collection":[{"href":"https:\/\/pruebasnitorlack.com\/en\/wp-json\/wp\/v2\/pages"}],"about":[{"href":"https:\/\/pruebasnitorlack.com\/en\/wp-json\/wp\/v2\/types\/page"}],"author":[{"embeddable":true,"href":"https:\/\/pruebasnitorlack.com\/en\/wp-json\/wp\/v2\/users\/1"}],"replies":[{"embeddable":true,"href":"https:\/\/pruebasnitorlack.com\/en\/wp-json\/wp\/v2\/comments?post=7176"}],"version-history":[{"count":0,"href":"https:\/\/pruebasnitorlack.com\/en\/wp-json\/wp\/v2\/pages\/7176\/revisions"}],"wp:attachment":[{"href":"https:\/\/pruebasnitorlack.com\/en\/wp-json\/wp\/v2\/media?parent=7176"}],"curies":[{"name":"wp","href":"https:\/\/api.w.org\/{rel}","templated":true}]}}