{"id":17799,"date":"2017-02-28T13:13:48","date_gmt":"2017-02-28T13:13:48","guid":{"rendered":"https:\/\/pruebasnitorlack.com\/barnices-para-vidrio\/"},"modified":"2020-07-23T11:18:55","modified_gmt":"2020-07-23T11:18:55","slug":"barnices-para-vidrio","status":"publish","type":"page","link":"https:\/\/pruebasnitorlack.com\/co\/barnices-para-vidrio\/","title":{"rendered":"BARNIZ PARA VIDRIO"},"content":{"rendered":"[vc_row type=&#8221;in_container&#8221; full_screen_row_position=&#8221;middle&#8221; scene_position=&#8221;center&#8221; text_color=&#8221;dark&#8221; text_align=&#8221;left&#8221; overlay_strength=&#8221;0.3&#8243; shape_divider_position=&#8221;bottom&#8221;][vc_column column_padding=&#8221;no-extra-padding&#8221; column_padding_position=&#8221;all&#8221; background_color_opacity=&#8221;1&#8243; background_hover_color_opacity=&#8221;1&#8243; column_link_target=&#8221;_self&#8221; column_shadow=&#8221;none&#8221; column_border_radius=&#8221;none&#8221; width=&#8221;1\/1&#8243; tablet_width_inherit=&#8221;default&#8221; tablet_text_alignment=&#8221;default&#8221; phone_text_alignment=&#8221;default&#8221; column_border_width=&#8221;none&#8221; column_border_style=&#8221;solid&#8221;][vc_column_text css=&#8221;.vc_custom_1488280989923{margin-top: 40px !important;}&#8221;]La l\u00ednea de <strong>barniz para vidrio<\/strong> de valresa coatings; est\u00e1 compuesta por dos tecnolog\u00edas donde utiliza materias primas de \u00faltima generaci\u00f3n para conseguir<strong> barnizar el vidrio o cristal<\/strong> y cambiar su apariencia o decoraci\u00f3n con la m\u00e1xima adherencia.<br \/>\nEstas dos tecnolog\u00edas de <strong>barnices para vidrio<\/strong> han superado los ensayos m\u00e1s severos para garantizar una excelente adherencia y una gran resistencia f\u00edsica-qu\u00edmica: Norma UNE-EN ISO 2409:2013 Corte por enrejado. Comprobaci\u00f3n adherencia del barniz al vidrio.\/ Norma UNE-EN 15187:2007 Valoraci\u00f3n del efecto de la exposici\u00f3n a la luz.\/ Envejecimiento acelerado (m\u00e9todo interno), superando m\u00e1s de 250 ciclos sin ninguna alteraci\u00f3n, 60 minutos a 60\u00b0C \/ 60 minutos a -20\u00b0C \/ 15 minutos a 20\u00b0C.<\/p>\n<h4>Barniz para vidrio Base Disolvente:<\/h4>\n<p>Base Incolora 970020 Converter Adh Vidrio 020 MT<br \/>\nMezcla 4:1 Catalizador 190070 + 2% 910078 Aditivo 078 Adherente Vidrio<br \/>\nEl 970020 puede aplicarse incoloro, consiguiendo el efecto de &#8220;Vidrio al \u00e1cido&#8221;<br \/>\nPuede utilizarse como base del sistema tintom\u00e9trico para hacer los colores pigmentados de las cartas NOVA; RAL y NCS<br \/>\nPuede entonarse con los colorantes de los tintes para hacer colores transparentes.<br \/>\nPuede utilizarse como base para hacer colores metalizados para vidrio<\/p>\n<h4>Barniz para vidrio Base Agua:<\/h4>\n<p>Base Incolora 970027 Converter Esfera Aca 0027 ADH Vidrio MT<br \/>\nMezcla 2% 910078 Aditivo 078 Adherente Vidrio<br \/>\nEl 970027 puede aplicarse incoloro, consiguiendo el efecto de &#8220;Vidrio al \u00e1cido&#8221;<br \/>\nPuede utilizarse como base del sistema tintom\u00e9trico AL AGUA para hacer los colores pigmentador de las cartas NOVA; RAL y NCS.<br \/>\nPuede entonarse con los colorantes de los tintes AL AGUA para hacer colores transparentes.<br \/>\nPuede utilizarse como base para hacer colores metalizados al agua para vidrio[\/vc_column_text][\/vc_column][\/vc_row][vc_row type=&#8221;in_container&#8221; full_screen_row_position=&#8221;middle&#8221; scene_position=&#8221;center&#8221; text_color=&#8221;dark&#8221; text_align=&#8221;left&#8221; overlay_strength=&#8221;0.3&#8243; shape_divider_position=&#8221;bottom&#8221;][vc_column enable_animation=&#8221;true&#8221; animation=&#8221;fade-in-from-left&#8221; column_padding=&#8221;no-extra-padding&#8221; column_padding_position=&#8221;all&#8221; background_color_opacity=&#8221;1&#8243; background_hover_color_opacity=&#8221;1&#8243; background_image=&#8221;10652&#8243; enable_bg_scale=&#8221;true&#8221; column_link_target=&#8221;_self&#8221; column_shadow=&#8221;none&#8221; column_border_radius=&#8221;none&#8221; width=&#8221;1\/1&#8243; tablet_width_inherit=&#8221;default&#8221; tablet_text_alignment=&#8221;default&#8221; phone_text_alignment=&#8221;default&#8221; column_border_width=&#8221;none&#8221; column_border_style=&#8221;solid&#8221;][divider line_type=&#8221;No Line&#8221; custom_height=&#8221;500&#8243;][\/vc_column][\/vc_row][vc_column column_padding=&#8221;no-extra-padding&#8221; column_padding_position=&#8221;all&#8221; background_color_opacity=&#8221;1&#8243; background_hover_color_opacity=&#8221;1&#8243; font_color=&#8221;#000000&#8243; column_link_target=&#8221;_self&#8221; column_shadow=&#8221;none&#8221; column_border_radius=&#8221;none&#8221; width=&#8221;1\/2&#8243; tablet_width_inherit=&#8221;default&#8221; tablet_text_alignment=&#8221;default&#8221; phone_text_alignment=&#8221;default&#8221; column_border_width=&#8221;none&#8221; column_border_style=&#8221;solid&#8221;][\/vc_column]\n","protected":false},"excerpt":{"rendered":"<p>[vc_row type=&#8221;in_container&#8221; full_screen_row_position=&#8221;middle&#8221; scene_position=&#8221;center&#8221; text_color=&#8221;dark&#8221; text_align=&#8221;left&#8221; overlay_strength=&#8221;0.3&#8243; shape_divider_position=&#8221;bottom&#8221;][vc_column column_padding=&#8221;no-extra-padding&#8221; column_padding_position=&#8221;all&#8221; background_color_opacity=&#8221;1&#8243; background_hover_color_opacity=&#8221;1&#8243; column_link_target=&#8221;_self&#8221; column_shadow=&#8221;none&#8221; column_border_radius=&#8221;none&#8221; width=&#8221;1\/1&#8243; tablet_width_inherit=&#8221;default&#8221; tablet_text_alignment=&#8221;default&#8221; phone_text_alignment=&#8221;default&#8221; column_border_width=&#8221;none&#8221; column_border_style=&#8221;solid&#8221;][vc_column_text css=&#8221;.vc_custom_1488280989923{margin-top: 40px !important;}&#8221;]La l\u00ednea de barniz para vidrio de&#8230;<\/p>\n","protected":false},"author":1,"featured_media":0,"parent":0,"menu_order":0,"comment_status":"closed","ping_status":"closed","template":"","meta":{"_joinchat":[],"footnotes":""},"class_list":["post-17799","page","type-page","status-publish"],"yoast_head":"<!-- This site is optimized with the Yoast SEO plugin v27.4 - https:\/\/yoast.com\/product\/yoast-seo-wordpress\/ -->\n<title>BARNIZ PARA VIDRIO - Valresa.com<\/title>\n<meta name=\"description\" content=\"Barniz para vidrio de \u00faltima generaci\u00f3n para barnizar vidrio y cristales con la m\u00e1xima adherencia y resistencia f\u00edsica-qu\u00edmica\" \/>\n<meta name=\"robots\" content=\"noindex, follow, max-snippet:-1, max-image-preview:large, max-video-preview:-1\" \/>\n<meta property=\"og:locale\" content=\"es_ES\" \/>\n<meta property=\"og:type\" content=\"article\" \/>\n<meta property=\"og:title\" content=\"BARNIZ PARA VIDRIO - Valresa.com\" \/>\n<meta property=\"og:description\" content=\"Barniz para vidrio de \u00faltima generaci\u00f3n para barnizar vidrio y cristales con la m\u00e1xima adherencia y resistencia f\u00edsica-qu\u00edmica\" \/>\n<meta property=\"og:url\" content=\"https:\/\/pruebasnitorlack.com\/co\/barnices-para-vidrio\/\" \/>\n<meta property=\"og:site_name\" content=\"VALRESA\" \/>\n<meta property=\"article:publisher\" content=\"https:\/\/www.facebook.com\/valresacoatings\/\" \/>\n<meta property=\"article:modified_time\" content=\"2020-07-23T11:18:55+00:00\" \/>\n<meta name=\"twitter:card\" content=\"summary_large_image\" \/>\n<meta name=\"twitter:label1\" content=\"Tiempo de lectura\" \/>\n\t<meta name=\"twitter:data1\" content=\"3 minutos\" \/>\n<script type=\"application\/ld+json\" class=\"yoast-schema-graph\">{\"@context\":\"https:\\\/\\\/schema.org\",\"@graph\":[{\"@type\":\"WebPage\",\"@id\":\"https:\\\/\\\/pruebasnitorlack.com\\\/co\\\/barnices-para-vidrio\\\/\",\"url\":\"https:\\\/\\\/pruebasnitorlack.com\\\/co\\\/barnices-para-vidrio\\\/\",\"name\":\"BARNIZ PARA VIDRIO - Valresa.com\",\"isPartOf\":{\"@id\":\"https:\\\/\\\/pruebasnitorlack.com\\\/co\\\/#website\"},\"datePublished\":\"2017-02-28T13:13:48+00:00\",\"dateModified\":\"2020-07-23T11:18:55+00:00\",\"description\":\"Barniz para vidrio de \u00faltima generaci\u00f3n para barnizar vidrio y cristales con la m\u00e1xima adherencia y resistencia f\u00edsica-qu\u00edmica\",\"breadcrumb\":{\"@id\":\"https:\\\/\\\/pruebasnitorlack.com\\\/co\\\/barnices-para-vidrio\\\/#breadcrumb\"},\"inLanguage\":\"es-CO\",\"potentialAction\":[{\"@type\":\"ReadAction\",\"target\":[\"https:\\\/\\\/pruebasnitorlack.com\\\/co\\\/barnices-para-vidrio\\\/\"]}]},{\"@type\":\"BreadcrumbList\",\"@id\":\"https:\\\/\\\/pruebasnitorlack.com\\\/co\\\/barnices-para-vidrio\\\/#breadcrumb\",\"itemListElement\":[{\"@type\":\"ListItem\",\"position\":1,\"name\":\"Portada\",\"item\":\"https:\\\/\\\/pruebasnitorlack.com\\\/co\\\/\"},{\"@type\":\"ListItem\",\"position\":2,\"name\":\"BARNIZ PARA VIDRIO\"}]},{\"@type\":\"WebSite\",\"@id\":\"https:\\\/\\\/pruebasnitorlack.com\\\/co\\\/#website\",\"url\":\"https:\\\/\\\/pruebasnitorlack.com\\\/co\\\/\",\"name\":\"VALRESA\",\"description\":\"Barnices y pinturas para la madera\",\"potentialAction\":[{\"@type\":\"SearchAction\",\"target\":{\"@type\":\"EntryPoint\",\"urlTemplate\":\"https:\\\/\\\/pruebasnitorlack.com\\\/co\\\/?s={search_term_string}\"},\"query-input\":{\"@type\":\"PropertyValueSpecification\",\"valueRequired\":true,\"valueName\":\"search_term_string\"}}],\"inLanguage\":\"es-CO\"}]}<\/script>\n<!-- \/ Yoast SEO plugin. -->","yoast_head_json":{"title":"BARNIZ PARA VIDRIO - Valresa.com","description":"Barniz para vidrio de \u00faltima generaci\u00f3n para barnizar vidrio y cristales con la m\u00e1xima adherencia y resistencia f\u00edsica-qu\u00edmica","robots":{"index":"noindex","follow":"follow","max-snippet":"max-snippet:-1","max-image-preview":"max-image-preview:large","max-video-preview":"max-video-preview:-1"},"og_locale":"es_ES","og_type":"article","og_title":"BARNIZ PARA VIDRIO - Valresa.com","og_description":"Barniz para vidrio de \u00faltima generaci\u00f3n para barnizar vidrio y cristales con la m\u00e1xima adherencia y resistencia f\u00edsica-qu\u00edmica","og_url":"https:\/\/pruebasnitorlack.com\/co\/barnices-para-vidrio\/","og_site_name":"VALRESA","article_publisher":"https:\/\/www.facebook.com\/valresacoatings\/","article_modified_time":"2020-07-23T11:18:55+00:00","twitter_card":"summary_large_image","twitter_misc":{"Tiempo de lectura":"3 minutos"},"schema":{"@context":"https:\/\/schema.org","@graph":[{"@type":"WebPage","@id":"https:\/\/pruebasnitorlack.com\/co\/barnices-para-vidrio\/","url":"https:\/\/pruebasnitorlack.com\/co\/barnices-para-vidrio\/","name":"BARNIZ PARA VIDRIO - Valresa.com","isPartOf":{"@id":"https:\/\/pruebasnitorlack.com\/co\/#website"},"datePublished":"2017-02-28T13:13:48+00:00","dateModified":"2020-07-23T11:18:55+00:00","description":"Barniz para vidrio de \u00faltima generaci\u00f3n para barnizar vidrio y cristales con la m\u00e1xima adherencia y resistencia f\u00edsica-qu\u00edmica","breadcrumb":{"@id":"https:\/\/pruebasnitorlack.com\/co\/barnices-para-vidrio\/#breadcrumb"},"inLanguage":"es-CO","potentialAction":[{"@type":"ReadAction","target":["https:\/\/pruebasnitorlack.com\/co\/barnices-para-vidrio\/"]}]},{"@type":"BreadcrumbList","@id":"https:\/\/pruebasnitorlack.com\/co\/barnices-para-vidrio\/#breadcrumb","itemListElement":[{"@type":"ListItem","position":1,"name":"Portada","item":"https:\/\/pruebasnitorlack.com\/co\/"},{"@type":"ListItem","position":2,"name":"BARNIZ PARA VIDRIO"}]},{"@type":"WebSite","@id":"https:\/\/pruebasnitorlack.com\/co\/#website","url":"https:\/\/pruebasnitorlack.com\/co\/","name":"VALRESA","description":"Barnices y pinturas para la madera","potentialAction":[{"@type":"SearchAction","target":{"@type":"EntryPoint","urlTemplate":"https:\/\/pruebasnitorlack.com\/co\/?s={search_term_string}"},"query-input":{"@type":"PropertyValueSpecification","valueRequired":true,"valueName":"search_term_string"}}],"inLanguage":"es-CO"}]}},"_links":{"self":[{"href":"https:\/\/pruebasnitorlack.com\/co\/wp-json\/wp\/v2\/pages\/17799","targetHints":{"allow":["GET"]}}],"collection":[{"href":"https:\/\/pruebasnitorlack.com\/co\/wp-json\/wp\/v2\/pages"}],"about":[{"href":"https:\/\/pruebasnitorlack.com\/co\/wp-json\/wp\/v2\/types\/page"}],"author":[{"embeddable":true,"href":"https:\/\/pruebasnitorlack.com\/co\/wp-json\/wp\/v2\/users\/1"}],"replies":[{"embeddable":true,"href":"https:\/\/pruebasnitorlack.com\/co\/wp-json\/wp\/v2\/comments?post=17799"}],"version-history":[{"count":0,"href":"https:\/\/pruebasnitorlack.com\/co\/wp-json\/wp\/v2\/pages\/17799\/revisions"}],"wp:attachment":[{"href":"https:\/\/pruebasnitorlack.com\/co\/wp-json\/wp\/v2\/media?parent=17799"}],"curies":[{"name":"wp","href":"https:\/\/api.w.org\/{rel}","templated":true}]}}