{"id":17797,"date":"2016-07-21T06:32:49","date_gmt":"2016-07-21T06:32:49","guid":{"rendered":"https:\/\/pruebasnitorlack.com\/silleria\/"},"modified":"2020-07-23T11:15:48","modified_gmt":"2020-07-23T11:15:48","slug":"silleria","status":"publish","type":"page","link":"https:\/\/pruebasnitorlack.com\/co\/silleria\/","title":{"rendered":"SILLERIA"},"content":{"rendered":"[vc_row type=&#8221;in_container&#8221; full_screen_row_position=&#8221;middle&#8221; scene_position=&#8221;center&#8221; text_color=&#8221;dark&#8221; text_align=&#8221;left&#8221; overlay_strength=&#8221;0.3&#8243; shape_divider_position=&#8221;bottom&#8221;][vc_column column_padding=&#8221;no-extra-padding&#8221; column_padding_position=&#8221;all&#8221; background_color_opacity=&#8221;1&#8243; background_hover_color_opacity=&#8221;1&#8243; column_link_target=&#8221;_self&#8221; column_shadow=&#8221;none&#8221; column_border_radius=&#8221;none&#8221; width=&#8221;1\/1&#8243; tablet_width_inherit=&#8221;default&#8221; tablet_text_alignment=&#8221;default&#8221; phone_text_alignment=&#8221;default&#8221; column_border_width=&#8221;none&#8221; column_border_style=&#8221;solid&#8221;][vc_column_text css=&#8221;.vc_custom_1469082762614{margin-top: 40px !important;}&#8221;]La mayor complejidad de la aplicaci\u00f3n de barnices y pinturas sobre sillas, viene dado a la geometr\u00eda de las mismas y a la aplicaci\u00f3n en vertical de dichos barnices y pinturas. Por esta dificultad, se requiere que los barnices y pinturas que se vayan a utilizar para barnizar sillas, tengan que reunir una serie de cualidades que har\u00e1n m\u00e1s f\u00e1cil su utilizaci\u00f3n para conseguir un perfecto barnizado de sillas y una optimizaci\u00f3n de los tiempos de producci\u00f3n.<br \/>\nDichos barnices y pinturas tienen un alto poder cubriente y una nula tendencia al descuelgue del barniz, as\u00ed como tambi\u00e9n son compatibles en equipos electrost\u00e1ticos muy frecuentes en este sector, con el objetivo de optimizar el menor desperdicio de barniz y la aplicaci\u00f3n mas uniforme en todos los lados de la silla.<\/p>\n<p><strong>Tintes Electrost\u00e1ticos.<\/strong><\/p>\n<p>Fondos de poliuretano Incoloro.<br \/>\n110022 Fondo PU 022 . Fondo poliuretano con excelente tixotrop\u00eda y extensibilidad. No es necesario lijar para repintar con un acabado poliuretano. Proporci\u00f3n de mezcla para su utilizaci\u00f3n de 2:1 con el 190013 Endurecedor PU013, resistividad (SAMES) 5-30 M\u2126cm.<\/p>\n<p><strong>Acabados de poliuretano incoloros<\/strong><br \/>\n120080 Acabado PU 080 MT. Acabado de poliuretano con buena extensibilidad y tacto. Proporci\u00f3n de mezcla para su utilizaci\u00f3n de 2:1 con el 100144 Endurecedor PU144, resistividad (SAMES) 5-30 M\u2126cm.<\/p>\n<p><strong>Fondo poliuretano blanco<\/strong><br \/>\n100001 Fondo PU 001. Fondo Poliuretano blanco de alto poder cubriente y nula tendencia al descuelgue. Producto exento de metales pesados. Proporci\u00f3n de mezcla para su utilizaci\u00f3n de 2:1 con el 100144 Endurecedor PU144, resistividad (SAMES) 5-50 M\u2126cm.<\/p>\n<p><strong>Acabado poliuretano blanco<\/strong><br \/>\n160219 Acabado PU 219 MT. Acabado poliuretano blanco con buen tacto, cubrici\u00f3n y extensibilidad. Buena resistencia al Metal Marking. Proporci\u00f3n de mezcla para su utilizaci\u00f3n de 2:1 con el 190046 Endurecedor PU046.[\/vc_column_text][\/vc_column][\/vc_row][vc_row type=&#8221;in_container&#8221; full_screen_row_position=&#8221;middle&#8221; scene_position=&#8221;center&#8221; text_color=&#8221;dark&#8221; text_align=&#8221;left&#8221; overlay_strength=&#8221;0.3&#8243; shape_divider_position=&#8221;bottom&#8221;][vc_column enable_animation=&#8221;true&#8221; animation=&#8221;fade-in-from-left&#8221; column_padding=&#8221;no-extra-padding&#8221; column_padding_position=&#8221;all&#8221; background_color_opacity=&#8221;1&#8243; background_hover_color_opacity=&#8221;1&#8243; background_image=&#8221;10648&#8243; enable_bg_scale=&#8221;true&#8221; column_link_target=&#8221;_self&#8221; column_shadow=&#8221;none&#8221; column_border_radius=&#8221;none&#8221; width=&#8221;1\/1&#8243; tablet_width_inherit=&#8221;default&#8221; tablet_text_alignment=&#8221;default&#8221; phone_text_alignment=&#8221;default&#8221; column_border_width=&#8221;none&#8221; column_border_style=&#8221;solid&#8221;][divider line_type=&#8221;No Line&#8221; custom_height=&#8221;500&#8243;][\/vc_column][\/vc_row][vc_column column_padding=&#8221;no-extra-padding&#8221; column_padding_position=&#8221;all&#8221; background_color_opacity=&#8221;1&#8243; background_hover_color_opacity=&#8221;1&#8243; font_color=&#8221;#000000&#8243; column_link_target=&#8221;_self&#8221; column_shadow=&#8221;none&#8221; column_border_radius=&#8221;none&#8221; width=&#8221;1\/2&#8243; tablet_width_inherit=&#8221;default&#8221; tablet_text_alignment=&#8221;default&#8221; phone_text_alignment=&#8221;default&#8221; column_border_width=&#8221;none&#8221; column_border_style=&#8221;solid&#8221;][\/vc_column]\n","protected":false},"excerpt":{"rendered":"<p>[vc_row type=&#8221;in_container&#8221; full_screen_row_position=&#8221;middle&#8221; scene_position=&#8221;center&#8221; text_color=&#8221;dark&#8221; text_align=&#8221;left&#8221; overlay_strength=&#8221;0.3&#8243; shape_divider_position=&#8221;bottom&#8221;][vc_column column_padding=&#8221;no-extra-padding&#8221; column_padding_position=&#8221;all&#8221; background_color_opacity=&#8221;1&#8243; background_hover_color_opacity=&#8221;1&#8243; column_link_target=&#8221;_self&#8221; column_shadow=&#8221;none&#8221; column_border_radius=&#8221;none&#8221; width=&#8221;1\/1&#8243; tablet_width_inherit=&#8221;default&#8221; tablet_text_alignment=&#8221;default&#8221; phone_text_alignment=&#8221;default&#8221; column_border_width=&#8221;none&#8221; column_border_style=&#8221;solid&#8221;][vc_column_text css=&#8221;.vc_custom_1469082762614{margin-top: 40px !important;}&#8221;]La mayor complejidad de la aplicaci\u00f3n de&#8230;<\/p>\n","protected":false},"author":1,"featured_media":0,"parent":0,"menu_order":0,"comment_status":"closed","ping_status":"closed","template":"","meta":{"_joinchat":[],"footnotes":""},"class_list":["post-17797","page","type-page","status-publish"],"yoast_head":"<!-- This site is optimized with the Yoast SEO plugin v27.4 - https:\/\/yoast.com\/product\/yoast-seo-wordpress\/ -->\n<title>SILLERIA - Valresa.com<\/title>\n<meta name=\"description\" content=\"Barnices para pintar o barnizar sillas. Alta gama de barnices especialmente formulados para el sector de la siller\u00eda.\" \/>\n<meta name=\"robots\" content=\"noindex, follow, max-snippet:-1, max-image-preview:large, max-video-preview:-1\" \/>\n<meta property=\"og:locale\" content=\"es_ES\" \/>\n<meta property=\"og:type\" content=\"article\" \/>\n<meta property=\"og:title\" content=\"SILLERIA - Valresa.com\" \/>\n<meta property=\"og:description\" content=\"Barnices para pintar o barnizar sillas. Alta gama de barnices especialmente formulados para el sector de la siller\u00eda.\" \/>\n<meta property=\"og:url\" content=\"https:\/\/pruebasnitorlack.com\/co\/silleria\/\" \/>\n<meta property=\"og:site_name\" content=\"VALRESA\" \/>\n<meta property=\"article:publisher\" content=\"https:\/\/www.facebook.com\/valresacoatings\/\" \/>\n<meta property=\"article:modified_time\" content=\"2020-07-23T11:15:48+00:00\" \/>\n<meta name=\"twitter:card\" content=\"summary_large_image\" \/>\n<meta name=\"twitter:label1\" content=\"Tiempo de lectura\" \/>\n\t<meta name=\"twitter:data1\" content=\"3 minutos\" \/>\n<script type=\"application\/ld+json\" class=\"yoast-schema-graph\">{\"@context\":\"https:\\\/\\\/schema.org\",\"@graph\":[{\"@type\":\"WebPage\",\"@id\":\"https:\\\/\\\/pruebasnitorlack.com\\\/co\\\/silleria\\\/\",\"url\":\"https:\\\/\\\/pruebasnitorlack.com\\\/co\\\/silleria\\\/\",\"name\":\"SILLERIA - Valresa.com\",\"isPartOf\":{\"@id\":\"https:\\\/\\\/pruebasnitorlack.com\\\/co\\\/#website\"},\"datePublished\":\"2016-07-21T06:32:49+00:00\",\"dateModified\":\"2020-07-23T11:15:48+00:00\",\"description\":\"Barnices para pintar o barnizar sillas. Alta gama de barnices especialmente formulados para el sector de la siller\u00eda.\",\"breadcrumb\":{\"@id\":\"https:\\\/\\\/pruebasnitorlack.com\\\/co\\\/silleria\\\/#breadcrumb\"},\"inLanguage\":\"es-CO\",\"potentialAction\":[{\"@type\":\"ReadAction\",\"target\":[\"https:\\\/\\\/pruebasnitorlack.com\\\/co\\\/silleria\\\/\"]}]},{\"@type\":\"BreadcrumbList\",\"@id\":\"https:\\\/\\\/pruebasnitorlack.com\\\/co\\\/silleria\\\/#breadcrumb\",\"itemListElement\":[{\"@type\":\"ListItem\",\"position\":1,\"name\":\"Portada\",\"item\":\"https:\\\/\\\/pruebasnitorlack.com\\\/co\\\/\"},{\"@type\":\"ListItem\",\"position\":2,\"name\":\"SILLERIA\"}]},{\"@type\":\"WebSite\",\"@id\":\"https:\\\/\\\/pruebasnitorlack.com\\\/co\\\/#website\",\"url\":\"https:\\\/\\\/pruebasnitorlack.com\\\/co\\\/\",\"name\":\"VALRESA\",\"description\":\"Barnices y pinturas para la madera\",\"potentialAction\":[{\"@type\":\"SearchAction\",\"target\":{\"@type\":\"EntryPoint\",\"urlTemplate\":\"https:\\\/\\\/pruebasnitorlack.com\\\/co\\\/?s={search_term_string}\"},\"query-input\":{\"@type\":\"PropertyValueSpecification\",\"valueRequired\":true,\"valueName\":\"search_term_string\"}}],\"inLanguage\":\"es-CO\"}]}<\/script>\n<!-- \/ Yoast SEO plugin. -->","yoast_head_json":{"title":"SILLERIA - Valresa.com","description":"Barnices para pintar o barnizar sillas. Alta gama de barnices especialmente formulados para el sector de la siller\u00eda.","robots":{"index":"noindex","follow":"follow","max-snippet":"max-snippet:-1","max-image-preview":"max-image-preview:large","max-video-preview":"max-video-preview:-1"},"og_locale":"es_ES","og_type":"article","og_title":"SILLERIA - Valresa.com","og_description":"Barnices para pintar o barnizar sillas. Alta gama de barnices especialmente formulados para el sector de la siller\u00eda.","og_url":"https:\/\/pruebasnitorlack.com\/co\/silleria\/","og_site_name":"VALRESA","article_publisher":"https:\/\/www.facebook.com\/valresacoatings\/","article_modified_time":"2020-07-23T11:15:48+00:00","twitter_card":"summary_large_image","twitter_misc":{"Tiempo de lectura":"3 minutos"},"schema":{"@context":"https:\/\/schema.org","@graph":[{"@type":"WebPage","@id":"https:\/\/pruebasnitorlack.com\/co\/silleria\/","url":"https:\/\/pruebasnitorlack.com\/co\/silleria\/","name":"SILLERIA - Valresa.com","isPartOf":{"@id":"https:\/\/pruebasnitorlack.com\/co\/#website"},"datePublished":"2016-07-21T06:32:49+00:00","dateModified":"2020-07-23T11:15:48+00:00","description":"Barnices para pintar o barnizar sillas. Alta gama de barnices especialmente formulados para el sector de la siller\u00eda.","breadcrumb":{"@id":"https:\/\/pruebasnitorlack.com\/co\/silleria\/#breadcrumb"},"inLanguage":"es-CO","potentialAction":[{"@type":"ReadAction","target":["https:\/\/pruebasnitorlack.com\/co\/silleria\/"]}]},{"@type":"BreadcrumbList","@id":"https:\/\/pruebasnitorlack.com\/co\/silleria\/#breadcrumb","itemListElement":[{"@type":"ListItem","position":1,"name":"Portada","item":"https:\/\/pruebasnitorlack.com\/co\/"},{"@type":"ListItem","position":2,"name":"SILLERIA"}]},{"@type":"WebSite","@id":"https:\/\/pruebasnitorlack.com\/co\/#website","url":"https:\/\/pruebasnitorlack.com\/co\/","name":"VALRESA","description":"Barnices y pinturas para la madera","potentialAction":[{"@type":"SearchAction","target":{"@type":"EntryPoint","urlTemplate":"https:\/\/pruebasnitorlack.com\/co\/?s={search_term_string}"},"query-input":{"@type":"PropertyValueSpecification","valueRequired":true,"valueName":"search_term_string"}}],"inLanguage":"es-CO"}]}},"_links":{"self":[{"href":"https:\/\/pruebasnitorlack.com\/co\/wp-json\/wp\/v2\/pages\/17797","targetHints":{"allow":["GET"]}}],"collection":[{"href":"https:\/\/pruebasnitorlack.com\/co\/wp-json\/wp\/v2\/pages"}],"about":[{"href":"https:\/\/pruebasnitorlack.com\/co\/wp-json\/wp\/v2\/types\/page"}],"author":[{"embeddable":true,"href":"https:\/\/pruebasnitorlack.com\/co\/wp-json\/wp\/v2\/users\/1"}],"replies":[{"embeddable":true,"href":"https:\/\/pruebasnitorlack.com\/co\/wp-json\/wp\/v2\/comments?post=17797"}],"version-history":[{"count":0,"href":"https:\/\/pruebasnitorlack.com\/co\/wp-json\/wp\/v2\/pages\/17797\/revisions"}],"wp:attachment":[{"href":"https:\/\/pruebasnitorlack.com\/co\/wp-json\/wp\/v2\/media?parent=17797"}],"curies":[{"name":"wp","href":"https:\/\/api.w.org\/{rel}","templated":true}]}}