{"id":17782,"date":"2016-07-20T13:58:15","date_gmt":"2016-07-20T13:58:15","guid":{"rendered":"https:\/\/pruebasnitorlack.com\/cocinas\/"},"modified":"2020-07-23T10:21:51","modified_gmt":"2020-07-23T10:21:51","slug":"cocinas","status":"publish","type":"page","link":"https:\/\/pruebasnitorlack.com\/co\/cocinas\/","title":{"rendered":"COCINAS"},"content":{"rendered":"[vc_row type=&#8221;in_container&#8221; full_screen_row_position=&#8221;middle&#8221; scene_position=&#8221;center&#8221; text_color=&#8221;dark&#8221; text_align=&#8221;left&#8221; overlay_strength=&#8221;0.3&#8243; shape_divider_position=&#8221;bottom&#8221;][vc_column column_padding=&#8221;no-extra-padding&#8221; column_padding_position=&#8221;all&#8221; background_color_opacity=&#8221;1&#8243; background_hover_color_opacity=&#8221;1&#8243; column_link_target=&#8221;_self&#8221; column_shadow=&#8221;none&#8221; column_border_radius=&#8221;none&#8221; width=&#8221;1\/6&#8243; tablet_width_inherit=&#8221;default&#8221; tablet_text_alignment=&#8221;default&#8221; phone_text_alignment=&#8221;default&#8221; column_border_width=&#8221;none&#8221; column_border_style=&#8221;solid&#8221;][\/vc_column][vc_column column_padding=&#8221;no-extra-padding&#8221; column_padding_position=&#8221;all&#8221; background_color_opacity=&#8221;1&#8243; background_hover_color_opacity=&#8221;1&#8243; column_link_target=&#8221;_self&#8221; column_shadow=&#8221;none&#8221; column_border_radius=&#8221;none&#8221; width=&#8221;2\/3&#8243; tablet_width_inherit=&#8221;default&#8221; tablet_text_alignment=&#8221;default&#8221; phone_text_alignment=&#8221;default&#8221; column_border_width=&#8221;none&#8221; column_border_style=&#8221;solid&#8221;][vc_column_text css=&#8221;.vc_custom_1595499702810{margin-top: 40px !important;}&#8221;]En el mueble de cocina sabes lo que es importante y por esto presentamos barnices de alta cubrici\u00f3n y prestaciones. La dureza al rayado y la resistencia qu\u00edmica de nuestros barnices es una caracter\u00edstica permanente de nuestra gama de barnices y lacas para el mueble de cocina.<\/p>\n<p>Con sistema tintom\u00e9trico de Valresa, disponible en los locales de nuestros distribuidores de barnices podemos suministrar cualquier laca pigmentada de forma inmediata. Somos conscientes de que la producci\u00f3n de muebles de cocina es muy variada y para esto se prepara toda la organizaci\u00f3n de Valresa.<\/p>\n<h4><strong>Gama de Barnices para cocinas<\/strong><\/h4>\n<p>Fondo Sellador Poliuretano poro natural<br \/>\nFondo Sellador Poli\u00e9ster cubrici\u00f3n y extensibilidad<br \/>\nDecap\u00e9s<\/p>\n<p>P\u00e1tinas<br \/>\nGlaseadores<br \/>\nLacados en todos los colores, brillos y texturas.<\/p>\n<p>Lacas catalizadas de altas prestaciones.<br \/>\nLacas Acabados alto brillo<br \/>\nLacas Acabado efecto Natural. Si te gusta ver la madera, tocar la madera, tenerla protegida y verla envejecer de forma natural, te gustar\u00e1 este proceso de acabado. Tanto en base agua como, poliuretano acr\u00edlico, con UV. Todos con un grado de brillo del 4%.<br \/>\nAcr\u00edlicos inalterables.<\/p>\n<div><\/div>\n[\/vc_column_text][\/vc_column][vc_column column_padding=&#8221;no-extra-padding&#8221; column_padding_position=&#8221;all&#8221; background_color_opacity=&#8221;1&#8243; background_hover_color_opacity=&#8221;1&#8243; column_link_target=&#8221;_self&#8221; column_shadow=&#8221;none&#8221; column_border_radius=&#8221;none&#8221; width=&#8221;1\/6&#8243; tablet_width_inherit=&#8221;default&#8221; tablet_text_alignment=&#8221;default&#8221; phone_text_alignment=&#8221;default&#8221; column_border_width=&#8221;none&#8221; column_border_style=&#8221;solid&#8221;][\/vc_column][\/vc_row][vc_row type=&#8221;in_container&#8221; full_screen_row_position=&#8221;middle&#8221; scene_position=&#8221;center&#8221; text_color=&#8221;dark&#8221; text_align=&#8221;left&#8221; overlay_strength=&#8221;0.3&#8243; shape_divider_position=&#8221;bottom&#8221;][vc_column enable_animation=&#8221;true&#8221; animation=&#8221;fade-in-from-left&#8221; column_padding=&#8221;no-extra-padding&#8221; column_padding_position=&#8221;all&#8221; background_color_opacity=&#8221;1&#8243; background_hover_color_opacity=&#8221;1&#8243; background_image=&#8221;10638&#8243; enable_bg_scale=&#8221;true&#8221; column_link_target=&#8221;_self&#8221; column_shadow=&#8221;none&#8221; column_border_radius=&#8221;none&#8221; width=&#8221;1\/1&#8243; tablet_width_inherit=&#8221;default&#8221; tablet_text_alignment=&#8221;default&#8221; phone_text_alignment=&#8221;default&#8221; column_border_width=&#8221;none&#8221; column_border_style=&#8221;solid&#8221;][divider line_type=&#8221;No Line&#8221; custom_height=&#8221;300&#8243;][\/vc_column][\/vc_row][vc_column column_padding=&#8221;no-extra-padding&#8221; column_padding_position=&#8221;all&#8221; background_color_opacity=&#8221;1&#8243; background_hover_color_opacity=&#8221;1&#8243; font_color=&#8221;#000000&#8243; column_link_target=&#8221;_self&#8221; column_shadow=&#8221;none&#8221; column_border_radius=&#8221;none&#8221; width=&#8221;1\/2&#8243; tablet_width_inherit=&#8221;default&#8221; tablet_text_alignment=&#8221;default&#8221; phone_text_alignment=&#8221;default&#8221; column_border_width=&#8221;none&#8221; column_border_style=&#8221;solid&#8221;][\/vc_column]\n","protected":false},"excerpt":{"rendered":"<p>[vc_row type=&#8221;in_container&#8221; full_screen_row_position=&#8221;middle&#8221; scene_position=&#8221;center&#8221; text_color=&#8221;dark&#8221; text_align=&#8221;left&#8221; overlay_strength=&#8221;0.3&#8243; shape_divider_position=&#8221;bottom&#8221;][vc_column column_padding=&#8221;no-extra-padding&#8221; column_padding_position=&#8221;all&#8221; background_color_opacity=&#8221;1&#8243; background_hover_color_opacity=&#8221;1&#8243; column_link_target=&#8221;_self&#8221; column_shadow=&#8221;none&#8221; column_border_radius=&#8221;none&#8221; width=&#8221;1\/6&#8243; tablet_width_inherit=&#8221;default&#8221; tablet_text_alignment=&#8221;default&#8221; phone_text_alignment=&#8221;default&#8221; column_border_width=&#8221;none&#8221; column_border_style=&#8221;solid&#8221;][\/vc_column][vc_column column_padding=&#8221;no-extra-padding&#8221; column_padding_position=&#8221;all&#8221; background_color_opacity=&#8221;1&#8243; background_hover_color_opacity=&#8221;1&#8243; column_link_target=&#8221;_self&#8221; column_shadow=&#8221;none&#8221; column_border_radius=&#8221;none&#8221; width=&#8221;2\/3&#8243; tablet_width_inherit=&#8221;default&#8221;&#8230;<\/p>\n","protected":false},"author":1,"featured_media":0,"parent":0,"menu_order":0,"comment_status":"closed","ping_status":"closed","template":"","meta":{"_joinchat":[],"footnotes":""},"class_list":["post-17782","page","type-page","status-publish"],"yoast_head":"<!-- This site is optimized with the Yoast SEO plugin v27.4 - https:\/\/yoast.com\/product\/yoast-seo-wordpress\/ -->\n<title>COCINAS - Valresa.com<\/title>\n<meta name=\"description\" content=\"Barnices para pintar cocinas. Gama de Barnices y lacas para pintar muebles de cocinas. Alta cubrici\u00f3n. Dureza al rayado\" \/>\n<meta name=\"robots\" content=\"noindex, follow, max-snippet:-1, max-image-preview:large, max-video-preview:-1\" \/>\n<meta property=\"og:locale\" content=\"es_ES\" \/>\n<meta property=\"og:type\" content=\"article\" \/>\n<meta property=\"og:title\" content=\"COCINAS - Valresa.com\" \/>\n<meta property=\"og:description\" content=\"Barnices para pintar cocinas. Gama de Barnices y lacas para pintar muebles de cocinas. Alta cubrici\u00f3n. Dureza al rayado\" \/>\n<meta property=\"og:url\" content=\"https:\/\/pruebasnitorlack.com\/co\/cocinas\/\" \/>\n<meta property=\"og:site_name\" content=\"VALRESA\" \/>\n<meta property=\"article:publisher\" content=\"https:\/\/www.facebook.com\/valresacoatings\/\" \/>\n<meta property=\"article:modified_time\" content=\"2020-07-23T10:21:51+00:00\" \/>\n<meta name=\"twitter:card\" content=\"summary_large_image\" \/>\n<meta name=\"twitter:label1\" content=\"Tiempo de lectura\" \/>\n\t<meta name=\"twitter:data1\" content=\"3 minutos\" \/>\n<script type=\"application\/ld+json\" class=\"yoast-schema-graph\">{\"@context\":\"https:\\\/\\\/schema.org\",\"@graph\":[{\"@type\":\"WebPage\",\"@id\":\"https:\\\/\\\/pruebasnitorlack.com\\\/co\\\/cocinas\\\/\",\"url\":\"https:\\\/\\\/pruebasnitorlack.com\\\/co\\\/cocinas\\\/\",\"name\":\"COCINAS - Valresa.com\",\"isPartOf\":{\"@id\":\"https:\\\/\\\/pruebasnitorlack.com\\\/co\\\/#website\"},\"datePublished\":\"2016-07-20T13:58:15+00:00\",\"dateModified\":\"2020-07-23T10:21:51+00:00\",\"description\":\"Barnices para pintar cocinas. Gama de Barnices y lacas para pintar muebles de cocinas. Alta cubrici\u00f3n. Dureza al rayado\",\"breadcrumb\":{\"@id\":\"https:\\\/\\\/pruebasnitorlack.com\\\/co\\\/cocinas\\\/#breadcrumb\"},\"inLanguage\":\"es-CO\",\"potentialAction\":[{\"@type\":\"ReadAction\",\"target\":[\"https:\\\/\\\/pruebasnitorlack.com\\\/co\\\/cocinas\\\/\"]}]},{\"@type\":\"BreadcrumbList\",\"@id\":\"https:\\\/\\\/pruebasnitorlack.com\\\/co\\\/cocinas\\\/#breadcrumb\",\"itemListElement\":[{\"@type\":\"ListItem\",\"position\":1,\"name\":\"Portada\",\"item\":\"https:\\\/\\\/pruebasnitorlack.com\\\/co\\\/\"},{\"@type\":\"ListItem\",\"position\":2,\"name\":\"COCINAS\"}]},{\"@type\":\"WebSite\",\"@id\":\"https:\\\/\\\/pruebasnitorlack.com\\\/co\\\/#website\",\"url\":\"https:\\\/\\\/pruebasnitorlack.com\\\/co\\\/\",\"name\":\"VALRESA\",\"description\":\"Barnices y pinturas para la madera\",\"potentialAction\":[{\"@type\":\"SearchAction\",\"target\":{\"@type\":\"EntryPoint\",\"urlTemplate\":\"https:\\\/\\\/pruebasnitorlack.com\\\/co\\\/?s={search_term_string}\"},\"query-input\":{\"@type\":\"PropertyValueSpecification\",\"valueRequired\":true,\"valueName\":\"search_term_string\"}}],\"inLanguage\":\"es-CO\"}]}<\/script>\n<!-- \/ Yoast SEO plugin. -->","yoast_head_json":{"title":"COCINAS - Valresa.com","description":"Barnices para pintar cocinas. Gama de Barnices y lacas para pintar muebles de cocinas. Alta cubrici\u00f3n. Dureza al rayado","robots":{"index":"noindex","follow":"follow","max-snippet":"max-snippet:-1","max-image-preview":"max-image-preview:large","max-video-preview":"max-video-preview:-1"},"og_locale":"es_ES","og_type":"article","og_title":"COCINAS - Valresa.com","og_description":"Barnices para pintar cocinas. Gama de Barnices y lacas para pintar muebles de cocinas. Alta cubrici\u00f3n. Dureza al rayado","og_url":"https:\/\/pruebasnitorlack.com\/co\/cocinas\/","og_site_name":"VALRESA","article_publisher":"https:\/\/www.facebook.com\/valresacoatings\/","article_modified_time":"2020-07-23T10:21:51+00:00","twitter_card":"summary_large_image","twitter_misc":{"Tiempo de lectura":"3 minutos"},"schema":{"@context":"https:\/\/schema.org","@graph":[{"@type":"WebPage","@id":"https:\/\/pruebasnitorlack.com\/co\/cocinas\/","url":"https:\/\/pruebasnitorlack.com\/co\/cocinas\/","name":"COCINAS - Valresa.com","isPartOf":{"@id":"https:\/\/pruebasnitorlack.com\/co\/#website"},"datePublished":"2016-07-20T13:58:15+00:00","dateModified":"2020-07-23T10:21:51+00:00","description":"Barnices para pintar cocinas. Gama de Barnices y lacas para pintar muebles de cocinas. Alta cubrici\u00f3n. Dureza al rayado","breadcrumb":{"@id":"https:\/\/pruebasnitorlack.com\/co\/cocinas\/#breadcrumb"},"inLanguage":"es-CO","potentialAction":[{"@type":"ReadAction","target":["https:\/\/pruebasnitorlack.com\/co\/cocinas\/"]}]},{"@type":"BreadcrumbList","@id":"https:\/\/pruebasnitorlack.com\/co\/cocinas\/#breadcrumb","itemListElement":[{"@type":"ListItem","position":1,"name":"Portada","item":"https:\/\/pruebasnitorlack.com\/co\/"},{"@type":"ListItem","position":2,"name":"COCINAS"}]},{"@type":"WebSite","@id":"https:\/\/pruebasnitorlack.com\/co\/#website","url":"https:\/\/pruebasnitorlack.com\/co\/","name":"VALRESA","description":"Barnices y pinturas para la madera","potentialAction":[{"@type":"SearchAction","target":{"@type":"EntryPoint","urlTemplate":"https:\/\/pruebasnitorlack.com\/co\/?s={search_term_string}"},"query-input":{"@type":"PropertyValueSpecification","valueRequired":true,"valueName":"search_term_string"}}],"inLanguage":"es-CO"}]}},"_links":{"self":[{"href":"https:\/\/pruebasnitorlack.com\/co\/wp-json\/wp\/v2\/pages\/17782","targetHints":{"allow":["GET"]}}],"collection":[{"href":"https:\/\/pruebasnitorlack.com\/co\/wp-json\/wp\/v2\/pages"}],"about":[{"href":"https:\/\/pruebasnitorlack.com\/co\/wp-json\/wp\/v2\/types\/page"}],"author":[{"embeddable":true,"href":"https:\/\/pruebasnitorlack.com\/co\/wp-json\/wp\/v2\/users\/1"}],"replies":[{"embeddable":true,"href":"https:\/\/pruebasnitorlack.com\/co\/wp-json\/wp\/v2\/comments?post=17782"}],"version-history":[{"count":0,"href":"https:\/\/pruebasnitorlack.com\/co\/wp-json\/wp\/v2\/pages\/17782\/revisions"}],"wp:attachment":[{"href":"https:\/\/pruebasnitorlack.com\/co\/wp-json\/wp\/v2\/media?parent=17782"}],"curies":[{"name":"wp","href":"https:\/\/api.w.org\/{rel}","templated":true}]}}