{"id":17762,"date":"2017-02-15T07:52:34","date_gmt":"2017-02-15T07:52:34","guid":{"rendered":"https:\/\/pruebasnitorlack.com\/muebles-metalicos\/"},"modified":"2020-07-22T06:45:31","modified_gmt":"2020-07-22T06:45:31","slug":"muebles-metalicos","status":"publish","type":"page","link":"https:\/\/pruebasnitorlack.com\/co\/muebles-metalicos\/","title":{"rendered":"MUEBLES METALICOS"},"content":{"rendered":"[vc_row type=&#8221;in_container&#8221; full_screen_row_position=&#8221;middle&#8221; scene_position=&#8221;center&#8221; text_color=&#8221;dark&#8221; text_align=&#8221;left&#8221; overlay_strength=&#8221;0.3&#8243; shape_divider_position=&#8221;bottom&#8221;][vc_column column_padding=&#8221;no-extra-padding&#8221; column_padding_position=&#8221;all&#8221; background_color_opacity=&#8221;1&#8243; background_hover_color_opacity=&#8221;1&#8243; column_link_target=&#8221;_self&#8221; column_shadow=&#8221;none&#8221; column_border_radius=&#8221;none&#8221; width=&#8221;1\/6&#8243; tablet_width_inherit=&#8221;default&#8221; tablet_text_alignment=&#8221;default&#8221; phone_text_alignment=&#8221;default&#8221; column_border_width=&#8221;none&#8221; column_border_style=&#8221;solid&#8221;][\/vc_column][vc_column column_padding=&#8221;no-extra-padding&#8221; column_padding_position=&#8221;all&#8221; background_color_opacity=&#8221;1&#8243; background_hover_color_opacity=&#8221;1&#8243; column_link_target=&#8221;_self&#8221; column_shadow=&#8221;none&#8221; column_border_radius=&#8221;none&#8221; width=&#8221;2\/3&#8243; tablet_width_inherit=&#8221;default&#8221; tablet_text_alignment=&#8221;default&#8221; phone_text_alignment=&#8221;default&#8221; column_border_width=&#8221;none&#8221; column_border_style=&#8221;solid&#8221;][vc_column_text css=&#8221;.vc_custom_1595400324212{margin-top: 40px !important;}&#8221;]El mueble metal es uno de los sectores m\u00e1s importantes dentro de los recubrimientos en polvo, junto con iluminaci\u00f3n, electrodom\u00e9sticos, construcci\u00f3n y automoci\u00f3n. Dentro de este segmento de mercado; existen notables diferencias entre el mobiliario de oficina, la siller\u00eda met\u00e1lica o el mueble de jard\u00edn. Debido a que cada elemento requerir\u00e1 una tecnolog\u00eda de recubrimiento en polvo diferente, con unas cualidades y acabados espec\u00edficos para cada uso y dise\u00f1o.<br \/>\nDesde hace un tiempo las empresas han pasado de utilizar; el cl\u00e1sico negro liso mate , el gris 7035 texturado y alg\u00fan que otro marr\u00f3n y blanco, a una extens\u00edsima gama de colores y acabados dentro de la carta RAL, Pantone y NCS.<br \/>\nLas principales ventajas de utilizar la pintura en polvo, en el recubrimiento de muebles met\u00e1licos son las siguientes:<\/p>\n<p><strong>Acabados de alta dureza y resistencia<\/strong>\u00a0a la corrosi\u00f3n, al impacto y a los cambios de temperatura.<br \/>\n<strong>Ahorro en el coste de material por metro cuadrado<\/strong>. Es debido a que el porcentaje de reutilizaci\u00f3n de producto puede llegar el 98%.<br \/>\n<strong>Aumento de la productividad<\/strong>. La aplicaci\u00f3n de una sola capa de pintura puede reemplazar varias capas de pintura liquida necesarias para dejar un mismo acabado.<br \/>\n<strong>Amigable con el medio ambiente<\/strong>. La pintura en polvo no requiere del uso de solventes por lo que pr\u00e1cticamente no tiene emisiones vol\u00e1tiles, lo que lo hace amigable<\/p>\n<h4><strong>Gama de pintura en Polvo para mueble met\u00e1lico.<\/strong><\/h4>\n<p><a href=\"\/?page_id=6639\">Pintura en Polvo Epoxi<\/a><br \/>\n<a href=\"\/?page_id=8580\">Pintura en Polvo Epoxi Poli\u00e9ster<\/a><br \/>\n<a href=\"\/?page_id=6652\">Pintura en Polvo Poli\u00e9ster Industrial<\/a><br \/>\n<a href=\"\/?page_id=6659\">Pintura en polvo Poliuretanos<\/a><br \/>\n<a href=\"\/?page_id=6656\">Pintura en Polvo Poli\u00e9ster Qualicoat<\/a><br \/>\n<a href=\"\/?page_id=8542\">Pintura en Polvo Poli\u00e9ster Qualicoat Texturado<\/a>[\/vc_column_text][\/vc_column][vc_column column_padding=&#8221;no-extra-padding&#8221; column_padding_position=&#8221;all&#8221; background_color_opacity=&#8221;1&#8243; background_hover_color_opacity=&#8221;1&#8243; column_link_target=&#8221;_self&#8221; column_shadow=&#8221;none&#8221; column_border_radius=&#8221;none&#8221; width=&#8221;1\/6&#8243; tablet_width_inherit=&#8221;default&#8221; tablet_text_alignment=&#8221;default&#8221; phone_text_alignment=&#8221;default&#8221; column_border_width=&#8221;none&#8221; column_border_style=&#8221;solid&#8221;][\/vc_column][\/vc_row][vc_row type=&#8221;in_container&#8221; full_screen_row_position=&#8221;middle&#8221; scene_position=&#8221;center&#8221; text_color=&#8221;dark&#8221; text_align=&#8221;left&#8221; overlay_strength=&#8221;0.3&#8243; shape_divider_position=&#8221;bottom&#8221;][vc_column enable_animation=&#8221;true&#8221; animation=&#8221;fade-in-from-left&#8221; column_padding=&#8221;no-extra-padding&#8221; column_padding_position=&#8221;all&#8221; background_color_opacity=&#8221;1&#8243; background_hover_color_opacity=&#8221;1&#8243; background_image=&#8221;10631&#8243; enable_bg_scale=&#8221;true&#8221; column_link_target=&#8221;_self&#8221; column_shadow=&#8221;none&#8221; column_border_radius=&#8221;none&#8221; width=&#8221;1\/1&#8243; tablet_width_inherit=&#8221;default&#8221; tablet_text_alignment=&#8221;default&#8221; phone_text_alignment=&#8221;default&#8221; column_border_width=&#8221;none&#8221; column_border_style=&#8221;solid&#8221;][divider line_type=&#8221;No Line&#8221; custom_height=&#8221;340&#8243;][vc_column_text]\n<h6 style=\"text-align: right;\">Im\u00e1genes cedidas por Mobles114. Colecci\u00f3n Rambla dise\u00f1ada por Mart\u00edn Az\u00faa.<\/h6>\n[\/vc_column_text][\/vc_column][\/vc_row][vc_column column_padding=&#8221;no-extra-padding&#8221; column_padding_position=&#8221;all&#8221; background_color_opacity=&#8221;1&#8243; background_hover_color_opacity=&#8221;1&#8243; font_color=&#8221;#000000&#8243; column_link_target=&#8221;_self&#8221; column_shadow=&#8221;none&#8221; column_border_radius=&#8221;none&#8221; width=&#8221;1\/2&#8243; tablet_width_inherit=&#8221;default&#8221; tablet_text_alignment=&#8221;default&#8221; phone_text_alignment=&#8221;default&#8221; column_border_width=&#8221;none&#8221; column_border_style=&#8221;solid&#8221;][\/vc_column]\n","protected":false},"excerpt":{"rendered":"<p>[vc_row type=&#8221;in_container&#8221; full_screen_row_position=&#8221;middle&#8221; scene_position=&#8221;center&#8221; text_color=&#8221;dark&#8221; text_align=&#8221;left&#8221; overlay_strength=&#8221;0.3&#8243; shape_divider_position=&#8221;bottom&#8221;][vc_column column_padding=&#8221;no-extra-padding&#8221; column_padding_position=&#8221;all&#8221; background_color_opacity=&#8221;1&#8243; background_hover_color_opacity=&#8221;1&#8243; column_link_target=&#8221;_self&#8221; column_shadow=&#8221;none&#8221; column_border_radius=&#8221;none&#8221; width=&#8221;1\/6&#8243; tablet_width_inherit=&#8221;default&#8221; tablet_text_alignment=&#8221;default&#8221; phone_text_alignment=&#8221;default&#8221; column_border_width=&#8221;none&#8221; column_border_style=&#8221;solid&#8221;][\/vc_column][vc_column column_padding=&#8221;no-extra-padding&#8221; column_padding_position=&#8221;all&#8221; background_color_opacity=&#8221;1&#8243; background_hover_color_opacity=&#8221;1&#8243; column_link_target=&#8221;_self&#8221; column_shadow=&#8221;none&#8221; column_border_radius=&#8221;none&#8221; width=&#8221;2\/3&#8243; tablet_width_inherit=&#8221;default&#8221;&#8230;<\/p>\n","protected":false},"author":1,"featured_media":0,"parent":0,"menu_order":0,"comment_status":"closed","ping_status":"closed","template":"","meta":{"_joinchat":[],"footnotes":""},"class_list":["post-17762","page","type-page","status-publish"],"yoast_head":"<!-- This site is optimized with the Yoast SEO plugin v27.4 - https:\/\/yoast.com\/product\/yoast-seo-wordpress\/ -->\n<title>MUEBLES METALICOS - Valresa.com<\/title>\n<meta name=\"description\" content=\"Pintura en polvo para pintar muebles met\u00e1licos. Toda la gama de recubrimientos en polvo para pintar piezas y muebles met\u00e1licos.\" \/>\n<meta name=\"robots\" content=\"noindex, follow, max-snippet:-1, max-image-preview:large, max-video-preview:-1\" \/>\n<meta property=\"og:locale\" content=\"es_ES\" \/>\n<meta property=\"og:type\" content=\"article\" \/>\n<meta property=\"og:title\" content=\"MUEBLES METALICOS - Valresa.com\" \/>\n<meta property=\"og:description\" content=\"Pintura en polvo para pintar muebles met\u00e1licos. Toda la gama de recubrimientos en polvo para pintar piezas y muebles met\u00e1licos.\" \/>\n<meta property=\"og:url\" content=\"https:\/\/pruebasnitorlack.com\/co\/muebles-metalicos\/\" \/>\n<meta property=\"og:site_name\" content=\"VALRESA\" \/>\n<meta property=\"article:publisher\" content=\"https:\/\/www.facebook.com\/valresacoatings\/\" \/>\n<meta property=\"article:modified_time\" content=\"2020-07-22T06:45:31+00:00\" \/>\n<meta name=\"twitter:card\" content=\"summary_large_image\" \/>\n<meta name=\"twitter:label1\" content=\"Tiempo de lectura\" \/>\n\t<meta name=\"twitter:data1\" content=\"3 minutos\" \/>\n<script type=\"application\/ld+json\" class=\"yoast-schema-graph\">{\"@context\":\"https:\\\/\\\/schema.org\",\"@graph\":[{\"@type\":\"WebPage\",\"@id\":\"https:\\\/\\\/pruebasnitorlack.com\\\/co\\\/muebles-metalicos\\\/\",\"url\":\"https:\\\/\\\/pruebasnitorlack.com\\\/co\\\/muebles-metalicos\\\/\",\"name\":\"MUEBLES METALICOS - Valresa.com\",\"isPartOf\":{\"@id\":\"https:\\\/\\\/pruebasnitorlack.com\\\/co\\\/#website\"},\"datePublished\":\"2017-02-15T07:52:34+00:00\",\"dateModified\":\"2020-07-22T06:45:31+00:00\",\"description\":\"Pintura en polvo para pintar muebles met\u00e1licos. Toda la gama de recubrimientos en polvo para pintar piezas y muebles met\u00e1licos.\",\"breadcrumb\":{\"@id\":\"https:\\\/\\\/pruebasnitorlack.com\\\/co\\\/muebles-metalicos\\\/#breadcrumb\"},\"inLanguage\":\"es-CO\",\"potentialAction\":[{\"@type\":\"ReadAction\",\"target\":[\"https:\\\/\\\/pruebasnitorlack.com\\\/co\\\/muebles-metalicos\\\/\"]}]},{\"@type\":\"BreadcrumbList\",\"@id\":\"https:\\\/\\\/pruebasnitorlack.com\\\/co\\\/muebles-metalicos\\\/#breadcrumb\",\"itemListElement\":[{\"@type\":\"ListItem\",\"position\":1,\"name\":\"Portada\",\"item\":\"https:\\\/\\\/pruebasnitorlack.com\\\/co\\\/\"},{\"@type\":\"ListItem\",\"position\":2,\"name\":\"MUEBLES METALICOS\"}]},{\"@type\":\"WebSite\",\"@id\":\"https:\\\/\\\/pruebasnitorlack.com\\\/co\\\/#website\",\"url\":\"https:\\\/\\\/pruebasnitorlack.com\\\/co\\\/\",\"name\":\"VALRESA\",\"description\":\"Barnices y pinturas para la madera\",\"potentialAction\":[{\"@type\":\"SearchAction\",\"target\":{\"@type\":\"EntryPoint\",\"urlTemplate\":\"https:\\\/\\\/pruebasnitorlack.com\\\/co\\\/?s={search_term_string}\"},\"query-input\":{\"@type\":\"PropertyValueSpecification\",\"valueRequired\":true,\"valueName\":\"search_term_string\"}}],\"inLanguage\":\"es-CO\"}]}<\/script>\n<!-- \/ Yoast SEO plugin. -->","yoast_head_json":{"title":"MUEBLES METALICOS - Valresa.com","description":"Pintura en polvo para pintar muebles met\u00e1licos. Toda la gama de recubrimientos en polvo para pintar piezas y muebles met\u00e1licos.","robots":{"index":"noindex","follow":"follow","max-snippet":"max-snippet:-1","max-image-preview":"max-image-preview:large","max-video-preview":"max-video-preview:-1"},"og_locale":"es_ES","og_type":"article","og_title":"MUEBLES METALICOS - Valresa.com","og_description":"Pintura en polvo para pintar muebles met\u00e1licos. Toda la gama de recubrimientos en polvo para pintar piezas y muebles met\u00e1licos.","og_url":"https:\/\/pruebasnitorlack.com\/co\/muebles-metalicos\/","og_site_name":"VALRESA","article_publisher":"https:\/\/www.facebook.com\/valresacoatings\/","article_modified_time":"2020-07-22T06:45:31+00:00","twitter_card":"summary_large_image","twitter_misc":{"Tiempo de lectura":"3 minutos"},"schema":{"@context":"https:\/\/schema.org","@graph":[{"@type":"WebPage","@id":"https:\/\/pruebasnitorlack.com\/co\/muebles-metalicos\/","url":"https:\/\/pruebasnitorlack.com\/co\/muebles-metalicos\/","name":"MUEBLES METALICOS - Valresa.com","isPartOf":{"@id":"https:\/\/pruebasnitorlack.com\/co\/#website"},"datePublished":"2017-02-15T07:52:34+00:00","dateModified":"2020-07-22T06:45:31+00:00","description":"Pintura en polvo para pintar muebles met\u00e1licos. Toda la gama de recubrimientos en polvo para pintar piezas y muebles met\u00e1licos.","breadcrumb":{"@id":"https:\/\/pruebasnitorlack.com\/co\/muebles-metalicos\/#breadcrumb"},"inLanguage":"es-CO","potentialAction":[{"@type":"ReadAction","target":["https:\/\/pruebasnitorlack.com\/co\/muebles-metalicos\/"]}]},{"@type":"BreadcrumbList","@id":"https:\/\/pruebasnitorlack.com\/co\/muebles-metalicos\/#breadcrumb","itemListElement":[{"@type":"ListItem","position":1,"name":"Portada","item":"https:\/\/pruebasnitorlack.com\/co\/"},{"@type":"ListItem","position":2,"name":"MUEBLES METALICOS"}]},{"@type":"WebSite","@id":"https:\/\/pruebasnitorlack.com\/co\/#website","url":"https:\/\/pruebasnitorlack.com\/co\/","name":"VALRESA","description":"Barnices y pinturas para la madera","potentialAction":[{"@type":"SearchAction","target":{"@type":"EntryPoint","urlTemplate":"https:\/\/pruebasnitorlack.com\/co\/?s={search_term_string}"},"query-input":{"@type":"PropertyValueSpecification","valueRequired":true,"valueName":"search_term_string"}}],"inLanguage":"es-CO"}]}},"_links":{"self":[{"href":"https:\/\/pruebasnitorlack.com\/co\/wp-json\/wp\/v2\/pages\/17762","targetHints":{"allow":["GET"]}}],"collection":[{"href":"https:\/\/pruebasnitorlack.com\/co\/wp-json\/wp\/v2\/pages"}],"about":[{"href":"https:\/\/pruebasnitorlack.com\/co\/wp-json\/wp\/v2\/types\/page"}],"author":[{"embeddable":true,"href":"https:\/\/pruebasnitorlack.com\/co\/wp-json\/wp\/v2\/users\/1"}],"replies":[{"embeddable":true,"href":"https:\/\/pruebasnitorlack.com\/co\/wp-json\/wp\/v2\/comments?post=17762"}],"version-history":[{"count":0,"href":"https:\/\/pruebasnitorlack.com\/co\/wp-json\/wp\/v2\/pages\/17762\/revisions"}],"wp:attachment":[{"href":"https:\/\/pruebasnitorlack.com\/co\/wp-json\/wp\/v2\/media?parent=17762"}],"curies":[{"name":"wp","href":"https:\/\/api.w.org\/{rel}","templated":true}]}}