{"id":17738,"date":"2016-04-13T14:29:40","date_gmt":"2016-04-13T14:29:40","guid":{"rendered":"https:\/\/pruebasnitorlack.com\/sistema-tintometrico\/"},"modified":"2020-07-31T06:12:58","modified_gmt":"2020-07-31T06:12:58","slug":"sistema-colorimetria","status":"publish","type":"page","link":"https:\/\/pruebasnitorlack.com\/co\/sistema-colorimetria\/","title":{"rendered":"SISTEMA COLORIMETR\u00cdA ACS"},"content":{"rendered":"[vc_column column_padding=&#8221;no-extra-padding&#8221; column_padding_position=&#8221;all&#8221; background_color_opacity=&#8221;1&#8243; background_hover_color_opacity=&#8221;1&#8243; column_link_target=&#8221;_self&#8221; column_shadow=&#8221;none&#8221; column_border_radius=&#8221;none&#8221; width=&#8221;1\/2&#8243; tablet_width_inherit=&#8221;default&#8221; tablet_text_alignment=&#8221;default&#8221; phone_text_alignment=&#8221;default&#8221; column_border_width=&#8221;none&#8221; column_border_style=&#8221;solid&#8221;][\/vc_column][vc_row type=&#8221;full_width_background&#8221; full_screen_row_position=&#8221;middle&#8221; scene_position=&#8221;center&#8221; text_color=&#8221;dark&#8221; text_align=&#8221;left&#8221; top_padding=&#8221;10%&#8221; bottom_padding=&#8221;10%&#8221; overlay_strength=&#8221;0.3&#8243; shape_divider_position=&#8221;bottom&#8221;][vc_column column_padding=&#8221;no-extra-padding&#8221; column_padding_position=&#8221;all&#8221; background_color_opacity=&#8221;1&#8243; background_hover_color_opacity=&#8221;1&#8243; column_link_target=&#8221;_self&#8221; column_shadow=&#8221;none&#8221; column_border_radius=&#8221;none&#8221; width=&#8221;1\/1&#8243; tablet_width_inherit=&#8221;default&#8221; tablet_text_alignment=&#8221;default&#8221; phone_text_alignment=&#8221;default&#8221; column_border_width=&#8221;none&#8221; column_border_style=&#8221;solid&#8221;][vc_row_inner equal_height=&#8221;yes&#8221; content_placement=&#8221;middle&#8221; column_margin=&#8221;default&#8221; text_align=&#8221;left&#8221;][vc_column_inner column_padding=&#8221;no-extra-padding&#8221; column_padding_position=&#8221;all&#8221; background_color_opacity=&#8221;1&#8243; background_hover_color_opacity=&#8221;1&#8243; column_shadow=&#8221;none&#8221; column_border_radius=&#8221;none&#8221; column_link_target=&#8221;_self&#8221; width=&#8221;1\/2&#8243; tablet_width_inherit=&#8221;default&#8221; column_border_width=&#8221;none&#8221; column_border_style=&#8221;solid&#8221;][split_line_heading]\n<h2>Todas las tintas y colores para pintar la madera en COLOMBIA<\/h2>\n[\/split_line_heading][vc_column_text css_animation=&#8221;bottom-to-top&#8221; css=&#8221;.vc_custom_1596173660834{margin-top: 15px !important;}&#8221; max_width=&#8221;500&#8243;]\n<p style=\"text-align: justify;\">El sistema tintom\u00e9trico para colorimetr\u00eda de las lacas-selladores y pinturas \u00a0de Valresa Colombia \u00a0ofrece la posibilidad de realizar toda una gama completa \u00a0y amplia de productos pigmentados y tintes para pintar y decorar la madera. El usar colorantes o tintas con\u00a0 tan buenas\u00a0 prestaciones har\u00e1 que obtengamos un resultado econ\u00f3mico en todo el proceso,\u00a0 consiguiendo en Colombia \u00a0una alta reproducibilidad cada vez que se pida un color .<\/p>\n[\/vc_column_text][\/vc_column_inner][vc_column_inner column_padding=&#8221;no-extra-padding&#8221; column_padding_position=&#8221;all&#8221; background_color_opacity=&#8221;1&#8243; background_hover_color_opacity=&#8221;1&#8243; column_shadow=&#8221;none&#8221; column_border_radius=&#8221;none&#8221; column_link_target=&#8221;_self&#8221; width=&#8221;1\/2&#8243; tablet_width_inherit=&#8221;default&#8221; column_border_width=&#8221;none&#8221; column_border_style=&#8221;solid&#8221;][nectar_cascading_images image_1_bg_color=&#8221;#3452ff&#8221; image_1_offset_x_sign=&#8221;+&#8221; image_1_offset_x=&#8221;0%&#8221; image_1_offset_y_sign=&#8221;+&#8221; image_1_offset_y=&#8221;0%&#8221; image_1_rotate_sign=&#8221;+&#8221; image_1_rotate=&#8221;none&#8221; image_1_animation=&#8221;Grow In&#8221; image_1_box_shadow=&#8221;none&#8221; image_2_url=&#8221;18139&#8243; image_2_offset_x_sign=&#8221;+&#8221; image_2_offset_x=&#8221;25%&#8221; image_2_offset_y_sign=&#8221;+&#8221; image_2_offset_y=&#8221;30%&#8221; image_2_rotate_sign=&#8221;+&#8221; image_2_rotate=&#8221;none&#8221; image_2_animation=&#8221;Grow In&#8221; image_2_box_shadow=&#8221;none&#8221; image_3_url=&#8221;18132&#8243; image_3_offset_x_sign=&#8221;-&#8221; image_3_offset_x=&#8221;15%&#8221; image_3_offset_y_sign=&#8221;-&#8221; image_3_offset_y=&#8221;30%&#8221; image_3_rotate_sign=&#8221;+&#8221; image_3_rotate=&#8221;none&#8221; image_3_animation=&#8221;Grow In&#8221; image_3_box_shadow=&#8221;x_large_depth&#8221; image_4_offset_x_sign=&#8221;+&#8221; image_4_offset_x=&#8221;0%&#8221; image_4_offset_y_sign=&#8221;+&#8221; image_4_offset_y=&#8221;0%&#8221; image_4_rotate_sign=&#8221;+&#8221; image_4_rotate=&#8221;none&#8221; image_4_animation=&#8221;Fade In&#8221; image_4_box_shadow=&#8221;none&#8221; border_radius=&#8221;none&#8221;][\/vc_column_inner][\/vc_row_inner][\/vc_column][\/vc_row][vc_row type=&#8221;in_container&#8221; full_screen_row_position=&#8221;middle&#8221; scene_position=&#8221;center&#8221; text_color=&#8221;dark&#8221; text_align=&#8221;left&#8221; overlay_strength=&#8221;0.3&#8243; shape_divider_position=&#8221;bottom&#8221;][vc_column column_padding=&#8221;no-extra-padding&#8221; column_padding_position=&#8221;all&#8221; background_color_opacity=&#8221;1&#8243; background_hover_color_opacity=&#8221;1&#8243; column_link_target=&#8221;_self&#8221; column_shadow=&#8221;none&#8221; column_border_radius=&#8221;none&#8221; width=&#8221;1\/1&#8243; tablet_width_inherit=&#8221;default&#8221; tablet_text_alignment=&#8221;default&#8221; phone_text_alignment=&#8221;default&#8221; column_border_width=&#8221;none&#8221; column_border_style=&#8221;solid&#8221;][split_line_heading]\n<h2>Ventajas del sistema<\/h2>\n<p style=\"text-align: justify;\"><strong>Servicio y rapidez<\/strong>: Posibilidad de realizar cualquier tinte, barniz o efecto decorativo para la madera de una forma r\u00e1pida.<\/p>\n<p style=\"text-align: justify;\"><strong>Constancia-permanencia y reproducci\u00f3n de color<\/strong>: Con el sistema tintom\u00e9trico nos aseguramos la constancia de repetici\u00f3n del color aun cambiando el formato del envase.<\/p>\n<p style=\"text-align: justify;\"><strong>Reducci\u00f3n de Stocks<\/strong>: Con este sistema ahorrar\u00e1s en tu negocio al reducir la inversi\u00f3n en el aprovisionamiento de los distintos colores ya que todos los colores y sistemas de barnizado para la madera son posibles de realizar c\u00f3modamente y en el mismo momento , esto hace que se tenga menos inversi\u00f3n en stocks, consiguiendo mucha mayor flexibilidad .<\/p>\n<p style=\"text-align: justify;\"><strong>Gran variedad de productos<\/strong>: Un sistema capaz de hacer tintes al disolvente e hidroalcoh\u00f3licos, pasando por selladores y acabados pigmentados y terminando con p\u00e1tinas, glaseadores y entonadores.<\/p>\n<p style=\"text-align: justify;\"><strong>Gran cantidad de cartas de colores<\/strong>: podemos fabricar una \u00a0gran cantidad de cartas de colores, RAL, NCS, Nova 720, \u00a0tambi\u00e9n nos permite introducir online \u00a0y modificar las f\u00f3rmulas en relaci\u00f3n a las muestras de cualquier fabricante bien sea de mobiliario o carpinter\u00eda arquitect\u00f3nica .<\/p>\n<p style=\"text-align: justify;\">Como complemento se puede adaptar un color\u00edmetro con el que se puede medir el color de la muestra del cliente y averiguar cu\u00e1l es el color del sistema que m\u00e1s se aproxima a la muestra, el objetivo es rapidez y eficiencia en dar una respuesta al mercado colombiano.<\/p>\n<p style=\"text-align: justify;\"><strong>Asesoramiento t\u00e9cnico continuado<\/strong>.<\/p>\n<p style=\"text-align: justify;\">La compra de este sistema (m\u00e1quina) lo puede hacer \u00a0cualquier fabricante grande si lo precisa , \u00a0de este modo conseguiremos una mayor cercan\u00eda online en toda Colombia , p\u00eddanos presupuesto en Valresa Colombia.<\/p>\n[\/split_line_heading][nectar_btn size=&#8221;large&#8221; open_new_tab=&#8221;true&#8221; button_style=&#8221;regular&#8221; button_color_2=&#8221;Accent-Color&#8221; icon_family=&#8221;none&#8221; url=&#8221;https:\/\/pruebasnitorlack.com\/co\/valresa-colombia\/&#8221; text=&#8221;SOLICITAR INFORMACI\u00d3N&#8221; margin_bottom=&#8221;50&#8243;][\/vc_column][\/vc_row]\n","protected":false},"excerpt":{"rendered":"<p>[vc_column column_padding=&#8221;no-extra-padding&#8221; column_padding_position=&#8221;all&#8221; background_color_opacity=&#8221;1&#8243; background_hover_color_opacity=&#8221;1&#8243; column_link_target=&#8221;_self&#8221; column_shadow=&#8221;none&#8221; column_border_radius=&#8221;none&#8221; width=&#8221;1\/2&#8243; tablet_width_inherit=&#8221;default&#8221; tablet_text_alignment=&#8221;default&#8221; phone_text_alignment=&#8221;default&#8221; column_border_width=&#8221;none&#8221; column_border_style=&#8221;solid&#8221;][\/vc_column][vc_row type=&#8221;full_width_background&#8221; full_screen_row_position=&#8221;middle&#8221; scene_position=&#8221;center&#8221; text_color=&#8221;dark&#8221; text_align=&#8221;left&#8221; top_padding=&#8221;10%&#8221; bottom_padding=&#8221;10%&#8221; overlay_strength=&#8221;0.3&#8243; shape_divider_position=&#8221;bottom&#8221;][vc_column column_padding=&#8221;no-extra-padding&#8221; column_padding_position=&#8221;all&#8221; background_color_opacity=&#8221;1&#8243; background_hover_color_opacity=&#8221;1&#8243; column_link_target=&#8221;_self&#8221; column_shadow=&#8221;none&#8221; column_border_radius=&#8221;none&#8221;&#8230;<\/p>\n","protected":false},"author":1,"featured_media":0,"parent":0,"menu_order":0,"comment_status":"closed","ping_status":"closed","template":"","meta":{"_joinchat":[],"footnotes":""},"class_list":["post-17738","page","type-page","status-publish"],"yoast_head":"<!-- This site is optimized with the Yoast SEO plugin v27.4 - https:\/\/yoast.com\/product\/yoast-seo-wordpress\/ -->\n<title>SISTEMA COLORIMETR\u00cdA ACS - Valresa.com<\/title>\n<meta name=\"description\" content=\"Barnices Pigmentados de Poliuretano, nitrocelulosicos, poliester y acusosos. Posiblidad de fabricar Tintes transparentes al disolvente, hidroalcoholicos y al agua\" \/>\n<meta name=\"robots\" content=\"noindex, follow, max-snippet:-1, max-image-preview:large, max-video-preview:-1\" \/>\n<meta property=\"og:locale\" content=\"es_ES\" \/>\n<meta property=\"og:type\" content=\"article\" \/>\n<meta property=\"og:title\" content=\"SISTEMA COLORIMETR\u00cdA ACS - Valresa.com\" \/>\n<meta property=\"og:description\" content=\"Barnices Pigmentados de Poliuretano, nitrocelulosicos, poliester y acusosos. Posiblidad de fabricar Tintes transparentes al disolvente, hidroalcoholicos y al agua\" \/>\n<meta property=\"og:url\" content=\"https:\/\/pruebasnitorlack.com\/co\/sistema-colorimetria\/\" \/>\n<meta property=\"og:site_name\" content=\"VALRESA\" \/>\n<meta property=\"article:publisher\" content=\"https:\/\/www.facebook.com\/valresacoatings\/\" \/>\n<meta property=\"article:modified_time\" content=\"2020-07-31T06:12:58+00:00\" \/>\n<meta name=\"twitter:card\" content=\"summary_large_image\" \/>\n<meta name=\"twitter:label1\" content=\"Tiempo de lectura\" \/>\n\t<meta name=\"twitter:data1\" content=\"4 minutos\" \/>\n<script type=\"application\/ld+json\" class=\"yoast-schema-graph\">{\"@context\":\"https:\\\/\\\/schema.org\",\"@graph\":[{\"@type\":\"WebPage\",\"@id\":\"https:\\\/\\\/pruebasnitorlack.com\\\/co\\\/sistema-colorimetria\\\/\",\"url\":\"https:\\\/\\\/pruebasnitorlack.com\\\/co\\\/sistema-colorimetria\\\/\",\"name\":\"SISTEMA COLORIMETR\u00cdA ACS - Valresa.com\",\"isPartOf\":{\"@id\":\"https:\\\/\\\/pruebasnitorlack.com\\\/co\\\/#website\"},\"datePublished\":\"2016-04-13T14:29:40+00:00\",\"dateModified\":\"2020-07-31T06:12:58+00:00\",\"description\":\"Barnices Pigmentados de Poliuretano, nitrocelulosicos, poliester y acusosos. Posiblidad de fabricar Tintes transparentes al disolvente, hidroalcoholicos y al agua\",\"breadcrumb\":{\"@id\":\"https:\\\/\\\/pruebasnitorlack.com\\\/co\\\/sistema-colorimetria\\\/#breadcrumb\"},\"inLanguage\":\"es-CO\",\"potentialAction\":[{\"@type\":\"ReadAction\",\"target\":[\"https:\\\/\\\/pruebasnitorlack.com\\\/co\\\/sistema-colorimetria\\\/\"]}]},{\"@type\":\"BreadcrumbList\",\"@id\":\"https:\\\/\\\/pruebasnitorlack.com\\\/co\\\/sistema-colorimetria\\\/#breadcrumb\",\"itemListElement\":[{\"@type\":\"ListItem\",\"position\":1,\"name\":\"Portada\",\"item\":\"https:\\\/\\\/pruebasnitorlack.com\\\/co\\\/\"},{\"@type\":\"ListItem\",\"position\":2,\"name\":\"SISTEMA COLORIMETR\u00cdA ACS\"}]},{\"@type\":\"WebSite\",\"@id\":\"https:\\\/\\\/pruebasnitorlack.com\\\/co\\\/#website\",\"url\":\"https:\\\/\\\/pruebasnitorlack.com\\\/co\\\/\",\"name\":\"VALRESA\",\"description\":\"Barnices y pinturas para la madera\",\"potentialAction\":[{\"@type\":\"SearchAction\",\"target\":{\"@type\":\"EntryPoint\",\"urlTemplate\":\"https:\\\/\\\/pruebasnitorlack.com\\\/co\\\/?s={search_term_string}\"},\"query-input\":{\"@type\":\"PropertyValueSpecification\",\"valueRequired\":true,\"valueName\":\"search_term_string\"}}],\"inLanguage\":\"es-CO\"}]}<\/script>\n<!-- \/ Yoast SEO plugin. -->","yoast_head_json":{"title":"SISTEMA COLORIMETR\u00cdA ACS - Valresa.com","description":"Barnices Pigmentados de Poliuretano, nitrocelulosicos, poliester y acusosos. Posiblidad de fabricar Tintes transparentes al disolvente, hidroalcoholicos y al agua","robots":{"index":"noindex","follow":"follow","max-snippet":"max-snippet:-1","max-image-preview":"max-image-preview:large","max-video-preview":"max-video-preview:-1"},"og_locale":"es_ES","og_type":"article","og_title":"SISTEMA COLORIMETR\u00cdA ACS - Valresa.com","og_description":"Barnices Pigmentados de Poliuretano, nitrocelulosicos, poliester y acusosos. Posiblidad de fabricar Tintes transparentes al disolvente, hidroalcoholicos y al agua","og_url":"https:\/\/pruebasnitorlack.com\/co\/sistema-colorimetria\/","og_site_name":"VALRESA","article_publisher":"https:\/\/www.facebook.com\/valresacoatings\/","article_modified_time":"2020-07-31T06:12:58+00:00","twitter_card":"summary_large_image","twitter_misc":{"Tiempo de lectura":"4 minutos"},"schema":{"@context":"https:\/\/schema.org","@graph":[{"@type":"WebPage","@id":"https:\/\/pruebasnitorlack.com\/co\/sistema-colorimetria\/","url":"https:\/\/pruebasnitorlack.com\/co\/sistema-colorimetria\/","name":"SISTEMA COLORIMETR\u00cdA ACS - Valresa.com","isPartOf":{"@id":"https:\/\/pruebasnitorlack.com\/co\/#website"},"datePublished":"2016-04-13T14:29:40+00:00","dateModified":"2020-07-31T06:12:58+00:00","description":"Barnices Pigmentados de Poliuretano, nitrocelulosicos, poliester y acusosos. Posiblidad de fabricar Tintes transparentes al disolvente, hidroalcoholicos y al agua","breadcrumb":{"@id":"https:\/\/pruebasnitorlack.com\/co\/sistema-colorimetria\/#breadcrumb"},"inLanguage":"es-CO","potentialAction":[{"@type":"ReadAction","target":["https:\/\/pruebasnitorlack.com\/co\/sistema-colorimetria\/"]}]},{"@type":"BreadcrumbList","@id":"https:\/\/pruebasnitorlack.com\/co\/sistema-colorimetria\/#breadcrumb","itemListElement":[{"@type":"ListItem","position":1,"name":"Portada","item":"https:\/\/pruebasnitorlack.com\/co\/"},{"@type":"ListItem","position":2,"name":"SISTEMA COLORIMETR\u00cdA ACS"}]},{"@type":"WebSite","@id":"https:\/\/pruebasnitorlack.com\/co\/#website","url":"https:\/\/pruebasnitorlack.com\/co\/","name":"VALRESA","description":"Barnices y pinturas para la madera","potentialAction":[{"@type":"SearchAction","target":{"@type":"EntryPoint","urlTemplate":"https:\/\/pruebasnitorlack.com\/co\/?s={search_term_string}"},"query-input":{"@type":"PropertyValueSpecification","valueRequired":true,"valueName":"search_term_string"}}],"inLanguage":"es-CO"}]}},"_links":{"self":[{"href":"https:\/\/pruebasnitorlack.com\/co\/wp-json\/wp\/v2\/pages\/17738","targetHints":{"allow":["GET"]}}],"collection":[{"href":"https:\/\/pruebasnitorlack.com\/co\/wp-json\/wp\/v2\/pages"}],"about":[{"href":"https:\/\/pruebasnitorlack.com\/co\/wp-json\/wp\/v2\/types\/page"}],"author":[{"embeddable":true,"href":"https:\/\/pruebasnitorlack.com\/co\/wp-json\/wp\/v2\/users\/1"}],"replies":[{"embeddable":true,"href":"https:\/\/pruebasnitorlack.com\/co\/wp-json\/wp\/v2\/comments?post=17738"}],"version-history":[{"count":0,"href":"https:\/\/pruebasnitorlack.com\/co\/wp-json\/wp\/v2\/pages\/17738\/revisions"}],"wp:attachment":[{"href":"https:\/\/pruebasnitorlack.com\/co\/wp-json\/wp\/v2\/media?parent=17738"}],"curies":[{"name":"wp","href":"https:\/\/api.w.org\/{rel}","templated":true}]}}