{"id":17696,"date":"2016-07-19T14:27:50","date_gmt":"2016-07-19T14:27:50","guid":{"rendered":"https:\/\/pruebasnitorlack.com\/pintura-en-polvo\/pintura-en-polvo-especiales\/"},"modified":"2020-07-22T05:43:37","modified_gmt":"2020-07-22T05:43:37","slug":"pintura-en-polvo-especiales","status":"publish","type":"page","link":"https:\/\/pruebasnitorlack.com\/co\/pintura-en-polvo\/pintura-en-polvo-especiales\/","title":{"rendered":"ESPECIALES"},"content":{"rendered":"[vc_row type=&#8221;in_container&#8221; full_screen_row_position=&#8221;middle&#8221; scene_position=&#8221;center&#8221; text_color=&#8221;dark&#8221; text_align=&#8221;left&#8221; overlay_strength=&#8221;0.3&#8243; shape_divider_position=&#8221;bottom&#8221;][vc_column centered_text=&#8221;true&#8221; column_padding=&#8221;no-extra-padding&#8221; column_padding_position=&#8221;all&#8221; background_color_opacity=&#8221;1&#8243; background_hover_color_opacity=&#8221;1&#8243; column_link_target=&#8221;_self&#8221; column_shadow=&#8221;none&#8221; column_border_radius=&#8221;none&#8221; top_margin=&#8221;50&#8243; width=&#8221;1\/1&#8243; tablet_width_inherit=&#8221;default&#8221; tablet_text_alignment=&#8221;default&#8221; phone_text_alignment=&#8221;default&#8221; column_border_width=&#8221;none&#8221; column_border_style=&#8221;solid&#8221;][nectar_btn size=&#8221;large&#8221; open_new_tab=&#8221;true&#8221; button_style=&#8221;regular&#8221; button_color_2=&#8221;Accent-Color&#8221; icon_family=&#8221;none&#8221; url=&#8221;https:\/\/shop.valresa.com\/&#8221; text=&#8221;COMPRAR ONLINE&#8221;][\/vc_column][\/vc_row][vc_row type=&#8221;in_container&#8221; full_screen_row_position=&#8221;middle&#8221; scene_position=&#8221;center&#8221; text_color=&#8221;dark&#8221; text_align=&#8221;left&#8221; overlay_strength=&#8221;0.3&#8243; shape_divider_position=&#8221;bottom&#8221;][vc_column column_padding=&#8221;no-extra-padding&#8221; column_padding_position=&#8221;all&#8221; background_color_opacity=&#8221;1&#8243; background_hover_color_opacity=&#8221;1&#8243; column_link_target=&#8221;_self&#8221; column_shadow=&#8221;none&#8221; column_border_radius=&#8221;none&#8221; width=&#8221;1\/1&#8243; tablet_width_inherit=&#8221;default&#8221; tablet_text_alignment=&#8221;default&#8221; phone_text_alignment=&#8221;default&#8221; column_border_width=&#8221;none&#8221; column_border_style=&#8221;solid&#8221;][vc_column_text css=&#8221;.vc_custom_1595396608471{margin-top: 40px !important;}&#8221;]\n<h4><strong>Antibacterias<\/strong><\/h4>\n<p>Los recubrimientos en polvo Antibacterias de IBA impiden la propagaci\u00f3n de microorganismos peligrosos y suprimen el crecimiento de moho y bacterias.<\/p>\n<p>La actividad antibacteriana se examin\u00f3 y homolog\u00f3 de acuerdo con la norma japonesa JIS Z 2801.<\/p>\n<p>Acabados antibacterianos est\u00e1n disponibles en toda nuestra gama de acabados, Epoxi; Epoxi-Poli\u00e9ster, Poli\u00e9ster y Poliuretano<\/p>\n<h4><strong>Cromo Premium<\/strong><\/h4>\n<p>Recubrimiento en polvo que imita perfectamente el brillo y acabado metalizado de una superficie cromatizada, aportando un acabado excelente.<\/p>\n<p>Se requiere la utilizaci\u00f3n de un recubrimiento transparente para evitar cualquier da\u00f1o causado por el rozamiento o manejo de la pieza pintada.<\/p>\n<h4><strong>EE56 Antical\u00f3rica 330\u00baC<\/strong><\/h4>\n<p>Recubrimiento en polvo basado en resinas de alta funcionalidad y endurecedores espec\u00edficos, como acabado, aporta una alta resistencia t\u00e9rmica.<\/p>\n<p>EE56, resiste a una continuada exposici\u00f3n a altas temperaturas, 330\u00baC<\/p>\n<p>EE56 Est\u00e1 homologado por FDA. Puede estar en contacto con alimentos.<\/p>\n<h4><strong>EE59 MDF<\/strong><\/h4>\n<p>Recubrimiento en polvo basado en resinas epoxidicas de muy alta reactividad, aporta un acabado decorativo con buena resistencia qu\u00edmica, adecuado para ser utilizado en sustratos termo sensibles (MDF).<\/p>\n<p>Dispone de una multitud de usos sobre una amplia variedad de sustratos met\u00e1licos y termo sensibles.<\/p>\n<h4><strong>SL54 Antical\u00f3rica 500\u00baC<\/strong><\/h4>\n<p>Recubrimiento en polvo basado en resinas de silicona. El recubrimiento conseguido despu\u00e9s de su polimerizado aporta una muy alta resistencia t\u00e9rmica.SL-54.<\/p>\n<p>Permanece inalterable despu\u00e9s de una exposici\u00f3n continuada a temperaturas superiores a 500\u00baC<\/p>\n<h4><strong>Sistema Bonding<\/strong><\/h4>\n<p>Est\u00e1n fabricados con una perfecta incorporaci\u00f3n de los pigmentos met\u00e1licos, optimizando su reciclabilidad y su aplicaci\u00f3n. No existe separaci\u00f3n del pigmento met\u00e1lico en la aplicaci\u00f3n de la pintura, mayor consistencia en la uniformidad de color y efecto metalizado, menor aglomeraci\u00f3n de part\u00edculas met\u00e1licas en las boquillas de los equipos de aplicaci\u00f3n.<\/p>\n<p>Los acabados met\u00e1licos bonderizados est\u00e1n disponibles en cualquier gama de productos, Epoxi, Epoxi Poli\u00e9ster, Poli\u00e9ster y Poliuretano[\/vc_column_text][\/vc_column][\/vc_row][vc_row type=&#8221;in_container&#8221; full_screen_row_position=&#8221;middle&#8221; scene_position=&#8221;center&#8221; text_color=&#8221;dark&#8221; text_align=&#8221;left&#8221; overlay_strength=&#8221;0.3&#8243; shape_divider_position=&#8221;bottom&#8221;][vc_column enable_animation=&#8221;true&#8221; animation=&#8221;fade-in-from-left&#8221; column_padding=&#8221;no-extra-padding&#8221; column_padding_position=&#8221;all&#8221; background_color_opacity=&#8221;1&#8243; background_hover_color_opacity=&#8221;1&#8243; background_image=&#8221;9354&#8243; enable_bg_scale=&#8221;true&#8221; column_link_target=&#8221;_self&#8221; column_shadow=&#8221;none&#8221; column_border_radius=&#8221;none&#8221; top_margin=&#8221;40&#8243; width=&#8221;1\/1&#8243; tablet_width_inherit=&#8221;default&#8221; tablet_text_alignment=&#8221;default&#8221; phone_text_alignment=&#8221;default&#8221; column_border_width=&#8221;none&#8221; column_border_style=&#8221;solid&#8221;][divider line_type=&#8221;No Line&#8221; custom_height=&#8221;300&#8243;][\/vc_column][\/vc_row][vc_row type=&#8221;in_container&#8221; full_screen_row_position=&#8221;middle&#8221; scene_position=&#8221;center&#8221; text_color=&#8221;dark&#8221; text_align=&#8221;left&#8221; overlay_strength=&#8221;0.3&#8243; shape_divider_position=&#8221;bottom&#8221;][vc_column column_padding=&#8221;no-extra-padding&#8221; column_padding_position=&#8221;all&#8221; background_color_opacity=&#8221;1&#8243; background_hover_color_opacity=&#8221;1&#8243; column_link_target=&#8221;_self&#8221; column_shadow=&#8221;none&#8221; column_border_radius=&#8221;none&#8221; width=&#8221;1\/1&#8243; tablet_width_inherit=&#8221;default&#8221; tablet_text_alignment=&#8221;default&#8221; phone_text_alignment=&#8221;default&#8221; column_border_width=&#8221;none&#8221; column_border_style=&#8221;solid&#8221;][vc_column_text]\n[\/vc_column_text][\/vc_column][\/vc_row]\n","protected":false},"excerpt":{"rendered":"<p>[vc_row type=&#8221;in_container&#8221; full_screen_row_position=&#8221;middle&#8221; scene_position=&#8221;center&#8221; text_color=&#8221;dark&#8221; text_align=&#8221;left&#8221; overlay_strength=&#8221;0.3&#8243; shape_divider_position=&#8221;bottom&#8221;][vc_column centered_text=&#8221;true&#8221; column_padding=&#8221;no-extra-padding&#8221; column_padding_position=&#8221;all&#8221; background_color_opacity=&#8221;1&#8243; background_hover_color_opacity=&#8221;1&#8243; column_link_target=&#8221;_self&#8221; column_shadow=&#8221;none&#8221; column_border_radius=&#8221;none&#8221; top_margin=&#8221;50&#8243; width=&#8221;1\/1&#8243; tablet_width_inherit=&#8221;default&#8221; tablet_text_alignment=&#8221;default&#8221; phone_text_alignment=&#8221;default&#8221; column_border_width=&#8221;none&#8221; column_border_style=&#8221;solid&#8221;][nectar_btn size=&#8221;large&#8221; open_new_tab=&#8221;true&#8221; button_style=&#8221;regular&#8221; button_color_2=&#8221;Accent-Color&#8221; icon_family=&#8221;none&#8221; url=&#8221;https:\/\/shop.valresa.com\/&#8221; text=&#8221;COMPRAR&#8230;<\/p>\n","protected":false},"author":1,"featured_media":0,"parent":17679,"menu_order":0,"comment_status":"closed","ping_status":"closed","template":"","meta":{"_joinchat":[],"footnotes":""},"class_list":["post-17696","page","type-page","status-publish"],"yoast_head":"<!-- This site is optimized with the Yoast SEO plugin v27.4 - https:\/\/yoast.com\/product\/yoast-seo-wordpress\/ -->\n<title>ESPECIALES - Valresa.com<\/title>\n<meta name=\"description\" content=\"Pintura en polvo est\u00e1n dise\u00f1adas para el recubrimiento de todo tipo de objetos que van a estar destinados para uso interior proporcionando pel\u00edculas con alta resistencia a la corrosi\u00f3n y a los agentes qu\u00edmicos\" \/>\n<meta name=\"robots\" content=\"noindex, follow, max-snippet:-1, max-image-preview:large, max-video-preview:-1\" \/>\n<meta property=\"og:locale\" content=\"es_ES\" \/>\n<meta property=\"og:type\" content=\"article\" \/>\n<meta property=\"og:title\" content=\"ESPECIALES - Valresa.com\" \/>\n<meta property=\"og:description\" content=\"Pintura en polvo est\u00e1n dise\u00f1adas para el recubrimiento de todo tipo de objetos que van a estar destinados para uso interior proporcionando pel\u00edculas con alta resistencia a la corrosi\u00f3n y a los agentes qu\u00edmicos\" \/>\n<meta property=\"og:url\" content=\"https:\/\/pruebasnitorlack.com\/co\/pintura-en-polvo\/pintura-en-polvo-especiales\/\" \/>\n<meta property=\"og:site_name\" content=\"VALRESA\" \/>\n<meta property=\"article:publisher\" content=\"https:\/\/www.facebook.com\/valresacoatings\/\" \/>\n<meta property=\"article:modified_time\" content=\"2020-07-22T05:43:37+00:00\" \/>\n<meta name=\"twitter:card\" content=\"summary_large_image\" \/>\n<meta name=\"twitter:label1\" content=\"Tiempo de lectura\" \/>\n\t<meta name=\"twitter:data1\" content=\"3 minutos\" \/>\n<script type=\"application\/ld+json\" class=\"yoast-schema-graph\">{\"@context\":\"https:\\\/\\\/schema.org\",\"@graph\":[{\"@type\":\"WebPage\",\"@id\":\"https:\\\/\\\/pruebasnitorlack.com\\\/co\\\/pintura-en-polvo\\\/pintura-en-polvo-especiales\\\/\",\"url\":\"https:\\\/\\\/pruebasnitorlack.com\\\/co\\\/pintura-en-polvo\\\/pintura-en-polvo-especiales\\\/\",\"name\":\"ESPECIALES - Valresa.com\",\"isPartOf\":{\"@id\":\"https:\\\/\\\/pruebasnitorlack.com\\\/co\\\/#website\"},\"datePublished\":\"2016-07-19T14:27:50+00:00\",\"dateModified\":\"2020-07-22T05:43:37+00:00\",\"description\":\"Pintura en polvo est\u00e1n dise\u00f1adas para el recubrimiento de todo tipo de objetos que van a estar destinados para uso interior proporcionando pel\u00edculas con alta resistencia a la corrosi\u00f3n y a los agentes qu\u00edmicos\",\"breadcrumb\":{\"@id\":\"https:\\\/\\\/pruebasnitorlack.com\\\/co\\\/pintura-en-polvo\\\/pintura-en-polvo-especiales\\\/#breadcrumb\"},\"inLanguage\":\"es-CO\",\"potentialAction\":[{\"@type\":\"ReadAction\",\"target\":[\"https:\\\/\\\/pruebasnitorlack.com\\\/co\\\/pintura-en-polvo\\\/pintura-en-polvo-especiales\\\/\"]}]},{\"@type\":\"BreadcrumbList\",\"@id\":\"https:\\\/\\\/pruebasnitorlack.com\\\/co\\\/pintura-en-polvo\\\/pintura-en-polvo-especiales\\\/#breadcrumb\",\"itemListElement\":[{\"@type\":\"ListItem\",\"position\":1,\"name\":\"Portada\",\"item\":\"https:\\\/\\\/pruebasnitorlack.com\\\/co\\\/\"},{\"@type\":\"ListItem\",\"position\":2,\"name\":\"PINTURA EN POLVO\",\"item\":\"https:\\\/\\\/pruebasnitorlack.com\\\/co\\\/pintura-en-polvo\\\/\"},{\"@type\":\"ListItem\",\"position\":3,\"name\":\"ESPECIALES\"}]},{\"@type\":\"WebSite\",\"@id\":\"https:\\\/\\\/pruebasnitorlack.com\\\/co\\\/#website\",\"url\":\"https:\\\/\\\/pruebasnitorlack.com\\\/co\\\/\",\"name\":\"VALRESA\",\"description\":\"Barnices y pinturas para la madera\",\"potentialAction\":[{\"@type\":\"SearchAction\",\"target\":{\"@type\":\"EntryPoint\",\"urlTemplate\":\"https:\\\/\\\/pruebasnitorlack.com\\\/co\\\/?s={search_term_string}\"},\"query-input\":{\"@type\":\"PropertyValueSpecification\",\"valueRequired\":true,\"valueName\":\"search_term_string\"}}],\"inLanguage\":\"es-CO\"}]}<\/script>\n<!-- \/ Yoast SEO plugin. -->","yoast_head_json":{"title":"ESPECIALES - Valresa.com","description":"Pintura en polvo est\u00e1n dise\u00f1adas para el recubrimiento de todo tipo de objetos que van a estar destinados para uso interior proporcionando pel\u00edculas con alta resistencia a la corrosi\u00f3n y a los agentes qu\u00edmicos","robots":{"index":"noindex","follow":"follow","max-snippet":"max-snippet:-1","max-image-preview":"max-image-preview:large","max-video-preview":"max-video-preview:-1"},"og_locale":"es_ES","og_type":"article","og_title":"ESPECIALES - Valresa.com","og_description":"Pintura en polvo est\u00e1n dise\u00f1adas para el recubrimiento de todo tipo de objetos que van a estar destinados para uso interior proporcionando pel\u00edculas con alta resistencia a la corrosi\u00f3n y a los agentes qu\u00edmicos","og_url":"https:\/\/pruebasnitorlack.com\/co\/pintura-en-polvo\/pintura-en-polvo-especiales\/","og_site_name":"VALRESA","article_publisher":"https:\/\/www.facebook.com\/valresacoatings\/","article_modified_time":"2020-07-22T05:43:37+00:00","twitter_card":"summary_large_image","twitter_misc":{"Tiempo de lectura":"3 minutos"},"schema":{"@context":"https:\/\/schema.org","@graph":[{"@type":"WebPage","@id":"https:\/\/pruebasnitorlack.com\/co\/pintura-en-polvo\/pintura-en-polvo-especiales\/","url":"https:\/\/pruebasnitorlack.com\/co\/pintura-en-polvo\/pintura-en-polvo-especiales\/","name":"ESPECIALES - Valresa.com","isPartOf":{"@id":"https:\/\/pruebasnitorlack.com\/co\/#website"},"datePublished":"2016-07-19T14:27:50+00:00","dateModified":"2020-07-22T05:43:37+00:00","description":"Pintura en polvo est\u00e1n dise\u00f1adas para el recubrimiento de todo tipo de objetos que van a estar destinados para uso interior proporcionando pel\u00edculas con alta resistencia a la corrosi\u00f3n y a los agentes qu\u00edmicos","breadcrumb":{"@id":"https:\/\/pruebasnitorlack.com\/co\/pintura-en-polvo\/pintura-en-polvo-especiales\/#breadcrumb"},"inLanguage":"es-CO","potentialAction":[{"@type":"ReadAction","target":["https:\/\/pruebasnitorlack.com\/co\/pintura-en-polvo\/pintura-en-polvo-especiales\/"]}]},{"@type":"BreadcrumbList","@id":"https:\/\/pruebasnitorlack.com\/co\/pintura-en-polvo\/pintura-en-polvo-especiales\/#breadcrumb","itemListElement":[{"@type":"ListItem","position":1,"name":"Portada","item":"https:\/\/pruebasnitorlack.com\/co\/"},{"@type":"ListItem","position":2,"name":"PINTURA EN POLVO","item":"https:\/\/pruebasnitorlack.com\/co\/pintura-en-polvo\/"},{"@type":"ListItem","position":3,"name":"ESPECIALES"}]},{"@type":"WebSite","@id":"https:\/\/pruebasnitorlack.com\/co\/#website","url":"https:\/\/pruebasnitorlack.com\/co\/","name":"VALRESA","description":"Barnices y pinturas para la madera","potentialAction":[{"@type":"SearchAction","target":{"@type":"EntryPoint","urlTemplate":"https:\/\/pruebasnitorlack.com\/co\/?s={search_term_string}"},"query-input":{"@type":"PropertyValueSpecification","valueRequired":true,"valueName":"search_term_string"}}],"inLanguage":"es-CO"}]}},"_links":{"self":[{"href":"https:\/\/pruebasnitorlack.com\/co\/wp-json\/wp\/v2\/pages\/17696","targetHints":{"allow":["GET"]}}],"collection":[{"href":"https:\/\/pruebasnitorlack.com\/co\/wp-json\/wp\/v2\/pages"}],"about":[{"href":"https:\/\/pruebasnitorlack.com\/co\/wp-json\/wp\/v2\/types\/page"}],"author":[{"embeddable":true,"href":"https:\/\/pruebasnitorlack.com\/co\/wp-json\/wp\/v2\/users\/1"}],"replies":[{"embeddable":true,"href":"https:\/\/pruebasnitorlack.com\/co\/wp-json\/wp\/v2\/comments?post=17696"}],"version-history":[{"count":0,"href":"https:\/\/pruebasnitorlack.com\/co\/wp-json\/wp\/v2\/pages\/17696\/revisions"}],"up":[{"embeddable":true,"href":"https:\/\/pruebasnitorlack.com\/co\/wp-json\/wp\/v2\/pages\/17679"}],"wp:attachment":[{"href":"https:\/\/pruebasnitorlack.com\/co\/wp-json\/wp\/v2\/media?parent=17696"}],"curies":[{"name":"wp","href":"https:\/\/api.w.org\/{rel}","templated":true}]}}