{"id":17694,"date":"2016-04-13T09:17:04","date_gmt":"2016-04-13T09:17:04","guid":{"rendered":"https:\/\/pruebasnitorlack.com\/pintura-en-polvo\/pintura-en-polvo-poliuretano\/"},"modified":"2020-07-22T05:40:53","modified_gmt":"2020-07-22T05:40:53","slug":"pintura-en-polvo-poliuretano","status":"publish","type":"page","link":"https:\/\/pruebasnitorlack.com\/co\/pintura-en-polvo\/pintura-en-polvo-poliuretano\/","title":{"rendered":"POLIURETANO"},"content":{"rendered":"[vc_row type=&#8221;in_container&#8221; full_screen_row_position=&#8221;middle&#8221; scene_position=&#8221;center&#8221; text_color=&#8221;dark&#8221; text_align=&#8221;left&#8221; overlay_strength=&#8221;0.3&#8243; shape_divider_position=&#8221;bottom&#8221;][vc_column centered_text=&#8221;true&#8221; column_padding=&#8221;no-extra-padding&#8221; column_padding_position=&#8221;all&#8221; background_color_opacity=&#8221;1&#8243; background_hover_color_opacity=&#8221;1&#8243; column_link_target=&#8221;_self&#8221; column_shadow=&#8221;none&#8221; column_border_radius=&#8221;none&#8221; top_margin=&#8221;50&#8243; width=&#8221;1\/1&#8243; tablet_width_inherit=&#8221;default&#8221; tablet_text_alignment=&#8221;default&#8221; phone_text_alignment=&#8221;default&#8221; column_border_width=&#8221;none&#8221; column_border_style=&#8221;solid&#8221;][nectar_btn size=&#8221;large&#8221; open_new_tab=&#8221;true&#8221; button_style=&#8221;regular&#8221; button_color_2=&#8221;Accent-Color&#8221; icon_family=&#8221;none&#8221; url=&#8221;https:\/\/shop.valresa.com\/&#8221; text=&#8221;COMPRAR ONLINE&#8221;][\/vc_column][\/vc_row][vc_row type=&#8221;in_container&#8221; full_screen_row_position=&#8221;middle&#8221; scene_position=&#8221;center&#8221; text_color=&#8221;dark&#8221; text_align=&#8221;left&#8221; overlay_strength=&#8221;0.3&#8243; shape_divider_position=&#8221;bottom&#8221;][vc_column column_padding=&#8221;no-extra-padding&#8221; column_padding_position=&#8221;all&#8221; background_color_opacity=&#8221;1&#8243; background_hover_color_opacity=&#8221;1&#8243; column_link_target=&#8221;_self&#8221; column_shadow=&#8221;none&#8221; column_border_radius=&#8221;none&#8221; width=&#8221;1\/1&#8243; tablet_width_inherit=&#8221;default&#8221; tablet_text_alignment=&#8221;default&#8221; phone_text_alignment=&#8221;default&#8221; column_border_width=&#8221;none&#8221; column_border_style=&#8221;solid&#8221;][vc_column_text css=&#8221;.vc_custom_1595396443312{margin-top: 40px !important;}&#8221;]Recubrimiento en polvo termo endurecible formulado a base de resinas de poli\u00e9ster saturado hidroxilado.\u00a0Dise\u00f1adas para la aplicaci\u00f3n de todo tipo de metales incluidos el acero y el aluminio.<\/p>\n<p>Destaca por su excelente acabado proporcionando la m\u00e1xima resistencia qu\u00edmica y f\u00edsica, dise\u00f1ado para soportar la m\u00e1xima solidez del color y brillo a la radiaci\u00f3n U.V.\u00a0Por su excelente resistencia qu\u00edmica, muy apropiado para aplicaciones anti-grafiti, mobiliario urbano, contenedores de residuos, transportes, vallas publicitarias, cabinas de tel\u00e9fono y donde se requiera una excelente resistencia qu\u00edmica en general.<\/p>\n<p>Est\u00e1 disponible en todos los colores de la carta RAL y con grados de brillo comprendidos entre 20 \u2014 95.<\/p>\n<h4><strong>\u00c1reas de aplicaci\u00f3n<\/strong><\/h4>\n<p>Por su excelente resistencia qu\u00edmica, muy apropiado para aplicaciones anti-grafiti, mobiliario urbano, contenedores de residuos, transportes, vallas publicitarias, cabinas de tel\u00e9fono y donde se requiera una excelente resistencia qu\u00edmica en general.[\/vc_column_text][\/vc_column][\/vc_row][vc_row type=&#8221;in_container&#8221; full_screen_row_position=&#8221;middle&#8221; scene_position=&#8221;center&#8221; text_color=&#8221;dark&#8221; text_align=&#8221;left&#8221; overlay_strength=&#8221;0.3&#8243; shape_divider_position=&#8221;bottom&#8221;][vc_column enable_animation=&#8221;true&#8221; animation=&#8221;fade-in-from-left&#8221; column_padding=&#8221;no-extra-padding&#8221; column_padding_position=&#8221;all&#8221; background_color_opacity=&#8221;1&#8243; background_hover_color_opacity=&#8221;1&#8243; background_image=&#8221;9354&#8243; enable_bg_scale=&#8221;true&#8221; column_link_target=&#8221;_self&#8221; column_shadow=&#8221;none&#8221; column_border_radius=&#8221;none&#8221; top_margin=&#8221;40&#8243; width=&#8221;1\/1&#8243; tablet_width_inherit=&#8221;default&#8221; tablet_text_alignment=&#8221;default&#8221; phone_text_alignment=&#8221;default&#8221; column_border_width=&#8221;none&#8221; column_border_style=&#8221;solid&#8221;][divider line_type=&#8221;No Line&#8221; custom_height=&#8221;300&#8243;][\/vc_column][\/vc_row][vc_row type=&#8221;in_container&#8221; full_screen_row_position=&#8221;middle&#8221; scene_position=&#8221;center&#8221; text_color=&#8221;dark&#8221; text_align=&#8221;left&#8221; overlay_strength=&#8221;0.3&#8243; shape_divider_position=&#8221;bottom&#8221;][vc_column column_padding=&#8221;no-extra-padding&#8221; column_padding_position=&#8221;all&#8221; background_color_opacity=&#8221;1&#8243; background_hover_color_opacity=&#8221;1&#8243; column_link_target=&#8221;_self&#8221; column_shadow=&#8221;none&#8221; column_border_radius=&#8221;none&#8221; width=&#8221;1\/1&#8243; tablet_width_inherit=&#8221;default&#8221; tablet_text_alignment=&#8221;default&#8221; phone_text_alignment=&#8221;default&#8221; column_border_width=&#8221;none&#8221; column_border_style=&#8221;solid&#8221;][vc_column_text]\n<div><\/div>\n<div><\/div>\n[\/vc_column_text][\/vc_column][\/vc_row]\n","protected":false},"excerpt":{"rendered":"<p>[vc_row type=&#8221;in_container&#8221; full_screen_row_position=&#8221;middle&#8221; scene_position=&#8221;center&#8221; text_color=&#8221;dark&#8221; text_align=&#8221;left&#8221; overlay_strength=&#8221;0.3&#8243; shape_divider_position=&#8221;bottom&#8221;][vc_column centered_text=&#8221;true&#8221; column_padding=&#8221;no-extra-padding&#8221; column_padding_position=&#8221;all&#8221; background_color_opacity=&#8221;1&#8243; background_hover_color_opacity=&#8221;1&#8243; column_link_target=&#8221;_self&#8221; column_shadow=&#8221;none&#8221; column_border_radius=&#8221;none&#8221; top_margin=&#8221;50&#8243; width=&#8221;1\/1&#8243; tablet_width_inherit=&#8221;default&#8221; tablet_text_alignment=&#8221;default&#8221; phone_text_alignment=&#8221;default&#8221; column_border_width=&#8221;none&#8221; column_border_style=&#8221;solid&#8221;][nectar_btn size=&#8221;large&#8221; open_new_tab=&#8221;true&#8221; button_style=&#8221;regular&#8221; button_color_2=&#8221;Accent-Color&#8221; icon_family=&#8221;none&#8221; url=&#8221;https:\/\/shop.valresa.com\/&#8221; text=&#8221;COMPRAR&#8230;<\/p>\n","protected":false},"author":1,"featured_media":0,"parent":17679,"menu_order":0,"comment_status":"closed","ping_status":"closed","template":"","meta":{"_joinchat":[],"footnotes":""},"class_list":["post-17694","page","type-page","status-publish"],"yoast_head":"<!-- This site is optimized with the Yoast SEO plugin v27.4 - https:\/\/yoast.com\/product\/yoast-seo-wordpress\/ -->\n<title>POLIURETANO - Valresa.com<\/title>\n<meta name=\"description\" content=\"Pintura en polvo termoendurecible formulado a base de resinas de poli\u00e9ster saturado hidroxilado. Dise\u00f1adas para la aplicaci\u00f3n de todo tipo de metales incluidos el acero y el aluminio.\" \/>\n<meta name=\"robots\" content=\"noindex, follow, max-snippet:-1, max-image-preview:large, max-video-preview:-1\" \/>\n<meta property=\"og:locale\" content=\"es_ES\" \/>\n<meta property=\"og:type\" content=\"article\" \/>\n<meta property=\"og:title\" content=\"POLIURETANO - Valresa.com\" \/>\n<meta property=\"og:description\" content=\"Pintura en polvo termoendurecible formulado a base de resinas de poli\u00e9ster saturado hidroxilado. Dise\u00f1adas para la aplicaci\u00f3n de todo tipo de metales incluidos el acero y el aluminio.\" \/>\n<meta property=\"og:url\" content=\"https:\/\/pruebasnitorlack.com\/co\/pintura-en-polvo\/pintura-en-polvo-poliuretano\/\" \/>\n<meta property=\"og:site_name\" content=\"VALRESA\" \/>\n<meta property=\"article:publisher\" content=\"https:\/\/www.facebook.com\/valresacoatings\/\" \/>\n<meta property=\"article:modified_time\" content=\"2020-07-22T05:40:53+00:00\" \/>\n<meta name=\"twitter:card\" content=\"summary_large_image\" \/>\n<meta name=\"twitter:label1\" content=\"Tiempo de lectura\" \/>\n\t<meta name=\"twitter:data1\" content=\"3 minutos\" \/>\n<script type=\"application\/ld+json\" class=\"yoast-schema-graph\">{\"@context\":\"https:\\\/\\\/schema.org\",\"@graph\":[{\"@type\":\"WebPage\",\"@id\":\"https:\\\/\\\/pruebasnitorlack.com\\\/co\\\/pintura-en-polvo\\\/pintura-en-polvo-poliuretano\\\/\",\"url\":\"https:\\\/\\\/pruebasnitorlack.com\\\/co\\\/pintura-en-polvo\\\/pintura-en-polvo-poliuretano\\\/\",\"name\":\"POLIURETANO - Valresa.com\",\"isPartOf\":{\"@id\":\"https:\\\/\\\/pruebasnitorlack.com\\\/co\\\/#website\"},\"datePublished\":\"2016-04-13T09:17:04+00:00\",\"dateModified\":\"2020-07-22T05:40:53+00:00\",\"description\":\"Pintura en polvo termoendurecible formulado a base de resinas de poli\u00e9ster saturado hidroxilado. Dise\u00f1adas para la aplicaci\u00f3n de todo tipo de metales incluidos el acero y el aluminio.\",\"breadcrumb\":{\"@id\":\"https:\\\/\\\/pruebasnitorlack.com\\\/co\\\/pintura-en-polvo\\\/pintura-en-polvo-poliuretano\\\/#breadcrumb\"},\"inLanguage\":\"es-CO\",\"potentialAction\":[{\"@type\":\"ReadAction\",\"target\":[\"https:\\\/\\\/pruebasnitorlack.com\\\/co\\\/pintura-en-polvo\\\/pintura-en-polvo-poliuretano\\\/\"]}]},{\"@type\":\"BreadcrumbList\",\"@id\":\"https:\\\/\\\/pruebasnitorlack.com\\\/co\\\/pintura-en-polvo\\\/pintura-en-polvo-poliuretano\\\/#breadcrumb\",\"itemListElement\":[{\"@type\":\"ListItem\",\"position\":1,\"name\":\"Portada\",\"item\":\"https:\\\/\\\/pruebasnitorlack.com\\\/co\\\/\"},{\"@type\":\"ListItem\",\"position\":2,\"name\":\"PINTURA EN POLVO\",\"item\":\"https:\\\/\\\/pruebasnitorlack.com\\\/co\\\/pintura-en-polvo\\\/\"},{\"@type\":\"ListItem\",\"position\":3,\"name\":\"POLIURETANO\"}]},{\"@type\":\"WebSite\",\"@id\":\"https:\\\/\\\/pruebasnitorlack.com\\\/co\\\/#website\",\"url\":\"https:\\\/\\\/pruebasnitorlack.com\\\/co\\\/\",\"name\":\"VALRESA\",\"description\":\"Barnices y pinturas para la madera\",\"potentialAction\":[{\"@type\":\"SearchAction\",\"target\":{\"@type\":\"EntryPoint\",\"urlTemplate\":\"https:\\\/\\\/pruebasnitorlack.com\\\/co\\\/?s={search_term_string}\"},\"query-input\":{\"@type\":\"PropertyValueSpecification\",\"valueRequired\":true,\"valueName\":\"search_term_string\"}}],\"inLanguage\":\"es-CO\"}]}<\/script>\n<!-- \/ Yoast SEO plugin. -->","yoast_head_json":{"title":"POLIURETANO - Valresa.com","description":"Pintura en polvo termoendurecible formulado a base de resinas de poli\u00e9ster saturado hidroxilado. Dise\u00f1adas para la aplicaci\u00f3n de todo tipo de metales incluidos el acero y el aluminio.","robots":{"index":"noindex","follow":"follow","max-snippet":"max-snippet:-1","max-image-preview":"max-image-preview:large","max-video-preview":"max-video-preview:-1"},"og_locale":"es_ES","og_type":"article","og_title":"POLIURETANO - Valresa.com","og_description":"Pintura en polvo termoendurecible formulado a base de resinas de poli\u00e9ster saturado hidroxilado. Dise\u00f1adas para la aplicaci\u00f3n de todo tipo de metales incluidos el acero y el aluminio.","og_url":"https:\/\/pruebasnitorlack.com\/co\/pintura-en-polvo\/pintura-en-polvo-poliuretano\/","og_site_name":"VALRESA","article_publisher":"https:\/\/www.facebook.com\/valresacoatings\/","article_modified_time":"2020-07-22T05:40:53+00:00","twitter_card":"summary_large_image","twitter_misc":{"Tiempo de lectura":"3 minutos"},"schema":{"@context":"https:\/\/schema.org","@graph":[{"@type":"WebPage","@id":"https:\/\/pruebasnitorlack.com\/co\/pintura-en-polvo\/pintura-en-polvo-poliuretano\/","url":"https:\/\/pruebasnitorlack.com\/co\/pintura-en-polvo\/pintura-en-polvo-poliuretano\/","name":"POLIURETANO - Valresa.com","isPartOf":{"@id":"https:\/\/pruebasnitorlack.com\/co\/#website"},"datePublished":"2016-04-13T09:17:04+00:00","dateModified":"2020-07-22T05:40:53+00:00","description":"Pintura en polvo termoendurecible formulado a base de resinas de poli\u00e9ster saturado hidroxilado. Dise\u00f1adas para la aplicaci\u00f3n de todo tipo de metales incluidos el acero y el aluminio.","breadcrumb":{"@id":"https:\/\/pruebasnitorlack.com\/co\/pintura-en-polvo\/pintura-en-polvo-poliuretano\/#breadcrumb"},"inLanguage":"es-CO","potentialAction":[{"@type":"ReadAction","target":["https:\/\/pruebasnitorlack.com\/co\/pintura-en-polvo\/pintura-en-polvo-poliuretano\/"]}]},{"@type":"BreadcrumbList","@id":"https:\/\/pruebasnitorlack.com\/co\/pintura-en-polvo\/pintura-en-polvo-poliuretano\/#breadcrumb","itemListElement":[{"@type":"ListItem","position":1,"name":"Portada","item":"https:\/\/pruebasnitorlack.com\/co\/"},{"@type":"ListItem","position":2,"name":"PINTURA EN POLVO","item":"https:\/\/pruebasnitorlack.com\/co\/pintura-en-polvo\/"},{"@type":"ListItem","position":3,"name":"POLIURETANO"}]},{"@type":"WebSite","@id":"https:\/\/pruebasnitorlack.com\/co\/#website","url":"https:\/\/pruebasnitorlack.com\/co\/","name":"VALRESA","description":"Barnices y pinturas para la madera","potentialAction":[{"@type":"SearchAction","target":{"@type":"EntryPoint","urlTemplate":"https:\/\/pruebasnitorlack.com\/co\/?s={search_term_string}"},"query-input":{"@type":"PropertyValueSpecification","valueRequired":true,"valueName":"search_term_string"}}],"inLanguage":"es-CO"}]}},"_links":{"self":[{"href":"https:\/\/pruebasnitorlack.com\/co\/wp-json\/wp\/v2\/pages\/17694","targetHints":{"allow":["GET"]}}],"collection":[{"href":"https:\/\/pruebasnitorlack.com\/co\/wp-json\/wp\/v2\/pages"}],"about":[{"href":"https:\/\/pruebasnitorlack.com\/co\/wp-json\/wp\/v2\/types\/page"}],"author":[{"embeddable":true,"href":"https:\/\/pruebasnitorlack.com\/co\/wp-json\/wp\/v2\/users\/1"}],"replies":[{"embeddable":true,"href":"https:\/\/pruebasnitorlack.com\/co\/wp-json\/wp\/v2\/comments?post=17694"}],"version-history":[{"count":0,"href":"https:\/\/pruebasnitorlack.com\/co\/wp-json\/wp\/v2\/pages\/17694\/revisions"}],"up":[{"embeddable":true,"href":"https:\/\/pruebasnitorlack.com\/co\/wp-json\/wp\/v2\/pages\/17679"}],"wp:attachment":[{"href":"https:\/\/pruebasnitorlack.com\/co\/wp-json\/wp\/v2\/media?parent=17694"}],"curies":[{"name":"wp","href":"https:\/\/api.w.org\/{rel}","templated":true}]}}