{"id":17679,"date":"2016-04-13T07:23:02","date_gmt":"2016-04-13T07:23:02","guid":{"rendered":"https:\/\/pruebasnitorlack.com\/pintura-en-polvo\/"},"modified":"2020-07-30T10:22:36","modified_gmt":"2020-07-30T10:22:36","slug":"pintura-en-polvo","status":"publish","type":"page","link":"https:\/\/pruebasnitorlack.com\/co\/pintura-en-polvo\/","title":{"rendered":"PINTURA EN POLVO"},"content":{"rendered":"[vc_row type=&#8221;full_width_background&#8221; full_screen_row_position=&#8221;middle&#8221; bg_color=&#8221;#ffffff&#8221; scene_position=&#8221;center&#8221; text_color=&#8221;dark&#8221; text_align=&#8221;left&#8221; top_padding=&#8221;8%&#8221; bottom_padding=&#8221;3%&#8221; id=&#8221;about-text&#8221; overlay_strength=&#8221;1&#8243; shape_divider_position=&#8221;bottom&#8221; shape_type=&#8221;&#8221;][vc_column enable_animation=&#8221;true&#8221; animation=&#8221;fade-in-from-bottom&#8221; column_padding=&#8221;no-extra-padding&#8221; column_padding_position=&#8221;all&#8221; background_color_opacity=&#8221;1&#8243; background_hover_color_opacity=&#8221;1&#8243; column_link_target=&#8221;_self&#8221; column_shadow=&#8221;none&#8221; column_border_radius=&#8221;none&#8221; width=&#8221;1\/1&#8243; tablet_width_inherit=&#8221;default&#8221; tablet_text_alignment=&#8221;default&#8221; phone_text_alignment=&#8221;default&#8221; column_border_width=&#8221;none&#8221; column_border_style=&#8221;solid&#8221;][vc_column_text css=&#8221;.vc_custom_1549892370321{padding-bottom: 1.5% !important;}&#8221;]\n<h2 style=\"text-align: justify;\">Elige entre una amplia gama de Pintura en Polvo. Epoxi, Epoxi Poli\u00e9ster, Poli\u00e9ster Qualicoat Brillo y Mate, Poli\u00e9ster Qualicoat Texturado, Poli\u00e9ster Superdurable Qualicoat Brillo y Mate as\u00ed como una gran variedad de Productos Especiales.<\/h2>\n[\/vc_column_text][vc_row_inner column_margin=&#8221;default&#8221; text_align=&#8221;left&#8221;][vc_column_inner enable_animation=&#8221;true&#8221; animation=&#8221;fade-in-from-bottom&#8221; column_padding=&#8221;padding-3-percent&#8221; column_padding_position=&#8221;top-bottom&#8221; background_color_opacity=&#8221;1&#8243; background_hover_color_opacity=&#8221;1&#8243; column_shadow=&#8221;none&#8221; column_border_radius=&#8221;none&#8221; column_link_target=&#8221;_self&#8221; width=&#8221;1\/2&#8243; tablet_width_inherit=&#8221;default&#8221; column_border_width=&#8221;none&#8221; column_border_style=&#8221;solid&#8221;][vc_column_text css=&#8221;.vc_custom_1595395297078{padding-right: 10% !important;}&#8221;]Muchas son las ventajas que aporta la pintura en polvo frente al resto de las pinturas industriales, y es por esto, que hoy en d\u00eda, se ha convertido en un producto de alta competitividad, ecol\u00f3gico y eficiente.<br \/>\nValresa es un grupo de empresas de proyecci\u00f3n internacional implantada en los cinco continentes y con tres centros productivos (Espa\u00f1a, Turqu\u00eda y M\u00e9xico) con m\u00e1s de 6.000 clientes en todo el mundo.<br \/>\nComercializamos y distribuimos recubrimientos en polvo de la firma Iba Kimya.<\/p>\n<p>Iba Kimya es uno de los mayores y m\u00e1s importantes fabricantes de pintura en polvo en Europa. Posee varias plantas de producci\u00f3n, dos en Turqu\u00eda y una en Eslovaquia y cuentan con una capacidad productiva anual de m\u00e1s de 20.000 toneladas\/a\u00f1o.<br \/>\nUna de las claves del \u00e9xito de Valresa\u00a0<strong>Recubrimientos en polvo<\/strong>, reside en un equipo t\u00e9cnico y de ventas compuesto por un grupo humano que cuenta con una dilatada experiencia en el campo de pinturas en polvo. Nuestro objetivo es ofrecer a nuestros clientes un amplio abanico de productos y soluciones t\u00e9cnicas de vanguardia y de la m\u00e1xima calidad.<br \/>\n<strong>La pintura en polvo<\/strong>\u00a0es un recubrimiento termoestable exento de disolventes, utilizado principalmente para el pintado de sustratos met\u00e1licos. La pintura en polvo aporta una gran variedad en su selecci\u00f3n de tonalidades y acabados.<\/p>\n<p>Su m\u00ednimo impacto ambiental, ahorro energ\u00e9tico, su f\u00e1cil utilizaci\u00f3n como acabado, consiguiendo en su aplicaci\u00f3n espesores de pel\u00edcula constantes y obteni\u00e9ndose un revestimiento de alta calidad.<\/p>\n<p><strong>Pintura en Polvo Epoxi<\/strong>: Recubrimiento en polvo termo endurecible formulado con resinas epoxidicas.<br \/>\n<strong>Pintura en Polvo Epoxi Poli\u00e9ster<\/strong>: Recubrimiento en polvo termo endurecible, basado en combinaciones de resinas de epoxi y poli\u00e9ster.<br \/>\n<strong>Pintura en Polvo Poli\u00e9ster Industria<\/strong>l: Recubrimiento en polvo formulado con resinas de poli\u00e9ster libres de TGIC.<br \/>\n<strong>Pintura en Polvo Poliuretanos<\/strong>: Recubrimiento en polvo termo endurecible formulado a base de resinas de poli\u00e9ster saturado hidroxilado.<br \/>\n<strong>Pintura en Polvo Poli\u00e9ster Qualicoat Brillo \u2013 Poli\u00e9ster Qualicoat Mate<\/strong>: Recubrimiento en polvo formulado con resinas de poli\u00e9ster libres de TGIC. Desarrollados de acuerdo a las especificaciones Qualicoat y GSB[\/vc_column_text][\/vc_column_inner][vc_column_inner enable_animation=&#8221;true&#8221; animation=&#8221;fade-in-from-bottom&#8221; column_padding=&#8221;padding-3-percent&#8221; column_padding_position=&#8221;top-bottom&#8221; background_color_opacity=&#8221;1&#8243; background_hover_color_opacity=&#8221;1&#8243; column_shadow=&#8221;none&#8221; column_border_radius=&#8221;none&#8221; column_link_target=&#8221;_self&#8221; width=&#8221;1\/2&#8243; tablet_width_inherit=&#8221;default&#8221; column_border_width=&#8221;none&#8221; column_border_style=&#8221;solid&#8221; delay=&#8221;100&#8243;][vc_column_text css=&#8221;.vc_custom_1595395339862{padding-right: 10% !important;}&#8221;]<strong>Pintura en Polvo Poli\u00e9ster Qualicoat Brillo \u2013 Poli\u00e9ster Qualicoat Mate<\/strong>: Recubrimiento en polvo formulado con resinas de poli\u00e9ster libres de TGIC. Desarrollados de acuerdo a las especificaciones Qualicoat y GSB<\/p>\n<p><strong>Pintura en Polvo Poli\u00e9ster Qualicoat Texturado<\/strong>: Estas pinturas en polvo tienen una excelente resistencia a la radiaci\u00f3n U.V. y una inmejorable retenci\u00f3n de brillo y color, proporcionando superficies duras e inalterables.<br \/>\nEst\u00e1n disponible en todos los colores de la carta RAL en un acabado texturado uniforme.<br \/>\n<strong>Poli\u00e9ster Superdurable Qualicoat brillo \u2013 poli\u00e9ster Superdurable Qualicoat Mate \u2013 Pintura en Polvo<\/strong>: Recubrimiento en polvo formulado con una avanzada tecnolog\u00eda de resinas de poli\u00e9ster libres de TGIC y pigmentos especialmente seleccionados (top quality).<\/p>\n<p><strong>Pintura en Polvo Productos Especiales<\/strong><br \/>\n<strong>Antibacterias<\/strong>: Los recubrimientos en polvo Antibacterias de IBA impiden la propagaci\u00f3n de microorganismos peligrosos y suprimen el crecimiento de moho y bacterias.<br \/>\n<strong>Cromo Premium<\/strong>: Recubrimiento en polvo que imita perfectamente el brillo y acabado metalizado de una superficie cromatizada, aportando un acabado excelente.<br \/>\n<strong>EE56 Antical\u00f3rica 330\u00baC<\/strong>: Recubrimiento en polvo basado en resinas de alta funcionalidad y endurecedores espec\u00edficos, como acabado, aporta una alta resistencia t\u00e9rmica.<br \/>\n<strong>EE59 MDF<\/strong>: Recubrimiento en polvo basado en resinas epoxidicas de muy alta reactividad, aporta un acabado decorativo con buena resistencia qu\u00edmica , adecuado para ser utilizado en sustratos termo sensibles (MDF).<br \/>\n<strong>SL54 Antical\u00f3rica 500\u00baC<\/strong>: Recubrimiento en polvo basado en resinas de silicona. El recubrimiento conseguido despu\u00e9s de su polimerizado, aporta una muy alta resistencia t\u00e9rmica.SL-54.<br \/>\n<strong>Sistema Bonding<\/strong>: Est\u00e1n fabricados con una perfecta incorporaci\u00f3n de los pigmentos met\u00e1licos, optimizando su reciclabilidad y su aplicaci\u00f3n. Los acabados met\u00e1licos bonderizados est\u00e1n disponibles en cualquier gama de productos,<strong>\u00a0Epoxi, Epoxi Poli\u00e9ster, Poli\u00e9ster y Poliuretano<\/strong>.[\/vc_column_text][\/vc_column_inner][\/vc_row_inner][\/vc_column][\/vc_row][vc_row type=&#8221;in_container&#8221; full_screen_row_position=&#8221;middle&#8221; scene_position=&#8221;center&#8221; text_color=&#8221;dark&#8221; text_align=&#8221;left&#8221; overlay_strength=&#8221;0.3&#8243; shape_divider_position=&#8221;bottom&#8221; shape_type=&#8221;&#8221;][vc_column column_padding=&#8221;no-extra-padding&#8221; column_padding_position=&#8221;all&#8221; background_color_opacity=&#8221;1&#8243; background_hover_color_opacity=&#8221;1&#8243; column_link_target=&#8221;_self&#8221; column_shadow=&#8221;none&#8221; column_border_radius=&#8221;none&#8221; width=&#8221;1\/1&#8243; tablet_width_inherit=&#8221;default&#8221; tablet_text_alignment=&#8221;default&#8221; phone_text_alignment=&#8221;default&#8221; column_border_width=&#8221;none&#8221; column_border_style=&#8221;solid&#8221;][vc_row_inner column_margin=&#8221;default&#8221; text_align=&#8221;left&#8221;][vc_column_inner column_padding=&#8221;no-extra-padding&#8221; column_padding_position=&#8221;all&#8221; background_color_opacity=&#8221;1&#8243; background_hover_color_opacity=&#8221;1&#8243; column_shadow=&#8221;none&#8221; column_border_radius=&#8221;none&#8221; column_link_target=&#8221;_self&#8221; width=&#8221;1\/6&#8243; tablet_width_inherit=&#8221;default&#8221; column_border_width=&#8221;none&#8221; column_border_style=&#8221;solid&#8221; column_link=&#8221;https:\/\/pruebasnitorlack.com\/poliester-pintura-polvo\/&#8221;][fancy_box box_style=&#8221;parallax_hover&#8221; icon_family=&#8221;none&#8221; image_url=&#8221;15074&#8243; color_scheme=&#8221;dark&#8221; secondary_content=&#8221;here&#8217;s some awesome text that would only be shown on hover&#8221; min_height=&#8221;600&#8243; link_url=&#8221;https:\/\/pruebasnitorlack.com\/poliester-pintura-polvo\/&#8221;]\n<h5 style=\"text-align: center;\"><a href=\"\/?page_id=8508\" target=\"_blank\" rel=\"noopener noreferrer\"><strong>Poliester<\/strong><\/a><\/h5>\n[\/fancy_box][\/vc_column_inner][vc_column_inner column_padding=&#8221;no-extra-padding&#8221; column_padding_position=&#8221;all&#8221; background_color_opacity=&#8221;1&#8243; background_hover_color_opacity=&#8221;1&#8243; column_shadow=&#8221;none&#8221; column_border_radius=&#8221;none&#8221; column_link_target=&#8221;_self&#8221; width=&#8221;1\/6&#8243; tablet_width_inherit=&#8221;default&#8221; column_border_width=&#8221;none&#8221; column_border_style=&#8221;solid&#8221; column_link=&#8221;https:\/\/pruebasnitorlack.com\/pintura-en-polvo\/epoxi\/&#8221;][fancy_box box_style=&#8221;parallax_hover&#8221; icon_family=&#8221;none&#8221; image_url=&#8221;15077&#8243; color_scheme=&#8221;dark&#8221; secondary_content=&#8221;&#8221; min_height=&#8221;600&#8243; link_url=&#8221;https:\/\/pruebasnitorlack.com\/pintura-en-polvo\/epoxi\/&#8221;]\n<h5 style=\"text-align: center;\"><a href=\"\/?page_id=6639\" target=\"_blank\" rel=\"noopener noreferrer\"><strong>Epoxi<\/strong><\/a><\/h5>\n[\/fancy_box][\/vc_column_inner][vc_column_inner column_padding=&#8221;no-extra-padding&#8221; column_padding_position=&#8221;all&#8221; background_color_opacity=&#8221;1&#8243; background_hover_color_opacity=&#8221;1&#8243; column_shadow=&#8221;none&#8221; column_border_radius=&#8221;none&#8221; column_link_target=&#8221;_self&#8221; width=&#8221;1\/6&#8243; tablet_width_inherit=&#8221;default&#8221; column_border_width=&#8221;none&#8221; column_border_style=&#8221;solid&#8221;][fancy_box box_style=&#8221;parallax_hover&#8221; icon_family=&#8221;none&#8221; image_url=&#8221;15079&#8243; color_scheme=&#8221;dark&#8221; secondary_content=&#8221;here&#8217;s some awesome text that would only be shown on hover&#8221; link_url=&#8221;https:\/\/pruebasnitorlack.com\/pintura-en-polvo\/epoxi-poliester\/&#8221; min_height=&#8221;600&#8243;]\n<h5><a href=\"\/?page_id=8580\" target=\"_blank\" rel=\"noopener noreferrer\"><strong>Epoxi poliester<\/strong><\/a><\/h5>\n[\/fancy_box][\/vc_column_inner][vc_column_inner column_padding=&#8221;no-extra-padding&#8221; column_padding_position=&#8221;all&#8221; background_color_opacity=&#8221;1&#8243; background_hover_color_opacity=&#8221;1&#8243; column_shadow=&#8221;none&#8221; column_border_radius=&#8221;none&#8221; column_link_target=&#8221;_self&#8221; width=&#8221;1\/6&#8243; tablet_width_inherit=&#8221;default&#8221; column_border_width=&#8221;none&#8221; column_border_style=&#8221;solid&#8221;][fancy_box box_style=&#8221;parallax_hover&#8221; icon_family=&#8221;none&#8221; image_url=&#8221;15081&#8243; color_scheme=&#8221;dark&#8221; secondary_content=&#8221;here&#8217;s some awesome text that would only be shown on hover&#8221; link_url=&#8221;https:\/\/pruebasnitorlack.com\/pintura-en-polvo\/pintura-en-polvo-poliuretano\/&#8221; min_height=&#8221;600&#8243;]\n<h5 style=\"text-align: center;\"><a href=\"\/?page_id=6659\" target=\"_blank\" rel=\"noopener noreferrer\"><strong>Poliuretanos<\/strong><\/a><\/h5>\n[\/fancy_box][\/vc_column_inner][vc_column_inner column_padding=&#8221;no-extra-padding&#8221; column_padding_position=&#8221;all&#8221; background_color_opacity=&#8221;1&#8243; background_hover_color_opacity=&#8221;1&#8243; column_shadow=&#8221;none&#8221; column_border_radius=&#8221;none&#8221; column_link_target=&#8221;_self&#8221; width=&#8221;1\/6&#8243; tablet_width_inherit=&#8221;default&#8221; column_border_width=&#8221;none&#8221; column_border_style=&#8221;solid&#8221;][fancy_box box_style=&#8221;parallax_hover&#8221; icon_family=&#8221;none&#8221; image_url=&#8221;15083&#8243; color_scheme=&#8221;dark&#8221; secondary_content=&#8221;here&#8217;s some awesome text that would only be shown on hover&#8221; link_url=&#8221;https:\/\/pruebasnitorlack.com\/pintura-en-polvo\/pintura-en-polvo-especiales\/&#8221; min_height=&#8221;600&#8243;]\n<h5 style=\"text-align: center;\"><a href=\"\/?page_id=8608\" target=\"_blank\" rel=\"noopener noreferrer\"><strong>Especiales<\/strong><\/a><\/h5>\n[\/fancy_box][\/vc_column_inner][vc_column_inner column_padding=&#8221;no-extra-padding&#8221; column_padding_position=&#8221;all&#8221; background_color_opacity=&#8221;1&#8243; background_hover_color_opacity=&#8221;1&#8243; column_shadow=&#8221;none&#8221; column_border_radius=&#8221;none&#8221; column_link_target=&#8221;_self&#8221; width=&#8221;1\/6&#8243; tablet_width_inherit=&#8221;default&#8221; column_border_width=&#8221;none&#8221; column_border_style=&#8221;solid&#8221;][fancy_box box_style=&#8221;parallax_hover&#8221; icon_family=&#8221;none&#8221; image_url=&#8221;15085&#8243; color_scheme=&#8221;dark&#8221; secondary_content=&#8221;here&#8217;s some awesome text that would only be shown on hover&#8221; link_url=&#8221;https:\/\/pruebasnitorlack.com\/pintura-en-polvo\/aditivos\/&#8221; min_height=&#8221;600&#8243;]\n<h5 style=\"text-align: center;\"><a href=\"\/?page_id=8654\" target=\"_blank\" rel=\"noopener noreferrer\"><strong>Aditivos<\/strong><\/a><\/h5>\n<h5><\/h5>\n[\/fancy_box][\/vc_column_inner][\/vc_row_inner][\/vc_column][\/vc_row]\n","protected":false},"excerpt":{"rendered":"<p>[vc_row type=&#8221;full_width_background&#8221; full_screen_row_position=&#8221;middle&#8221; bg_color=&#8221;#ffffff&#8221; scene_position=&#8221;center&#8221; text_color=&#8221;dark&#8221; text_align=&#8221;left&#8221; top_padding=&#8221;8%&#8221; bottom_padding=&#8221;3%&#8221; id=&#8221;about-text&#8221; overlay_strength=&#8221;1&#8243; shape_divider_position=&#8221;bottom&#8221; shape_type=&#8221;&#8221;][vc_column enable_animation=&#8221;true&#8221; animation=&#8221;fade-in-from-bottom&#8221; column_padding=&#8221;no-extra-padding&#8221; column_padding_position=&#8221;all&#8221; background_color_opacity=&#8221;1&#8243; background_hover_color_opacity=&#8221;1&#8243; column_link_target=&#8221;_self&#8221; column_shadow=&#8221;none&#8221; column_border_radius=&#8221;none&#8221; width=&#8221;1\/1&#8243; tablet_width_inherit=&#8221;default&#8221; tablet_text_alignment=&#8221;default&#8221; phone_text_alignment=&#8221;default&#8221; column_border_width=&#8221;none&#8221; column_border_style=&#8221;solid&#8221;][vc_column_text css=&#8221;.vc_custom_1549892370321{padding-bottom: 1.5%&#8230;<\/p>\n","protected":false},"author":1,"featured_media":0,"parent":0,"menu_order":0,"comment_status":"closed","ping_status":"closed","template":"","meta":{"_joinchat":[],"footnotes":""},"class_list":["post-17679","page","type-page","status-publish"],"yoast_head":"<!-- This site is optimized with the Yoast SEO plugin v27.6 - https:\/\/yoast.com\/product\/yoast-seo-wordpress\/ -->\n<title>PINTURA EN POLVO - Valresa.com<\/title>\n<meta name=\"description\" content=\"Gama de pintura en polvo, para el recubrimiento de objetos de uso interior. Alta resistencia a la corrosi\u00f3n y agentes qu\u00edmicos. Acabados m\u00e1s o menos reactivos, con muy buena extensibilidad. Amplia gama de grados de brillo desde mates a brillantes. Acabados texturados, gofrados, metalizados, transparentes\" \/>\n<meta name=\"robots\" content=\"noindex, follow, max-snippet:-1, max-image-preview:large, max-video-preview:-1\" \/>\n<meta property=\"og:locale\" content=\"es_ES\" \/>\n<meta property=\"og:type\" content=\"article\" \/>\n<meta property=\"og:title\" content=\"PINTURA EN POLVO - Valresa.com\" \/>\n<meta property=\"og:description\" content=\"Gama de pintura en polvo, para el recubrimiento de objetos de uso interior. Alta resistencia a la corrosi\u00f3n y agentes qu\u00edmicos. Acabados m\u00e1s o menos reactivos, con muy buena extensibilidad. Amplia gama de grados de brillo desde mates a brillantes. Acabados texturados, gofrados, metalizados, transparentes\" \/>\n<meta property=\"og:url\" content=\"https:\/\/pruebasnitorlack.com\/co\/pintura-en-polvo\/\" \/>\n<meta property=\"og:site_name\" content=\"VALRESA\" \/>\n<meta property=\"article:publisher\" content=\"https:\/\/www.facebook.com\/valresacoatings\/\" \/>\n<meta property=\"article:modified_time\" content=\"2020-07-30T10:22:36+00:00\" \/>\n<meta name=\"twitter:card\" content=\"summary_large_image\" \/>\n<meta name=\"twitter:label1\" content=\"Tiempo de lectura\" \/>\n\t<meta name=\"twitter:data1\" content=\"8 minutos\" \/>\n<script type=\"application\/ld+json\" class=\"yoast-schema-graph\">{\"@context\":\"https:\\\/\\\/schema.org\",\"@graph\":[{\"@type\":\"WebPage\",\"@id\":\"https:\\\/\\\/pruebasnitorlack.com\\\/co\\\/pintura-en-polvo\\\/\",\"url\":\"https:\\\/\\\/pruebasnitorlack.com\\\/co\\\/pintura-en-polvo\\\/\",\"name\":\"PINTURA EN POLVO - Valresa.com\",\"isPartOf\":{\"@id\":\"https:\\\/\\\/pruebasnitorlack.com\\\/co\\\/#website\"},\"datePublished\":\"2016-04-13T07:23:02+00:00\",\"dateModified\":\"2020-07-30T10:22:36+00:00\",\"description\":\"Gama de pintura en polvo, para el recubrimiento de objetos de uso interior. Alta resistencia a la corrosi\u00f3n y agentes qu\u00edmicos. Acabados m\u00e1s o menos reactivos, con muy buena extensibilidad. Amplia gama de grados de brillo desde mates a brillantes. Acabados texturados, gofrados, metalizados, transparentes\",\"breadcrumb\":{\"@id\":\"https:\\\/\\\/pruebasnitorlack.com\\\/co\\\/pintura-en-polvo\\\/#breadcrumb\"},\"inLanguage\":\"es-CO\",\"potentialAction\":[{\"@type\":\"ReadAction\",\"target\":[\"https:\\\/\\\/pruebasnitorlack.com\\\/co\\\/pintura-en-polvo\\\/\"]}]},{\"@type\":\"BreadcrumbList\",\"@id\":\"https:\\\/\\\/pruebasnitorlack.com\\\/co\\\/pintura-en-polvo\\\/#breadcrumb\",\"itemListElement\":[{\"@type\":\"ListItem\",\"position\":1,\"name\":\"Portada\",\"item\":\"https:\\\/\\\/pruebasnitorlack.com\\\/co\\\/\"},{\"@type\":\"ListItem\",\"position\":2,\"name\":\"PINTURA EN POLVO\"}]},{\"@type\":\"WebSite\",\"@id\":\"https:\\\/\\\/pruebasnitorlack.com\\\/co\\\/#website\",\"url\":\"https:\\\/\\\/pruebasnitorlack.com\\\/co\\\/\",\"name\":\"VALRESA\",\"description\":\"Barnices y pinturas para la madera\",\"potentialAction\":[{\"@type\":\"SearchAction\",\"target\":{\"@type\":\"EntryPoint\",\"urlTemplate\":\"https:\\\/\\\/pruebasnitorlack.com\\\/co\\\/?s={search_term_string}\"},\"query-input\":{\"@type\":\"PropertyValueSpecification\",\"valueRequired\":true,\"valueName\":\"search_term_string\"}}],\"inLanguage\":\"es-CO\"}]}<\/script>\n<!-- \/ Yoast SEO plugin. -->","yoast_head_json":{"title":"PINTURA EN POLVO - Valresa.com","description":"Gama de pintura en polvo, para el recubrimiento de objetos de uso interior. Alta resistencia a la corrosi\u00f3n y agentes qu\u00edmicos. Acabados m\u00e1s o menos reactivos, con muy buena extensibilidad. Amplia gama de grados de brillo desde mates a brillantes. Acabados texturados, gofrados, metalizados, transparentes","robots":{"index":"noindex","follow":"follow","max-snippet":"max-snippet:-1","max-image-preview":"max-image-preview:large","max-video-preview":"max-video-preview:-1"},"og_locale":"es_ES","og_type":"article","og_title":"PINTURA EN POLVO - Valresa.com","og_description":"Gama de pintura en polvo, para el recubrimiento de objetos de uso interior. Alta resistencia a la corrosi\u00f3n y agentes qu\u00edmicos. Acabados m\u00e1s o menos reactivos, con muy buena extensibilidad. Amplia gama de grados de brillo desde mates a brillantes. Acabados texturados, gofrados, metalizados, transparentes","og_url":"https:\/\/pruebasnitorlack.com\/co\/pintura-en-polvo\/","og_site_name":"VALRESA","article_publisher":"https:\/\/www.facebook.com\/valresacoatings\/","article_modified_time":"2020-07-30T10:22:36+00:00","twitter_card":"summary_large_image","twitter_misc":{"Tiempo de lectura":"8 minutos"},"schema":{"@context":"https:\/\/schema.org","@graph":[{"@type":"WebPage","@id":"https:\/\/pruebasnitorlack.com\/co\/pintura-en-polvo\/","url":"https:\/\/pruebasnitorlack.com\/co\/pintura-en-polvo\/","name":"PINTURA EN POLVO - Valresa.com","isPartOf":{"@id":"https:\/\/pruebasnitorlack.com\/co\/#website"},"datePublished":"2016-04-13T07:23:02+00:00","dateModified":"2020-07-30T10:22:36+00:00","description":"Gama de pintura en polvo, para el recubrimiento de objetos de uso interior. Alta resistencia a la corrosi\u00f3n y agentes qu\u00edmicos. Acabados m\u00e1s o menos reactivos, con muy buena extensibilidad. Amplia gama de grados de brillo desde mates a brillantes. Acabados texturados, gofrados, metalizados, transparentes","breadcrumb":{"@id":"https:\/\/pruebasnitorlack.com\/co\/pintura-en-polvo\/#breadcrumb"},"inLanguage":"es-CO","potentialAction":[{"@type":"ReadAction","target":["https:\/\/pruebasnitorlack.com\/co\/pintura-en-polvo\/"]}]},{"@type":"BreadcrumbList","@id":"https:\/\/pruebasnitorlack.com\/co\/pintura-en-polvo\/#breadcrumb","itemListElement":[{"@type":"ListItem","position":1,"name":"Portada","item":"https:\/\/pruebasnitorlack.com\/co\/"},{"@type":"ListItem","position":2,"name":"PINTURA EN POLVO"}]},{"@type":"WebSite","@id":"https:\/\/pruebasnitorlack.com\/co\/#website","url":"https:\/\/pruebasnitorlack.com\/co\/","name":"VALRESA","description":"Barnices y pinturas para la madera","potentialAction":[{"@type":"SearchAction","target":{"@type":"EntryPoint","urlTemplate":"https:\/\/pruebasnitorlack.com\/co\/?s={search_term_string}"},"query-input":{"@type":"PropertyValueSpecification","valueRequired":true,"valueName":"search_term_string"}}],"inLanguage":"es-CO"}]}},"_links":{"self":[{"href":"https:\/\/pruebasnitorlack.com\/co\/wp-json\/wp\/v2\/pages\/17679","targetHints":{"allow":["GET"]}}],"collection":[{"href":"https:\/\/pruebasnitorlack.com\/co\/wp-json\/wp\/v2\/pages"}],"about":[{"href":"https:\/\/pruebasnitorlack.com\/co\/wp-json\/wp\/v2\/types\/page"}],"author":[{"embeddable":true,"href":"https:\/\/pruebasnitorlack.com\/co\/wp-json\/wp\/v2\/users\/1"}],"replies":[{"embeddable":true,"href":"https:\/\/pruebasnitorlack.com\/co\/wp-json\/wp\/v2\/comments?post=17679"}],"version-history":[{"count":0,"href":"https:\/\/pruebasnitorlack.com\/co\/wp-json\/wp\/v2\/pages\/17679\/revisions"}],"wp:attachment":[{"href":"https:\/\/pruebasnitorlack.com\/co\/wp-json\/wp\/v2\/media?parent=17679"}],"curies":[{"name":"wp","href":"https:\/\/api.w.org\/{rel}","templated":true}]}}