{"id":17675,"date":"2016-04-13T07:11:26","date_gmt":"2016-04-13T07:11:26","guid":{"rendered":"https:\/\/pruebasnitorlack.com\/barnices-laca-ignifuga\/barniz-ignifugo-parquet-bfls1\/"},"modified":"2020-07-22T05:17:11","modified_gmt":"2020-07-22T05:17:11","slug":"barniz-ignifugo-para-piso-bfls1","status":"publish","type":"page","link":"https:\/\/pruebasnitorlack.com\/co\/barnices-laca-ignifuga\/barniz-ignifugo-para-piso-bfls1\/","title":{"rendered":"BARNIZ IGNIFUGO PARA PISO BFLS1"},"content":{"rendered":"[vc_row type=&#8221;in_container&#8221; full_screen_row_position=&#8221;middle&#8221; scene_position=&#8221;center&#8221; text_color=&#8221;dark&#8221; text_align=&#8221;left&#8221; overlay_strength=&#8221;0.3&#8243; shape_divider_position=&#8221;bottom&#8221;][vc_column column_padding=&#8221;no-extra-padding&#8221; column_padding_position=&#8221;all&#8221; background_color_opacity=&#8221;1&#8243; background_hover_color_opacity=&#8221;1&#8243; column_link_target=&#8221;_self&#8221; column_shadow=&#8221;none&#8221; column_border_radius=&#8221;none&#8221; top_margin=&#8221;20&#8243; width=&#8221;1\/1&#8243; tablet_width_inherit=&#8221;default&#8221; tablet_text_alignment=&#8221;default&#8221; phone_text_alignment=&#8221;default&#8221; column_border_width=&#8221;none&#8221; column_border_style=&#8221;solid&#8221;][vc_column_text css=&#8221;.vc_custom_1595394972081{margin-top: 40px !important;}&#8221;]\n<div>\n<div>\n<div>\n<div>\n<div>\n<div>\n<div>\n<div>\n<div>\n<div>\n<div>\n<div>\n<div>\n<div>\n<div>\n<div>\n<div>\n<div>\n<h4><strong><span class=\"imUl fs37 cf1 ff1\">Descripci\u00f3n Comercial<br \/>\n<\/span><\/strong><\/h4>\n<div>\n<div>\n<div>700600 TEKFOC Acabado 600 Parquet SM<\/div>\n<\/div>\n<\/div>\n<h4><strong>Descripci\u00f3n T\u00e9cnica <\/strong><\/h4>\n<div>\n<p>Pintura-laca \u00a0al agua para pisos Ign\u00edfugo Mate certificado en Reacci\u00f3n al fuego BFLS1, de dos componentes que proporciona pel\u00edculas de excelente resistencia al desgaste, as\u00ed como buena resistencia qu\u00edmica a los productos de uso dom\u00e9stico.<\/p>\n<p>El producto tambi\u00e9n est\u00e1 certificado como Clase 2 en el ensayo de deslizamiento y resbaladicidad.<\/p>\n<\/div>\n<h4><strong>Descripci\u00f3n del proceso<br \/>\n<\/strong><\/h4>\n<p>Acabado al agua parquet ign\u00edfugo de dos componentes BFLS1<\/p>\n<h4><strong>Brillo<br \/>\n<\/strong><\/h4>\n<p>700600: 25 % Mate<\/p>\n<h4><strong>Gramaje<br \/>\n<\/strong><\/h4>\n<p>80 g\/m2.<br \/>\nEl proceso consta de dos capas, gramaje total del proceso 160 g\/m<\/p>\n<\/div>\n<\/div>\n<\/div>\n<\/div>\n<\/div>\n<\/div>\n<\/div>\n<\/div>\n<\/div>\n<\/div>\n<\/div>\n<\/div>\n<\/div>\n<\/div>\n<\/div>\n<\/div>\n<\/div>\n<\/div>\n[\/vc_column_text][\/vc_column][\/vc_row][vc_row type=&#8221;in_container&#8221; full_screen_row_position=&#8221;middle&#8221; scene_position=&#8221;center&#8221; text_color=&#8221;dark&#8221; text_align=&#8221;left&#8221; overlay_strength=&#8221;0.3&#8243; shape_divider_position=&#8221;bottom&#8221;][vc_column enable_animation=&#8221;true&#8221; animation=&#8221;fade-in-from-left&#8221; column_padding=&#8221;no-extra-padding&#8221; column_padding_position=&#8221;all&#8221; background_color_opacity=&#8221;1&#8243; background_hover_color_opacity=&#8221;1&#8243; background_image=&#8221;9080&#8243; enable_bg_scale=&#8221;true&#8221; column_link_target=&#8221;_self&#8221; column_shadow=&#8221;none&#8221; column_border_radius=&#8221;none&#8221; width=&#8221;1\/1&#8243; tablet_width_inherit=&#8221;default&#8221; tablet_text_alignment=&#8221;default&#8221; phone_text_alignment=&#8221;default&#8221; column_border_width=&#8221;none&#8221; column_border_style=&#8221;solid&#8221;][divider line_type=&#8221;No Line&#8221; custom_height=&#8221;300&#8243;][\/vc_column][\/vc_row][vc_column column_padding=&#8221;no-extra-padding&#8221; column_padding_position=&#8221;all&#8221; background_color_opacity=&#8221;1&#8243; background_hover_color_opacity=&#8221;1&#8243; column_link_target=&#8221;_self&#8221; column_shadow=&#8221;none&#8221; column_border_radius=&#8221;none&#8221; width=&#8221;1\/2&#8243; tablet_width_inherit=&#8221;default&#8221; tablet_text_alignment=&#8221;default&#8221; phone_text_alignment=&#8221;default&#8221; column_border_width=&#8221;none&#8221; column_border_style=&#8221;solid&#8221;][\/vc_column][vc_row type=&#8221;in_container&#8221; full_screen_row_position=&#8221;middle&#8221; scene_position=&#8221;center&#8221; text_color=&#8221;dark&#8221; text_align=&#8221;left&#8221; overlay_strength=&#8221;0.3&#8243; shape_divider_position=&#8221;bottom&#8221;][vc_column column_padding=&#8221;no-extra-padding&#8221; column_padding_position=&#8221;all&#8221; background_color_opacity=&#8221;1&#8243; background_hover_color_opacity=&#8221;1&#8243; column_link_target=&#8221;_self&#8221; column_shadow=&#8221;none&#8221; column_border_radius=&#8221;none&#8221; width=&#8221;1\/1&#8243; tablet_width_inherit=&#8221;default&#8221; tablet_text_alignment=&#8221;default&#8221; phone_text_alignment=&#8221;default&#8221; column_border_width=&#8221;none&#8221; column_border_style=&#8221;solid&#8221;][vc_column_text]\n<h4><strong>Descargar Hoja T\u00e9cnica<br \/>\n<\/strong><\/h4>\n<p><a href=\"\/?page_id=8088\"><img decoding=\"async\" class=\"alignnone wp-image-8084\" src=\"https:\/\/pruebasnitorlack.com\/wp-content\/uploads\/2016\/04\/descarga-wp.png\" alt=\"descarga wp\" width=\"61\" height=\"61\" \/><\/a>[\/vc_column_text][\/vc_column][\/vc_row][vc_row type=&#8221;in_container&#8221; full_screen_row_position=&#8221;middle&#8221; scene_position=&#8221;center&#8221; text_color=&#8221;dark&#8221; text_align=&#8221;left&#8221; overlay_strength=&#8221;0.3&#8243; shape_divider_position=&#8221;bottom&#8221;][vc_column column_padding=&#8221;no-extra-padding&#8221; column_padding_position=&#8221;all&#8221; background_color_opacity=&#8221;1&#8243; background_hover_color_opacity=&#8221;1&#8243; column_link_target=&#8221;_self&#8221; column_shadow=&#8221;none&#8221; column_border_radius=&#8221;none&#8221; width=&#8221;1\/1&#8243; tablet_width_inherit=&#8221;default&#8221; tablet_text_alignment=&#8221;default&#8221; phone_text_alignment=&#8221;default&#8221; column_border_width=&#8221;none&#8221; column_border_style=&#8221;solid&#8221;][vc_column_text]\n<div><\/div>\n[\/vc_column_text][\/vc_column][\/vc_row]\n","protected":false},"excerpt":{"rendered":"<p>[vc_row type=&#8221;in_container&#8221; full_screen_row_position=&#8221;middle&#8221; scene_position=&#8221;center&#8221; text_color=&#8221;dark&#8221; text_align=&#8221;left&#8221; overlay_strength=&#8221;0.3&#8243; shape_divider_position=&#8221;bottom&#8221;][vc_column column_padding=&#8221;no-extra-padding&#8221; column_padding_position=&#8221;all&#8221; background_color_opacity=&#8221;1&#8243; background_hover_color_opacity=&#8221;1&#8243; column_link_target=&#8221;_self&#8221; column_shadow=&#8221;none&#8221; column_border_radius=&#8221;none&#8221; top_margin=&#8221;20&#8243; width=&#8221;1\/1&#8243; tablet_width_inherit=&#8221;default&#8221; tablet_text_alignment=&#8221;default&#8221; phone_text_alignment=&#8221;default&#8221; column_border_width=&#8221;none&#8221; column_border_style=&#8221;solid&#8221;][vc_column_text css=&#8221;.vc_custom_1595394972081{margin-top: 40px !important;}&#8221;] Descripci\u00f3n Comercial 700600 TEKFOC Acabado&#8230;<\/p>\n","protected":false},"author":1,"featured_media":0,"parent":17582,"menu_order":0,"comment_status":"closed","ping_status":"closed","template":"","meta":{"_joinchat":[],"footnotes":""},"class_list":["post-17675","page","type-page","status-publish"],"yoast_head":"<!-- This site is optimized with the Yoast SEO plugin v27.4 - https:\/\/yoast.com\/product\/yoast-seo-wordpress\/ -->\n<title>BARNIZ IGNIFUGO PARA PISO BFLS1 - Valresa.com<\/title>\n<meta name=\"description\" content=\"Barniz acabado al agua parquet Ign\u00edfugo Mate, de dos componentes que proporciona pel\u00edculas de alta dureza y resistencia al deslizamiento y al desgaste.\" \/>\n<meta name=\"robots\" content=\"noindex, follow, max-snippet:-1, max-image-preview:large, max-video-preview:-1\" \/>\n<meta property=\"og:locale\" content=\"es_ES\" \/>\n<meta property=\"og:type\" content=\"article\" \/>\n<meta property=\"og:title\" content=\"BARNIZ IGNIFUGO PARA PISO BFLS1 - Valresa.com\" \/>\n<meta property=\"og:description\" content=\"Barniz acabado al agua parquet Ign\u00edfugo Mate, de dos componentes que proporciona pel\u00edculas de alta dureza y resistencia al deslizamiento y al desgaste.\" \/>\n<meta property=\"og:url\" content=\"https:\/\/pruebasnitorlack.com\/co\/barnices-laca-ignifuga\/barniz-ignifugo-para-piso-bfls1\/\" \/>\n<meta property=\"og:site_name\" content=\"VALRESA\" \/>\n<meta property=\"article:publisher\" content=\"https:\/\/www.facebook.com\/valresacoatings\/\" \/>\n<meta property=\"article:modified_time\" content=\"2020-07-22T05:17:11+00:00\" \/>\n<meta property=\"og:image\" content=\"https:\/\/pruebasnitorlack.com\/wp-content\/uploads\/2016\/04\/descarga-wp.png\" \/>\n<meta name=\"twitter:card\" content=\"summary_large_image\" \/>\n<meta name=\"twitter:label1\" content=\"Tiempo de lectura\" \/>\n\t<meta name=\"twitter:data1\" content=\"3 minutos\" \/>\n<script type=\"application\/ld+json\" class=\"yoast-schema-graph\">{\"@context\":\"https:\\\/\\\/schema.org\",\"@graph\":[{\"@type\":\"WebPage\",\"@id\":\"https:\\\/\\\/pruebasnitorlack.com\\\/co\\\/barnices-laca-ignifuga\\\/barniz-ignifugo-para-piso-bfls1\\\/\",\"url\":\"https:\\\/\\\/pruebasnitorlack.com\\\/co\\\/barnices-laca-ignifuga\\\/barniz-ignifugo-para-piso-bfls1\\\/\",\"name\":\"BARNIZ IGNIFUGO PARA PISO BFLS1 - Valresa.com\",\"isPartOf\":{\"@id\":\"https:\\\/\\\/pruebasnitorlack.com\\\/co\\\/#website\"},\"primaryImageOfPage\":{\"@id\":\"https:\\\/\\\/pruebasnitorlack.com\\\/co\\\/barnices-laca-ignifuga\\\/barniz-ignifugo-para-piso-bfls1\\\/#primaryimage\"},\"image\":{\"@id\":\"https:\\\/\\\/pruebasnitorlack.com\\\/co\\\/barnices-laca-ignifuga\\\/barniz-ignifugo-para-piso-bfls1\\\/#primaryimage\"},\"thumbnailUrl\":\"https:\\\/\\\/pruebasnitorlack.com\\\/wp-content\\\/uploads\\\/2016\\\/04\\\/descarga-wp.png\",\"datePublished\":\"2016-04-13T07:11:26+00:00\",\"dateModified\":\"2020-07-22T05:17:11+00:00\",\"description\":\"Barniz acabado al agua parquet Ign\u00edfugo Mate, de dos componentes que proporciona pel\u00edculas de alta dureza y resistencia al deslizamiento y al desgaste.\",\"breadcrumb\":{\"@id\":\"https:\\\/\\\/pruebasnitorlack.com\\\/co\\\/barnices-laca-ignifuga\\\/barniz-ignifugo-para-piso-bfls1\\\/#breadcrumb\"},\"inLanguage\":\"es-CO\",\"potentialAction\":[{\"@type\":\"ReadAction\",\"target\":[\"https:\\\/\\\/pruebasnitorlack.com\\\/co\\\/barnices-laca-ignifuga\\\/barniz-ignifugo-para-piso-bfls1\\\/\"]}]},{\"@type\":\"ImageObject\",\"inLanguage\":\"es-CO\",\"@id\":\"https:\\\/\\\/pruebasnitorlack.com\\\/co\\\/barnices-laca-ignifuga\\\/barniz-ignifugo-para-piso-bfls1\\\/#primaryimage\",\"url\":\"https:\\\/\\\/pruebasnitorlack.com\\\/wp-content\\\/uploads\\\/2016\\\/04\\\/descarga-wp.png\",\"contentUrl\":\"https:\\\/\\\/pruebasnitorlack.com\\\/wp-content\\\/uploads\\\/2016\\\/04\\\/descarga-wp.png\"},{\"@type\":\"BreadcrumbList\",\"@id\":\"https:\\\/\\\/pruebasnitorlack.com\\\/co\\\/barnices-laca-ignifuga\\\/barniz-ignifugo-para-piso-bfls1\\\/#breadcrumb\",\"itemListElement\":[{\"@type\":\"ListItem\",\"position\":1,\"name\":\"Portada\",\"item\":\"https:\\\/\\\/pruebasnitorlack.com\\\/co\\\/\"},{\"@type\":\"ListItem\",\"position\":2,\"name\":\"BARNICES LACA IGNIFUGA\",\"item\":\"https:\\\/\\\/pruebasnitorlack.com\\\/co\\\/barnices-laca-ignifuga\\\/\"},{\"@type\":\"ListItem\",\"position\":3,\"name\":\"BARNIZ IGNIFUGO PARA PISO BFLS1\"}]},{\"@type\":\"WebSite\",\"@id\":\"https:\\\/\\\/pruebasnitorlack.com\\\/co\\\/#website\",\"url\":\"https:\\\/\\\/pruebasnitorlack.com\\\/co\\\/\",\"name\":\"VALRESA\",\"description\":\"Barnices y pinturas para la madera\",\"potentialAction\":[{\"@type\":\"SearchAction\",\"target\":{\"@type\":\"EntryPoint\",\"urlTemplate\":\"https:\\\/\\\/pruebasnitorlack.com\\\/co\\\/?s={search_term_string}\"},\"query-input\":{\"@type\":\"PropertyValueSpecification\",\"valueRequired\":true,\"valueName\":\"search_term_string\"}}],\"inLanguage\":\"es-CO\"}]}<\/script>\n<!-- \/ Yoast SEO plugin. -->","yoast_head_json":{"title":"BARNIZ IGNIFUGO PARA PISO BFLS1 - Valresa.com","description":"Barniz acabado al agua parquet Ign\u00edfugo Mate, de dos componentes que proporciona pel\u00edculas de alta dureza y resistencia al deslizamiento y al desgaste.","robots":{"index":"noindex","follow":"follow","max-snippet":"max-snippet:-1","max-image-preview":"max-image-preview:large","max-video-preview":"max-video-preview:-1"},"og_locale":"es_ES","og_type":"article","og_title":"BARNIZ IGNIFUGO PARA PISO BFLS1 - Valresa.com","og_description":"Barniz acabado al agua parquet Ign\u00edfugo Mate, de dos componentes que proporciona pel\u00edculas de alta dureza y resistencia al deslizamiento y al desgaste.","og_url":"https:\/\/pruebasnitorlack.com\/co\/barnices-laca-ignifuga\/barniz-ignifugo-para-piso-bfls1\/","og_site_name":"VALRESA","article_publisher":"https:\/\/www.facebook.com\/valresacoatings\/","article_modified_time":"2020-07-22T05:17:11+00:00","og_image":[{"url":"https:\/\/pruebasnitorlack.com\/wp-content\/uploads\/2016\/04\/descarga-wp.png","type":"","width":"","height":""}],"twitter_card":"summary_large_image","twitter_misc":{"Tiempo de lectura":"3 minutos"},"schema":{"@context":"https:\/\/schema.org","@graph":[{"@type":"WebPage","@id":"https:\/\/pruebasnitorlack.com\/co\/barnices-laca-ignifuga\/barniz-ignifugo-para-piso-bfls1\/","url":"https:\/\/pruebasnitorlack.com\/co\/barnices-laca-ignifuga\/barniz-ignifugo-para-piso-bfls1\/","name":"BARNIZ IGNIFUGO PARA PISO BFLS1 - Valresa.com","isPartOf":{"@id":"https:\/\/pruebasnitorlack.com\/co\/#website"},"primaryImageOfPage":{"@id":"https:\/\/pruebasnitorlack.com\/co\/barnices-laca-ignifuga\/barniz-ignifugo-para-piso-bfls1\/#primaryimage"},"image":{"@id":"https:\/\/pruebasnitorlack.com\/co\/barnices-laca-ignifuga\/barniz-ignifugo-para-piso-bfls1\/#primaryimage"},"thumbnailUrl":"https:\/\/pruebasnitorlack.com\/wp-content\/uploads\/2016\/04\/descarga-wp.png","datePublished":"2016-04-13T07:11:26+00:00","dateModified":"2020-07-22T05:17:11+00:00","description":"Barniz acabado al agua parquet Ign\u00edfugo Mate, de dos componentes que proporciona pel\u00edculas de alta dureza y resistencia al deslizamiento y al desgaste.","breadcrumb":{"@id":"https:\/\/pruebasnitorlack.com\/co\/barnices-laca-ignifuga\/barniz-ignifugo-para-piso-bfls1\/#breadcrumb"},"inLanguage":"es-CO","potentialAction":[{"@type":"ReadAction","target":["https:\/\/pruebasnitorlack.com\/co\/barnices-laca-ignifuga\/barniz-ignifugo-para-piso-bfls1\/"]}]},{"@type":"ImageObject","inLanguage":"es-CO","@id":"https:\/\/pruebasnitorlack.com\/co\/barnices-laca-ignifuga\/barniz-ignifugo-para-piso-bfls1\/#primaryimage","url":"https:\/\/pruebasnitorlack.com\/wp-content\/uploads\/2016\/04\/descarga-wp.png","contentUrl":"https:\/\/pruebasnitorlack.com\/wp-content\/uploads\/2016\/04\/descarga-wp.png"},{"@type":"BreadcrumbList","@id":"https:\/\/pruebasnitorlack.com\/co\/barnices-laca-ignifuga\/barniz-ignifugo-para-piso-bfls1\/#breadcrumb","itemListElement":[{"@type":"ListItem","position":1,"name":"Portada","item":"https:\/\/pruebasnitorlack.com\/co\/"},{"@type":"ListItem","position":2,"name":"BARNICES LACA IGNIFUGA","item":"https:\/\/pruebasnitorlack.com\/co\/barnices-laca-ignifuga\/"},{"@type":"ListItem","position":3,"name":"BARNIZ IGNIFUGO PARA PISO BFLS1"}]},{"@type":"WebSite","@id":"https:\/\/pruebasnitorlack.com\/co\/#website","url":"https:\/\/pruebasnitorlack.com\/co\/","name":"VALRESA","description":"Barnices y pinturas para la madera","potentialAction":[{"@type":"SearchAction","target":{"@type":"EntryPoint","urlTemplate":"https:\/\/pruebasnitorlack.com\/co\/?s={search_term_string}"},"query-input":{"@type":"PropertyValueSpecification","valueRequired":true,"valueName":"search_term_string"}}],"inLanguage":"es-CO"}]}},"_links":{"self":[{"href":"https:\/\/pruebasnitorlack.com\/co\/wp-json\/wp\/v2\/pages\/17675","targetHints":{"allow":["GET"]}}],"collection":[{"href":"https:\/\/pruebasnitorlack.com\/co\/wp-json\/wp\/v2\/pages"}],"about":[{"href":"https:\/\/pruebasnitorlack.com\/co\/wp-json\/wp\/v2\/types\/page"}],"author":[{"embeddable":true,"href":"https:\/\/pruebasnitorlack.com\/co\/wp-json\/wp\/v2\/users\/1"}],"replies":[{"embeddable":true,"href":"https:\/\/pruebasnitorlack.com\/co\/wp-json\/wp\/v2\/comments?post=17675"}],"version-history":[{"count":0,"href":"https:\/\/pruebasnitorlack.com\/co\/wp-json\/wp\/v2\/pages\/17675\/revisions"}],"up":[{"embeddable":true,"href":"https:\/\/pruebasnitorlack.com\/co\/wp-json\/wp\/v2\/pages\/17582"}],"wp:attachment":[{"href":"https:\/\/pruebasnitorlack.com\/co\/wp-json\/wp\/v2\/media?parent=17675"}],"curies":[{"name":"wp","href":"https:\/\/api.w.org\/{rel}","templated":true}]}}