{"id":17578,"date":"2016-04-08T13:31:37","date_gmt":"2016-04-08T13:31:37","guid":{"rendered":"https:\/\/pruebasnitorlack.com\/barnices-bricolaje\/barnices-exterior\/"},"modified":"2020-07-29T12:01:31","modified_gmt":"2020-07-29T12:01:31","slug":"barniz-laca-proteccion-exterior","status":"publish","type":"page","link":"https:\/\/pruebasnitorlack.com\/co\/barnices-bricolaje\/barniz-laca-proteccion-exterior\/","title":{"rendered":"BARNIZ LACA PROTECCI\u00d3N EXTERIOR"},"content":{"rendered":"[vc_row type=&#8221;full_width_content&#8221; full_screen_row_position=&#8221;middle&#8221; equal_height=&#8221;yes&#8221; content_placement=&#8221;middle&#8221; full_height=&#8221;yes&#8221; columns_placement=&#8221;stretch&#8221; scene_position=&#8221;center&#8221; text_color=&#8221;dark&#8221; text_align=&#8221;left&#8221; top_padding=&#8221;100&#8243; overlay_strength=&#8221;0.3&#8243; shape_divider_position=&#8221;bottom&#8221; shape_type=&#8221;&#8221;][vc_column column_padding=&#8221;no-extra-padding&#8221; column_padding_position=&#8221;all&#8221; background_color_opacity=&#8221;1&#8243; background_hover_color_opacity=&#8221;1&#8243; background_image=&#8221;18082&#8243; column_link_target=&#8221;_self&#8221; column_shadow=&#8221;none&#8221; column_border_radius=&#8221;none&#8221; width=&#8221;1\/2&#8243; tablet_width_inherit=&#8221;default&#8221; tablet_text_alignment=&#8221;default&#8221; phone_text_alignment=&#8221;default&#8221; column_border_width=&#8221;none&#8221; column_border_style=&#8221;solid&#8221;][divider line_type=&#8221;No Line&#8221; custom_height=&#8221;350&#8243;][\/vc_column][vc_column column_padding=&#8221;padding-8-percent&#8221; column_padding_position=&#8221;all&#8221; background_color=&#8221;#ffffff&#8221; background_color_opacity=&#8221;1&#8243; background_hover_color_opacity=&#8221;1&#8243; column_link_target=&#8221;_self&#8221; column_shadow=&#8221;none&#8221; column_border_radius=&#8221;none&#8221; width=&#8221;1\/2&#8243; tablet_width_inherit=&#8221;default&#8221; tablet_text_alignment=&#8221;default&#8221; phone_text_alignment=&#8221;default&#8221; column_border_width=&#8221;none&#8221; column_border_style=&#8221;solid&#8221;][vc_custom_heading text=&#8221;Esfera, la soluci\u00f3n profesional para proteger la madera al exterior.&#8221; font_container=&#8221;tag:h2|font_size:42|text_align:left|line_height:52px&#8221; use_theme_fonts=&#8221;yes&#8221;][vc_column_text css=&#8221;.vc_custom_1596022397166{margin-top: 30px !important;margin-bottom: 30px !important;}&#8221;]\n<p style=\"text-align: justify;\">Esfera, la soluci\u00f3n profesional para proteger la madera al exterior.<\/p>\n<p style=\"text-align: justify;\">Esfera, ofrece la soluci\u00f3n m\u00e1s duradera y resistente adem\u00e1s de una excepcional inalterabilidad porque est\u00e1 formulado con resinas altamente tecnol\u00f3gicas que no amarillean y mantiene los colores intactos por m\u00e1s tiempo. Adem\u00e1s, tiene una gran resistencia a la intemperie, una excelente flexibilidad y elasticidad y se adhiere perfectamente a m\u00faltiples materiales.<\/p>\n<h4 style=\"text-align: justify;\"><strong>\u00bfPor qu\u00e9 elegir Esfera?<\/strong><\/h4>\n<h5 style=\"text-align: justify;\"><strong>Por su dureza.<\/strong><\/h5>\n<p style=\"text-align: justify;\">F\u00edsica y qu\u00edmica, tanto a la abrasi\u00f3n como a los productos de limpieza en general. Al ser un\u00a0<strong>barniz<\/strong>\u00a0acr\u00edlico resiste hasta 2 veces m\u00e1s que la pintura sint\u00e9tica tradicional.<\/p>\n<h5 style=\"text-align: justify;\"><strong>Efecto impermeable.<\/strong><\/h5>\n<p style=\"text-align: justify;\">Est\u00e1 formulado con resinas acr\u00edlicas puras en base al agua que proporcionan unas capas de barniz totalmente impermeables y transpirables, convirti\u00e9ndolo en el protector perfecto para resistir estable ante las inclemencias del tiempo.<\/p>\n<h5 style=\"text-align: justify;\"><strong>Limpieza y aplicaci\u00f3n sencilla.<\/strong><\/h5>\n<p style=\"text-align: justify;\">Los utensilios y manchas que se produzcan durante la aplicaci\u00f3n se limpian f\u00e1cilmente con agua. Adem\u00e1s, si queremos diluir el barniz es tan sencillo como a\u00f1adir agua.<\/p>\n<h5 style=\"text-align: justify;\"><strong>Por su elasticidad.<\/strong><\/h5>\n<p style=\"text-align: justify;\">Formulado debidamente para soportar las contracciones y dilataciones de la madera sin producirse roturas en la pel\u00edcula de barniz.<\/p>\n<h5 style=\"text-align: justify;\"><strong>Por su alta tecnolog\u00eda.<\/strong><\/h5>\n<p style=\"text-align: justify;\">Los colores se mantienen igual que el primer d\u00eda durante m\u00e1s tiempo, al contener filtros solares y \u00f3xidos de hierro en los colores naturales que confieren una alta protecci\u00f3n a la madera de los rayos ultravioleta.<\/p>\n<h5 style=\"text-align: justify;\"><strong>Medioambiente.<\/strong><\/h5>\n<p style=\"text-align: justify;\"><strong>Barnices<\/strong>\u00a0formulados en Base Agua, apostando por la seguridad de las personas y del medio ambiente.<\/p>\n[\/vc_column_text][nectar_cta btn_style=&#8221;see-through&#8221; heading_tag=&#8221;h5&#8243; text_color=&#8221;#2f4eff&#8221; link_type=&#8221;regular&#8221; alignment=&#8221;left&#8221; url=&#8221;https:\/\/pruebasnitorlack.com\/co\/valresa-colombia\/&#8221; text=&#8221;SOLICITAR INFORMACI\u00d3N&#8221;][\/vc_column][\/vc_row]\n","protected":false},"excerpt":{"rendered":"<p>[vc_row type=&#8221;full_width_content&#8221; full_screen_row_position=&#8221;middle&#8221; equal_height=&#8221;yes&#8221; content_placement=&#8221;middle&#8221; full_height=&#8221;yes&#8221; columns_placement=&#8221;stretch&#8221; scene_position=&#8221;center&#8221; text_color=&#8221;dark&#8221; text_align=&#8221;left&#8221; top_padding=&#8221;100&#8243; overlay_strength=&#8221;0.3&#8243; shape_divider_position=&#8221;bottom&#8221; shape_type=&#8221;&#8221;][vc_column column_padding=&#8221;no-extra-padding&#8221; column_padding_position=&#8221;all&#8221; background_color_opacity=&#8221;1&#8243; background_hover_color_opacity=&#8221;1&#8243; background_image=&#8221;18082&#8243; column_link_target=&#8221;_self&#8221; column_shadow=&#8221;none&#8221; column_border_radius=&#8221;none&#8221; width=&#8221;1\/2&#8243; tablet_width_inherit=&#8221;default&#8221; tablet_text_alignment=&#8221;default&#8221; phone_text_alignment=&#8221;default&#8221; column_border_width=&#8221;none&#8221; column_border_style=&#8221;solid&#8221;][divider line_type=&#8221;No Line&#8221;&#8230;<\/p>\n","protected":false},"author":1,"featured_media":0,"parent":17538,"menu_order":0,"comment_status":"closed","ping_status":"closed","template":"","meta":{"_joinchat":[],"footnotes":""},"class_list":["post-17578","page","type-page","status-publish"],"yoast_head":"<!-- This site is optimized with the Yoast SEO plugin v27.4 - https:\/\/yoast.com\/product\/yoast-seo-wordpress\/ -->\n<title>BARNIZ LACA PROTECCI\u00d3N EXTERIOR - Valresa.com<\/title>\n<meta name=\"description\" content=\"Barniz al agua protectores para pintar madera de exterior. Todos los productos para barnizar la madera y protegerla de los agentes clim\u00e1ticos.\" \/>\n<meta name=\"robots\" content=\"noindex, follow, max-snippet:-1, max-image-preview:large, max-video-preview:-1\" \/>\n<meta property=\"og:locale\" content=\"es_ES\" \/>\n<meta property=\"og:type\" content=\"article\" \/>\n<meta property=\"og:title\" content=\"BARNIZ LACA PROTECCI\u00d3N EXTERIOR - Valresa.com\" \/>\n<meta property=\"og:description\" content=\"Barniz al agua protectores para pintar madera de exterior. Todos los productos para barnizar la madera y protegerla de los agentes clim\u00e1ticos.\" \/>\n<meta property=\"og:url\" content=\"https:\/\/pruebasnitorlack.com\/co\/barnices-bricolaje\/barniz-laca-proteccion-exterior\/\" \/>\n<meta property=\"og:site_name\" content=\"VALRESA\" \/>\n<meta property=\"article:publisher\" content=\"https:\/\/www.facebook.com\/valresacoatings\/\" \/>\n<meta property=\"article:modified_time\" content=\"2020-07-29T12:01:31+00:00\" \/>\n<meta name=\"twitter:card\" content=\"summary_large_image\" \/>\n<meta name=\"twitter:label1\" content=\"Tiempo de lectura\" \/>\n\t<meta name=\"twitter:data1\" content=\"2 minutos\" \/>\n<script type=\"application\/ld+json\" class=\"yoast-schema-graph\">{\"@context\":\"https:\\\/\\\/schema.org\",\"@graph\":[{\"@type\":\"WebPage\",\"@id\":\"https:\\\/\\\/pruebasnitorlack.com\\\/co\\\/barnices-bricolaje\\\/barniz-laca-proteccion-exterior\\\/\",\"url\":\"https:\\\/\\\/pruebasnitorlack.com\\\/co\\\/barnices-bricolaje\\\/barniz-laca-proteccion-exterior\\\/\",\"name\":\"BARNIZ LACA PROTECCI\u00d3N EXTERIOR - Valresa.com\",\"isPartOf\":{\"@id\":\"https:\\\/\\\/pruebasnitorlack.com\\\/co\\\/#website\"},\"datePublished\":\"2016-04-08T13:31:37+00:00\",\"dateModified\":\"2020-07-29T12:01:31+00:00\",\"description\":\"Barniz al agua protectores para pintar madera de exterior. Todos los productos para barnizar la madera y protegerla de los agentes clim\u00e1ticos.\",\"breadcrumb\":{\"@id\":\"https:\\\/\\\/pruebasnitorlack.com\\\/co\\\/barnices-bricolaje\\\/barniz-laca-proteccion-exterior\\\/#breadcrumb\"},\"inLanguage\":\"es-CO\",\"potentialAction\":[{\"@type\":\"ReadAction\",\"target\":[\"https:\\\/\\\/pruebasnitorlack.com\\\/co\\\/barnices-bricolaje\\\/barniz-laca-proteccion-exterior\\\/\"]}]},{\"@type\":\"BreadcrumbList\",\"@id\":\"https:\\\/\\\/pruebasnitorlack.com\\\/co\\\/barnices-bricolaje\\\/barniz-laca-proteccion-exterior\\\/#breadcrumb\",\"itemListElement\":[{\"@type\":\"ListItem\",\"position\":1,\"name\":\"Portada\",\"item\":\"https:\\\/\\\/pruebasnitorlack.com\\\/co\\\/\"},{\"@type\":\"ListItem\",\"position\":2,\"name\":\"BARNICES BRICOLAJE\",\"item\":\"https:\\\/\\\/pruebasnitorlack.com\\\/co\\\/barnices-bricolaje\\\/\"},{\"@type\":\"ListItem\",\"position\":3,\"name\":\"BARNIZ LACA PROTECCI\u00d3N EXTERIOR\"}]},{\"@type\":\"WebSite\",\"@id\":\"https:\\\/\\\/pruebasnitorlack.com\\\/co\\\/#website\",\"url\":\"https:\\\/\\\/pruebasnitorlack.com\\\/co\\\/\",\"name\":\"VALRESA\",\"description\":\"Barnices y pinturas para la madera\",\"potentialAction\":[{\"@type\":\"SearchAction\",\"target\":{\"@type\":\"EntryPoint\",\"urlTemplate\":\"https:\\\/\\\/pruebasnitorlack.com\\\/co\\\/?s={search_term_string}\"},\"query-input\":{\"@type\":\"PropertyValueSpecification\",\"valueRequired\":true,\"valueName\":\"search_term_string\"}}],\"inLanguage\":\"es-CO\"}]}<\/script>\n<!-- \/ Yoast SEO plugin. -->","yoast_head_json":{"title":"BARNIZ LACA PROTECCI\u00d3N EXTERIOR - Valresa.com","description":"Barniz al agua protectores para pintar madera de exterior. Todos los productos para barnizar la madera y protegerla de los agentes clim\u00e1ticos.","robots":{"index":"noindex","follow":"follow","max-snippet":"max-snippet:-1","max-image-preview":"max-image-preview:large","max-video-preview":"max-video-preview:-1"},"og_locale":"es_ES","og_type":"article","og_title":"BARNIZ LACA PROTECCI\u00d3N EXTERIOR - Valresa.com","og_description":"Barniz al agua protectores para pintar madera de exterior. Todos los productos para barnizar la madera y protegerla de los agentes clim\u00e1ticos.","og_url":"https:\/\/pruebasnitorlack.com\/co\/barnices-bricolaje\/barniz-laca-proteccion-exterior\/","og_site_name":"VALRESA","article_publisher":"https:\/\/www.facebook.com\/valresacoatings\/","article_modified_time":"2020-07-29T12:01:31+00:00","twitter_card":"summary_large_image","twitter_misc":{"Tiempo de lectura":"2 minutos"},"schema":{"@context":"https:\/\/schema.org","@graph":[{"@type":"WebPage","@id":"https:\/\/pruebasnitorlack.com\/co\/barnices-bricolaje\/barniz-laca-proteccion-exterior\/","url":"https:\/\/pruebasnitorlack.com\/co\/barnices-bricolaje\/barniz-laca-proteccion-exterior\/","name":"BARNIZ LACA PROTECCI\u00d3N EXTERIOR - Valresa.com","isPartOf":{"@id":"https:\/\/pruebasnitorlack.com\/co\/#website"},"datePublished":"2016-04-08T13:31:37+00:00","dateModified":"2020-07-29T12:01:31+00:00","description":"Barniz al agua protectores para pintar madera de exterior. Todos los productos para barnizar la madera y protegerla de los agentes clim\u00e1ticos.","breadcrumb":{"@id":"https:\/\/pruebasnitorlack.com\/co\/barnices-bricolaje\/barniz-laca-proteccion-exterior\/#breadcrumb"},"inLanguage":"es-CO","potentialAction":[{"@type":"ReadAction","target":["https:\/\/pruebasnitorlack.com\/co\/barnices-bricolaje\/barniz-laca-proteccion-exterior\/"]}]},{"@type":"BreadcrumbList","@id":"https:\/\/pruebasnitorlack.com\/co\/barnices-bricolaje\/barniz-laca-proteccion-exterior\/#breadcrumb","itemListElement":[{"@type":"ListItem","position":1,"name":"Portada","item":"https:\/\/pruebasnitorlack.com\/co\/"},{"@type":"ListItem","position":2,"name":"BARNICES BRICOLAJE","item":"https:\/\/pruebasnitorlack.com\/co\/barnices-bricolaje\/"},{"@type":"ListItem","position":3,"name":"BARNIZ LACA PROTECCI\u00d3N EXTERIOR"}]},{"@type":"WebSite","@id":"https:\/\/pruebasnitorlack.com\/co\/#website","url":"https:\/\/pruebasnitorlack.com\/co\/","name":"VALRESA","description":"Barnices y pinturas para la madera","potentialAction":[{"@type":"SearchAction","target":{"@type":"EntryPoint","urlTemplate":"https:\/\/pruebasnitorlack.com\/co\/?s={search_term_string}"},"query-input":{"@type":"PropertyValueSpecification","valueRequired":true,"valueName":"search_term_string"}}],"inLanguage":"es-CO"}]}},"_links":{"self":[{"href":"https:\/\/pruebasnitorlack.com\/co\/wp-json\/wp\/v2\/pages\/17578","targetHints":{"allow":["GET"]}}],"collection":[{"href":"https:\/\/pruebasnitorlack.com\/co\/wp-json\/wp\/v2\/pages"}],"about":[{"href":"https:\/\/pruebasnitorlack.com\/co\/wp-json\/wp\/v2\/types\/page"}],"author":[{"embeddable":true,"href":"https:\/\/pruebasnitorlack.com\/co\/wp-json\/wp\/v2\/users\/1"}],"replies":[{"embeddable":true,"href":"https:\/\/pruebasnitorlack.com\/co\/wp-json\/wp\/v2\/comments?post=17578"}],"version-history":[{"count":0,"href":"https:\/\/pruebasnitorlack.com\/co\/wp-json\/wp\/v2\/pages\/17578\/revisions"}],"up":[{"embeddable":true,"href":"https:\/\/pruebasnitorlack.com\/co\/wp-json\/wp\/v2\/pages\/17538"}],"wp:attachment":[{"href":"https:\/\/pruebasnitorlack.com\/co\/wp-json\/wp\/v2\/media?parent=17578"}],"curies":[{"name":"wp","href":"https:\/\/api.w.org\/{rel}","templated":true}]}}