{"id":17573,"date":"2016-07-18T08:12:34","date_gmt":"2016-07-18T08:12:34","guid":{"rendered":"https:\/\/pruebasnitorlack.com\/barnices-bricolaje\/barnices-interior\/"},"modified":"2020-07-29T10:56:30","modified_gmt":"2020-07-29T10:56:30","slug":"barniz-pintura-laca-proteccion-interior","status":"publish","type":"page","link":"https:\/\/pruebasnitorlack.com\/co\/barnices-bricolaje\/barniz-pintura-laca-proteccion-interior\/","title":{"rendered":"BARNICES INTERIOR"},"content":{"rendered":"[vc_row type=&#8221;full_width_content&#8221; full_screen_row_position=&#8221;middle&#8221; equal_height=&#8221;yes&#8221; content_placement=&#8221;middle&#8221; full_height=&#8221;yes&#8221; columns_placement=&#8221;stretch&#8221; scene_position=&#8221;center&#8221; text_color=&#8221;dark&#8221; text_align=&#8221;left&#8221; top_padding=&#8221;100&#8243; overlay_strength=&#8221;0.3&#8243; shape_divider_position=&#8221;bottom&#8221; shape_type=&#8221;&#8221;][vc_column column_padding=&#8221;no-extra-padding&#8221; column_padding_position=&#8221;all&#8221; background_color_opacity=&#8221;1&#8243; background_hover_color_opacity=&#8221;1&#8243; background_image=&#8221;18074&#8243; column_link_target=&#8221;_self&#8221; column_shadow=&#8221;none&#8221; column_border_radius=&#8221;none&#8221; width=&#8221;1\/2&#8243; tablet_width_inherit=&#8221;default&#8221; tablet_text_alignment=&#8221;default&#8221; phone_text_alignment=&#8221;default&#8221; column_border_width=&#8221;none&#8221; column_border_style=&#8221;solid&#8221;][divider line_type=&#8221;No Line&#8221; custom_height=&#8221;200&#8243;][\/vc_column][vc_column column_padding=&#8221;padding-8-percent&#8221; column_padding_position=&#8221;all&#8221; background_color=&#8221;#ffffff&#8221; background_color_opacity=&#8221;1&#8243; background_hover_color_opacity=&#8221;1&#8243; column_link_target=&#8221;_self&#8221; column_shadow=&#8221;none&#8221; column_border_radius=&#8221;none&#8221; width=&#8221;1\/2&#8243; tablet_width_inherit=&#8221;default&#8221; tablet_text_alignment=&#8221;default&#8221; phone_text_alignment=&#8221;default&#8221; column_border_width=&#8221;none&#8221; column_border_style=&#8221;solid&#8221;][vc_custom_heading text=&#8221;Barnices, Lacas y Pinturas para bricolage interior&#8221; font_container=&#8221;tag:h2|font_size:42|text_align:left|line_height:52px&#8221; use_theme_fonts=&#8221;yes&#8221;][vc_column_text css=&#8221;.vc_custom_1596016743697{margin-top: 30px !important;margin-bottom: 30px !important;}&#8221;]\n<p style=\"text-align: justify;\">Al pintar o barnizar la madera de interior lo debemos hacer con pinturas, barnices y lacas al agua de alta tecnolog\u00eda para que nuestros proyectos decorativos tales como: pintar suelos de madera, pintar sillas, pintar mesas, pintar puertas, pintar mesitas, pintar cabezales, etc., duren el m\u00e1ximo tiempo posible en las mejores condiciones.<\/p>\n<p style=\"text-align: justify;\">Para que sea m\u00e1s f\u00e1cil elegir el color deseado a la hora de pintar la madera, los productos de las familias de los Tintes Colores Naturales y la Pintura Color para madera, se han formulado para que puedan mezclarse entre s\u00ed y obtener el tono de color que m\u00e1s nos guste.<\/p>\n<p style=\"text-align: justify;\">Todos los colores son orientativos se recomienda realizar una peque\u00f1a prueba de color antes de pintar la madera.\u00a0Otros productos para barnizar la madera de interior con un alto valor tecnol\u00f3gico son el Barniz Mate Natural, con el que se consigue un efecto de madera natural con un proceso muy f\u00e1cil de aplicar ya que es un \u00fanico producto que act\u00faa como fondo y como acabado a la vez; por lo tanto aplicando dos capas del mismo producto estar\u00e1 concluido todo el proceso de barnizado.<\/p>\n<p style=\"text-align: justify;\">Por \u00faltimo, si lo que pretendes es que tus muebles resistan el m\u00e1ximo de tiempo con la misma imagen del primer d\u00eda, tu producto es el Barniz Alta Resistencia que proteger\u00e1 la madera y muebles de golpes, ara\u00f1azos y productos de limpieza dom\u00e9stico como ning\u00fan otro.<\/p>\n[\/vc_column_text][nectar_cta btn_style=&#8221;see-through&#8221; heading_tag=&#8221;h5&#8243; text_color=&#8221;#2f4eff&#8221; link_type=&#8221;new_tab&#8221; alignment=&#8221;left&#8221; link_text=&#8221;SOLICITAR INFORMACI\u00d3N&#8221; url=&#8221;https:\/\/pruebasnitorlack.com\/co\/valresa-colombia\/&#8221;][\/vc_column][\/vc_row]\n","protected":false},"excerpt":{"rendered":"<p>[vc_row type=&#8221;full_width_content&#8221; full_screen_row_position=&#8221;middle&#8221; equal_height=&#8221;yes&#8221; content_placement=&#8221;middle&#8221; full_height=&#8221;yes&#8221; columns_placement=&#8221;stretch&#8221; scene_position=&#8221;center&#8221; text_color=&#8221;dark&#8221; text_align=&#8221;left&#8221; top_padding=&#8221;100&#8243; overlay_strength=&#8221;0.3&#8243; shape_divider_position=&#8221;bottom&#8221; shape_type=&#8221;&#8221;][vc_column column_padding=&#8221;no-extra-padding&#8221; column_padding_position=&#8221;all&#8221; background_color_opacity=&#8221;1&#8243; background_hover_color_opacity=&#8221;1&#8243; background_image=&#8221;18074&#8243; column_link_target=&#8221;_self&#8221; column_shadow=&#8221;none&#8221; column_border_radius=&#8221;none&#8221; width=&#8221;1\/2&#8243; tablet_width_inherit=&#8221;default&#8221; tablet_text_alignment=&#8221;default&#8221; phone_text_alignment=&#8221;default&#8221; column_border_width=&#8221;none&#8221; column_border_style=&#8221;solid&#8221;][divider line_type=&#8221;No Line&#8221;&#8230;<\/p>\n","protected":false},"author":1,"featured_media":0,"parent":17538,"menu_order":0,"comment_status":"closed","ping_status":"closed","template":"","meta":{"_joinchat":[],"footnotes":""},"class_list":["post-17573","page","type-page","status-publish"],"yoast_head":"<!-- This site is optimized with the Yoast SEO plugin v27.4 - https:\/\/yoast.com\/product\/yoast-seo-wordpress\/ -->\n<title>BARNICES INTERIOR - Valresa.com<\/title>\n<meta name=\"description\" content=\"Gama de barniz al agua para pintar la madera y mueble de interior, exentos de solventes y de f\u00e1cil aplicaci\u00f3n para pintar los trabajos de bricolaje interior.\" \/>\n<meta name=\"robots\" content=\"noindex, follow, max-snippet:-1, max-image-preview:large, max-video-preview:-1\" \/>\n<meta property=\"og:locale\" content=\"es_ES\" \/>\n<meta property=\"og:type\" content=\"article\" \/>\n<meta property=\"og:title\" content=\"BARNICES INTERIOR - Valresa.com\" \/>\n<meta property=\"og:description\" content=\"Gama de barniz al agua para pintar la madera y mueble de interior, exentos de solventes y de f\u00e1cil aplicaci\u00f3n para pintar los trabajos de bricolaje interior.\" \/>\n<meta property=\"og:url\" content=\"https:\/\/pruebasnitorlack.com\/co\/barnices-bricolaje\/barniz-pintura-laca-proteccion-interior\/\" \/>\n<meta property=\"og:site_name\" content=\"VALRESA\" \/>\n<meta property=\"article:publisher\" content=\"https:\/\/www.facebook.com\/valresacoatings\/\" \/>\n<meta property=\"article:modified_time\" content=\"2020-07-29T10:56:30+00:00\" \/>\n<meta name=\"twitter:card\" content=\"summary_large_image\" \/>\n<meta name=\"twitter:label1\" content=\"Tiempo de lectura\" \/>\n\t<meta name=\"twitter:data1\" content=\"2 minutos\" \/>\n<script type=\"application\/ld+json\" class=\"yoast-schema-graph\">{\"@context\":\"https:\\\/\\\/schema.org\",\"@graph\":[{\"@type\":\"WebPage\",\"@id\":\"https:\\\/\\\/pruebasnitorlack.com\\\/co\\\/barnices-bricolaje\\\/barniz-pintura-laca-proteccion-interior\\\/\",\"url\":\"https:\\\/\\\/pruebasnitorlack.com\\\/co\\\/barnices-bricolaje\\\/barniz-pintura-laca-proteccion-interior\\\/\",\"name\":\"BARNICES INTERIOR - Valresa.com\",\"isPartOf\":{\"@id\":\"https:\\\/\\\/pruebasnitorlack.com\\\/co\\\/#website\"},\"datePublished\":\"2016-07-18T08:12:34+00:00\",\"dateModified\":\"2020-07-29T10:56:30+00:00\",\"description\":\"Gama de barniz al agua para pintar la madera y mueble de interior, exentos de solventes y de f\u00e1cil aplicaci\u00f3n para pintar los trabajos de bricolaje interior.\",\"breadcrumb\":{\"@id\":\"https:\\\/\\\/pruebasnitorlack.com\\\/co\\\/barnices-bricolaje\\\/barniz-pintura-laca-proteccion-interior\\\/#breadcrumb\"},\"inLanguage\":\"es-CO\",\"potentialAction\":[{\"@type\":\"ReadAction\",\"target\":[\"https:\\\/\\\/pruebasnitorlack.com\\\/co\\\/barnices-bricolaje\\\/barniz-pintura-laca-proteccion-interior\\\/\"]}]},{\"@type\":\"BreadcrumbList\",\"@id\":\"https:\\\/\\\/pruebasnitorlack.com\\\/co\\\/barnices-bricolaje\\\/barniz-pintura-laca-proteccion-interior\\\/#breadcrumb\",\"itemListElement\":[{\"@type\":\"ListItem\",\"position\":1,\"name\":\"Portada\",\"item\":\"https:\\\/\\\/pruebasnitorlack.com\\\/co\\\/\"},{\"@type\":\"ListItem\",\"position\":2,\"name\":\"BARNICES BRICOLAJE\",\"item\":\"https:\\\/\\\/pruebasnitorlack.com\\\/co\\\/barnices-bricolaje\\\/\"},{\"@type\":\"ListItem\",\"position\":3,\"name\":\"BARNICES INTERIOR\"}]},{\"@type\":\"WebSite\",\"@id\":\"https:\\\/\\\/pruebasnitorlack.com\\\/co\\\/#website\",\"url\":\"https:\\\/\\\/pruebasnitorlack.com\\\/co\\\/\",\"name\":\"VALRESA\",\"description\":\"Barnices y pinturas para la madera\",\"potentialAction\":[{\"@type\":\"SearchAction\",\"target\":{\"@type\":\"EntryPoint\",\"urlTemplate\":\"https:\\\/\\\/pruebasnitorlack.com\\\/co\\\/?s={search_term_string}\"},\"query-input\":{\"@type\":\"PropertyValueSpecification\",\"valueRequired\":true,\"valueName\":\"search_term_string\"}}],\"inLanguage\":\"es-CO\"}]}<\/script>\n<!-- \/ Yoast SEO plugin. -->","yoast_head_json":{"title":"BARNICES INTERIOR - Valresa.com","description":"Gama de barniz al agua para pintar la madera y mueble de interior, exentos de solventes y de f\u00e1cil aplicaci\u00f3n para pintar los trabajos de bricolaje interior.","robots":{"index":"noindex","follow":"follow","max-snippet":"max-snippet:-1","max-image-preview":"max-image-preview:large","max-video-preview":"max-video-preview:-1"},"og_locale":"es_ES","og_type":"article","og_title":"BARNICES INTERIOR - Valresa.com","og_description":"Gama de barniz al agua para pintar la madera y mueble de interior, exentos de solventes y de f\u00e1cil aplicaci\u00f3n para pintar los trabajos de bricolaje interior.","og_url":"https:\/\/pruebasnitorlack.com\/co\/barnices-bricolaje\/barniz-pintura-laca-proteccion-interior\/","og_site_name":"VALRESA","article_publisher":"https:\/\/www.facebook.com\/valresacoatings\/","article_modified_time":"2020-07-29T10:56:30+00:00","twitter_card":"summary_large_image","twitter_misc":{"Tiempo de lectura":"2 minutos"},"schema":{"@context":"https:\/\/schema.org","@graph":[{"@type":"WebPage","@id":"https:\/\/pruebasnitorlack.com\/co\/barnices-bricolaje\/barniz-pintura-laca-proteccion-interior\/","url":"https:\/\/pruebasnitorlack.com\/co\/barnices-bricolaje\/barniz-pintura-laca-proteccion-interior\/","name":"BARNICES INTERIOR - Valresa.com","isPartOf":{"@id":"https:\/\/pruebasnitorlack.com\/co\/#website"},"datePublished":"2016-07-18T08:12:34+00:00","dateModified":"2020-07-29T10:56:30+00:00","description":"Gama de barniz al agua para pintar la madera y mueble de interior, exentos de solventes y de f\u00e1cil aplicaci\u00f3n para pintar los trabajos de bricolaje interior.","breadcrumb":{"@id":"https:\/\/pruebasnitorlack.com\/co\/barnices-bricolaje\/barniz-pintura-laca-proteccion-interior\/#breadcrumb"},"inLanguage":"es-CO","potentialAction":[{"@type":"ReadAction","target":["https:\/\/pruebasnitorlack.com\/co\/barnices-bricolaje\/barniz-pintura-laca-proteccion-interior\/"]}]},{"@type":"BreadcrumbList","@id":"https:\/\/pruebasnitorlack.com\/co\/barnices-bricolaje\/barniz-pintura-laca-proteccion-interior\/#breadcrumb","itemListElement":[{"@type":"ListItem","position":1,"name":"Portada","item":"https:\/\/pruebasnitorlack.com\/co\/"},{"@type":"ListItem","position":2,"name":"BARNICES BRICOLAJE","item":"https:\/\/pruebasnitorlack.com\/co\/barnices-bricolaje\/"},{"@type":"ListItem","position":3,"name":"BARNICES INTERIOR"}]},{"@type":"WebSite","@id":"https:\/\/pruebasnitorlack.com\/co\/#website","url":"https:\/\/pruebasnitorlack.com\/co\/","name":"VALRESA","description":"Barnices y pinturas para la madera","potentialAction":[{"@type":"SearchAction","target":{"@type":"EntryPoint","urlTemplate":"https:\/\/pruebasnitorlack.com\/co\/?s={search_term_string}"},"query-input":{"@type":"PropertyValueSpecification","valueRequired":true,"valueName":"search_term_string"}}],"inLanguage":"es-CO"}]}},"_links":{"self":[{"href":"https:\/\/pruebasnitorlack.com\/co\/wp-json\/wp\/v2\/pages\/17573","targetHints":{"allow":["GET"]}}],"collection":[{"href":"https:\/\/pruebasnitorlack.com\/co\/wp-json\/wp\/v2\/pages"}],"about":[{"href":"https:\/\/pruebasnitorlack.com\/co\/wp-json\/wp\/v2\/types\/page"}],"author":[{"embeddable":true,"href":"https:\/\/pruebasnitorlack.com\/co\/wp-json\/wp\/v2\/users\/1"}],"replies":[{"embeddable":true,"href":"https:\/\/pruebasnitorlack.com\/co\/wp-json\/wp\/v2\/comments?post=17573"}],"version-history":[{"count":0,"href":"https:\/\/pruebasnitorlack.com\/co\/wp-json\/wp\/v2\/pages\/17573\/revisions"}],"up":[{"embeddable":true,"href":"https:\/\/pruebasnitorlack.com\/co\/wp-json\/wp\/v2\/pages\/17538"}],"wp:attachment":[{"href":"https:\/\/pruebasnitorlack.com\/co\/wp-json\/wp\/v2\/media?parent=17573"}],"curies":[{"name":"wp","href":"https:\/\/api.w.org\/{rel}","templated":true}]}}