{"id":17528,"date":"2016-04-08T07:35:10","date_gmt":"2016-04-08T07:35:10","guid":{"rendered":"https:\/\/pruebasnitorlack.com\/acabado-base-agua\/"},"modified":"2022-06-29T12:32:09","modified_gmt":"2022-06-29T12:32:09","slug":"acabado-base-agua","status":"publish","type":"page","link":"https:\/\/pruebasnitorlack.com\/co\/acabado-base-agua\/","title":{"rendered":"LACA AL AGUA PARA MADERA"},"content":{"rendered":"[vc_row type=&#8221;in_container&#8221; full_screen_row_position=&#8221;middle&#8221; scene_position=&#8221;center&#8221; text_color=&#8221;dark&#8221; text_align=&#8221;left&#8221; overlay_strength=&#8221;0.3&#8243; shape_divider_position=&#8221;bottom&#8221;][\/vc_row][vc_column column_padding=&#8221;no-extra-padding&#8221; column_padding_position=&#8221;all&#8221; background_color_opacity=&#8221;1&#8243; background_hover_color_opacity=&#8221;1&#8243; column_link_target=&#8221;_self&#8221; column_shadow=&#8221;none&#8221; column_border_radius=&#8221;none&#8221; width=&#8221;1\/2&#8243; tablet_width_inherit=&#8221;default&#8221; tablet_text_alignment=&#8221;default&#8221; phone_text_alignment=&#8221;default&#8221; column_border_width=&#8221;none&#8221; column_border_style=&#8221;solid&#8221;][\/vc_column][vc_row type=&#8221;in_container&#8221; full_screen_row_position=&#8221;middle&#8221; scene_position=&#8221;center&#8221; text_color=&#8221;dark&#8221; text_align=&#8221;left&#8221; overlay_strength=&#8221;0.3&#8243; shape_divider_position=&#8221;bottom&#8221;][vc_column column_padding=&#8221;no-extra-padding&#8221; column_padding_position=&#8221;all&#8221; background_color_opacity=&#8221;1&#8243; background_hover_color_opacity=&#8221;1&#8243; column_link_target=&#8221;_self&#8221; column_shadow=&#8221;none&#8221; column_border_radius=&#8221;none&#8221; width=&#8221;1\/1&#8243; tablet_width_inherit=&#8221;default&#8221; tablet_text_alignment=&#8221;default&#8221; phone_text_alignment=&#8221;default&#8221; column_border_width=&#8221;none&#8221; column_border_style=&#8221;solid&#8221;][vc_column_text]\n[\/vc_column_text][\/vc_column][\/vc_row][vc_row type=&#8221;in_container&#8221; full_screen_row_position=&#8221;middle&#8221; scene_position=&#8221;center&#8221; text_color=&#8221;dark&#8221; text_align=&#8221;left&#8221; overlay_strength=&#8221;0.3&#8243; shape_divider_position=&#8221;bottom&#8221;][vc_column column_padding=&#8221;no-extra-padding&#8221; column_padding_position=&#8221;all&#8221; background_color_opacity=&#8221;1&#8243; background_hover_color_opacity=&#8221;1&#8243; column_link_target=&#8221;_self&#8221; column_shadow=&#8221;none&#8221; column_border_radius=&#8221;none&#8221; width=&#8221;1\/1&#8243; tablet_width_inherit=&#8221;default&#8221; tablet_text_alignment=&#8221;default&#8221; phone_text_alignment=&#8221;default&#8221; column_border_width=&#8221;none&#8221; column_border_style=&#8221;solid&#8221;][split_line_heading]\n<h2>Acabado <strong>Laca Base Agua para barnizar la madera<\/strong><\/h2>\n<p>A las prestaciones comunes de estas <strong>lacas<\/strong>, hemos conseguido sumarles una excelente resistencia tanto f\u00edsica como qu\u00edmica que sin embargo no impide la posibilidad de lijado y acabado una semana posterior al fondeado. La alta cubrici\u00f3n y sedosidad de las <strong>lacas para la madera<\/strong> son dos de las propiedades que otorgan a estos <strong>barnices al agua<\/strong> alguna de las cualidades m\u00e1s caracter\u00edsticas.[\/split_line_heading][\/vc_column][\/vc_row][vc_row type=&#8221;full_width_background&#8221; full_screen_row_position=&#8221;middle&#8221; equal_height=&#8221;yes&#8221; content_placement=&#8221;middle&#8221; bg_color=&#8221;#ffffff&#8221; scene_position=&#8221;center&#8221; text_color=&#8221;dark&#8221; text_align=&#8221;left&#8221; top_padding=&#8221;10%&#8221; bottom_padding=&#8221;10%&#8221; id=&#8221;discover&#8221; overlay_strength=&#8221;0.3&#8243; shape_divider_position=&#8221;bottom&#8221; shape_type=&#8221;&#8221;][vc_column column_padding=&#8221;no-extra-padding&#8221; column_padding_position=&#8221;all&#8221; background_color_opacity=&#8221;1&#8243; background_hover_color_opacity=&#8221;1&#8243; column_link_target=&#8221;_self&#8221; column_shadow=&#8221;none&#8221; column_border_radius=&#8221;none&#8221; width=&#8221;2\/3&#8243; tablet_width_inherit=&#8221;default&#8221; tablet_text_alignment=&#8221;default&#8221; phone_text_alignment=&#8221;default&#8221; column_border_width=&#8221;none&#8221; column_border_style=&#8221;solid&#8221;][image_with_animation image_url=&#8221;17983&#8243; alignment=&#8221;&#8221; animation=&#8221;Grow In&#8221; border_radius=&#8221;none&#8221; box_shadow=&#8221;none&#8221; max_width=&#8221;110%&#8221;][\/vc_column][vc_column column_padding=&#8221;no-extra-padding&#8221; column_padding_position=&#8221;all&#8221; background_color_opacity=&#8221;1&#8243; background_hover_color_opacity=&#8221;1&#8243; column_link_target=&#8221;_self&#8221; column_shadow=&#8221;none&#8221; column_border_radius=&#8221;none&#8221; width=&#8221;1\/3&#8243; tablet_width_inherit=&#8221;default&#8221; tablet_text_alignment=&#8221;default&#8221; phone_text_alignment=&#8221;default&#8221; column_border_width=&#8221;none&#8221; column_border_style=&#8221;solid&#8221;][vc_row_inner column_margin=&#8221;default&#8221; text_align=&#8221;left&#8221; css=&#8221;.vc_custom_1504128844236{margin-right: -1px !important;}&#8221;][vc_column_inner enable_animation=&#8221;true&#8221; animation=&#8221;fade-in-from-left&#8221; column_padding=&#8221;no-extra-padding&#8221; column_padding_position=&#8221;all&#8221; background_color_opacity=&#8221;1&#8243; background_hover_color_opacity=&#8221;1&#8243; column_shadow=&#8221;none&#8221; column_border_radius=&#8221;none&#8221; column_link_target=&#8221;_self&#8221; width=&#8221;1\/1&#8243; tablet_width_inherit=&#8221;default&#8221; column_border_width=&#8221;none&#8221; column_border_style=&#8221;solid&#8221;][vc_custom_heading text=&#8221;M\u00e1xima tecnolog\u00eda respetuosa con el medio ambiente&#8221; font_container=&#8221;tag:h2|font_size:40|text_align:left|line_height:50px&#8221; use_theme_fonts=&#8221;yes&#8221;][vc_column_text css=&#8221;.vc_custom_1595848558148{margin-top: 30px !important;margin-bottom: 30px !important;}&#8221;]<strong>Las lacas al agua<\/strong> pueden ser de uno o dos componentes. En el caso de pretender m\u00e1s resistencia quimica recomendamos los barnices al agua de dos componentes. Para la limpeza despues del uso se puede utilizar agua y tambien disolventes.[\/vc_column_text][nectar_btn size=&#8221;large&#8221; button_style=&#8221;regular&#8221; button_color_2=&#8221;extra-color-gradient-2&#8243; icon_family=&#8221;default_arrow&#8221; url=&#8221;https:\/\/pruebasnitorlack.com\/co\/valresa-colombia\/&#8221; text=&#8221;Learn More&#8221; css_animation=&#8221;none&#8221; margin_top=&#8221;20&#8243;][\/vc_column_inner][\/vc_row_inner][\/vc_column][\/vc_row]\n","protected":false},"excerpt":{"rendered":"<p>[vc_row type=&#8221;in_container&#8221; full_screen_row_position=&#8221;middle&#8221; scene_position=&#8221;center&#8221; text_color=&#8221;dark&#8221; text_align=&#8221;left&#8221; overlay_strength=&#8221;0.3&#8243; shape_divider_position=&#8221;bottom&#8221;][\/vc_row][vc_column column_padding=&#8221;no-extra-padding&#8221; column_padding_position=&#8221;all&#8221; background_color_opacity=&#8221;1&#8243; background_hover_color_opacity=&#8221;1&#8243; column_link_target=&#8221;_self&#8221; column_shadow=&#8221;none&#8221; column_border_radius=&#8221;none&#8221; width=&#8221;1\/2&#8243; tablet_width_inherit=&#8221;default&#8221; tablet_text_alignment=&#8221;default&#8221; phone_text_alignment=&#8221;default&#8221; column_border_width=&#8221;none&#8221; column_border_style=&#8221;solid&#8221;][\/vc_column][vc_row type=&#8221;in_container&#8221; full_screen_row_position=&#8221;middle&#8221; scene_position=&#8221;center&#8221; text_color=&#8221;dark&#8221; text_align=&#8221;left&#8221; overlay_strength=&#8221;0.3&#8243; shape_divider_position=&#8221;bottom&#8221;][vc_column column_padding=&#8221;no-extra-padding&#8221; column_padding_position=&#8221;all&#8221;&#8230;<\/p>\n","protected":false},"author":1,"featured_media":0,"parent":0,"menu_order":0,"comment_status":"closed","ping_status":"closed","template":"","meta":{"_joinchat":[],"footnotes":""},"class_list":["post-17528","page","type-page","status-publish"],"yoast_head":"<!-- This site is optimized with the Yoast SEO plugin v27.4 - https:\/\/yoast.com\/product\/yoast-seo-wordpress\/ -->\n<title>LACA AL AGUA PARA MADERA - Valresa.com<\/title>\n<meta name=\"description\" content=\"Lacas al agua de excelente resistencia f\u00edsica y qu\u00edmica para barnizar la madera y mueble exentos de disolventes y f\u00e1ciles de aplicar.\" \/>\n<meta name=\"robots\" content=\"noindex, follow, max-snippet:-1, max-image-preview:large, max-video-preview:-1\" \/>\n<meta property=\"og:locale\" content=\"es_ES\" \/>\n<meta property=\"og:type\" content=\"article\" \/>\n<meta property=\"og:title\" content=\"LACA AL AGUA PARA MADERA - Valresa.com\" \/>\n<meta property=\"og:description\" content=\"Lacas al agua de excelente resistencia f\u00edsica y qu\u00edmica para barnizar la madera y mueble exentos de disolventes y f\u00e1ciles de aplicar.\" \/>\n<meta property=\"og:url\" content=\"https:\/\/pruebasnitorlack.com\/acabado-base-agua\/\" \/>\n<meta property=\"og:site_name\" content=\"VALRESA\" \/>\n<meta property=\"article:publisher\" content=\"https:\/\/www.facebook.com\/valresacoatings\/\" \/>\n<meta property=\"article:modified_time\" content=\"2022-06-29T12:32:09+00:00\" \/>\n<meta name=\"twitter:card\" content=\"summary_large_image\" \/>\n<meta name=\"twitter:label1\" content=\"Tiempo de lectura\" \/>\n\t<meta name=\"twitter:data1\" content=\"3 minutos\" \/>\n<script type=\"application\/ld+json\" class=\"yoast-schema-graph\">{\"@context\":\"https:\\\/\\\/schema.org\",\"@graph\":[{\"@type\":\"WebPage\",\"@id\":\"https:\\\/\\\/pruebasnitorlack.com\\\/co\\\/acabado-base-agua\\\/\",\"url\":\"https:\\\/\\\/pruebasnitorlack.com\\\/acabado-base-agua\\\/\",\"name\":\"LACA AL AGUA PARA MADERA - Valresa.com\",\"isPartOf\":{\"@id\":\"https:\\\/\\\/pruebasnitorlack.com\\\/co\\\/#website\"},\"datePublished\":\"2016-04-08T07:35:10+00:00\",\"dateModified\":\"2022-06-29T12:32:09+00:00\",\"description\":\"Lacas al agua de excelente resistencia f\u00edsica y qu\u00edmica para barnizar la madera y mueble exentos de disolventes y f\u00e1ciles de aplicar.\",\"breadcrumb\":{\"@id\":\"https:\\\/\\\/pruebasnitorlack.com\\\/acabado-base-agua\\\/#breadcrumb\"},\"inLanguage\":\"es-CO\",\"potentialAction\":[{\"@type\":\"ReadAction\",\"target\":[\"https:\\\/\\\/pruebasnitorlack.com\\\/acabado-base-agua\\\/\"]}]},{\"@type\":\"BreadcrumbList\",\"@id\":\"https:\\\/\\\/pruebasnitorlack.com\\\/acabado-base-agua\\\/#breadcrumb\",\"itemListElement\":[{\"@type\":\"ListItem\",\"position\":1,\"name\":\"Portada\",\"item\":\"https:\\\/\\\/pruebasnitorlack.com\\\/co\\\/\"},{\"@type\":\"ListItem\",\"position\":2,\"name\":\"LACA AL AGUA PARA MADERA\"}]},{\"@type\":\"WebSite\",\"@id\":\"https:\\\/\\\/pruebasnitorlack.com\\\/co\\\/#website\",\"url\":\"https:\\\/\\\/pruebasnitorlack.com\\\/co\\\/\",\"name\":\"VALRESA\",\"description\":\"Barnices y pinturas para la madera\",\"potentialAction\":[{\"@type\":\"SearchAction\",\"target\":{\"@type\":\"EntryPoint\",\"urlTemplate\":\"https:\\\/\\\/pruebasnitorlack.com\\\/co\\\/?s={search_term_string}\"},\"query-input\":{\"@type\":\"PropertyValueSpecification\",\"valueRequired\":true,\"valueName\":\"search_term_string\"}}],\"inLanguage\":\"es-CO\"}]}<\/script>\n<!-- \/ Yoast SEO plugin. -->","yoast_head_json":{"title":"LACA AL AGUA PARA MADERA - Valresa.com","description":"Lacas al agua de excelente resistencia f\u00edsica y qu\u00edmica para barnizar la madera y mueble exentos de disolventes y f\u00e1ciles de aplicar.","robots":{"index":"noindex","follow":"follow","max-snippet":"max-snippet:-1","max-image-preview":"max-image-preview:large","max-video-preview":"max-video-preview:-1"},"og_locale":"es_ES","og_type":"article","og_title":"LACA AL AGUA PARA MADERA - Valresa.com","og_description":"Lacas al agua de excelente resistencia f\u00edsica y qu\u00edmica para barnizar la madera y mueble exentos de disolventes y f\u00e1ciles de aplicar.","og_url":"https:\/\/pruebasnitorlack.com\/acabado-base-agua\/","og_site_name":"VALRESA","article_publisher":"https:\/\/www.facebook.com\/valresacoatings\/","article_modified_time":"2022-06-29T12:32:09+00:00","twitter_card":"summary_large_image","twitter_misc":{"Tiempo de lectura":"3 minutos"},"schema":{"@context":"https:\/\/schema.org","@graph":[{"@type":"WebPage","@id":"https:\/\/pruebasnitorlack.com\/co\/acabado-base-agua\/","url":"https:\/\/pruebasnitorlack.com\/acabado-base-agua\/","name":"LACA AL AGUA PARA MADERA - Valresa.com","isPartOf":{"@id":"https:\/\/pruebasnitorlack.com\/co\/#website"},"datePublished":"2016-04-08T07:35:10+00:00","dateModified":"2022-06-29T12:32:09+00:00","description":"Lacas al agua de excelente resistencia f\u00edsica y qu\u00edmica para barnizar la madera y mueble exentos de disolventes y f\u00e1ciles de aplicar.","breadcrumb":{"@id":"https:\/\/pruebasnitorlack.com\/acabado-base-agua\/#breadcrumb"},"inLanguage":"es-CO","potentialAction":[{"@type":"ReadAction","target":["https:\/\/pruebasnitorlack.com\/acabado-base-agua\/"]}]},{"@type":"BreadcrumbList","@id":"https:\/\/pruebasnitorlack.com\/acabado-base-agua\/#breadcrumb","itemListElement":[{"@type":"ListItem","position":1,"name":"Portada","item":"https:\/\/pruebasnitorlack.com\/co\/"},{"@type":"ListItem","position":2,"name":"LACA AL AGUA PARA MADERA"}]},{"@type":"WebSite","@id":"https:\/\/pruebasnitorlack.com\/co\/#website","url":"https:\/\/pruebasnitorlack.com\/co\/","name":"VALRESA","description":"Barnices y pinturas para la madera","potentialAction":[{"@type":"SearchAction","target":{"@type":"EntryPoint","urlTemplate":"https:\/\/pruebasnitorlack.com\/co\/?s={search_term_string}"},"query-input":{"@type":"PropertyValueSpecification","valueRequired":true,"valueName":"search_term_string"}}],"inLanguage":"es-CO"}]}},"_links":{"self":[{"href":"https:\/\/pruebasnitorlack.com\/co\/wp-json\/wp\/v2\/pages\/17528","targetHints":{"allow":["GET"]}}],"collection":[{"href":"https:\/\/pruebasnitorlack.com\/co\/wp-json\/wp\/v2\/pages"}],"about":[{"href":"https:\/\/pruebasnitorlack.com\/co\/wp-json\/wp\/v2\/types\/page"}],"author":[{"embeddable":true,"href":"https:\/\/pruebasnitorlack.com\/co\/wp-json\/wp\/v2\/users\/1"}],"replies":[{"embeddable":true,"href":"https:\/\/pruebasnitorlack.com\/co\/wp-json\/wp\/v2\/comments?post=17528"}],"version-history":[{"count":3,"href":"https:\/\/pruebasnitorlack.com\/co\/wp-json\/wp\/v2\/pages\/17528\/revisions"}],"predecessor-version":[{"id":21726,"href":"https:\/\/pruebasnitorlack.com\/co\/wp-json\/wp\/v2\/pages\/17528\/revisions\/21726"}],"wp:attachment":[{"href":"https:\/\/pruebasnitorlack.com\/co\/wp-json\/wp\/v2\/media?parent=17528"}],"curies":[{"name":"wp","href":"https:\/\/api.w.org\/{rel}","templated":true}]}}