{"id":17506,"date":"2016-05-24T14:15:51","date_gmt":"2016-05-24T14:15:51","guid":{"rendered":"https:\/\/pruebasnitorlack.com\/acabados\/"},"modified":"2020-07-17T08:56:05","modified_gmt":"2020-07-17T08:56:05","slug":"acabados","status":"publish","type":"page","link":"https:\/\/pruebasnitorlack.com\/co\/acabados\/","title":{"rendered":"ACABADOS LACAS"},"content":{"rendered":"[vc_row type=&#8221;in_container&#8221; scene_position=&#8221;center&#8221; text_color=&#8221;dark&#8221; text_align=&#8221;left&#8221; overlay_strength=&#8221;0.3&#8243;][vc_column column_padding=&#8221;no-extra-padding&#8221; column_padding_position=&#8221;all&#8221; background_color_opacity=&#8221;1&#8243; background_hover_color_opacity=&#8221;1&#8243; width=&#8221;1\/1&#8243;][vc_column_text css=&#8221;.vc_custom_1496136970483{margin-top: 40px !important;}&#8221;]\nLos<strong>\u00a0barnices-lacas \u00a0de acabado<\/strong>\u00a0de un mueble, tiene como fin darle un aspecto agradable, al mismo tiempo que protege la madera contra la suciedad, el deterioro y las agresiones externas (humedad, productos qu\u00edmicos dom\u00e9sticos, etc.)<br \/>\nPor tanto el\u00a0<strong>acabado o laca<\/strong>\u00a0para madera cumple una doble finalidad si bien la m\u00e1s valorada por los fabricantes y compradores del mueble es la primera, la de mejorar el aspecto de la madera, su tacto, color, y apariencia. La de\u00a0<strong>protecci\u00f3n de la madera<\/strong>\u00a0es menos valorada en el aspecto econ\u00f3mico (siempre se aprecia m\u00e1s lo bello que lo \u00fatil), pero no por eso es menos importante.<br \/>\nSi queremos que un mueble tenga duraci\u00f3n y se conserve con la apariencia del primer d\u00eda, hay que darle un buen acabado. Adem\u00e1s, el buen acabado facilita no solo la conservaci\u00f3n est\u00e9tica, sino la limpieza, as\u00ed como la calidad del soporte (madera en la mayor parte de los casos). El\u00a0<strong>barniz de acabado<\/strong>\u00a0madera es la fase del proceso de\u00a0<strong>barnizado del mueble<\/strong>\u00a0donde podemos jugar tambi\u00e9n con los sentidos y con la apreciaci\u00f3n subjetiva del que lo vaya a utilizar. Debido a que podemos utilizar<strong>\u00a0lacas- acabados<\/strong>\u00a0con diferentes grados de brillo, diferentes tacto y sedosidad y diferentes texturas seg\u00fan el efecto que deseemos transmitir a nuestro mueble.<br \/>\n[\/vc_column_text][\/vc_column][\/vc_row][vc_row type=&#8221;in_container&#8221; scene_position=&#8221;center&#8221; text_color=&#8221;dark&#8221; text_align=&#8221;left&#8221; overlay_strength=&#8221;0.3&#8243;][vc_column column_padding=&#8221;no-extra-padding&#8221; column_padding_position=&#8221;all&#8221; background_color_opacity=&#8221;1&#8243; background_hover_color_opacity=&#8221;1&#8243; width=&#8221;1\/2&#8243;][vc_column_text]\n<h5><a href=\"\/?page_id=6494\"><strong><span class=\"fs27 ff2\">ACABADO NITROCELULOSA<\/span><\/strong><\/a><\/h5>\n<h5><a href=\"\/?page_id=6505\"><strong><span class=\"fs27 ff2\">ACABADO POLIURETANO<\/span><\/strong><\/a><\/h5>\n[\/vc_column_text][\/vc_column][vc_column column_padding=&#8221;no-extra-padding&#8221; column_padding_position=&#8221;all&#8221; background_color_opacity=&#8221;1&#8243; background_hover_color_opacity=&#8221;1&#8243; width=&#8221;1\/2&#8243;][vc_column_text]\n<h5><a href=\"\/?page_id=6555\"><strong>ACABADO BASE AGUA<\/strong><\/a><\/h5>\n<h5><a href=\"\/?page_id=6549\"><strong><span class=\"fs27 ff2\">ACABADO POLIESTER<\/span><\/strong><\/a><\/h5>\n[\/vc_column_text][\/vc_column][\/vc_row][vc_row type=&#8221;in_container&#8221; scene_position=&#8221;center&#8221; text_color=&#8221;dark&#8221; text_align=&#8221;left&#8221; overlay_strength=&#8221;0.3&#8243;][vc_column enable_animation=&#8221;true&#8221; animation=&#8221;fade-in-from-left&#8221; column_padding=&#8221;no-extra-padding&#8221; column_padding_position=&#8221;all&#8221; background_color_opacity=&#8221;1&#8243; background_hover_color_opacity=&#8221;1&#8243; background_image=&#8221;9583&#8243; enable_bg_scale=&#8221;true&#8221; top_margin=&#8221;40&#8243; width=&#8221;1\/1&#8243;][divider line_type=&#8221;No Line&#8221; custom_height=&#8221;300&#8243;][\/vc_column][\/vc_row]\n","protected":false},"excerpt":{"rendered":"<p>[vc_row type=&#8221;in_container&#8221; scene_position=&#8221;center&#8221; text_color=&#8221;dark&#8221; text_align=&#8221;left&#8221; overlay_strength=&#8221;0.3&#8243;][vc_column column_padding=&#8221;no-extra-padding&#8221; column_padding_position=&#8221;all&#8221; background_color_opacity=&#8221;1&#8243; background_hover_color_opacity=&#8221;1&#8243; width=&#8221;1\/1&#8243;][vc_column_text css=&#8221;.vc_custom_1496136970483{margin-top: 40px !important;}&#8221;] Los\u00a0barnices-lacas \u00a0de acabado\u00a0de un mueble, tiene como fin darle un aspecto agradable, al mismo tiempo que&#8230;<\/p>\n","protected":false},"author":1,"featured_media":0,"parent":0,"menu_order":0,"comment_status":"closed","ping_status":"closed","template":"","meta":{"_joinchat":[],"footnotes":""},"class_list":["post-17506","page","type-page","status-publish"],"yoast_head":"<!-- This site is optimized with the Yoast SEO plugin v27.4 - https:\/\/yoast.com\/product\/yoast-seo-wordpress\/ -->\n<title>ACABADOS LACAS - Valresa.com<\/title>\n<meta name=\"description\" content=\"Gama de lacas para barnizar madera y muebles. Gama de barnices de diferentes brillos, texturas y durezas al rayado y a los productos qu\u00edmicos.\" \/>\n<meta name=\"robots\" content=\"noindex, follow, max-snippet:-1, max-image-preview:large, max-video-preview:-1\" \/>\n<meta property=\"og:locale\" content=\"es_ES\" \/>\n<meta property=\"og:type\" content=\"article\" \/>\n<meta property=\"og:title\" content=\"ACABADOS LACAS - Valresa.com\" \/>\n<meta property=\"og:description\" content=\"Gama de lacas para barnizar madera y muebles. Gama de barnices de diferentes brillos, texturas y durezas al rayado y a los productos qu\u00edmicos.\" \/>\n<meta property=\"og:url\" content=\"https:\/\/pruebasnitorlack.com\/co\/acabados\/\" \/>\n<meta property=\"og:site_name\" content=\"VALRESA\" \/>\n<meta property=\"article:publisher\" content=\"https:\/\/www.facebook.com\/valresacoatings\/\" \/>\n<meta property=\"article:modified_time\" content=\"2020-07-17T08:56:05+00:00\" \/>\n<meta name=\"twitter:card\" content=\"summary_large_image\" \/>\n<meta name=\"twitter:label1\" content=\"Tiempo de lectura\" \/>\n\t<meta name=\"twitter:data1\" content=\"2 minutos\" \/>\n<script type=\"application\/ld+json\" class=\"yoast-schema-graph\">{\"@context\":\"https:\\\/\\\/schema.org\",\"@graph\":[{\"@type\":\"WebPage\",\"@id\":\"https:\\\/\\\/pruebasnitorlack.com\\\/co\\\/acabados\\\/\",\"url\":\"https:\\\/\\\/pruebasnitorlack.com\\\/co\\\/acabados\\\/\",\"name\":\"ACABADOS LACAS - Valresa.com\",\"isPartOf\":{\"@id\":\"https:\\\/\\\/pruebasnitorlack.com\\\/co\\\/#website\"},\"datePublished\":\"2016-05-24T14:15:51+00:00\",\"dateModified\":\"2020-07-17T08:56:05+00:00\",\"description\":\"Gama de lacas para barnizar madera y muebles. Gama de barnices de diferentes brillos, texturas y durezas al rayado y a los productos qu\u00edmicos.\",\"breadcrumb\":{\"@id\":\"https:\\\/\\\/pruebasnitorlack.com\\\/co\\\/acabados\\\/#breadcrumb\"},\"inLanguage\":\"es-CO\",\"potentialAction\":[{\"@type\":\"ReadAction\",\"target\":[\"https:\\\/\\\/pruebasnitorlack.com\\\/co\\\/acabados\\\/\"]}]},{\"@type\":\"BreadcrumbList\",\"@id\":\"https:\\\/\\\/pruebasnitorlack.com\\\/co\\\/acabados\\\/#breadcrumb\",\"itemListElement\":[{\"@type\":\"ListItem\",\"position\":1,\"name\":\"Portada\",\"item\":\"https:\\\/\\\/pruebasnitorlack.com\\\/co\\\/\"},{\"@type\":\"ListItem\",\"position\":2,\"name\":\"ACABADOS LACAS\"}]},{\"@type\":\"WebSite\",\"@id\":\"https:\\\/\\\/pruebasnitorlack.com\\\/co\\\/#website\",\"url\":\"https:\\\/\\\/pruebasnitorlack.com\\\/co\\\/\",\"name\":\"VALRESA\",\"description\":\"Barnices y pinturas para la madera\",\"potentialAction\":[{\"@type\":\"SearchAction\",\"target\":{\"@type\":\"EntryPoint\",\"urlTemplate\":\"https:\\\/\\\/pruebasnitorlack.com\\\/co\\\/?s={search_term_string}\"},\"query-input\":{\"@type\":\"PropertyValueSpecification\",\"valueRequired\":true,\"valueName\":\"search_term_string\"}}],\"inLanguage\":\"es-CO\"}]}<\/script>\n<!-- \/ Yoast SEO plugin. -->","yoast_head_json":{"title":"ACABADOS LACAS - Valresa.com","description":"Gama de lacas para barnizar madera y muebles. Gama de barnices de diferentes brillos, texturas y durezas al rayado y a los productos qu\u00edmicos.","robots":{"index":"noindex","follow":"follow","max-snippet":"max-snippet:-1","max-image-preview":"max-image-preview:large","max-video-preview":"max-video-preview:-1"},"og_locale":"es_ES","og_type":"article","og_title":"ACABADOS LACAS - Valresa.com","og_description":"Gama de lacas para barnizar madera y muebles. Gama de barnices de diferentes brillos, texturas y durezas al rayado y a los productos qu\u00edmicos.","og_url":"https:\/\/pruebasnitorlack.com\/co\/acabados\/","og_site_name":"VALRESA","article_publisher":"https:\/\/www.facebook.com\/valresacoatings\/","article_modified_time":"2020-07-17T08:56:05+00:00","twitter_card":"summary_large_image","twitter_misc":{"Tiempo de lectura":"2 minutos"},"schema":{"@context":"https:\/\/schema.org","@graph":[{"@type":"WebPage","@id":"https:\/\/pruebasnitorlack.com\/co\/acabados\/","url":"https:\/\/pruebasnitorlack.com\/co\/acabados\/","name":"ACABADOS LACAS - Valresa.com","isPartOf":{"@id":"https:\/\/pruebasnitorlack.com\/co\/#website"},"datePublished":"2016-05-24T14:15:51+00:00","dateModified":"2020-07-17T08:56:05+00:00","description":"Gama de lacas para barnizar madera y muebles. Gama de barnices de diferentes brillos, texturas y durezas al rayado y a los productos qu\u00edmicos.","breadcrumb":{"@id":"https:\/\/pruebasnitorlack.com\/co\/acabados\/#breadcrumb"},"inLanguage":"es-CO","potentialAction":[{"@type":"ReadAction","target":["https:\/\/pruebasnitorlack.com\/co\/acabados\/"]}]},{"@type":"BreadcrumbList","@id":"https:\/\/pruebasnitorlack.com\/co\/acabados\/#breadcrumb","itemListElement":[{"@type":"ListItem","position":1,"name":"Portada","item":"https:\/\/pruebasnitorlack.com\/co\/"},{"@type":"ListItem","position":2,"name":"ACABADOS LACAS"}]},{"@type":"WebSite","@id":"https:\/\/pruebasnitorlack.com\/co\/#website","url":"https:\/\/pruebasnitorlack.com\/co\/","name":"VALRESA","description":"Barnices y pinturas para la madera","potentialAction":[{"@type":"SearchAction","target":{"@type":"EntryPoint","urlTemplate":"https:\/\/pruebasnitorlack.com\/co\/?s={search_term_string}"},"query-input":{"@type":"PropertyValueSpecification","valueRequired":true,"valueName":"search_term_string"}}],"inLanguage":"es-CO"}]}},"_links":{"self":[{"href":"https:\/\/pruebasnitorlack.com\/co\/wp-json\/wp\/v2\/pages\/17506","targetHints":{"allow":["GET"]}}],"collection":[{"href":"https:\/\/pruebasnitorlack.com\/co\/wp-json\/wp\/v2\/pages"}],"about":[{"href":"https:\/\/pruebasnitorlack.com\/co\/wp-json\/wp\/v2\/types\/page"}],"author":[{"embeddable":true,"href":"https:\/\/pruebasnitorlack.com\/co\/wp-json\/wp\/v2\/users\/1"}],"replies":[{"embeddable":true,"href":"https:\/\/pruebasnitorlack.com\/co\/wp-json\/wp\/v2\/comments?post=17506"}],"version-history":[{"count":0,"href":"https:\/\/pruebasnitorlack.com\/co\/wp-json\/wp\/v2\/pages\/17506\/revisions"}],"wp:attachment":[{"href":"https:\/\/pruebasnitorlack.com\/co\/wp-json\/wp\/v2\/media?parent=17506"}],"curies":[{"name":"wp","href":"https:\/\/api.w.org\/{rel}","templated":true}]}}