{"id":17478,"date":"2016-05-10T11:01:07","date_gmt":"2016-05-10T11:01:07","guid":{"rendered":"https:\/\/pruebasnitorlack.com\/fondos\/"},"modified":"2020-11-04T08:53:30","modified_gmt":"2020-11-04T08:53:30","slug":"selladores-para-madera","status":"publish","type":"page","link":"https:\/\/pruebasnitorlack.com\/co\/selladores-para-madera\/","title":{"rendered":"SELLADORES"},"content":{"rendered":"[vc_row type=&#8221;in_container&#8221; scene_position=&#8221;center&#8221; text_color=&#8221;dark&#8221; text_align=&#8221;left&#8221; overlay_strength=&#8221;0.3&#8243;][vc_column column_padding=&#8221;no-extra-padding&#8221; column_padding_position=&#8221;all&#8221; background_color_opacity=&#8221;1&#8243; background_hover_color_opacity=&#8221;1&#8243; width=&#8221;1\/1&#8243;][vc_column_text css=&#8221;.vc_custom_1496126164414{margin-top: 40px !important;}&#8221;]\n<p>Los barnices como selladores son muy importantes en el proceso de barnizado o lacado de la madera. Debido a, seg\u00fan el aspecto final del proceso tendr\u00e1n que cumplir una serie de requisitos (transparencia, elasticidad, f\u00e1cil lijado, nivelado, relleno y rapidez de secado), si queremos tener un acabado de m\u00e1xima calidad. La principal funci\u00f3n de estos barnices o lacas madera como selladores es la de rellenar y tapar el poro o las peque\u00f1as imperfecciones que pueda tener la madera con el objetivo de obtener superficies uniformes y niveladas. Como regla general, los barnices selladores de poliuretano o lacas catalizadas deber\u00e1n estar formulados con agentes que faciliten el lijado con la m\u00e1xima transparencia si son barnices incoloros y con la m\u00e1xima elasticidad para que no se rompan si son barnices blancos. Deber\u00e1n tener capacidad suficiente para cubrir adecuadamente las superficies y ser r\u00e1pidos de secado; ya que son capas que se deben de lijar antes de aplicar la capa de\u00a0<a href=\"\/?page_id=17506\">barniz , laca o pintura de acabado<\/a>.<\/p>\n[\/vc_column_text][\/vc_column][\/vc_row][vc_row type=&#8221;in_container&#8221; scene_position=&#8221;center&#8221; text_color=&#8221;dark&#8221; text_align=&#8221;left&#8221; overlay_strength=&#8221;0.3&#8243;][vc_column column_padding=&#8221;no-extra-padding&#8221; column_padding_position=&#8221;all&#8221; background_color_opacity=&#8221;1&#8243; background_hover_color_opacity=&#8221;1&#8243; width=&#8221;1\/2&#8243;][vc_column_text]\n<h5><a href=\"\/?page_id=17485\"><strong><span class=\"fs27 ff2\">FONDO NITROCELULOSA<\/span><\/strong><\/a><\/h5>\n<h5><a href=\"\/?page_id=17489\"><strong><span class=\"fs27 ff2\">FONDO POLIURETANO<\/span><\/strong><\/a><\/h5>\n[\/vc_column_text][\/vc_column][vc_column column_padding=&#8221;no-extra-padding&#8221; column_padding_position=&#8221;all&#8221; background_color_opacity=&#8221;1&#8243; background_hover_color_opacity=&#8221;1&#8243; width=&#8221;1\/2&#8243;][vc_column_text]\n<h5><a href=\"\/?page_id=17528\"><strong>SELLADOR BASE AGUA<\/strong><\/a><\/h5>\n<h5><a href=\"\/?page_id=17500\"><strong><span class=\"fs27 ff2\">SELLADOR POLIESTER<\/span><\/strong><\/a><\/h5>\n[\/vc_column_text][\/vc_column][\/vc_row][vc_row type=&#8221;in_container&#8221; scene_position=&#8221;center&#8221; text_color=&#8221;dark&#8221; text_align=&#8221;left&#8221; overlay_strength=&#8221;0.3&#8243;][vc_column enable_animation=&#8221;true&#8221; animation=&#8221;fade-in-from-left&#8221; column_padding=&#8221;no-extra-padding&#8221; column_padding_position=&#8221;all&#8221; background_color_opacity=&#8221;1&#8243; background_hover_color_opacity=&#8221;1&#8243; background_image=&#8221;9535&#8243; enable_bg_scale=&#8221;true&#8221; top_margin=&#8221;40&#8243; width=&#8221;1\/1&#8243;]\n[divider line_type=&#8221;No Line&#8221; custom_height=&#8221;300&#8243;]\n[\/vc_column][\/vc_row]\n","protected":false},"excerpt":{"rendered":"<p>[vc_row type=&#8221;in_container&#8221; scene_position=&#8221;center&#8221; text_color=&#8221;dark&#8221; text_align=&#8221;left&#8221; overlay_strength=&#8221;0.3&#8243;][vc_column column_padding=&#8221;no-extra-padding&#8221; column_padding_position=&#8221;all&#8221; background_color_opacity=&#8221;1&#8243; background_hover_color_opacity=&#8221;1&#8243; width=&#8221;1\/1&#8243;][vc_column_text css=&#8221;.vc_custom_1496126164414{margin-top: 40px !important;}&#8221;] Los barnices como selladores son muy importantes en el proceso de barnizado o lacado de la&#8230;<\/p>\n","protected":false},"author":1,"featured_media":0,"parent":0,"menu_order":0,"comment_status":"closed","ping_status":"closed","template":"","meta":{"_joinchat":[],"footnotes":""},"class_list":["post-17478","page","type-page","status-publish"],"yoast_head":"<!-- This site is optimized with the Yoast SEO plugin v27.4 - https:\/\/yoast.com\/product\/yoast-seo-wordpress\/ -->\n<title>SELLADORES - Valresa.com<\/title>\n<meta name=\"description\" content=\"Barnices selladores para barnizar la madera con transparencia, rapidez de secado y elasticidad. Selladores de nitrocelulosa. Selladores poliuretano. Selladores poliester. Selladores base agua\" \/>\n<meta name=\"robots\" content=\"noindex, follow, max-snippet:-1, max-image-preview:large, max-video-preview:-1\" \/>\n<meta property=\"og:locale\" content=\"es_ES\" \/>\n<meta property=\"og:type\" content=\"article\" \/>\n<meta property=\"og:title\" content=\"SELLADORES - Valresa.com\" \/>\n<meta property=\"og:description\" content=\"Barnices selladores para barnizar la madera con transparencia, rapidez de secado y elasticidad. Selladores de nitrocelulosa. Selladores poliuretano. Selladores poliester. Selladores base agua\" \/>\n<meta property=\"og:url\" content=\"https:\/\/pruebasnitorlack.com\/co\/selladores-para-madera\/\" \/>\n<meta property=\"og:site_name\" content=\"VALRESA\" \/>\n<meta property=\"article:publisher\" content=\"https:\/\/www.facebook.com\/valresacoatings\/\" \/>\n<meta property=\"article:modified_time\" content=\"2020-11-04T08:53:30+00:00\" \/>\n<meta name=\"twitter:card\" content=\"summary_large_image\" \/>\n<meta name=\"twitter:label1\" content=\"Tiempo de lectura\" \/>\n\t<meta name=\"twitter:data1\" content=\"2 minutos\" \/>\n<script type=\"application\/ld+json\" class=\"yoast-schema-graph\">{\"@context\":\"https:\\\/\\\/schema.org\",\"@graph\":[{\"@type\":\"WebPage\",\"@id\":\"https:\\\/\\\/pruebasnitorlack.com\\\/co\\\/selladores-para-madera\\\/\",\"url\":\"https:\\\/\\\/pruebasnitorlack.com\\\/co\\\/selladores-para-madera\\\/\",\"name\":\"SELLADORES - Valresa.com\",\"isPartOf\":{\"@id\":\"https:\\\/\\\/pruebasnitorlack.com\\\/co\\\/#website\"},\"datePublished\":\"2016-05-10T11:01:07+00:00\",\"dateModified\":\"2020-11-04T08:53:30+00:00\",\"description\":\"Barnices selladores para barnizar la madera con transparencia, rapidez de secado y elasticidad. Selladores de nitrocelulosa. Selladores poliuretano. Selladores poliester. Selladores base agua\",\"breadcrumb\":{\"@id\":\"https:\\\/\\\/pruebasnitorlack.com\\\/co\\\/selladores-para-madera\\\/#breadcrumb\"},\"inLanguage\":\"es-CO\",\"potentialAction\":[{\"@type\":\"ReadAction\",\"target\":[\"https:\\\/\\\/pruebasnitorlack.com\\\/co\\\/selladores-para-madera\\\/\"]}]},{\"@type\":\"BreadcrumbList\",\"@id\":\"https:\\\/\\\/pruebasnitorlack.com\\\/co\\\/selladores-para-madera\\\/#breadcrumb\",\"itemListElement\":[{\"@type\":\"ListItem\",\"position\":1,\"name\":\"Portada\",\"item\":\"https:\\\/\\\/pruebasnitorlack.com\\\/co\\\/\"},{\"@type\":\"ListItem\",\"position\":2,\"name\":\"SELLADORES\"}]},{\"@type\":\"WebSite\",\"@id\":\"https:\\\/\\\/pruebasnitorlack.com\\\/co\\\/#website\",\"url\":\"https:\\\/\\\/pruebasnitorlack.com\\\/co\\\/\",\"name\":\"VALRESA\",\"description\":\"Barnices y pinturas para la madera\",\"potentialAction\":[{\"@type\":\"SearchAction\",\"target\":{\"@type\":\"EntryPoint\",\"urlTemplate\":\"https:\\\/\\\/pruebasnitorlack.com\\\/co\\\/?s={search_term_string}\"},\"query-input\":{\"@type\":\"PropertyValueSpecification\",\"valueRequired\":true,\"valueName\":\"search_term_string\"}}],\"inLanguage\":\"es-CO\"}]}<\/script>\n<!-- \/ Yoast SEO plugin. -->","yoast_head_json":{"title":"SELLADORES - Valresa.com","description":"Barnices selladores para barnizar la madera con transparencia, rapidez de secado y elasticidad. Selladores de nitrocelulosa. Selladores poliuretano. Selladores poliester. Selladores base agua","robots":{"index":"noindex","follow":"follow","max-snippet":"max-snippet:-1","max-image-preview":"max-image-preview:large","max-video-preview":"max-video-preview:-1"},"og_locale":"es_ES","og_type":"article","og_title":"SELLADORES - Valresa.com","og_description":"Barnices selladores para barnizar la madera con transparencia, rapidez de secado y elasticidad. Selladores de nitrocelulosa. Selladores poliuretano. Selladores poliester. Selladores base agua","og_url":"https:\/\/pruebasnitorlack.com\/co\/selladores-para-madera\/","og_site_name":"VALRESA","article_publisher":"https:\/\/www.facebook.com\/valresacoatings\/","article_modified_time":"2020-11-04T08:53:30+00:00","twitter_card":"summary_large_image","twitter_misc":{"Tiempo de lectura":"2 minutos"},"schema":{"@context":"https:\/\/schema.org","@graph":[{"@type":"WebPage","@id":"https:\/\/pruebasnitorlack.com\/co\/selladores-para-madera\/","url":"https:\/\/pruebasnitorlack.com\/co\/selladores-para-madera\/","name":"SELLADORES - Valresa.com","isPartOf":{"@id":"https:\/\/pruebasnitorlack.com\/co\/#website"},"datePublished":"2016-05-10T11:01:07+00:00","dateModified":"2020-11-04T08:53:30+00:00","description":"Barnices selladores para barnizar la madera con transparencia, rapidez de secado y elasticidad. Selladores de nitrocelulosa. Selladores poliuretano. Selladores poliester. Selladores base agua","breadcrumb":{"@id":"https:\/\/pruebasnitorlack.com\/co\/selladores-para-madera\/#breadcrumb"},"inLanguage":"es-CO","potentialAction":[{"@type":"ReadAction","target":["https:\/\/pruebasnitorlack.com\/co\/selladores-para-madera\/"]}]},{"@type":"BreadcrumbList","@id":"https:\/\/pruebasnitorlack.com\/co\/selladores-para-madera\/#breadcrumb","itemListElement":[{"@type":"ListItem","position":1,"name":"Portada","item":"https:\/\/pruebasnitorlack.com\/co\/"},{"@type":"ListItem","position":2,"name":"SELLADORES"}]},{"@type":"WebSite","@id":"https:\/\/pruebasnitorlack.com\/co\/#website","url":"https:\/\/pruebasnitorlack.com\/co\/","name":"VALRESA","description":"Barnices y pinturas para la madera","potentialAction":[{"@type":"SearchAction","target":{"@type":"EntryPoint","urlTemplate":"https:\/\/pruebasnitorlack.com\/co\/?s={search_term_string}"},"query-input":{"@type":"PropertyValueSpecification","valueRequired":true,"valueName":"search_term_string"}}],"inLanguage":"es-CO"}]}},"_links":{"self":[{"href":"https:\/\/pruebasnitorlack.com\/co\/wp-json\/wp\/v2\/pages\/17478","targetHints":{"allow":["GET"]}}],"collection":[{"href":"https:\/\/pruebasnitorlack.com\/co\/wp-json\/wp\/v2\/pages"}],"about":[{"href":"https:\/\/pruebasnitorlack.com\/co\/wp-json\/wp\/v2\/types\/page"}],"author":[{"embeddable":true,"href":"https:\/\/pruebasnitorlack.com\/co\/wp-json\/wp\/v2\/users\/1"}],"replies":[{"embeddable":true,"href":"https:\/\/pruebasnitorlack.com\/co\/wp-json\/wp\/v2\/comments?post=17478"}],"version-history":[{"count":0,"href":"https:\/\/pruebasnitorlack.com\/co\/wp-json\/wp\/v2\/pages\/17478\/revisions"}],"wp:attachment":[{"href":"https:\/\/pruebasnitorlack.com\/co\/wp-json\/wp\/v2\/media?parent=17478"}],"curies":[{"name":"wp","href":"https:\/\/api.w.org\/{rel}","templated":true}]}}