{"id":17465,"date":"2020-07-17T06:25:47","date_gmt":"2020-07-17T06:25:47","guid":{"rendered":"https:\/\/pruebasnitorlack.com\/barnices-profesional\/tintas-para-madera\/tintas-e-base-electrostatica\/"},"modified":"2020-07-29T07:11:51","modified_gmt":"2020-07-29T07:11:51","slug":"tintas-e-base-electrostatica","status":"publish","type":"page","link":"https:\/\/pruebasnitorlack.com\/co\/barnices-profesional\/tintas-para-madera\/tintas-e-base-electrostatica\/","title":{"rendered":"TINTAS E BASE ELECTROST\u00c1TICA"},"content":{"rendered":"[vc_row type=&#8221;in_container&#8221; full_screen_row_position=&#8221;middle&#8221; scene_position=&#8221;center&#8221; text_color=&#8221;dark&#8221; text_align=&#8221;left&#8221; overlay_strength=&#8221;0.3&#8243; shape_divider_position=&#8221;bottom&#8221;][vc_column column_padding=&#8221;no-extra-padding&#8221; column_padding_position=&#8221;all&#8221; background_color_opacity=&#8221;1&#8243; background_hover_color_opacity=&#8221;1&#8243; column_link_target=&#8221;_self&#8221; column_shadow=&#8221;none&#8221; column_border_radius=&#8221;none&#8221; width=&#8221;1\/1&#8243; tablet_width_inherit=&#8221;default&#8221; tablet_text_alignment=&#8221;default&#8221; phone_text_alignment=&#8221;default&#8221; column_border_width=&#8221;none&#8221; column_border_style=&#8221;solid&#8221;][vc_column_text]\n<div id=\"imCellStyle_3\">\n<div id=\"imTextObject_3\">\n<div id=\"imTextObject_3_tab0\" class=\"text-tab-content\">\n<div class=\"text-inner\">\n<div>\n[\/vc_column_text][\/vc_column][\/vc_row][vc_column column_padding=&#8221;no-extra-padding&#8221; column_padding_position=&#8221;all&#8221; background_color_opacity=&#8221;1&#8243; background_hover_color_opacity=&#8221;1&#8243; column_link_target=&#8221;_self&#8221; column_shadow=&#8221;none&#8221; column_border_radius=&#8221;none&#8221; width=&#8221;1\/2&#8243; tablet_width_inherit=&#8221;default&#8221; tablet_text_alignment=&#8221;default&#8221; phone_text_alignment=&#8221;default&#8221; column_border_width=&#8221;none&#8221; column_border_style=&#8221;solid&#8221;][\/vc_column][vc_row type=&#8221;in_container&#8221; full_screen_row_position=&#8221;middle&#8221; scene_position=&#8221;center&#8221; text_color=&#8221;dark&#8221; text_align=&#8221;left&#8221; overlay_strength=&#8221;0.3&#8243; shape_divider_position=&#8221;bottom&#8221;][vc_column column_padding=&#8221;no-extra-padding&#8221; column_padding_position=&#8221;all&#8221; background_color_opacity=&#8221;1&#8243; background_hover_color_opacity=&#8221;1&#8243; column_link_target=&#8221;_self&#8221; column_shadow=&#8221;none&#8221; column_border_radius=&#8221;none&#8221; width=&#8221;1\/1&#8243; tablet_width_inherit=&#8221;default&#8221; tablet_text_alignment=&#8221;default&#8221; phone_text_alignment=&#8221;default&#8221; column_border_width=&#8221;none&#8221; column_border_style=&#8221;solid&#8221;][split_line_heading]\n<div style=\"text-align: justify;\"><span class=\"fs19 ff1\"><strong>Tinta para pintar madera,<\/strong> especialmente indicado para su aplicaci\u00f3n con equipos electrost\u00e1ticos. Debido a su resistividad espec\u00edfica permiten su aplicaci\u00f3n con estos equipos envolviendo las piezas y ahorrando en los costes. Especialmente indicado para cuando se requiera una mayor estabilidad a la luz ultravioleta, ya que su resistencia es superior a la de otras familias de tintas.<\/span><\/div>\n[\/split_line_heading][\/vc_column][\/vc_row][vc_row type=&#8221;in_container&#8221; full_screen_row_position=&#8221;middle&#8221; scene_position=&#8221;center&#8221; text_color=&#8221;dark&#8221; text_align=&#8221;left&#8221; overlay_strength=&#8221;0.3&#8243; shape_divider_position=&#8221;bottom&#8221;][vc_column column_padding=&#8221;no-extra-padding&#8221; column_padding_position=&#8221;all&#8221; background_color_opacity=&#8221;1&#8243; background_hover_color_opacity=&#8221;1&#8243; column_link_target=&#8221;_self&#8221; column_shadow=&#8221;none&#8221; column_border_radius=&#8221;none&#8221; width=&#8221;1\/1&#8243; tablet_width_inherit=&#8221;default&#8221; tablet_text_alignment=&#8221;default&#8221; phone_text_alignment=&#8221;default&#8221; column_border_width=&#8221;none&#8221; column_border_style=&#8221;solid&#8221;][vc_column_text]\n<\/div>\n<\/div>\n<\/div>\n<\/div>\n<\/div>\n[\/vc_column_text][\/vc_column][\/vc_row][vc_row type=&#8221;full_width_background&#8221; full_screen_row_position=&#8221;middle&#8221; equal_height=&#8221;yes&#8221; content_placement=&#8221;middle&#8221; bg_color=&#8221;#ffffff&#8221; scene_position=&#8221;center&#8221; text_color=&#8221;dark&#8221; text_align=&#8221;left&#8221; top_padding=&#8221;10%&#8221; bottom_padding=&#8221;10%&#8221; id=&#8221;discover&#8221; overlay_strength=&#8221;0.3&#8243; shape_divider_position=&#8221;bottom&#8221; shape_type=&#8221;&#8221;][vc_column column_padding=&#8221;no-extra-padding&#8221; column_padding_position=&#8221;all&#8221; background_color_opacity=&#8221;1&#8243; background_hover_color_opacity=&#8221;1&#8243; column_link_target=&#8221;_self&#8221; column_shadow=&#8221;none&#8221; column_border_radius=&#8221;none&#8221; width=&#8221;2\/3&#8243; tablet_width_inherit=&#8221;default&#8221; tablet_text_alignment=&#8221;default&#8221; phone_text_alignment=&#8221;default&#8221; column_border_width=&#8221;none&#8221; column_border_style=&#8221;solid&#8221;][image_with_animation image_url=&#8221;18047&#8243; alignment=&#8221;&#8221; animation=&#8221;Grow In&#8221; border_radius=&#8221;none&#8221; box_shadow=&#8221;none&#8221; max_width=&#8221;110%&#8221;][\/vc_column][vc_column column_padding=&#8221;no-extra-padding&#8221; column_padding_position=&#8221;all&#8221; background_color_opacity=&#8221;1&#8243; background_hover_color_opacity=&#8221;1&#8243; column_link_target=&#8221;_self&#8221; column_shadow=&#8221;none&#8221; column_border_radius=&#8221;none&#8221; width=&#8221;1\/3&#8243; tablet_width_inherit=&#8221;default&#8221; tablet_text_alignment=&#8221;default&#8221; phone_text_alignment=&#8221;default&#8221; column_border_width=&#8221;none&#8221; column_border_style=&#8221;solid&#8221;][vc_row_inner column_margin=&#8221;default&#8221; text_align=&#8221;left&#8221; css=&#8221;.vc_custom_1504128844236{margin-right: -1px !important;}&#8221;][vc_column_inner enable_animation=&#8221;true&#8221; animation=&#8221;fade-in-from-left&#8221; column_padding=&#8221;no-extra-padding&#8221; column_padding_position=&#8221;all&#8221; background_color_opacity=&#8221;1&#8243; background_hover_color_opacity=&#8221;1&#8243; column_shadow=&#8221;none&#8221; column_border_radius=&#8221;none&#8221; column_link_target=&#8221;_self&#8221; width=&#8221;1\/1&#8243; tablet_width_inherit=&#8221;default&#8221; column_border_width=&#8221;none&#8221; column_border_style=&#8221;solid&#8221;][vc_custom_heading text=&#8221;Tintas para pintar madera con equipos electro est\u00e1ticos&#8221; font_container=&#8221;tag:h2|font_size:40|text_align:left|line_height:50px&#8221; use_theme_fonts=&#8221;yes&#8221;][vc_column_text css=&#8221;.vc_custom_1596006381199{margin-top: 30px !important;margin-bottom: 30px !important;}&#8221;]Las principales propiedades de las tintas al disolvente para pintar o colorear la madera son las siguientes: <span class=\"fs19 ff1\">Evaporaci\u00f3n media-lenta. <\/span><span class=\"fs19 ff1\">Aplicaci\u00f3n equipos electrost\u00e1ticos. <\/span><span class=\"fs19 ff1\">M\u00e1xima estabilidad del color.<\/span> <span class=\"fs19 ff1\">Resistencia a la luz. <\/span><span class=\"fs19 ff1\">Colores naturales con la m\u00e1xima transparencia. <\/span><span class=\"fs19 ff1\">Garant\u00eda de exactitud.<\/span>[\/vc_column_text][nectar_btn size=&#8221;large&#8221; button_style=&#8221;regular&#8221; button_color_2=&#8221;extra-color-gradient-2&#8243; icon_family=&#8221;default_arrow&#8221; url=&#8221;https:\/\/pruebasnitorlack.com\/co\/valresa-colombia\/&#8221; text=&#8221;SOLICITAR INFORMACI\u00d3N&#8221; css_animation=&#8221;none&#8221; margin_top=&#8221;20&#8243;][\/vc_column_inner][\/vc_row_inner][\/vc_column][\/vc_row]\n","protected":false},"excerpt":{"rendered":"<p>[vc_row type=&#8221;in_container&#8221; full_screen_row_position=&#8221;middle&#8221; scene_position=&#8221;center&#8221; text_color=&#8221;dark&#8221; text_align=&#8221;left&#8221; overlay_strength=&#8221;0.3&#8243; shape_divider_position=&#8221;bottom&#8221;][vc_column column_padding=&#8221;no-extra-padding&#8221; column_padding_position=&#8221;all&#8221; background_color_opacity=&#8221;1&#8243; background_hover_color_opacity=&#8221;1&#8243; column_link_target=&#8221;_self&#8221; column_shadow=&#8221;none&#8221; column_border_radius=&#8221;none&#8221; width=&#8221;1\/1&#8243; tablet_width_inherit=&#8221;default&#8221; tablet_text_alignment=&#8221;default&#8221; phone_text_alignment=&#8221;default&#8221; column_border_width=&#8221;none&#8221; column_border_style=&#8221;solid&#8221;][vc_column_text] [\/vc_column_text][\/vc_column][\/vc_row][vc_column column_padding=&#8221;no-extra-padding&#8221; column_padding_position=&#8221;all&#8221; background_color_opacity=&#8221;1&#8243; background_hover_color_opacity=&#8221;1&#8243; column_link_target=&#8221;_self&#8221; column_shadow=&#8221;none&#8221; column_border_radius=&#8221;none&#8221; width=&#8221;1\/2&#8243;&#8230;<\/p>\n","protected":false},"author":1,"featured_media":0,"parent":17441,"menu_order":0,"comment_status":"closed","ping_status":"closed","template":"","meta":{"_joinchat":[],"footnotes":""},"class_list":["post-17465","page","type-page","status-publish"],"yoast_head":"<!-- This site is optimized with the Yoast SEO plugin v27.5 - https:\/\/yoast.com\/product\/yoast-seo-wordpress\/ -->\n<title>TINTAS E BASE ELECTROST\u00c1TICA - Valresa.com<\/title>\n<meta name=\"description\" content=\"Tintas electrostaticos para madera y mueble. Tintas para cambiar el color de la madera. tintas para pintar y barnizar la madera de colores naturales.\" \/>\n<meta name=\"robots\" content=\"noindex, follow, max-snippet:-1, max-image-preview:large, max-video-preview:-1\" \/>\n<meta property=\"og:locale\" content=\"es_ES\" \/>\n<meta property=\"og:type\" content=\"article\" \/>\n<meta property=\"og:title\" content=\"TINTAS E BASE ELECTROST\u00c1TICA - Valresa.com\" \/>\n<meta property=\"og:description\" content=\"Tintas electrostaticos para madera y mueble. Tintas para cambiar el color de la madera. tintas para pintar y barnizar la madera de colores naturales.\" \/>\n<meta property=\"og:url\" content=\"https:\/\/pruebasnitorlack.com\/co\/barnices-profesional\/tintas-para-madera\/tintas-e-base-electrostatica\/\" \/>\n<meta property=\"og:site_name\" content=\"VALRESA\" \/>\n<meta property=\"article:publisher\" content=\"https:\/\/www.facebook.com\/valresacoatings\/\" \/>\n<meta property=\"article:modified_time\" content=\"2020-07-29T07:11:51+00:00\" \/>\n<meta name=\"twitter:card\" content=\"summary_large_image\" \/>\n<meta name=\"twitter:label1\" content=\"Tiempo de lectura\" \/>\n\t<meta name=\"twitter:data1\" content=\"4 minutos\" \/>\n<script type=\"application\/ld+json\" class=\"yoast-schema-graph\">{\"@context\":\"https:\\\/\\\/schema.org\",\"@graph\":[{\"@type\":\"WebPage\",\"@id\":\"https:\\\/\\\/pruebasnitorlack.com\\\/co\\\/barnices-profesional\\\/tintas-para-madera\\\/tintas-e-base-electrostatica\\\/\",\"url\":\"https:\\\/\\\/pruebasnitorlack.com\\\/co\\\/barnices-profesional\\\/tintas-para-madera\\\/tintas-e-base-electrostatica\\\/\",\"name\":\"TINTAS E BASE ELECTROST\u00c1TICA - Valresa.com\",\"isPartOf\":{\"@id\":\"https:\\\/\\\/pruebasnitorlack.com\\\/co\\\/#website\"},\"datePublished\":\"2020-07-17T06:25:47+00:00\",\"dateModified\":\"2020-07-29T07:11:51+00:00\",\"description\":\"Tintas electrostaticos para madera y mueble. Tintas para cambiar el color de la madera. tintas para pintar y barnizar la madera de colores naturales.\",\"breadcrumb\":{\"@id\":\"https:\\\/\\\/pruebasnitorlack.com\\\/co\\\/barnices-profesional\\\/tintas-para-madera\\\/tintas-e-base-electrostatica\\\/#breadcrumb\"},\"inLanguage\":\"es-CO\",\"potentialAction\":[{\"@type\":\"ReadAction\",\"target\":[\"https:\\\/\\\/pruebasnitorlack.com\\\/co\\\/barnices-profesional\\\/tintas-para-madera\\\/tintas-e-base-electrostatica\\\/\"]}]},{\"@type\":\"BreadcrumbList\",\"@id\":\"https:\\\/\\\/pruebasnitorlack.com\\\/co\\\/barnices-profesional\\\/tintas-para-madera\\\/tintas-e-base-electrostatica\\\/#breadcrumb\",\"itemListElement\":[{\"@type\":\"ListItem\",\"position\":1,\"name\":\"Portada\",\"item\":\"https:\\\/\\\/pruebasnitorlack.com\\\/co\\\/\"},{\"@type\":\"ListItem\",\"position\":2,\"name\":\"BARNICES PROFESIONAL\",\"item\":\"https:\\\/\\\/pruebasnitorlack.com\\\/co\\\/barnices-profesional\\\/\"},{\"@type\":\"ListItem\",\"position\":3,\"name\":\"TINTAS PARA MADERA\",\"item\":\"https:\\\/\\\/pruebasnitorlack.com\\\/co\\\/barnices-profesional\\\/tintas-para-madera\\\/\"},{\"@type\":\"ListItem\",\"position\":4,\"name\":\"TINTAS E BASE ELECTROST\u00c1TICA\"}]},{\"@type\":\"WebSite\",\"@id\":\"https:\\\/\\\/pruebasnitorlack.com\\\/co\\\/#website\",\"url\":\"https:\\\/\\\/pruebasnitorlack.com\\\/co\\\/\",\"name\":\"VALRESA\",\"description\":\"Barnices y pinturas para la madera\",\"potentialAction\":[{\"@type\":\"SearchAction\",\"target\":{\"@type\":\"EntryPoint\",\"urlTemplate\":\"https:\\\/\\\/pruebasnitorlack.com\\\/co\\\/?s={search_term_string}\"},\"query-input\":{\"@type\":\"PropertyValueSpecification\",\"valueRequired\":true,\"valueName\":\"search_term_string\"}}],\"inLanguage\":\"es-CO\"}]}<\/script>\n<!-- \/ Yoast SEO plugin. -->","yoast_head_json":{"title":"TINTAS E BASE ELECTROST\u00c1TICA - Valresa.com","description":"Tintas electrostaticos para madera y mueble. Tintas para cambiar el color de la madera. tintas para pintar y barnizar la madera de colores naturales.","robots":{"index":"noindex","follow":"follow","max-snippet":"max-snippet:-1","max-image-preview":"max-image-preview:large","max-video-preview":"max-video-preview:-1"},"og_locale":"es_ES","og_type":"article","og_title":"TINTAS E BASE ELECTROST\u00c1TICA - Valresa.com","og_description":"Tintas electrostaticos para madera y mueble. Tintas para cambiar el color de la madera. tintas para pintar y barnizar la madera de colores naturales.","og_url":"https:\/\/pruebasnitorlack.com\/co\/barnices-profesional\/tintas-para-madera\/tintas-e-base-electrostatica\/","og_site_name":"VALRESA","article_publisher":"https:\/\/www.facebook.com\/valresacoatings\/","article_modified_time":"2020-07-29T07:11:51+00:00","twitter_card":"summary_large_image","twitter_misc":{"Tiempo de lectura":"4 minutos"},"schema":{"@context":"https:\/\/schema.org","@graph":[{"@type":"WebPage","@id":"https:\/\/pruebasnitorlack.com\/co\/barnices-profesional\/tintas-para-madera\/tintas-e-base-electrostatica\/","url":"https:\/\/pruebasnitorlack.com\/co\/barnices-profesional\/tintas-para-madera\/tintas-e-base-electrostatica\/","name":"TINTAS E BASE ELECTROST\u00c1TICA - Valresa.com","isPartOf":{"@id":"https:\/\/pruebasnitorlack.com\/co\/#website"},"datePublished":"2020-07-17T06:25:47+00:00","dateModified":"2020-07-29T07:11:51+00:00","description":"Tintas electrostaticos para madera y mueble. Tintas para cambiar el color de la madera. tintas para pintar y barnizar la madera de colores naturales.","breadcrumb":{"@id":"https:\/\/pruebasnitorlack.com\/co\/barnices-profesional\/tintas-para-madera\/tintas-e-base-electrostatica\/#breadcrumb"},"inLanguage":"es-CO","potentialAction":[{"@type":"ReadAction","target":["https:\/\/pruebasnitorlack.com\/co\/barnices-profesional\/tintas-para-madera\/tintas-e-base-electrostatica\/"]}]},{"@type":"BreadcrumbList","@id":"https:\/\/pruebasnitorlack.com\/co\/barnices-profesional\/tintas-para-madera\/tintas-e-base-electrostatica\/#breadcrumb","itemListElement":[{"@type":"ListItem","position":1,"name":"Portada","item":"https:\/\/pruebasnitorlack.com\/co\/"},{"@type":"ListItem","position":2,"name":"BARNICES PROFESIONAL","item":"https:\/\/pruebasnitorlack.com\/co\/barnices-profesional\/"},{"@type":"ListItem","position":3,"name":"TINTAS PARA MADERA","item":"https:\/\/pruebasnitorlack.com\/co\/barnices-profesional\/tintas-para-madera\/"},{"@type":"ListItem","position":4,"name":"TINTAS E BASE ELECTROST\u00c1TICA"}]},{"@type":"WebSite","@id":"https:\/\/pruebasnitorlack.com\/co\/#website","url":"https:\/\/pruebasnitorlack.com\/co\/","name":"VALRESA","description":"Barnices y pinturas para la madera","potentialAction":[{"@type":"SearchAction","target":{"@type":"EntryPoint","urlTemplate":"https:\/\/pruebasnitorlack.com\/co\/?s={search_term_string}"},"query-input":{"@type":"PropertyValueSpecification","valueRequired":true,"valueName":"search_term_string"}}],"inLanguage":"es-CO"}]}},"_links":{"self":[{"href":"https:\/\/pruebasnitorlack.com\/co\/wp-json\/wp\/v2\/pages\/17465","targetHints":{"allow":["GET"]}}],"collection":[{"href":"https:\/\/pruebasnitorlack.com\/co\/wp-json\/wp\/v2\/pages"}],"about":[{"href":"https:\/\/pruebasnitorlack.com\/co\/wp-json\/wp\/v2\/types\/page"}],"author":[{"embeddable":true,"href":"https:\/\/pruebasnitorlack.com\/co\/wp-json\/wp\/v2\/users\/1"}],"replies":[{"embeddable":true,"href":"https:\/\/pruebasnitorlack.com\/co\/wp-json\/wp\/v2\/comments?post=17465"}],"version-history":[{"count":0,"href":"https:\/\/pruebasnitorlack.com\/co\/wp-json\/wp\/v2\/pages\/17465\/revisions"}],"up":[{"embeddable":true,"href":"https:\/\/pruebasnitorlack.com\/co\/wp-json\/wp\/v2\/pages\/17441"}],"wp:attachment":[{"href":"https:\/\/pruebasnitorlack.com\/co\/wp-json\/wp\/v2\/media?parent=17465"}],"curies":[{"name":"wp","href":"https:\/\/api.w.org\/{rel}","templated":true}]}}