{"id":17441,"date":"2020-07-15T07:31:45","date_gmt":"2020-07-15T07:31:45","guid":{"rendered":"https:\/\/pruebasnitorlack.com\/barnices-profesional\/tintas-para-madera\/"},"modified":"2020-07-17T05:13:05","modified_gmt":"2020-07-17T05:13:05","slug":"tintas-para-madera","status":"publish","type":"page","link":"https:\/\/pruebasnitorlack.com\/co\/barnices-profesional\/tintas-para-madera\/","title":{"rendered":"TINTAS PARA MADERA"},"content":{"rendered":"[vc_row type=&#8221;in_container&#8221; full_screen_row_position=&#8221;middle&#8221; scene_position=&#8221;center&#8221; text_color=&#8221;dark&#8221; text_align=&#8221;left&#8221; overlay_strength=&#8221;0.3&#8243; shape_divider_position=&#8221;bottom&#8221;][vc_column column_padding=&#8221;no-extra-padding&#8221; column_padding_position=&#8221;all&#8221; background_color_opacity=&#8221;1&#8243; background_hover_color_opacity=&#8221;1&#8243; column_link_target=&#8221;_self&#8221; column_shadow=&#8221;none&#8221; column_border_radius=&#8221;none&#8221; width=&#8221;1\/1&#8243; tablet_width_inherit=&#8221;default&#8221; tablet_text_alignment=&#8221;default&#8221; phone_text_alignment=&#8221;default&#8221; column_border_width=&#8221;none&#8221; column_border_style=&#8221;solid&#8221;][vc_column_text css=&#8221;.vc_custom_1594802240531{margin-top: 40px !important;}&#8221;]\n<div>\n<div>\n<div style=\"text-align: justify;\">Se conocen por tintas aquellos compuestos que dan color a la madera sin ocultar la veta de la misma.<\/div>\n<div>\n<p>El objetivo principal de un tinte en el proceso de aplicaci\u00f3n de las<strong> lacas<\/strong> <strong>\u00a0para la madera<\/strong> es el de modificar el color natural de la madera. Aunque tambi\u00e9n hay otros objetivos que podemos conseguir cuando tintamos las maderas, son los siguientes:<\/p>\n<p>Realzar caracter\u00edsticas particulares de la madera. Normalmente para conseguir este tipo de efecto se suelen utilizar tintes con un secado medio-lento, para que penetre bien el\u00a0<strong>color en la madera<\/strong>\u00a0y haga la diferencia de contrastes.<\/p>\n<p>Aumentar la vistosidad con las lacas catalizadas, barnices o lacas en las maderas m\u00e1s comunes. Es muy com\u00fan la utilizaci\u00f3n de maderas comunes y tintarlas con el color deseado para que parezcan que son de mayor valor.<\/p>\n<p>Imitar tonos de maderas m\u00e1s caras o dif\u00edciles de conseguir.<\/p>\n<p>Disimular defectos de la madera. Suele utilizarse tintes al disolvente de r\u00e1pida evaporaci\u00f3n que igual bien la madera y quedan en superficie disimulando el defecto inicial que pueda tener la madera.<\/p>\n<p>Seg\u00fan el veh\u00edculo utilizado en su formulaci\u00f3n podemos clasificarlos en:<\/p>\n<p><a href=\"\/?page_id=6396\">Tintes D (al solvente)<\/a>,\u00a0<a href=\"\/?page_id=6398\">Tintes H (hidro alcoh\u00f3licos)<\/a>,\u00a0<a href=\"\/?page_id=6401\">Tintes E (Electrost\u00e1ticos)<\/a>,\u00a0<a href=\"\/?page_id=6403\">Tintentonadores (solvente+ligante)<\/a>,\u00a0<a href=\"\/?page_id=6405\">Tintes U (Concentrados)<\/a>.<\/p>\n<\/div>\n<div><\/div>\n<div><\/div>\n<\/div>\n<\/div>\n[\/vc_column_text][\/vc_column][\/vc_row][vc_row type=&#8221;in_container&#8221; full_screen_row_position=&#8221;middle&#8221; scene_position=&#8221;center&#8221; text_color=&#8221;dark&#8221; text_align=&#8221;left&#8221; overlay_strength=&#8221;0.3&#8243; shape_divider_position=&#8221;bottom&#8221;][vc_column column_padding=&#8221;no-extra-padding&#8221; column_padding_position=&#8221;all&#8221; background_color_opacity=&#8221;1&#8243; background_hover_color_opacity=&#8221;1&#8243; column_link_target=&#8221;_self&#8221; column_shadow=&#8221;none&#8221; column_border_radius=&#8221;none&#8221; width=&#8221;1\/2&#8243; tablet_width_inherit=&#8221;default&#8221; tablet_text_alignment=&#8221;default&#8221; phone_text_alignment=&#8221;default&#8221; column_border_width=&#8221;none&#8221; column_border_style=&#8221;solid&#8221;][vc_column_text]\n<h5><a href=\"\/?page_id=6396\"><strong><span class=\"fs27 ff2\">TINTAS D <\/span><\/strong><\/a><\/h5>\n<h5><a href=\"\/?page_id=6398\"><strong><span class=\"fs27 ff2\">TINTAS H <\/span><\/strong><\/a><\/h5>\n<h5><a href=\"\/?page_id=6401\"><strong><span class=\"fs27 ff2\">TINTAS E <\/span><\/strong><\/a><\/h5>\n[\/vc_column_text][\/vc_column][vc_column column_padding=&#8221;no-extra-padding&#8221; column_padding_position=&#8221;all&#8221; background_color_opacity=&#8221;1&#8243; background_hover_color_opacity=&#8221;1&#8243; column_link_target=&#8221;_self&#8221; column_shadow=&#8221;none&#8221; column_border_radius=&#8221;none&#8221; width=&#8221;1\/2&#8243; tablet_width_inherit=&#8221;default&#8221; tablet_text_alignment=&#8221;default&#8221; phone_text_alignment=&#8221;default&#8221; column_border_width=&#8221;none&#8221; column_border_style=&#8221;solid&#8221;][vc_column_text]\n<h5><a href=\"\/?page_id=6403\"><strong>TINTENTONADORES<\/strong><\/a><\/h5>\n<h5><a href=\"\/?page_id=6405\"><strong>TINTAS U<\/strong><\/a><\/h5>\n[\/vc_column_text][\/vc_column][\/vc_row][vc_row type=&#8221;in_container&#8221; full_screen_row_position=&#8221;middle&#8221; scene_position=&#8221;center&#8221; text_color=&#8221;dark&#8221; text_align=&#8221;left&#8221; overlay_strength=&#8221;0.3&#8243; shape_divider_position=&#8221;bottom&#8221;][vc_column enable_animation=&#8221;true&#8221; animation=&#8221;fade-in-from-left&#8221; column_padding=&#8221;no-extra-padding&#8221; column_padding_position=&#8221;all&#8221; background_color_opacity=&#8221;1&#8243; background_hover_color_opacity=&#8221;1&#8243; background_image=&#8221;8067&#8243; enable_bg_scale=&#8221;true&#8221; column_link_target=&#8221;_self&#8221; column_shadow=&#8221;none&#8221; column_border_radius=&#8221;none&#8221; top_margin=&#8221;40&#8243; width=&#8221;1\/1&#8243; tablet_width_inherit=&#8221;default&#8221; tablet_text_alignment=&#8221;default&#8221; phone_text_alignment=&#8221;default&#8221; column_border_width=&#8221;none&#8221; column_border_style=&#8221;solid&#8221;][divider line_type=&#8221;No Line&#8221; custom_height=&#8221;300&#8243;][\/vc_column][\/vc_row][vc_row type=&#8221;in_container&#8221; full_screen_row_position=&#8221;middle&#8221; scene_position=&#8221;center&#8221; text_color=&#8221;dark&#8221; text_align=&#8221;left&#8221; overlay_strength=&#8221;0.3&#8243; shape_divider_position=&#8221;bottom&#8221;][vc_column column_padding=&#8221;no-extra-padding&#8221; column_padding_position=&#8221;all&#8221; background_color_opacity=&#8221;1&#8243; background_hover_color_opacity=&#8221;1&#8243; column_link_target=&#8221;_self&#8221; column_shadow=&#8221;none&#8221; column_border_radius=&#8221;none&#8221; width=&#8221;1\/1&#8243; tablet_width_inherit=&#8221;default&#8221; tablet_text_alignment=&#8221;default&#8221; phone_text_alignment=&#8221;default&#8221; column_border_width=&#8221;none&#8221; column_border_style=&#8221;solid&#8221;][vc_column_text]\n[\/vc_column_text][\/vc_column][\/vc_row]\n","protected":false},"excerpt":{"rendered":"<p>[vc_row type=&#8221;in_container&#8221; full_screen_row_position=&#8221;middle&#8221; scene_position=&#8221;center&#8221; text_color=&#8221;dark&#8221; text_align=&#8221;left&#8221; overlay_strength=&#8221;0.3&#8243; shape_divider_position=&#8221;bottom&#8221;][vc_column column_padding=&#8221;no-extra-padding&#8221; column_padding_position=&#8221;all&#8221; background_color_opacity=&#8221;1&#8243; background_hover_color_opacity=&#8221;1&#8243; column_link_target=&#8221;_self&#8221; column_shadow=&#8221;none&#8221; column_border_radius=&#8221;none&#8221; width=&#8221;1\/1&#8243; tablet_width_inherit=&#8221;default&#8221; tablet_text_alignment=&#8221;default&#8221; phone_text_alignment=&#8221;default&#8221; column_border_width=&#8221;none&#8221; column_border_style=&#8221;solid&#8221;][vc_column_text css=&#8221;.vc_custom_1594802240531{margin-top: 40px !important;}&#8221;] Se conocen por tintas aquellos compuestos&#8230;<\/p>\n","protected":false},"author":1,"featured_media":0,"parent":17378,"menu_order":0,"comment_status":"closed","ping_status":"closed","template":"","meta":{"_joinchat":[],"footnotes":""},"class_list":["post-17441","page","type-page","status-publish"],"yoast_head":"<!-- This site is optimized with the Yoast SEO plugin v27.5 - https:\/\/yoast.com\/product\/yoast-seo-wordpress\/ -->\n<title>TINTAS PARA MADERA - Valresa.com<\/title>\n<meta name=\"description\" content=\"Se conocen por tintas aquellos compuestos que dan color a la madera sin ocultar la veta de la misma.El objetivo principal de un tinte en el proceso de aplicaci\u00f3n de las lacas \u00a0para la madera es el de modificar el color natural de la madera.\" \/>\n<meta name=\"robots\" content=\"noindex, follow, max-snippet:-1, max-image-preview:large, max-video-preview:-1\" \/>\n<meta property=\"og:locale\" content=\"es_ES\" \/>\n<meta property=\"og:type\" content=\"article\" \/>\n<meta property=\"og:title\" content=\"TINTAS PARA MADERA - Valresa.com\" \/>\n<meta property=\"og:description\" content=\"Se conocen por tintas aquellos compuestos que dan color a la madera sin ocultar la veta de la misma.El objetivo principal de un tinte en el proceso de aplicaci\u00f3n de las lacas \u00a0para la madera es el de modificar el color natural de la madera.\" \/>\n<meta property=\"og:url\" content=\"https:\/\/pruebasnitorlack.com\/co\/barnices-profesional\/tintas-para-madera\/\" \/>\n<meta property=\"og:site_name\" content=\"VALRESA\" \/>\n<meta property=\"article:publisher\" content=\"https:\/\/www.facebook.com\/valresacoatings\/\" \/>\n<meta property=\"article:modified_time\" content=\"2020-07-17T05:13:05+00:00\" \/>\n<meta name=\"twitter:card\" content=\"summary_large_image\" \/>\n<meta name=\"twitter:label1\" content=\"Tiempo de lectura\" \/>\n\t<meta name=\"twitter:data1\" content=\"3 minutos\" \/>\n<script type=\"application\/ld+json\" class=\"yoast-schema-graph\">{\"@context\":\"https:\\\/\\\/schema.org\",\"@graph\":[{\"@type\":\"WebPage\",\"@id\":\"https:\\\/\\\/pruebasnitorlack.com\\\/co\\\/barnices-profesional\\\/tintas-para-madera\\\/\",\"url\":\"https:\\\/\\\/pruebasnitorlack.com\\\/co\\\/barnices-profesional\\\/tintas-para-madera\\\/\",\"name\":\"TINTAS PARA MADERA - Valresa.com\",\"isPartOf\":{\"@id\":\"https:\\\/\\\/pruebasnitorlack.com\\\/co\\\/#website\"},\"datePublished\":\"2020-07-15T07:31:45+00:00\",\"dateModified\":\"2020-07-17T05:13:05+00:00\",\"description\":\"Se conocen por tintas aquellos compuestos que dan color a la madera sin ocultar la veta de la misma.El objetivo principal de un tinte en el proceso de aplicaci\u00f3n de las lacas \u00a0para la madera es el de modificar el color natural de la madera.\",\"breadcrumb\":{\"@id\":\"https:\\\/\\\/pruebasnitorlack.com\\\/co\\\/barnices-profesional\\\/tintas-para-madera\\\/#breadcrumb\"},\"inLanguage\":\"es-CO\",\"potentialAction\":[{\"@type\":\"ReadAction\",\"target\":[\"https:\\\/\\\/pruebasnitorlack.com\\\/co\\\/barnices-profesional\\\/tintas-para-madera\\\/\"]}]},{\"@type\":\"BreadcrumbList\",\"@id\":\"https:\\\/\\\/pruebasnitorlack.com\\\/co\\\/barnices-profesional\\\/tintas-para-madera\\\/#breadcrumb\",\"itemListElement\":[{\"@type\":\"ListItem\",\"position\":1,\"name\":\"Portada\",\"item\":\"https:\\\/\\\/pruebasnitorlack.com\\\/co\\\/\"},{\"@type\":\"ListItem\",\"position\":2,\"name\":\"BARNICES PROFESIONAL\",\"item\":\"https:\\\/\\\/pruebasnitorlack.com\\\/co\\\/barnices-profesional\\\/\"},{\"@type\":\"ListItem\",\"position\":3,\"name\":\"TINTAS PARA MADERA\"}]},{\"@type\":\"WebSite\",\"@id\":\"https:\\\/\\\/pruebasnitorlack.com\\\/co\\\/#website\",\"url\":\"https:\\\/\\\/pruebasnitorlack.com\\\/co\\\/\",\"name\":\"VALRESA\",\"description\":\"Barnices y pinturas para la madera\",\"potentialAction\":[{\"@type\":\"SearchAction\",\"target\":{\"@type\":\"EntryPoint\",\"urlTemplate\":\"https:\\\/\\\/pruebasnitorlack.com\\\/co\\\/?s={search_term_string}\"},\"query-input\":{\"@type\":\"PropertyValueSpecification\",\"valueRequired\":true,\"valueName\":\"search_term_string\"}}],\"inLanguage\":\"es-CO\"}]}<\/script>\n<!-- \/ Yoast SEO plugin. -->","yoast_head_json":{"title":"TINTAS PARA MADERA - Valresa.com","description":"Se conocen por tintas aquellos compuestos que dan color a la madera sin ocultar la veta de la misma.El objetivo principal de un tinte en el proceso de aplicaci\u00f3n de las lacas \u00a0para la madera es el de modificar el color natural de la madera.","robots":{"index":"noindex","follow":"follow","max-snippet":"max-snippet:-1","max-image-preview":"max-image-preview:large","max-video-preview":"max-video-preview:-1"},"og_locale":"es_ES","og_type":"article","og_title":"TINTAS PARA MADERA - Valresa.com","og_description":"Se conocen por tintas aquellos compuestos que dan color a la madera sin ocultar la veta de la misma.El objetivo principal de un tinte en el proceso de aplicaci\u00f3n de las lacas \u00a0para la madera es el de modificar el color natural de la madera.","og_url":"https:\/\/pruebasnitorlack.com\/co\/barnices-profesional\/tintas-para-madera\/","og_site_name":"VALRESA","article_publisher":"https:\/\/www.facebook.com\/valresacoatings\/","article_modified_time":"2020-07-17T05:13:05+00:00","twitter_card":"summary_large_image","twitter_misc":{"Tiempo de lectura":"3 minutos"},"schema":{"@context":"https:\/\/schema.org","@graph":[{"@type":"WebPage","@id":"https:\/\/pruebasnitorlack.com\/co\/barnices-profesional\/tintas-para-madera\/","url":"https:\/\/pruebasnitorlack.com\/co\/barnices-profesional\/tintas-para-madera\/","name":"TINTAS PARA MADERA - Valresa.com","isPartOf":{"@id":"https:\/\/pruebasnitorlack.com\/co\/#website"},"datePublished":"2020-07-15T07:31:45+00:00","dateModified":"2020-07-17T05:13:05+00:00","description":"Se conocen por tintas aquellos compuestos que dan color a la madera sin ocultar la veta de la misma.El objetivo principal de un tinte en el proceso de aplicaci\u00f3n de las lacas \u00a0para la madera es el de modificar el color natural de la madera.","breadcrumb":{"@id":"https:\/\/pruebasnitorlack.com\/co\/barnices-profesional\/tintas-para-madera\/#breadcrumb"},"inLanguage":"es-CO","potentialAction":[{"@type":"ReadAction","target":["https:\/\/pruebasnitorlack.com\/co\/barnices-profesional\/tintas-para-madera\/"]}]},{"@type":"BreadcrumbList","@id":"https:\/\/pruebasnitorlack.com\/co\/barnices-profesional\/tintas-para-madera\/#breadcrumb","itemListElement":[{"@type":"ListItem","position":1,"name":"Portada","item":"https:\/\/pruebasnitorlack.com\/co\/"},{"@type":"ListItem","position":2,"name":"BARNICES PROFESIONAL","item":"https:\/\/pruebasnitorlack.com\/co\/barnices-profesional\/"},{"@type":"ListItem","position":3,"name":"TINTAS PARA MADERA"}]},{"@type":"WebSite","@id":"https:\/\/pruebasnitorlack.com\/co\/#website","url":"https:\/\/pruebasnitorlack.com\/co\/","name":"VALRESA","description":"Barnices y pinturas para la madera","potentialAction":[{"@type":"SearchAction","target":{"@type":"EntryPoint","urlTemplate":"https:\/\/pruebasnitorlack.com\/co\/?s={search_term_string}"},"query-input":{"@type":"PropertyValueSpecification","valueRequired":true,"valueName":"search_term_string"}}],"inLanguage":"es-CO"}]}},"_links":{"self":[{"href":"https:\/\/pruebasnitorlack.com\/co\/wp-json\/wp\/v2\/pages\/17441","targetHints":{"allow":["GET"]}}],"collection":[{"href":"https:\/\/pruebasnitorlack.com\/co\/wp-json\/wp\/v2\/pages"}],"about":[{"href":"https:\/\/pruebasnitorlack.com\/co\/wp-json\/wp\/v2\/types\/page"}],"author":[{"embeddable":true,"href":"https:\/\/pruebasnitorlack.com\/co\/wp-json\/wp\/v2\/users\/1"}],"replies":[{"embeddable":true,"href":"https:\/\/pruebasnitorlack.com\/co\/wp-json\/wp\/v2\/comments?post=17441"}],"version-history":[{"count":0,"href":"https:\/\/pruebasnitorlack.com\/co\/wp-json\/wp\/v2\/pages\/17441\/revisions"}],"up":[{"embeddable":true,"href":"https:\/\/pruebasnitorlack.com\/co\/wp-json\/wp\/v2\/pages\/17378"}],"wp:attachment":[{"href":"https:\/\/pruebasnitorlack.com\/co\/wp-json\/wp\/v2\/media?parent=17441"}],"curies":[{"name":"wp","href":"https:\/\/api.w.org\/{rel}","templated":true}]}}