{"id":17427,"date":"2016-04-13T13:24:51","date_gmt":"2016-04-13T13:24:51","guid":{"rendered":"https:\/\/pruebasnitorlack.com\/empresa\/idi\/"},"modified":"2020-07-17T05:06:43","modified_gmt":"2020-07-17T05:06:43","slug":"idi","status":"publish","type":"page","link":"https:\/\/pruebasnitorlack.com\/co\/empresa\/idi\/","title":{"rendered":"I+D+I"},"content":{"rendered":"[vc_row type=&#8221;in_container&#8221; full_screen_row_position=&#8221;middle&#8221; scene_position=&#8221;center&#8221; text_color=&#8221;dark&#8221; text_align=&#8221;left&#8221; overlay_strength=&#8221;0.3&#8243; shape_divider_position=&#8221;bottom&#8221;][vc_column column_padding=&#8221;no-extra-padding&#8221; column_padding_position=&#8221;all&#8221; background_color_opacity=&#8221;1&#8243; background_hover_color_opacity=&#8221;1&#8243; column_link_target=&#8221;_self&#8221; column_shadow=&#8221;none&#8221; column_border_radius=&#8221;none&#8221; width=&#8221;1\/1&#8243; tablet_width_inherit=&#8221;default&#8221; tablet_text_alignment=&#8221;default&#8221; phone_text_alignment=&#8221;default&#8221; column_border_width=&#8221;none&#8221; column_border_style=&#8221;solid&#8221;][vc_column_text css=&#8221;.vc_custom_1594796351495{margin-top: 40px !important;}&#8221;]\n<p style=\"text-align: justify;\">El laboratorio de Valresa es el verdadero motor de desarrollo del grupo. En \u00e9l se desarrollan m\u00e1s de 300 formulaciones al a\u00f1o, tanto en <strong>barnices, tintas, selladores y\u00a0 lacas catalizadas<\/strong> como pinturas para madera que luego se transforman para usar y que posteriormente son adaptados a las necesidades y caracter\u00edsticas de los diferentes pa\u00edses.<\/p>\n<p style=\"text-align: justify;\">Nos interesa probar nuevas ideas y ver si funcionan. De esta manera hemos desarrollados nuevos barnices para madera que han cambiado la forma de pintar de nuestros clientes. Un sellador de poliuretano que no necesita ser lijado, un barniz, laca o laca catalizado como acabado con una dureza superior o unos barnices ign\u00edfugos, son un ejemplo de barnices madera que han supuesto un ejemplo de innovaci\u00f3n en el sector.<\/p>\n<p style=\"text-align: justify;\">El verdadero laboratorio de desarrollo de\u00a0<strong>barnices para la madera<\/strong> est\u00e1 cuando adem\u00e1s se incorpora la aplicaci\u00f3n sobre la madera a la investigaci\u00f3n. F\u00f3rmulas que una vez desarrolladas son aplicadas por nuestros expertos en aplicaci\u00f3n de laca para muebles, que nos indican las ventajas sobre los productos de nuestros competidores.<\/p>\n<p style=\"text-align: justify;\">Algunos <strong>barnices o lacas para madera<\/strong> tardan m\u00e1s en salir al mercado porque no queremos que estos sean utilizados por nuestros m\u00e1s de 6.000 clientes sin que se hayan hecho todas las pruebas de calidad que nos aseguren que cumplen los requisitos m\u00e1s exigentes.<\/p>\n<p style=\"text-align: justify;\">Nos motiva mucho mejorar, porque sabemos que los mejores barnices o lacas para madera est\u00e1n por hacer.<\/p>\n<p style=\"text-align: justify;\">Tenemos como complemento para diferentes mercados latinos, las <strong>lacas catalizadas<\/strong> de muy buena calidad, el objetivo es sustituirlas por tecnolog\u00edas saludables y con mucho menor impacto al medio ambiente.<\/p>\n[\/vc_column_text][\/vc_column][\/vc_row][vc_row type=&#8221;in_container&#8221; full_screen_row_position=&#8221;middle&#8221; scene_position=&#8221;center&#8221; text_color=&#8221;dark&#8221; text_align=&#8221;left&#8221; overlay_strength=&#8221;0.3&#8243; shape_divider_position=&#8221;bottom&#8221;][vc_column enable_animation=&#8221;true&#8221; animation=&#8221;fade-in-from-left&#8221; column_padding=&#8221;no-extra-padding&#8221; column_padding_position=&#8221;all&#8221; background_color_opacity=&#8221;1&#8243; background_hover_color_opacity=&#8221;1&#8243; background_image=&#8221;9531&#8243; enable_bg_scale=&#8221;true&#8221; column_link_target=&#8221;_self&#8221; column_shadow=&#8221;none&#8221; column_border_radius=&#8221;none&#8221; width=&#8221;1\/1&#8243; tablet_width_inherit=&#8221;default&#8221; tablet_text_alignment=&#8221;default&#8221; phone_text_alignment=&#8221;default&#8221; column_border_width=&#8221;none&#8221; column_border_style=&#8221;solid&#8221;][divider line_type=&#8221;No Line&#8221; custom_height=&#8221;300&#8243;][\/vc_column][\/vc_row][vc_column column_padding=&#8221;no-extra-padding&#8221; column_padding_position=&#8221;all&#8221; background_color_opacity=&#8221;1&#8243; background_hover_color_opacity=&#8221;1&#8243; font_color=&#8221;#000000&#8243; column_link_target=&#8221;_self&#8221; column_shadow=&#8221;none&#8221; column_border_radius=&#8221;none&#8221; width=&#8221;1\/2&#8243; tablet_width_inherit=&#8221;default&#8221; tablet_text_alignment=&#8221;default&#8221; phone_text_alignment=&#8221;default&#8221; column_border_width=&#8221;none&#8221; column_border_style=&#8221;solid&#8221;][\/vc_column]\n","protected":false},"excerpt":{"rendered":"<p>[vc_row type=&#8221;in_container&#8221; full_screen_row_position=&#8221;middle&#8221; scene_position=&#8221;center&#8221; text_color=&#8221;dark&#8221; text_align=&#8221;left&#8221; overlay_strength=&#8221;0.3&#8243; shape_divider_position=&#8221;bottom&#8221;][vc_column column_padding=&#8221;no-extra-padding&#8221; column_padding_position=&#8221;all&#8221; background_color_opacity=&#8221;1&#8243; background_hover_color_opacity=&#8221;1&#8243; column_link_target=&#8221;_self&#8221; column_shadow=&#8221;none&#8221; column_border_radius=&#8221;none&#8221; width=&#8221;1\/1&#8243; tablet_width_inherit=&#8221;default&#8221; tablet_text_alignment=&#8221;default&#8221; phone_text_alignment=&#8221;default&#8221; column_border_width=&#8221;none&#8221; column_border_style=&#8221;solid&#8221;][vc_column_text css=&#8221;.vc_custom_1594796351495{margin-top: 40px !important;}&#8221;] El laboratorio de Valresa es el&#8230;<\/p>\n","protected":false},"author":1,"featured_media":0,"parent":17415,"menu_order":0,"comment_status":"closed","ping_status":"closed","template":"","meta":{"_joinchat":[],"footnotes":""},"class_list":["post-17427","page","type-page","status-publish"],"yoast_head":"<!-- This site is optimized with the Yoast SEO plugin v27.5 - https:\/\/yoast.com\/product\/yoast-seo-wordpress\/ -->\n<title>I+D+I - Valresa.com<\/title>\n<meta name=\"description\" content=\"Desarrollamos m\u00e1s de 300 formulaciones al a\u00f1o que se transforman en barnices y lacas listos para usar y adaptados a las necesidades y caracter\u00edsticas de cada pa\u00eds\" \/>\n<meta name=\"robots\" content=\"noindex, follow, max-snippet:-1, max-image-preview:large, max-video-preview:-1\" \/>\n<meta property=\"og:locale\" content=\"es_ES\" \/>\n<meta property=\"og:type\" content=\"article\" \/>\n<meta property=\"og:title\" content=\"I+D+I - Valresa.com\" \/>\n<meta property=\"og:description\" content=\"Desarrollamos m\u00e1s de 300 formulaciones al a\u00f1o que se transforman en barnices y lacas listos para usar y adaptados a las necesidades y caracter\u00edsticas de cada pa\u00eds\" \/>\n<meta property=\"og:url\" content=\"https:\/\/pruebasnitorlack.com\/co\/empresa\/idi\/\" \/>\n<meta property=\"og:site_name\" content=\"VALRESA\" \/>\n<meta property=\"article:publisher\" content=\"https:\/\/www.facebook.com\/valresacoatings\/\" \/>\n<meta property=\"article:modified_time\" content=\"2020-07-17T05:06:43+00:00\" \/>\n<meta name=\"twitter:card\" content=\"summary_large_image\" \/>\n<meta name=\"twitter:label1\" content=\"Tiempo de lectura\" \/>\n\t<meta name=\"twitter:data1\" content=\"3 minutos\" \/>\n<script type=\"application\/ld+json\" class=\"yoast-schema-graph\">{\"@context\":\"https:\\\/\\\/schema.org\",\"@graph\":[{\"@type\":\"WebPage\",\"@id\":\"https:\\\/\\\/pruebasnitorlack.com\\\/co\\\/empresa\\\/idi\\\/\",\"url\":\"https:\\\/\\\/pruebasnitorlack.com\\\/co\\\/empresa\\\/idi\\\/\",\"name\":\"I+D+I - Valresa.com\",\"isPartOf\":{\"@id\":\"https:\\\/\\\/pruebasnitorlack.com\\\/co\\\/#website\"},\"datePublished\":\"2016-04-13T13:24:51+00:00\",\"dateModified\":\"2020-07-17T05:06:43+00:00\",\"description\":\"Desarrollamos m\u00e1s de 300 formulaciones al a\u00f1o que se transforman en barnices y lacas listos para usar y adaptados a las necesidades y caracter\u00edsticas de cada pa\u00eds\",\"breadcrumb\":{\"@id\":\"https:\\\/\\\/pruebasnitorlack.com\\\/co\\\/empresa\\\/idi\\\/#breadcrumb\"},\"inLanguage\":\"es-CO\",\"potentialAction\":[{\"@type\":\"ReadAction\",\"target\":[\"https:\\\/\\\/pruebasnitorlack.com\\\/co\\\/empresa\\\/idi\\\/\"]}]},{\"@type\":\"BreadcrumbList\",\"@id\":\"https:\\\/\\\/pruebasnitorlack.com\\\/co\\\/empresa\\\/idi\\\/#breadcrumb\",\"itemListElement\":[{\"@type\":\"ListItem\",\"position\":1,\"name\":\"Portada\",\"item\":\"https:\\\/\\\/pruebasnitorlack.com\\\/co\\\/\"},{\"@type\":\"ListItem\",\"position\":2,\"name\":\"Empresa\",\"item\":\"https:\\\/\\\/pruebasnitorlack.com\\\/co\\\/empresa\\\/\"},{\"@type\":\"ListItem\",\"position\":3,\"name\":\"I+D+I\"}]},{\"@type\":\"WebSite\",\"@id\":\"https:\\\/\\\/pruebasnitorlack.com\\\/co\\\/#website\",\"url\":\"https:\\\/\\\/pruebasnitorlack.com\\\/co\\\/\",\"name\":\"VALRESA\",\"description\":\"Barnices y pinturas para la madera\",\"potentialAction\":[{\"@type\":\"SearchAction\",\"target\":{\"@type\":\"EntryPoint\",\"urlTemplate\":\"https:\\\/\\\/pruebasnitorlack.com\\\/co\\\/?s={search_term_string}\"},\"query-input\":{\"@type\":\"PropertyValueSpecification\",\"valueRequired\":true,\"valueName\":\"search_term_string\"}}],\"inLanguage\":\"es-CO\"}]}<\/script>\n<!-- \/ Yoast SEO plugin. -->","yoast_head_json":{"title":"I+D+I - Valresa.com","description":"Desarrollamos m\u00e1s de 300 formulaciones al a\u00f1o que se transforman en barnices y lacas listos para usar y adaptados a las necesidades y caracter\u00edsticas de cada pa\u00eds","robots":{"index":"noindex","follow":"follow","max-snippet":"max-snippet:-1","max-image-preview":"max-image-preview:large","max-video-preview":"max-video-preview:-1"},"og_locale":"es_ES","og_type":"article","og_title":"I+D+I - Valresa.com","og_description":"Desarrollamos m\u00e1s de 300 formulaciones al a\u00f1o que se transforman en barnices y lacas listos para usar y adaptados a las necesidades y caracter\u00edsticas de cada pa\u00eds","og_url":"https:\/\/pruebasnitorlack.com\/co\/empresa\/idi\/","og_site_name":"VALRESA","article_publisher":"https:\/\/www.facebook.com\/valresacoatings\/","article_modified_time":"2020-07-17T05:06:43+00:00","twitter_card":"summary_large_image","twitter_misc":{"Tiempo de lectura":"3 minutos"},"schema":{"@context":"https:\/\/schema.org","@graph":[{"@type":"WebPage","@id":"https:\/\/pruebasnitorlack.com\/co\/empresa\/idi\/","url":"https:\/\/pruebasnitorlack.com\/co\/empresa\/idi\/","name":"I+D+I - Valresa.com","isPartOf":{"@id":"https:\/\/pruebasnitorlack.com\/co\/#website"},"datePublished":"2016-04-13T13:24:51+00:00","dateModified":"2020-07-17T05:06:43+00:00","description":"Desarrollamos m\u00e1s de 300 formulaciones al a\u00f1o que se transforman en barnices y lacas listos para usar y adaptados a las necesidades y caracter\u00edsticas de cada pa\u00eds","breadcrumb":{"@id":"https:\/\/pruebasnitorlack.com\/co\/empresa\/idi\/#breadcrumb"},"inLanguage":"es-CO","potentialAction":[{"@type":"ReadAction","target":["https:\/\/pruebasnitorlack.com\/co\/empresa\/idi\/"]}]},{"@type":"BreadcrumbList","@id":"https:\/\/pruebasnitorlack.com\/co\/empresa\/idi\/#breadcrumb","itemListElement":[{"@type":"ListItem","position":1,"name":"Portada","item":"https:\/\/pruebasnitorlack.com\/co\/"},{"@type":"ListItem","position":2,"name":"Empresa","item":"https:\/\/pruebasnitorlack.com\/co\/empresa\/"},{"@type":"ListItem","position":3,"name":"I+D+I"}]},{"@type":"WebSite","@id":"https:\/\/pruebasnitorlack.com\/co\/#website","url":"https:\/\/pruebasnitorlack.com\/co\/","name":"VALRESA","description":"Barnices y pinturas para la madera","potentialAction":[{"@type":"SearchAction","target":{"@type":"EntryPoint","urlTemplate":"https:\/\/pruebasnitorlack.com\/co\/?s={search_term_string}"},"query-input":{"@type":"PropertyValueSpecification","valueRequired":true,"valueName":"search_term_string"}}],"inLanguage":"es-CO"}]}},"_links":{"self":[{"href":"https:\/\/pruebasnitorlack.com\/co\/wp-json\/wp\/v2\/pages\/17427","targetHints":{"allow":["GET"]}}],"collection":[{"href":"https:\/\/pruebasnitorlack.com\/co\/wp-json\/wp\/v2\/pages"}],"about":[{"href":"https:\/\/pruebasnitorlack.com\/co\/wp-json\/wp\/v2\/types\/page"}],"author":[{"embeddable":true,"href":"https:\/\/pruebasnitorlack.com\/co\/wp-json\/wp\/v2\/users\/1"}],"replies":[{"embeddable":true,"href":"https:\/\/pruebasnitorlack.com\/co\/wp-json\/wp\/v2\/comments?post=17427"}],"version-history":[{"count":0,"href":"https:\/\/pruebasnitorlack.com\/co\/wp-json\/wp\/v2\/pages\/17427\/revisions"}],"up":[{"embeddable":true,"href":"https:\/\/pruebasnitorlack.com\/co\/wp-json\/wp\/v2\/pages\/17415"}],"wp:attachment":[{"href":"https:\/\/pruebasnitorlack.com\/co\/wp-json\/wp\/v2\/media?parent=17427"}],"curies":[{"name":"wp","href":"https:\/\/api.w.org\/{rel}","templated":true}]}}