{"id":17420,"date":"2016-04-13T13:12:26","date_gmt":"2016-04-13T13:12:26","guid":{"rendered":"https:\/\/pruebasnitorlack.com\/empresa\/historia\/"},"modified":"2020-07-15T06:51:26","modified_gmt":"2020-07-15T06:51:26","slug":"historia","status":"publish","type":"page","link":"https:\/\/pruebasnitorlack.com\/co\/empresa\/historia\/","title":{"rendered":"HISTORIA"},"content":{"rendered":"[vc_row type=&#8221;in_container&#8221; full_screen_row_position=&#8221;middle&#8221; scene_position=&#8221;center&#8221; text_color=&#8221;dark&#8221; text_align=&#8221;left&#8221; overlay_strength=&#8221;0.3&#8243; shape_divider_position=&#8221;bottom&#8221;][vc_column column_padding=&#8221;no-extra-padding&#8221; column_padding_position=&#8221;all&#8221; background_color_opacity=&#8221;1&#8243; background_hover_color_opacity=&#8221;1&#8243; column_link_target=&#8221;_self&#8221; column_shadow=&#8221;none&#8221; column_border_radius=&#8221;none&#8221; width=&#8221;1\/1&#8243; tablet_width_inherit=&#8221;default&#8221; tablet_text_alignment=&#8221;default&#8221; phone_text_alignment=&#8221;default&#8221; column_border_width=&#8221;none&#8221; column_border_style=&#8221;solid&#8221;][vc_column_text css=&#8221;.vc_custom_1594795882309{margin-top: 40px !important;}&#8221;]\n<div>\n<div>\n<div>\n<div style=\"text-align: justify;\">El empresario Jose Carceller despues de una larga experiencia empresarial en otros sectores funda la fabrica de barnices y pinturas valresa.<\/div>\n<div style=\"text-align: justify;\"><\/div>\n<div style=\"text-align: justify;\"><b>1965<\/b>: A\u00f1o de fundaci\u00f3n de Valresa en la ciudad de Valencia, Espa\u00f1a.<\/div>\n<div style=\"text-align: justify;\"><\/div>\n<div style=\"text-align: justify;\"><b>1994<\/b>: Valresa comienza su internacionalizaci\u00f3n con la adquisici\u00f3n de la fabrica de barnices y pinturas Acabados Qu\u00edmicos Mexicanos S.A. de C.V., actual Valresa M\u00e9xico.<\/div>\n<div style=\"text-align: justify;\"><\/div>\n<div style=\"text-align: justify;\"><b>1998<\/b>: Los esfuerzos llevados a cabo en los \u00faltimos a\u00f1os por implantar una cultura de calidad en la organizaci\u00f3n quedan plasmados con la obtenci\u00f3n de la certificaci\u00f3n ISO 90001:2000.<\/div>\n<div style=\"text-align: justify;\"><\/div>\n<div style=\"text-align: justify;\"><b>2000<\/b>: Prosigue el proceso de internacionalizaci\u00f3n de la empresa con la apertura de diversos centros de distribuci\u00f3n de barnices y pinturas en numerosos pa\u00edses Latinoamericanos.<\/div>\n<div style=\"text-align: justify;\"><\/div>\n<div style=\"text-align: justify;\"><b>2003<\/b>: Con la inauguraci\u00f3n de las nuevas instalaciones de Valresa, el Grupo cuenta con una de las m\u00e1s modernas f\u00e1bricas en Europa para la investigaci\u00f3n, producci\u00f3n y comercializaci\u00f3n de <strong>tintas, selladores, lacas y barnices para la madera.<\/strong><\/div>\n<div style=\"text-align: justify;\"><\/div>\n<div style=\"text-align: justify;\"><b>2004<\/b>: Siguiendo el proceso de inversi\u00f3n y mejora en el exterior, comienzan las obras de remodelaci\u00f3n en Valresa M\u00e9xico, obras que concluir\u00e1n dos a\u00f1os despu\u00e9s y dotaran a nuestras instalaciones en M\u00e9xico de un centro de producci\u00f3n para la fabricaci\u00f3n de <strong>barnices para la madera, v\u00eddrio, metal y pl\u00e1stico<\/strong> altamente tecnificado.<\/div>\n<div style=\"text-align: justify;\"><\/div>\n<div style=\"text-align: justify;\"><b>2005<\/b>: Se firma un acuerdo con Bayer Material Science , por el cual los productos del Grupo Valresa portar\u00e1n el sello de calidad de Bayer en sus envases.<\/div>\n<div style=\"text-align: justify;\"><\/div>\n<div style=\"text-align: justify;\"><b>2005<\/b>: Valresa firma un acuerdo de joint venture con el fabricante turco Iba Kimya, una de las principales empresas del mundo en la fabricaci\u00f3n de pintura en polvo, dando lugar a la sociedad IBA Valresa. La compa\u00f1\u00eda se especializa en la fabricaci\u00f3n de <strong>lacas, tintas y solventes para la madera y el mueble.<\/strong> Comienzan las obras de construcci\u00f3n en la sociedad conjunta en Ankara, Turqu\u00eda.<\/div>\n<div style=\"text-align: justify;\"><\/div>\n<div style=\"text-align: justify;\"><b>2008<\/b>: Se inauguran las nuevas instalaciones de Valresa en Turqu\u00eda (IBA Valresa), uni\u00e9ndose as\u00ed un cuarto centro de producci\u00f3n al Grupo Valresa.<\/div>\n<div><\/div>\n<\/div>\n<div><strong>2015: <\/strong>Despu\u00e9s de unos a\u00f1os de comercializar sus productos en Colombia por medio de un distribuidor local, y dada la importancia del mercado se inaugura un almac\u00e9n propio en Bogot\u00e1, <strong>Valresa Colombia<\/strong>.<\/div>\n<div><\/div>\n<\/div>\n<div><strong>2017: <\/strong>Introduce en el sector de la madera y derivados la tecnolog\u00eda del tintado digital, toda una revoluci\u00f3n en el sector ya que permite tintar y realizar efectos con una precisi\u00f3n y posibilidad hasta entonces imposibles de realizar con los m\u00e9todos tradicionales de aplicaci\u00f3n.<\/div>\n<\/div>\n[\/vc_column_text][\/vc_column][\/vc_row][vc_row type=&#8221;in_container&#8221; full_screen_row_position=&#8221;middle&#8221; scene_position=&#8221;center&#8221; text_color=&#8221;dark&#8221; text_align=&#8221;left&#8221; overlay_strength=&#8221;0.3&#8243; shape_divider_position=&#8221;bottom&#8221;][vc_column enable_animation=&#8221;true&#8221; animation=&#8221;fade-in-from-left&#8221; column_padding=&#8221;no-extra-padding&#8221; column_padding_position=&#8221;all&#8221; background_color_opacity=&#8221;1&#8243; background_hover_color_opacity=&#8221;1&#8243; background_image=&#8221;9549&#8243; enable_bg_scale=&#8221;true&#8221; column_link_target=&#8221;_self&#8221; column_shadow=&#8221;none&#8221; column_border_radius=&#8221;none&#8221; width=&#8221;1\/1&#8243; tablet_width_inherit=&#8221;default&#8221; tablet_text_alignment=&#8221;default&#8221; phone_text_alignment=&#8221;default&#8221; column_border_width=&#8221;none&#8221; column_border_style=&#8221;solid&#8221;][divider line_type=&#8221;No Line&#8221; custom_height=&#8221;300&#8243;][\/vc_column][\/vc_row][vc_column column_padding=&#8221;no-extra-padding&#8221; column_padding_position=&#8221;all&#8221; background_color_opacity=&#8221;1&#8243; background_hover_color_opacity=&#8221;1&#8243; font_color=&#8221;#000000&#8243; column_link_target=&#8221;_self&#8221; column_shadow=&#8221;none&#8221; column_border_radius=&#8221;none&#8221; width=&#8221;1\/2&#8243; tablet_width_inherit=&#8221;default&#8221; tablet_text_alignment=&#8221;default&#8221; phone_text_alignment=&#8221;default&#8221; column_border_width=&#8221;none&#8221; column_border_style=&#8221;solid&#8221;][\/vc_column]\n","protected":false},"excerpt":{"rendered":"<p>[vc_row type=&#8221;in_container&#8221; full_screen_row_position=&#8221;middle&#8221; scene_position=&#8221;center&#8221; text_color=&#8221;dark&#8221; text_align=&#8221;left&#8221; overlay_strength=&#8221;0.3&#8243; shape_divider_position=&#8221;bottom&#8221;][vc_column column_padding=&#8221;no-extra-padding&#8221; column_padding_position=&#8221;all&#8221; background_color_opacity=&#8221;1&#8243; background_hover_color_opacity=&#8221;1&#8243; column_link_target=&#8221;_self&#8221; column_shadow=&#8221;none&#8221; column_border_radius=&#8221;none&#8221; width=&#8221;1\/1&#8243; tablet_width_inherit=&#8221;default&#8221; tablet_text_alignment=&#8221;default&#8221; phone_text_alignment=&#8221;default&#8221; column_border_width=&#8221;none&#8221; column_border_style=&#8221;solid&#8221;][vc_column_text css=&#8221;.vc_custom_1594795882309{margin-top: 40px !important;}&#8221;] El empresario Jose Carceller despues de&#8230;<\/p>\n","protected":false},"author":1,"featured_media":0,"parent":17415,"menu_order":0,"comment_status":"closed","ping_status":"closed","template":"","meta":{"_joinchat":[],"footnotes":""},"class_list":["post-17420","page","type-page","status-publish"],"yoast_head":"<!-- This site is optimized with the Yoast SEO plugin v27.4 - https:\/\/yoast.com\/product\/yoast-seo-wordpress\/ -->\n<title>HISTORIA - Valresa.com<\/title>\n<meta name=\"description\" content=\"El Grupo Valresa cuenta con una de las m\u00e1s modernas f\u00e1bricas en Europa para la investigaci\u00f3n, producci\u00f3n y comercializaci\u00f3n de tintas, selladores, lacas y barnices\" \/>\n<meta name=\"robots\" content=\"noindex, follow, max-snippet:-1, max-image-preview:large, max-video-preview:-1\" \/>\n<meta property=\"og:locale\" content=\"es_ES\" \/>\n<meta property=\"og:type\" content=\"article\" \/>\n<meta property=\"og:title\" content=\"HISTORIA - Valresa.com\" \/>\n<meta property=\"og:description\" content=\"El Grupo Valresa cuenta con una de las m\u00e1s modernas f\u00e1bricas en Europa para la investigaci\u00f3n, producci\u00f3n y comercializaci\u00f3n de tintas, selladores, lacas y barnices\" \/>\n<meta property=\"og:url\" content=\"https:\/\/pruebasnitorlack.com\/co\/empresa\/historia\/\" \/>\n<meta property=\"og:site_name\" content=\"VALRESA\" \/>\n<meta property=\"article:publisher\" content=\"https:\/\/www.facebook.com\/valresacoatings\/\" \/>\n<meta property=\"article:modified_time\" content=\"2020-07-15T06:51:26+00:00\" \/>\n<meta name=\"twitter:card\" content=\"summary_large_image\" \/>\n<meta name=\"twitter:label1\" content=\"Tiempo de lectura\" \/>\n\t<meta name=\"twitter:data1\" content=\"3 minutos\" \/>\n<script type=\"application\/ld+json\" class=\"yoast-schema-graph\">{\"@context\":\"https:\\\/\\\/schema.org\",\"@graph\":[{\"@type\":\"WebPage\",\"@id\":\"https:\\\/\\\/pruebasnitorlack.com\\\/co\\\/empresa\\\/historia\\\/\",\"url\":\"https:\\\/\\\/pruebasnitorlack.com\\\/co\\\/empresa\\\/historia\\\/\",\"name\":\"HISTORIA - Valresa.com\",\"isPartOf\":{\"@id\":\"https:\\\/\\\/pruebasnitorlack.com\\\/co\\\/#website\"},\"datePublished\":\"2016-04-13T13:12:26+00:00\",\"dateModified\":\"2020-07-15T06:51:26+00:00\",\"description\":\"El Grupo Valresa cuenta con una de las m\u00e1s modernas f\u00e1bricas en Europa para la investigaci\u00f3n, producci\u00f3n y comercializaci\u00f3n de tintas, selladores, lacas y barnices\",\"breadcrumb\":{\"@id\":\"https:\\\/\\\/pruebasnitorlack.com\\\/co\\\/empresa\\\/historia\\\/#breadcrumb\"},\"inLanguage\":\"es-CO\",\"potentialAction\":[{\"@type\":\"ReadAction\",\"target\":[\"https:\\\/\\\/pruebasnitorlack.com\\\/co\\\/empresa\\\/historia\\\/\"]}]},{\"@type\":\"BreadcrumbList\",\"@id\":\"https:\\\/\\\/pruebasnitorlack.com\\\/co\\\/empresa\\\/historia\\\/#breadcrumb\",\"itemListElement\":[{\"@type\":\"ListItem\",\"position\":1,\"name\":\"Portada\",\"item\":\"https:\\\/\\\/pruebasnitorlack.com\\\/co\\\/\"},{\"@type\":\"ListItem\",\"position\":2,\"name\":\"Empresa\",\"item\":\"https:\\\/\\\/pruebasnitorlack.com\\\/co\\\/empresa\\\/\"},{\"@type\":\"ListItem\",\"position\":3,\"name\":\"HISTORIA\"}]},{\"@type\":\"WebSite\",\"@id\":\"https:\\\/\\\/pruebasnitorlack.com\\\/co\\\/#website\",\"url\":\"https:\\\/\\\/pruebasnitorlack.com\\\/co\\\/\",\"name\":\"VALRESA\",\"description\":\"Barnices y pinturas para la madera\",\"potentialAction\":[{\"@type\":\"SearchAction\",\"target\":{\"@type\":\"EntryPoint\",\"urlTemplate\":\"https:\\\/\\\/pruebasnitorlack.com\\\/co\\\/?s={search_term_string}\"},\"query-input\":{\"@type\":\"PropertyValueSpecification\",\"valueRequired\":true,\"valueName\":\"search_term_string\"}}],\"inLanguage\":\"es-CO\"}]}<\/script>\n<!-- \/ Yoast SEO plugin. -->","yoast_head_json":{"title":"HISTORIA - Valresa.com","description":"El Grupo Valresa cuenta con una de las m\u00e1s modernas f\u00e1bricas en Europa para la investigaci\u00f3n, producci\u00f3n y comercializaci\u00f3n de tintas, selladores, lacas y barnices","robots":{"index":"noindex","follow":"follow","max-snippet":"max-snippet:-1","max-image-preview":"max-image-preview:large","max-video-preview":"max-video-preview:-1"},"og_locale":"es_ES","og_type":"article","og_title":"HISTORIA - Valresa.com","og_description":"El Grupo Valresa cuenta con una de las m\u00e1s modernas f\u00e1bricas en Europa para la investigaci\u00f3n, producci\u00f3n y comercializaci\u00f3n de tintas, selladores, lacas y barnices","og_url":"https:\/\/pruebasnitorlack.com\/co\/empresa\/historia\/","og_site_name":"VALRESA","article_publisher":"https:\/\/www.facebook.com\/valresacoatings\/","article_modified_time":"2020-07-15T06:51:26+00:00","twitter_card":"summary_large_image","twitter_misc":{"Tiempo de lectura":"3 minutos"},"schema":{"@context":"https:\/\/schema.org","@graph":[{"@type":"WebPage","@id":"https:\/\/pruebasnitorlack.com\/co\/empresa\/historia\/","url":"https:\/\/pruebasnitorlack.com\/co\/empresa\/historia\/","name":"HISTORIA - Valresa.com","isPartOf":{"@id":"https:\/\/pruebasnitorlack.com\/co\/#website"},"datePublished":"2016-04-13T13:12:26+00:00","dateModified":"2020-07-15T06:51:26+00:00","description":"El Grupo Valresa cuenta con una de las m\u00e1s modernas f\u00e1bricas en Europa para la investigaci\u00f3n, producci\u00f3n y comercializaci\u00f3n de tintas, selladores, lacas y barnices","breadcrumb":{"@id":"https:\/\/pruebasnitorlack.com\/co\/empresa\/historia\/#breadcrumb"},"inLanguage":"es-CO","potentialAction":[{"@type":"ReadAction","target":["https:\/\/pruebasnitorlack.com\/co\/empresa\/historia\/"]}]},{"@type":"BreadcrumbList","@id":"https:\/\/pruebasnitorlack.com\/co\/empresa\/historia\/#breadcrumb","itemListElement":[{"@type":"ListItem","position":1,"name":"Portada","item":"https:\/\/pruebasnitorlack.com\/co\/"},{"@type":"ListItem","position":2,"name":"Empresa","item":"https:\/\/pruebasnitorlack.com\/co\/empresa\/"},{"@type":"ListItem","position":3,"name":"HISTORIA"}]},{"@type":"WebSite","@id":"https:\/\/pruebasnitorlack.com\/co\/#website","url":"https:\/\/pruebasnitorlack.com\/co\/","name":"VALRESA","description":"Barnices y pinturas para la madera","potentialAction":[{"@type":"SearchAction","target":{"@type":"EntryPoint","urlTemplate":"https:\/\/pruebasnitorlack.com\/co\/?s={search_term_string}"},"query-input":{"@type":"PropertyValueSpecification","valueRequired":true,"valueName":"search_term_string"}}],"inLanguage":"es-CO"}]}},"_links":{"self":[{"href":"https:\/\/pruebasnitorlack.com\/co\/wp-json\/wp\/v2\/pages\/17420","targetHints":{"allow":["GET"]}}],"collection":[{"href":"https:\/\/pruebasnitorlack.com\/co\/wp-json\/wp\/v2\/pages"}],"about":[{"href":"https:\/\/pruebasnitorlack.com\/co\/wp-json\/wp\/v2\/types\/page"}],"author":[{"embeddable":true,"href":"https:\/\/pruebasnitorlack.com\/co\/wp-json\/wp\/v2\/users\/1"}],"replies":[{"embeddable":true,"href":"https:\/\/pruebasnitorlack.com\/co\/wp-json\/wp\/v2\/comments?post=17420"}],"version-history":[{"count":0,"href":"https:\/\/pruebasnitorlack.com\/co\/wp-json\/wp\/v2\/pages\/17420\/revisions"}],"up":[{"embeddable":true,"href":"https:\/\/pruebasnitorlack.com\/co\/wp-json\/wp\/v2\/pages\/17415"}],"wp:attachment":[{"href":"https:\/\/pruebasnitorlack.com\/co\/wp-json\/wp\/v2\/media?parent=17420"}],"curies":[{"name":"wp","href":"https:\/\/api.w.org\/{rel}","templated":true}]}}