{"id":17415,"date":"2015-12-30T15:36:57","date_gmt":"2015-12-30T15:36:57","guid":{"rendered":"https:\/\/pruebasnitorlack.com\/empresa\/"},"modified":"2020-07-15T07:24:46","modified_gmt":"2020-07-15T07:24:46","slug":"empresa","status":"publish","type":"page","link":"https:\/\/pruebasnitorlack.com\/co\/empresa\/","title":{"rendered":"Empresa"},"content":{"rendered":"[vc_row type=&#8221;full_width_background&#8221; full_screen_row_position=&#8221;middle&#8221; scene_position=&#8221;center&#8221; text_color=&#8221;dark&#8221; text_align=&#8221;left&#8221; overlay_strength=&#8221;0.3&#8243; shape_divider_position=&#8221;bottom&#8221;][vc_column column_padding=&#8221;no-extra-padding&#8221; column_padding_position=&#8221;all&#8221; background_color_opacity=&#8221;1&#8243; background_hover_color_opacity=&#8221;1&#8243; column_link_target=&#8221;_self&#8221; column_shadow=&#8221;none&#8221; column_border_radius=&#8221;none&#8221; width=&#8221;1\/1&#8243; tablet_width_inherit=&#8221;default&#8221; tablet_text_alignment=&#8221;default&#8221; phone_text_alignment=&#8221;default&#8221; column_border_width=&#8221;none&#8221; column_border_style=&#8221;solid&#8221;][page_submenu alignment=&#8221;center&#8221; sticky=&#8221;true&#8221; bg_color=&#8221;#9d9c9c&#8221; link_color=&#8221;#ffffff&#8221;][page_link link_new_tab=&#8221;true&#8221; link_url=&#8221;https:\/\/pruebasnitorlack.com\/co\/empresa\/historia\/&#8221; title=&#8221;Historia&#8221; tab_id=&#8221;1451708274600-9&#8243; id=&#8221;1482333738716-5&#8243;] [\/page_link][page_link link_new_tab=&#8221;true&#8221; link_url=&#8221;https:\/\/pruebasnitorlack.com\/co\/empresa\/idi\/&#8221; title=&#8221;I+D&#8221; tab_id=&#8221;1451708274756-7&#8243; id=&#8221;1482333738755-1&#8243;] [\/page_link][page_link link_new_tab=&#8221;true&#8221; title=&#8221;Grupo&#8221; tab_id=&#8221;1451708335865-4&#8243; link_url=&#8221;https:\/\/pruebasnitorlack.com\/co\/empresa\/grupo\/&#8221; id=&#8221;1482333738787-8&#8243;][\/page_link][page_link link_new_tab=&#8221;true&#8221; title=&#8221;Pol\u00edtica de Calidad&#8221; id=&#8221;7302c0aa-25a2-7&#8243; tab_id=&#8221;1483954856102-10&#8243; link_url=&#8221;https:\/\/pruebasnitorlack.com\/empresa\/politica-de-calidad\/&#8221;][\/page_link][page_link link_new_tab=&#8221;true&#8221; title=&#8221;Valores de valresa&#8221; id=&#8221;1505284544425-0-5&#8243; tab_id=&#8221;1505284544433-5&#8243; link_url=&#8221;https:\/\/pruebasnitorlack.com\/empresa\/valores-valresa\/&#8221;][\/page_link][\/page_submenu][\/vc_column][\/vc_row][vc_row type=&#8221;full_width_background&#8221; full_screen_row_position=&#8221;middle&#8221; bg_image=&#8221;6502&#8243; bg_position=&#8221;center top&#8221; bg_repeat=&#8221;no-repeat&#8221; bg_color=&#8221;#cbcbc3&#8243; scene_position=&#8221;center&#8221; text_color=&#8221;light&#8221; text_align=&#8221;left&#8221; top_padding=&#8221;4%&#8221; bottom_padding=&#8221;4%&#8221; id=&#8221;intro&#8221; enable_gradient=&#8221;true&#8221; color_overlay=&#8221;#ffffff&#8221; color_overlay_2=&#8221;#f9f9f9&#8243; gradient_direction=&#8221;top_to_bottom&#8221; overlay_strength=&#8221;1&#8243; shape_divider_position=&#8221;bottom&#8221;][vc_column column_padding=&#8221;no-extra-padding&#8221; column_padding_position=&#8221;all&#8221; background_color_opacity=&#8221;1&#8243; background_hover_color_opacity=&#8221;1&#8243; column_link_target=&#8221;_self&#8221; column_shadow=&#8221;none&#8221; column_border_radius=&#8221;none&#8221; width=&#8221;1\/1&#8243; tablet_width_inherit=&#8221;default&#8221; tablet_text_alignment=&#8221;default&#8221; phone_text_alignment=&#8221;default&#8221; column_border_width=&#8221;none&#8221; column_border_style=&#8221;solid&#8221;][vc_row_inner column_margin=&#8221;default&#8221; top_padding=&#8221;10%&#8221; text_align=&#8221;left&#8221;][vc_column_inner column_padding=&#8221;no-extra-padding&#8221; column_padding_position=&#8221;all&#8221; background_color_opacity=&#8221;1&#8243; background_hover_color_opacity=&#8221;1&#8243; column_shadow=&#8221;none&#8221; column_border_radius=&#8221;none&#8221; column_link_target=&#8221;_self&#8221; width=&#8221;5\/6&#8243; tablet_width_inherit=&#8221;default&#8221; column_border_width=&#8221;none&#8221; column_border_style=&#8221;solid&#8221;][split_line_heading]\n<h2><span style=\"color: #000000;\">Cultura de rendimiento.<\/span><\/h2>\n<h2><span style=\"color: #000000;\">Investigaci\u00f3n, Tecnolog\u00eda, Innovaci\u00f3n y Dise\u00f1o<\/span><\/h2>\n[\/split_line_heading][vc_column_text]\n<p style=\"text-align: justify;\"><span style=\"color: #000000;\">Valresa Coatings se dedica a dise\u00f1ar las tintas, selladores, lacas y pinturas del futuro buscando la innovaci\u00f3n en cuatro \u00e1reas:<\/span><br \/>\n<span style=\"color: #000000;\"><strong>Investigaci\u00f3n<\/strong> de nuevos desarrollos que permitan reducir los tiempos de aplicaci\u00f3n y curado de la <strong>pintura para madera<\/strong> consiguiendo un ahorro en los costes de barnizado.<\/span><br \/>\n<span style=\"color: #000000;\"><strong>Tecnolog\u00eda<\/strong> que hagan que los barnices cada vez sean m\u00e1s ecol\u00f3gicos, minimizando el impacto medio ambiental que puedan producir y respetando el medio ambiente, manteniendo una atmosfera en los centros de trabajo cada vez m\u00e1s saludables y limpias.<\/span><br \/>\n<span style=\"color: #000000;\"><strong>Innovaci\u00f3n<\/strong> en la b\u00fasqueda de soluciones para personalizar los acabados y los estilos de los muebles. Ofreciendo<strong> laca para madera<\/strong> o recubrimientos de otros sustratos, con superficies de elevada resistencia al rayado, tacto suave y todo tipo de efectos y colores.<\/span><br \/>\n<span style=\"color: #000000;\">Y por \u00faltimo, <strong>Dise\u00f1o<\/strong>, presentando las \u00faltimas tendencias de dise\u00f1o en el mueble y la madera en cuanto a colores, texturas y brillos de los barnices.<\/span><\/p>\n[\/vc_column_text][\/vc_column_inner][vc_column_inner column_padding=&#8221;no-extra-padding&#8221; column_padding_position=&#8221;all&#8221; background_color_opacity=&#8221;1&#8243; background_hover_color_opacity=&#8221;1&#8243; column_shadow=&#8221;none&#8221; column_border_radius=&#8221;none&#8221; column_link_target=&#8221;_self&#8221; width=&#8221;1\/6&#8243; tablet_width_inherit=&#8221;default&#8221; column_border_width=&#8221;none&#8221; column_border_style=&#8221;solid&#8221;][\/vc_column_inner][\/vc_row_inner][\/vc_column][\/vc_row][vc_row type=&#8221;full_width_background&#8221; full_screen_row_position=&#8221;middle&#8221; scene_position=&#8221;center&#8221; text_color=&#8221;dark&#8221; text_align=&#8221;left&#8221; top_padding=&#8221;5%&#8221; bottom_padding=&#8221;7%&#8221; id=&#8221;services&#8221; color_overlay=&#8221;#f9f9f9&#8243; overlay_strength=&#8221;1&#8243; shape_divider_position=&#8221;bottom&#8221;][vc_column enable_animation=&#8221;true&#8221; animation=&#8221;reveal-from-bottom&#8221; column_padding=&#8221;padding-1-percent&#8221; column_padding_position=&#8221;all&#8221; background_color_opacity=&#8221;1&#8243; background_hover_color_opacity=&#8221;1&#8243; background_image=&#8221;12973&#8243; column_link_target=&#8221;_self&#8221; column_shadow=&#8221;none&#8221; column_border_radius=&#8221;none&#8221; width=&#8221;1\/3&#8243; tablet_width_inherit=&#8221;default&#8221; tablet_text_alignment=&#8221;default&#8221; phone_text_alignment=&#8221;default&#8221; column_border_width=&#8221;none&#8221; column_border_style=&#8221;solid&#8221;][fancy_box box_style=&#8221;default&#8221; icon_family=&#8221;none&#8221; image_url=&#8221;6083&#8243; color=&#8221;Accent-Color&#8221; link_url=&#8221;https:\/\/pruebasnitorlack.com\/co\/empresa\/historia\/&#8221; link_text=&#8221;Saber m\u00e1s&#8221; min_height=&#8221;400&#8243;]\n<h3><strong>Historia<\/strong><\/h3>\n<p>El empresario Jos\u00e9 Carceller despu\u00e9s de una larga experiencia empresarial en otros sectores, funda la f\u00e1brica de barnices y pinturas VALRESA[\/fancy_box][\/vc_column][vc_column enable_animation=&#8221;true&#8221; animation=&#8221;reveal-from-bottom&#8221; column_padding=&#8221;padding-1-percent&#8221; column_padding_position=&#8221;all&#8221; background_color_opacity=&#8221;1&#8243; background_hover_color_opacity=&#8221;1&#8243; background_image=&#8221;12975&#8243; column_link_target=&#8221;_self&#8221; column_shadow=&#8221;none&#8221; column_border_radius=&#8221;none&#8221; width=&#8221;1\/3&#8243; tablet_width_inherit=&#8221;default&#8221; tablet_text_alignment=&#8221;default&#8221; phone_text_alignment=&#8221;default&#8221; column_border_width=&#8221;none&#8221; column_border_style=&#8221;solid&#8221; delay=&#8221;200&#8243;][fancy_box box_style=&#8221;default&#8221; icon_family=&#8221;none&#8221; image_url=&#8221;6082&#8243; color=&#8221;Accent-Color&#8221; link_url=&#8221;https:\/\/pruebasnitorlack.com\/co\/empresa\/idi\/&#8221; link_text=&#8221;Saber m\u00e1s&#8221; min_height=&#8221;400&#8243;]\n<h3>I+D+I<\/h3>\n<p>El laboratorio de valresa es el verdadero motor de desarrollo del grupo. En \u00e9l se desarrollan m\u00e1s de 300 formulaciones al a\u00f1o.[\/fancy_box][\/vc_column][vc_column enable_animation=&#8221;true&#8221; animation=&#8221;reveal-from-bottom&#8221; column_padding=&#8221;padding-1-percent&#8221; column_padding_position=&#8221;all&#8221; background_color_opacity=&#8221;1&#8243; background_hover_color_opacity=&#8221;1&#8243; background_image=&#8221;12977&#8243; column_link_target=&#8221;_self&#8221; column_shadow=&#8221;none&#8221; column_border_radius=&#8221;none&#8221; width=&#8221;1\/3&#8243; tablet_width_inherit=&#8221;default&#8221; tablet_text_alignment=&#8221;default&#8221; phone_text_alignment=&#8221;default&#8221; column_border_width=&#8221;none&#8221; column_border_style=&#8221;solid&#8221; delay=&#8221;400&#8243;][fancy_box box_style=&#8221;default&#8221; icon_family=&#8221;none&#8221; image_url=&#8221;6052&#8243; color=&#8221;Accent-Color&#8221; link_url=&#8221;https:\/\/pruebasnitorlack.com\/co\/empresa\/grupo\/&#8221; link_text=&#8221;Saber m\u00e1s&#8221; min_height=&#8221;400&#8243;]\n<h3>Grupo<\/h3>\n<p>Un grupo de empresas de proyecci\u00f3n internacional implantadas en los cinco continentes y con tres centros productivos (Espa\u00f1a y Turqu\u00eda).[\/fancy_box][\/vc_column][\/vc_row][vc_column column_padding=&#8221;no-extra-padding&#8221; column_padding_position=&#8221;all&#8221; background_color_opacity=&#8221;1&#8243; background_hover_color_opacity=&#8221;1&#8243; column_link_target=&#8221;_self&#8221; column_shadow=&#8221;none&#8221; column_border_radius=&#8221;none&#8221; width=&#8221;1\/1&#8243; tablet_width_inherit=&#8221;default&#8221; tablet_text_alignment=&#8221;default&#8221; phone_text_alignment=&#8221;default&#8221; column_border_width=&#8221;none&#8221; column_border_style=&#8221;solid&#8221;][\/vc_column][vc_row type=&#8221;full_width_background&#8221; full_screen_row_position=&#8221;middle&#8221; scene_position=&#8221;center&#8221; video_bg=&#8221;use_video&#8221; video_external=&#8221;https:\/\/www.youtube.com\/watch?v=Z4fw6WulFuY&#8221; text_color=&#8221;dark&#8221; text_align=&#8221;left&#8221; overlay_strength=&#8221;0.3&#8243; shape_divider_position=&#8221;bottom&#8221;][vc_column centered_text=&#8221;true&#8221; column_padding=&#8221;no-extra-padding&#8221; column_padding_position=&#8221;all&#8221; background_color_opacity=&#8221;1&#8243; background_hover_color_opacity=&#8221;1&#8243; column_link_target=&#8221;_self&#8221; column_shadow=&#8221;none&#8221; column_border_radius=&#8221;none&#8221; width=&#8221;1\/1&#8243; tablet_width_inherit=&#8221;default&#8221; tablet_text_alignment=&#8221;default&#8221; phone_text_alignment=&#8221;default&#8221; column_border_width=&#8221;none&#8221; column_border_style=&#8221;solid&#8221;][divider line_type=&#8221;No Line&#8221; custom_height=&#8221;200&#8243;][nectar_video_lightbox link_style=&#8221;play_button&#8221; video_url=&#8221;https:\/\/www.youtube.com\/watch?v=Z4fw6WulFuY&#8221;][divider line_type=&#8221;No Line&#8221; custom_height=&#8221;200&#8243;][\/vc_column][\/vc_row]\n","protected":false},"excerpt":{"rendered":"<p>[vc_row type=&#8221;full_width_background&#8221; full_screen_row_position=&#8221;middle&#8221; scene_position=&#8221;center&#8221; text_color=&#8221;dark&#8221; text_align=&#8221;left&#8221; overlay_strength=&#8221;0.3&#8243; shape_divider_position=&#8221;bottom&#8221;][vc_column column_padding=&#8221;no-extra-padding&#8221; column_padding_position=&#8221;all&#8221; background_color_opacity=&#8221;1&#8243; background_hover_color_opacity=&#8221;1&#8243; column_link_target=&#8221;_self&#8221; column_shadow=&#8221;none&#8221; column_border_radius=&#8221;none&#8221; width=&#8221;1\/1&#8243; tablet_width_inherit=&#8221;default&#8221; tablet_text_alignment=&#8221;default&#8221; phone_text_alignment=&#8221;default&#8221; column_border_width=&#8221;none&#8221; column_border_style=&#8221;solid&#8221;][page_submenu alignment=&#8221;center&#8221; sticky=&#8221;true&#8221; bg_color=&#8221;#9d9c9c&#8221; link_color=&#8221;#ffffff&#8221;][page_link link_new_tab=&#8221;true&#8221; link_url=&#8221;https:\/\/pruebasnitorlack.com\/co\/empresa\/historia\/&#8221; title=&#8221;Historia&#8221; tab_id=&#8221;1451708274600-9&#8243; id=&#8221;1482333738716-5&#8243;]&#8230;<\/p>\n","protected":false},"author":1,"featured_media":0,"parent":0,"menu_order":0,"comment_status":"closed","ping_status":"closed","template":"","meta":{"_joinchat":[],"footnotes":""},"class_list":["post-17415","page","type-page","status-publish"],"yoast_head":"<!-- This site is optimized with the Yoast SEO plugin v27.5 - https:\/\/yoast.com\/product\/yoast-seo-wordpress\/ -->\n<title>Empresa - Valresa.com<\/title>\n<meta name=\"description\" content=\"Lider en la fabricaci\u00f3n y suministro de tintas, selladores, lacas y pinturas con alta especializaci\u00f3n y valor a\u00f1adido.\" \/>\n<meta name=\"robots\" content=\"noindex, follow, max-snippet:-1, max-image-preview:large, max-video-preview:-1\" \/>\n<meta property=\"og:locale\" content=\"es_ES\" \/>\n<meta property=\"og:type\" content=\"article\" \/>\n<meta property=\"og:title\" content=\"Empresa - Valresa.com\" \/>\n<meta property=\"og:description\" content=\"Lider en la fabricaci\u00f3n y suministro de tintas, selladores, lacas y pinturas con alta especializaci\u00f3n y valor a\u00f1adido.\" \/>\n<meta property=\"og:url\" content=\"https:\/\/pruebasnitorlack.com\/co\/empresa\/\" \/>\n<meta property=\"og:site_name\" content=\"VALRESA\" \/>\n<meta property=\"article:publisher\" content=\"https:\/\/www.facebook.com\/valresacoatings\/\" \/>\n<meta property=\"article:modified_time\" content=\"2020-07-15T07:24:46+00:00\" \/>\n<meta name=\"twitter:card\" content=\"summary_large_image\" \/>\n<meta name=\"twitter:label1\" content=\"Tiempo de lectura\" \/>\n\t<meta name=\"twitter:data1\" content=\"6 minutos\" \/>\n<script type=\"application\/ld+json\" class=\"yoast-schema-graph\">{\"@context\":\"https:\\\/\\\/schema.org\",\"@graph\":[{\"@type\":\"WebPage\",\"@id\":\"https:\\\/\\\/pruebasnitorlack.com\\\/co\\\/empresa\\\/\",\"url\":\"https:\\\/\\\/pruebasnitorlack.com\\\/co\\\/empresa\\\/\",\"name\":\"Empresa - Valresa.com\",\"isPartOf\":{\"@id\":\"https:\\\/\\\/pruebasnitorlack.com\\\/co\\\/#website\"},\"datePublished\":\"2015-12-30T15:36:57+00:00\",\"dateModified\":\"2020-07-15T07:24:46+00:00\",\"description\":\"Lider en la fabricaci\u00f3n y suministro de tintas, selladores, lacas y pinturas con alta especializaci\u00f3n y valor a\u00f1adido.\",\"breadcrumb\":{\"@id\":\"https:\\\/\\\/pruebasnitorlack.com\\\/co\\\/empresa\\\/#breadcrumb\"},\"inLanguage\":\"es-CO\",\"potentialAction\":[{\"@type\":\"ReadAction\",\"target\":[\"https:\\\/\\\/pruebasnitorlack.com\\\/co\\\/empresa\\\/\"]}]},{\"@type\":\"BreadcrumbList\",\"@id\":\"https:\\\/\\\/pruebasnitorlack.com\\\/co\\\/empresa\\\/#breadcrumb\",\"itemListElement\":[{\"@type\":\"ListItem\",\"position\":1,\"name\":\"Portada\",\"item\":\"https:\\\/\\\/pruebasnitorlack.com\\\/co\\\/\"},{\"@type\":\"ListItem\",\"position\":2,\"name\":\"Empresa\"}]},{\"@type\":\"WebSite\",\"@id\":\"https:\\\/\\\/pruebasnitorlack.com\\\/co\\\/#website\",\"url\":\"https:\\\/\\\/pruebasnitorlack.com\\\/co\\\/\",\"name\":\"VALRESA\",\"description\":\"Barnices y pinturas para la madera\",\"potentialAction\":[{\"@type\":\"SearchAction\",\"target\":{\"@type\":\"EntryPoint\",\"urlTemplate\":\"https:\\\/\\\/pruebasnitorlack.com\\\/co\\\/?s={search_term_string}\"},\"query-input\":{\"@type\":\"PropertyValueSpecification\",\"valueRequired\":true,\"valueName\":\"search_term_string\"}}],\"inLanguage\":\"es-CO\"}]}<\/script>\n<!-- \/ Yoast SEO plugin. -->","yoast_head_json":{"title":"Empresa - Valresa.com","description":"Lider en la fabricaci\u00f3n y suministro de tintas, selladores, lacas y pinturas con alta especializaci\u00f3n y valor a\u00f1adido.","robots":{"index":"noindex","follow":"follow","max-snippet":"max-snippet:-1","max-image-preview":"max-image-preview:large","max-video-preview":"max-video-preview:-1"},"og_locale":"es_ES","og_type":"article","og_title":"Empresa - Valresa.com","og_description":"Lider en la fabricaci\u00f3n y suministro de tintas, selladores, lacas y pinturas con alta especializaci\u00f3n y valor a\u00f1adido.","og_url":"https:\/\/pruebasnitorlack.com\/co\/empresa\/","og_site_name":"VALRESA","article_publisher":"https:\/\/www.facebook.com\/valresacoatings\/","article_modified_time":"2020-07-15T07:24:46+00:00","twitter_card":"summary_large_image","twitter_misc":{"Tiempo de lectura":"6 minutos"},"schema":{"@context":"https:\/\/schema.org","@graph":[{"@type":"WebPage","@id":"https:\/\/pruebasnitorlack.com\/co\/empresa\/","url":"https:\/\/pruebasnitorlack.com\/co\/empresa\/","name":"Empresa - Valresa.com","isPartOf":{"@id":"https:\/\/pruebasnitorlack.com\/co\/#website"},"datePublished":"2015-12-30T15:36:57+00:00","dateModified":"2020-07-15T07:24:46+00:00","description":"Lider en la fabricaci\u00f3n y suministro de tintas, selladores, lacas y pinturas con alta especializaci\u00f3n y valor a\u00f1adido.","breadcrumb":{"@id":"https:\/\/pruebasnitorlack.com\/co\/empresa\/#breadcrumb"},"inLanguage":"es-CO","potentialAction":[{"@type":"ReadAction","target":["https:\/\/pruebasnitorlack.com\/co\/empresa\/"]}]},{"@type":"BreadcrumbList","@id":"https:\/\/pruebasnitorlack.com\/co\/empresa\/#breadcrumb","itemListElement":[{"@type":"ListItem","position":1,"name":"Portada","item":"https:\/\/pruebasnitorlack.com\/co\/"},{"@type":"ListItem","position":2,"name":"Empresa"}]},{"@type":"WebSite","@id":"https:\/\/pruebasnitorlack.com\/co\/#website","url":"https:\/\/pruebasnitorlack.com\/co\/","name":"VALRESA","description":"Barnices y pinturas para la madera","potentialAction":[{"@type":"SearchAction","target":{"@type":"EntryPoint","urlTemplate":"https:\/\/pruebasnitorlack.com\/co\/?s={search_term_string}"},"query-input":{"@type":"PropertyValueSpecification","valueRequired":true,"valueName":"search_term_string"}}],"inLanguage":"es-CO"}]}},"_links":{"self":[{"href":"https:\/\/pruebasnitorlack.com\/co\/wp-json\/wp\/v2\/pages\/17415","targetHints":{"allow":["GET"]}}],"collection":[{"href":"https:\/\/pruebasnitorlack.com\/co\/wp-json\/wp\/v2\/pages"}],"about":[{"href":"https:\/\/pruebasnitorlack.com\/co\/wp-json\/wp\/v2\/types\/page"}],"author":[{"embeddable":true,"href":"https:\/\/pruebasnitorlack.com\/co\/wp-json\/wp\/v2\/users\/1"}],"replies":[{"embeddable":true,"href":"https:\/\/pruebasnitorlack.com\/co\/wp-json\/wp\/v2\/comments?post=17415"}],"version-history":[{"count":0,"href":"https:\/\/pruebasnitorlack.com\/co\/wp-json\/wp\/v2\/pages\/17415\/revisions"}],"wp:attachment":[{"href":"https:\/\/pruebasnitorlack.com\/co\/wp-json\/wp\/v2\/media?parent=17415"}],"curies":[{"name":"wp","href":"https:\/\/api.w.org\/{rel}","templated":true}]}}